{"id":19151,"date":"2025-07-24T09:17:29","date_gmt":"2025-07-24T09:17:29","guid":{"rendered":"https:\/\/fv6qoy3ls0.wpdns.site\/produto\/ttartisan-11mm-f-2-8-fisheye\/"},"modified":"2026-05-05T16:41:04","modified_gmt":"2026-05-05T15:41:04","slug":"ttartisan-11mm-f-2-8-fisheye","status":"publish","type":"product","link":"https:\/\/hi-techwonder.com\/es\/producto\/ttartisan-11mm-f-2-8-fisheye\/","title":{"rendered":"TTArtisan 11mm f\/2.8 Fisheye"},"content":{"rendered":"<p>[vc_row][vc_column][vc_column_text]<br \/>\nn<\/p>\n<h3>TTArtisan 11mm f\/2.8 Fisheye<\/h3>\n<p>n[\/vc_column_text][\/vc_column][\/vc_row][vc_row][vc_column][vc_video link=&#8221;https:\/\/youtu.be\/yiNKewSFGPc&#8221; css=&#8221;&#8221;][\/vc_column][\/vc_row][vc_row][vc_column][vc_column_text]Con un \u00e1ngulo de visi\u00f3n excepcionalmente amplio, el TTArtisan 11 mm f\/2,8 es un objetivo fisheye dise\u00f1ado para c\u00e1maras sin espejo o DSLR. El amplio campo de visi\u00f3n y el distintivo aspecto de ojo de pez se caracterizan por una inmensa profundidad de campo junto con una fuerte distorsi\u00f3n para crear im\u00e1genes muy impresionantes y din\u00e1micas.<br \/>\nn<br \/>\nnEl dise\u00f1o gran angular tambi\u00e9n se complementa con una luminosa abertura m\u00e1xima de f\/2,8, para adaptarse al trabajo en las condiciones de iluminaci\u00f3n disponibles, y el dise\u00f1o de enfoque manual del objetivo permite trabajar con sujetos a una distancia de s\u00f3lo 17 cm en la versi\u00f3n sin espejo o de 25 cm en la versi\u00f3n DSLR.[\/vc_column_text][\/vc_column][\/vc_row][vc_row][vc_column][vc_gallery type=&#8221;image_grid&#8221; images=&#8221;29900,29902,29904,29906,29908&#8243;][\/vc_column][\/vc_row][vc_row][vc_column][vc_column_text]<br \/>\nn<\/p>\n<h3>Caracter\u00edsticas principales<\/h3>\n<p>n<\/p>\n<ul>\nn \t<\/p>\n<li>Este objetivo ultra gran angular est\u00e1 dise\u00f1ado para c\u00e1maras DSLR sin espejo o de fotograma completo, pero tambi\u00e9n es compatible con modelos APS-C, en los que ofrece una distancia focal equivalente a 16,5 mm.<\/li>\n<p>n \t<\/p>\n<li>El dise\u00f1o de fisheye proporciona un \u00e1ngulo de visi\u00f3n extremadamente amplio para producir un atractivo visual distintivo caracterizado por una distorsi\u00f3n espectacular y una representaci\u00f3n creativa del espacio.<\/li>\n<p>n \t<\/p>\n<li>La gran abertura m\u00e1xima de f\/2,8 y el bajo nivel de aberraci\u00f3n &#8220;Coma&#8221; permiten la m\u00e1xima calidad para la astrofotograf\u00eda.<\/li>\n<p>n \t<\/p>\n<li>El dise\u00f1o \u00f3ptico con 11 elementos en 7 grupos est\u00e1 pensado para evitar la degradaci\u00f3n de la imagen en las esquinas.<\/li>\n<p>n \t<\/p>\n<li>El dise\u00f1o de enfoque manual permite un control suave y refinado, junto con una distancia m\u00ednima de enfoque de 17 cm para la versi\u00f3n sin espejo o de 25 cm para la versi\u00f3n DSLR.<\/li>\n<p>n \t<\/p>\n<li>El parasol incorporado en forma de p\u00e9talo ayuda a bloquear la luz par\u00e1sita que hace que el objetivo se refleje y tambi\u00e9n ofrece cierta protecci\u00f3n f\u00edsica a la parte frontal del objetivo.<\/li>\n<p>n \t<\/p>\n<li>El objetivo tiene versiones para las monturas Sony E, Nikon Z, L-Mount, Canon RF, Nikon F y Canon EF.<\/li>\n<p>n<\/ul>\n<p>n[\/vc_column_text][\/vc_column][\/vc_row][vc_row][vc_column][vc_single_image image=&#8221;29910&#8243; img_size=&#8221;752X502&#8243;][\/vc_column][\/vc_row][vc_row][vc_column][vc_column_text]<br \/>\nn<\/p>\n<h4>Especifica\u00e7\u00f5es<\/h4>\n<p>n<\/p>\n<table width=\"656\">\nn<\/p>\n<tbody>\nn<\/p>\n<tr>\nn<\/p>\n<td width=\"249\">Apertura m\u00e1xima<\/td>\n<p>n<\/p>\n<td>f\/2.8<\/td>\n<p>n<\/tr>\n<p>n<\/p>\n<tr>\nn<\/p>\n<td width=\"249\">Apertura m\u00ednima<\/td>\n<p>n<\/p>\n<td>f\/16<\/td>\n<p>n<\/tr>\n<p>n<\/p>\n<tr>\nn<\/p>\n<td width=\"249\">Montura<\/td>\n<p>n<\/p>\n<td>Sony E | L-Mount | Nikon Z | Canon RF | Nikon F| Canon EF<\/td>\n<p>n<\/tr>\n<p>n<\/p>\n<tr>\nn<\/p>\n<td width=\"249\">Cobertura del formato del objetivo<\/td>\n<p>n<\/p>\n<td>Fotograma completo<\/td>\n<p>n<\/tr>\n<p>n<\/p>\n<tr>\nn<\/p>\n<td width=\"249\">Distancia m\u00ednima de enfoque<\/td>\n<p>n<\/p>\n<td>17 cm (Mirrorless) | 25 cm (DSLR)<\/td>\n<p>n<\/tr>\n<p>n<\/p>\n<tr>\nn<\/p>\n<td width=\"249\">Dise\u00f1o \u00f3ptico<\/td>\n<p>n<\/p>\n<td>11 Elementos en 7 Grupos (Mirrorless) | 12 Elementos en 10 Grupos (DSLR)<\/td>\n<p>n<\/tr>\n<p>n<\/p>\n<tr>\nn<\/p>\n<td width=\"249\">Hojas de diafragma<\/td>\n<p>n<\/p>\n<td>7 (Mirrorless) | 10 (DSLR)<\/td>\n<p>n<\/tr>\n<p>n<\/p>\n<tr>\nn<\/p>\n<td width=\"249\">Tipo de enfoque<\/td>\n<p>n<\/p>\n<td>Enfoque manual<\/td>\n<p>n<\/tr>\n<p>n<\/p>\n<tr>\nn<\/p>\n<td width=\"249\">Anillo de apertura<\/td>\n<p>n<\/p>\n<td>Sin clics (Mirrorless) | Con clics (DSLR)<\/td>\n<p>n<\/tr>\n<p>n<\/p>\n<tr>\nn<\/p>\n<td width=\"249\">Estabilizaci\u00f3n de la imagen<\/td>\n<p>n<\/p>\n<td>No<\/td>\n<p>n<\/tr>\n<p>n<\/p>\n<tr>\nn<\/p>\n<td width=\"249\">Filtro frontal<\/td>\n<p>n<\/p>\n<td>No<\/td>\n<p>n<\/tr>\n<p>n<\/p>\n<tr>\nn<\/p>\n<td width=\"249\">Dimensi\u00f3n (L x D)<\/td>\n<p>n<\/p>\n<td>Sony E: 82 x 67mm<br \/>\nn<br \/>\nnL-Mount: 80 x 67mm<br \/>\nn<br \/>\nnNikon Z: 83x 67mm<br \/>\nn<br \/>\nnCanon RF: 80 x 67mm<br \/>\nn<br \/>\nnNikon F: 79 x 72mm<br \/>\nn<br \/>\nnCanon EF: 85 X 72mm<\/td>\n<p>n<\/tr>\n<p>n<\/p>\n<tr>\nn<\/p>\n<td width=\"249\">Peso<\/td>\n<p>n<\/p>\n<td>439 &#8211; 600g<\/td>\n<p>n<\/tr>\n<p>n<\/tbody>\n<p>n<\/table>\n<p>n[\/vc_column_text][\/vc_column][\/vc_row][vc_row][vc_column][vc_single_image image=&#8221;29912&#8243; img_size=&#8221;752X502&#8243;][\/vc_column][\/vc_row][vc_row][vc_column][vc_column_text]<br \/>\nn<\/p>\n<h3>Amostras<\/h3>\n<p>n[\/vc_column_text][vc_gallery type=&#8221;image_grid&#8221; images=&#8221;29914,29916,29918,29920,29922,29924&#8243;][\/vc_column][\/vc_row]<\/p>\n","protected":false},"excerpt":{"rendered":"<ul>\nn \t<\/p>\n<li>Formato de fotograma completo<\/li>\n<p>n \t<\/p>\n<li>Diafragma: de f\/2,8 a f\/16<\/li>\n<p>n \t<\/p>\n<li>Dise\u00f1o \u00f3ptico de Fisheye<\/li>\n<p>n \t<\/p>\n<li>Enfoque manual<\/li>\n<p>n \t<\/p>\n<li>Distancia m\u00ednima de enfoque: 17 cm<\/li>\n<p>n \t<\/p>\n<li>Diafragma de 7 Hojas<\/li>\n<p>n \t<\/p>\n<li>Parasol incorporado<\/li>\n<p>n<\/ul>\n","protected":false},"featured_media":15225,"comment_status":"closed","ping_status":"closed","template":"","meta":{"_acf_changed":false},"product_brand":[2545],"product_cat":[1062,1063],"product_tag":[],"class_list":{"0":"post-19151","1":"product","2":"type-product","3":"status-publish","4":"has-post-thumbnail","6":"product_brand-ttartisan-es","7":"product_cat-mirrorless-objectivos","8":"product_cat-slr-es","9":"pa_abertura-maxima-f-2-8-es","10":"pa_cor-negro","11":"pa_designs-especiais-fisheye-es","12":"pa_diametro-no-tiene","13":"pa_estabilizacao-de-imagem-no","14":"pa_montagem-da-objetiva-canon-ef-es","15":"pa_montagem-da-objetiva-canon-rf-es","16":"pa_montagem-da-objetiva-l-mount-es","17":"pa_montagem-da-objetiva-nikon-f-es","18":"pa_montagem-da-objetiva-nikon-z-es","19":"pa_montagem-da-objetiva-sony-e-es","20":"pa_sensor-fotograma-completo","21":"pa_tipo-de-foco-enfoque-manual","22":"pa_tipo-de-objetiva-gran-angular","23":"pa_zoom-fixa-fijo","25":"first","26":"instock","27":"taxable","28":"shipping-taxable","29":"purchasable","30":"product-type-variable"},"bundled_by":[],"bundle_stock_status":"instock","bundle_stock_quantity":null,"bundle_virtual":false,"bundle_layout":"","bundle_add_to_cart_form_location":"","bundle_editable_in_cart":false,"bundle_sold_individually_context":"","bundle_item_grouping":"","bundle_min_size":"","bundle_max_size":"","bundle_price":[],"bundled_items":[],"bundle_sell_ids":[],"acf":[],"_links":{"self":[{"href":"https:\/\/hi-techwonder.com\/es\/wp-json\/wp\/v2\/product\/19151","targetHints":{"allow":["GET"]}}],"collection":[{"href":"https:\/\/hi-techwonder.com\/es\/wp-json\/wp\/v2\/product"}],"about":[{"href":"https:\/\/hi-techwonder.com\/es\/wp-json\/wp\/v2\/types\/product"}],"replies":[{"embeddable":true,"href":"https:\/\/hi-techwonder.com\/es\/wp-json\/wp\/v2\/comments?post=19151"}],"wp:featuredmedia":[{"embeddable":true,"href":"https:\/\/hi-techwonder.com\/es\/wp-json\/wp\/v2\/media\/15225"}],"wp:attachment":[{"href":"https:\/\/hi-techwonder.com\/es\/wp-json\/wp\/v2\/media?parent=19151"}],"wp:term":[{"taxonomy":"product_brand","embeddable":true,"href":"https:\/\/hi-techwonder.com\/es\/wp-json\/wp\/v2\/product_brand?post=19151"},{"taxonomy":"product_cat","embeddable":true,"href":"https:\/\/hi-techwonder.com\/es\/wp-json\/wp\/v2\/product_cat?post=19151"},{"taxonomy":"product_tag","embeddable":true,"href":"https:\/\/hi-techwonder.com\/es\/wp-json\/wp\/v2\/product_tag?post=19151"}],"curies":[{"name":"wp","href":"https:\/\/api.w.org\/{rel}","templated":true}]}}