{"id":19178,"date":"2025-07-24T09:19:38","date_gmt":"2025-07-24T09:19:38","guid":{"rendered":"https:\/\/fv6qoy3ls0.wpdns.site\/produto\/ttartisan-21mm-f-1-5\/"},"modified":"2026-04-28T16:11:24","modified_gmt":"2026-04-28T15:11:24","slug":"ttartisan-21mm-f-1-5","status":"publish","type":"product","link":"https:\/\/hi-techwonder.com\/es\/producto\/ttartisan-21mm-f-1-5\/","title":{"rendered":"TTArtisan 21mm f\/1.5"},"content":{"rendered":"<p>[vc_row][vc_column][vc_column_text]<br \/>\nn<\/p>\n<h3><strong>TTArtisan 21mm f\/1.5<\/strong><\/h3>\n<p>n[\/vc_column_text][\/vc_column][\/vc_row][vc_row][vc_column][vc_column_text]El objetivo 21mm f\/1,5 de TTArtisan es un objetivo gran angular cl\u00e1sico con enfoque manual, adecuado para paisajes, interiores de habitaciones, fotograf\u00eda callejera y mucho m\u00e1s. Tiene una luminosa abertura m\u00e1xima de f\/1,5, lo que permite utilizarlo en situaciones de poca luz y proporciona un mejor control creativo de la profundidad de campo.<br \/>\nn<br \/>\nnLa combinaci\u00f3n de cinco elementos de alto \u00edndice de refracci\u00f3n y un elemento asf\u00e9rico proporciona nitidez y una transmisi\u00f3n realista del color en toda la zona de la imagen. El parasol integrado reduce los posibles destellos del objetivo para conseguir una saturaci\u00f3n crom\u00e1tica \u00f3ptima.[\/vc_column_text][\/vc_column][\/vc_row][vc_row][vc_column][vc_column_text]<br \/>\nn<\/p>\n<h4>Caracter\u00edsticas principales<\/h4>\n<p>n<\/p>\n<ul>\nn \t<\/p>\n<li>El objetivo de formato full-frame de 21mm se puede utilizar en una c\u00e1mara APS-C, donde producir\u00e1 una distancia focal equivalente a 31,5 mm.<\/li>\n<p>n \t<\/p>\n<li>Dise\u00f1o de enfoque manual para un control suave y refinado<\/li>\n<p>n \t<\/p>\n<li>Diafragma de 10 Hojas para un bokeh suave<\/li>\n<p>n \t<\/p>\n<li>Disponible en versiones Sony E | Nikon Z | Canon RF<\/li>\n<p>n<\/ul>\n<p>n[\/vc_column_text][\/vc_column][\/vc_row][vc_row][vc_column][vc_gallery type=&#8221;image_grid&#8221; images=&#8221;29952,29956,29958&#8243;][\/vc_column][\/vc_row][vc_row][vc_column][vc_column_text]<br \/>\nn<\/p>\n<h4>Especificaciones<\/h4>\n<p>n<\/p>\n<table width=\"656\">\nn<\/p>\n<tbody>\nn<\/p>\n<tr>\nn<\/p>\n<td width=\"249\">Apertura m\u00e1xima<\/td>\n<p>n<\/p>\n<td>f\/1.5<\/td>\n<p>n<\/tr>\n<p>n<\/p>\n<tr>\nn<\/p>\n<td width=\"249\">Apertura m\u00ednima<\/td>\n<p>n<\/p>\n<td>f\/16<\/td>\n<p>n<\/tr>\n<p>n<\/p>\n<tr>\nn<\/p>\n<td width=\"249\">Montura<\/td>\n<p>n<\/p>\n<td>Sony E | Nikon Z | Canon RF |<\/td>\n<p>n<\/tr>\n<p>n<\/p>\n<tr>\nn<\/p>\n<td width=\"249\">Cobertura del formato del objetivo<\/td>\n<p>n<\/p>\n<td>Fotograma completo<\/td>\n<p>n<\/tr>\n<p>n<\/p>\n<tr>\nn<\/p>\n<td width=\"249\">Distancia m\u00ednima de enfoque<\/td>\n<p>n<\/p>\n<td>50cm<\/td>\n<p>n<\/tr>\n<p>n<\/p>\n<tr>\nn<\/p>\n<td width=\"249\">Dise\u00f1o \u00f3ptico<\/td>\n<p>n<\/p>\n<td>13 Elementos en 11 Grupos<\/td>\n<p>n<\/tr>\n<p>n<\/p>\n<tr>\nn<\/p>\n<td width=\"249\">Hojas de diafragma<\/td>\n<p>n<\/p>\n<td>10<\/td>\n<p>n<\/tr>\n<p>n<\/p>\n<tr>\nn<\/p>\n<td width=\"249\">Tipo de enfoque<\/td>\n<p>n<\/p>\n<td>Enfoque manual<\/td>\n<p>n<\/tr>\n<p>n<\/p>\n<tr>\nn<\/p>\n<td width=\"249\">Estabilizaci\u00f3n de la imagen<\/td>\n<p>n<\/p>\n<td>No<\/td>\n<p>n<\/tr>\n<p>n<\/p>\n<tr>\nn<\/p>\n<td width=\"249\">Filtro frontal<\/td>\n<p>n<\/p>\n<td>72mm (con adaptador)<\/td>\n<p>n<\/tr>\n<p>n<\/p>\n<tr>\nn<\/p>\n<td width=\"249\">Dimensi\u00f3n (L x D)<\/td>\n<p>n<\/p>\n<td>Sony E: 76 x 56mm<br \/>\nn<br \/>\nnNikon Z: 77 x 63mm<br \/>\nn<br \/>\nnCanon RF: 73 x 63mm<\/td>\n<p>n<\/tr>\n<p>n<\/p>\n<tr>\nn<\/p>\n<td width=\"249\">Peso<\/td>\n<p>n<\/p>\n<td>Sony E: 422g<br \/>\nn<br \/>\nnNikon Z: 458g<br \/>\nn<br \/>\nnCanon RF: 442g<\/td>\n<p>n<\/tr>\n<p>n<\/tbody>\n<p>n<\/table>\n<p>n[\/vc_column_text][\/vc_column][\/vc_row]<\/p>\n","protected":false},"excerpt":{"rendered":"<ul>\nn \t<\/p>\n<li>Fotograma completo<\/li>\n<p>n \t<\/p>\n<li>Diafragma: de f\/1,5 a f\/16<\/li>\n<p>n \t<\/p>\n<li>5 elementos de alto \u00edndice de refracci\u00f3n<\/li>\n<p>n \t<\/p>\n<li>1 elemento asf\u00e9rico<\/li>\n<p>n \t<\/p>\n<li>Distancia m\u00ednima de enfoque: 50 cm<\/li>\n<p>n \t<\/p>\n<li>Enfoque manual<\/li>\n<p>n \t<\/p>\n<li>Diafragma de 10 Hojas<\/li>\n<p>n<\/ul>\n","protected":false},"featured_media":15346,"comment_status":"closed","ping_status":"closed","template":"","meta":{"_acf_changed":false},"product_brand":[2545],"product_cat":[1062],"product_tag":[],"class_list":{"0":"post-19178","1":"product","2":"type-product","3":"status-publish","4":"has-post-thumbnail","6":"product_brand-ttartisan-es","7":"product_cat-mirrorless-objectivos","8":"pa_abertura-maxima-f-1-5-es","9":"pa_cor-negro","10":"pa_diametro-72mm-es","11":"pa_estabilizacao-de-imagem-no","12":"pa_montagem-da-objetiva-canon-rf-es","13":"pa_montagem-da-objetiva-nikon-z-es","14":"pa_montagem-da-objetiva-sony-e-es","15":"pa_sensor-fotograma-completo","16":"pa_tipo-de-foco-enfoque-manual","17":"pa_tipo-de-objetiva-gran-angular","18":"pa_zoom-fixa-fijo","20":"first","21":"instock","22":"taxable","23":"shipping-taxable","24":"purchasable","25":"product-type-variable"},"bundled_by":[],"bundle_stock_status":"instock","bundle_stock_quantity":null,"bundle_virtual":false,"bundle_layout":"","bundle_add_to_cart_form_location":"","bundle_editable_in_cart":false,"bundle_sold_individually_context":"","bundle_item_grouping":"","bundle_min_size":"","bundle_max_size":"","bundle_price":[],"bundled_items":[],"bundle_sell_ids":[],"acf":[],"_links":{"self":[{"href":"https:\/\/hi-techwonder.com\/es\/wp-json\/wp\/v2\/product\/19178","targetHints":{"allow":["GET"]}}],"collection":[{"href":"https:\/\/hi-techwonder.com\/es\/wp-json\/wp\/v2\/product"}],"about":[{"href":"https:\/\/hi-techwonder.com\/es\/wp-json\/wp\/v2\/types\/product"}],"replies":[{"embeddable":true,"href":"https:\/\/hi-techwonder.com\/es\/wp-json\/wp\/v2\/comments?post=19178"}],"wp:featuredmedia":[{"embeddable":true,"href":"https:\/\/hi-techwonder.com\/es\/wp-json\/wp\/v2\/media\/15346"}],"wp:attachment":[{"href":"https:\/\/hi-techwonder.com\/es\/wp-json\/wp\/v2\/media?parent=19178"}],"wp:term":[{"taxonomy":"product_brand","embeddable":true,"href":"https:\/\/hi-techwonder.com\/es\/wp-json\/wp\/v2\/product_brand?post=19178"},{"taxonomy":"product_cat","embeddable":true,"href":"https:\/\/hi-techwonder.com\/es\/wp-json\/wp\/v2\/product_cat?post=19178"},{"taxonomy":"product_tag","embeddable":true,"href":"https:\/\/hi-techwonder.com\/es\/wp-json\/wp\/v2\/product_tag?post=19178"}],"curies":[{"name":"wp","href":"https:\/\/api.w.org\/{rel}","templated":true}]}}