{"id":19200,"date":"2025-07-24T09:21:38","date_gmt":"2025-07-24T09:21:38","guid":{"rendered":"https:\/\/fv6qoy3ls0.wpdns.site\/produto\/ttartisan-tilt-50mm-f-1-4\/"},"modified":"2026-04-21T08:41:58","modified_gmt":"2026-04-21T07:41:58","slug":"ttartisan-tilt-50mm-f-1-4","status":"publish","type":"product","link":"https:\/\/hi-techwonder.com\/es\/producto\/ttartisan-tilt-50mm-f-1-4\/","title":{"rendered":"TTArtisan Tilt 50mm f\/1.4"},"content":{"rendered":"<p>[vc_row][vc_column][vc_column_text]<br \/>\nn<\/p>\n<h3>TTArtisan Tilt 50mm f\/1.4<\/h3>\n<p>n[\/vc_column_text][\/vc_column][\/vc_row][vc_row][vc_column][vc_video link=\u00bbhttps:\/\/youtu.be\/asmzbBWAHZ4&#8243; css=\u00bb\u00bb][\/vc_column][\/vc_row][vc_row][vc_column][vc_column_text]El objetivo TTArtisan Tilt 50 mm f\/1,4 es un objetivo prime de longitud normal para c\u00e1maras sin espejo que acerca el control avanzado del enfoque a las masas. Te ofrece la posibilidad de controlar el \u00e1ngulo del plano de enfoque hasta 8\u00b0 (tilt) y se puede girar hasta 90\u00b0 para aplicar el efecto en cualquier direcci\u00f3n.<br \/>\nn<br \/>\nnTiene una brillante apertura m\u00e1xima de f\/1.4, que le permite trabajar en condiciones de iluminaci\u00f3n dif\u00edciles, adem\u00e1s de proporcionar profundidad de campo para aislar el sujeto de forma m\u00e1s eficaz.Fabricado \u00edntegramente en metal, presenta un dise\u00f1o manual cl\u00e1sico con un anillo de enfoque moleteado que proporciona un movimiento de enfoque suave y continuo, adem\u00e1s de ser compatible con varios equipos de seguimiento de enfoque, ideal para el creador centrado en el v\u00eddeo.<br \/>\nn<br \/>\nnUn dise\u00f1o \u00f3ptico de siete elementos en seis grupos incluye dos elementos de alto \u00edndice de refracci\u00f3n dise\u00f1ados para mejorar las aberraciones crom\u00e1ticas y geom\u00e9tricas.<br \/>\nn<br \/>\nnLa funci\u00f3n de inclinaci\u00f3n del objetivo permite varias formas diferentes de control de la perspectiva:<br \/>\nn<\/p>\n<ul>\nn \t<\/p>\n<li>Miniaturizaci\u00f3n liliputiense<\/li>\n<p>n \t<\/p>\n<li>Cambio del plano de enfoque<\/li>\n<p>n \t<\/p>\n<li>Desenfoque selectivo<\/li>\n<p>n<\/ul>\n<p>n[\/vc_column_text][\/vc_column][\/vc_row][vc_row][vc_column][vc_gallery type=\u00bbimage_grid\u00bb images=\u00bb29990,29992,29994,29996,29998&#8243;][\/vc_column][\/vc_row][vc_row][vc_column][vc_column_text]<br \/>\nn<\/p>\n<h4>Caracter\u00edsticas principais<\/h4>\n<p>n<\/p>\n<ul>\nn \t<\/p>\n<li>Un objetivo de control de la perspectiva que proporciona hasta 8\u00b0 de \u00e1ngulo de inclinaci\u00f3n, lo que te da la libertad de ajustar el plano de enfoque para adaptarlo al sujeto y crear una amplia gama de efectos visuales \u00fanicos.<\/li>\n<p>n \t<\/p>\n<li>Optimizaci\u00f3n espec\u00edfica para v\u00eddeo: El anillo de enfoque y el anillo de apertura se han dise\u00f1ado para adaptarse a la mayor\u00eda de los equipos de seguimiento de enfoque, pr\u00e1ctica habitual en la mayor\u00eda de los objetivos de cine.<\/li>\n<p>n \t<\/p>\n<li>Con una distancia focal de 50 mm, este objetivo puede utilizarse como \u00f3ptica est\u00e1ndar cuando no se necesita el mecanismo de inclinaci\u00f3n.<\/li>\n<p>n \t<\/p>\n<li>Luminoso diafragma m\u00e1ximo de f\/1,4, que crea una estrecha profundidad de campo ideal para separar el sujeto y el fondo en los retratos cuando no se utiliza el mecanismo de inclinaci\u00f3n.<\/li>\n<p>n \t<\/p>\n<li>El dise\u00f1o \u00f3ptico de 7 elementos y 6 grupos incluye elementos de cristal de alto \u00edndice de refracci\u00f3n para combatir la distorsi\u00f3n geom\u00e9trica y las aberraciones esf\u00e9ricas y mejorar as\u00ed la nitidez y la precisi\u00f3n de la reproducci\u00f3n.<\/li>\n<p>n \t<\/p>\n<li>El diafragma de Hojas 12 contribuye a una agradable calidad bokeh.<\/li>\n<p>n \t<\/p>\n<li>Disponible en versiones Sony E | Montura en L | Fuji X | Canon RF | Nikon Z | M4\/3<\/li>\n<p>n<\/ul>\n<p>n[\/vc_column_text][\/vc_column][\/vc_row][vc_row][vc_column][vc_single_image image=\u00bb30000&#8243; img_size=\u00bb752X502&#8243;][\/vc_column][\/vc_row][vc_row][vc_column][vc_column_text]<strong>Especificaciones<\/strong><br \/>\nn<\/p>\n<table width=\"670\">\nn<\/p>\n<tbody>\nn<\/p>\n<tr>\nn<\/p>\n<td width=\"255\">Apertura m\u00e1xima<\/td>\n<p>n<\/p>\n<td>f\/1.4<\/td>\n<p>n<\/tr>\n<p>n<\/p>\n<tr>\nn<\/p>\n<td width=\"255\">Apertura m\u00ednima<\/td>\n<p>n<\/p>\n<td>f\/16<\/td>\n<p>n<\/tr>\n<p>n<\/p>\n<tr>\nn<\/p>\n<td width=\"255\">Montura<\/td>\n<p>n<\/p>\n<td>Sony E | L-Mount | Fuji X | Canon RF | Nikon Z | M4\/3<\/td>\n<p>n<\/tr>\n<p>n<\/p>\n<tr>\nn<\/p>\n<td width=\"255\">Cobertura del formato del objetivo<\/td>\n<p>n<\/p>\n<td>Full-Frame | APS-C (Fuji X) | Micro 4\/3<\/td>\n<p>n<\/tr>\n<p>n<\/p>\n<tr>\nn<\/p>\n<td width=\"255\">Distancia m\u00ednima de enfoque<\/td>\n<p>n<\/p>\n<td>50cm<\/td>\n<p>n<\/tr>\n<p>n<\/p>\n<tr>\nn<\/p>\n<td width=\"255\">\u00c1ngulo de visi\u00f3n<\/td>\n<p>n<\/p>\n<td>45\u00ba<\/td>\n<p>n<\/tr>\n<p>n<\/p>\n<tr>\nn<\/p>\n<td width=\"255\">Dise\u00f1o \u00f3ptico<\/td>\n<p>n<\/p>\n<td>7 elementos en 6 grupos<\/td>\n<p>n<\/tr>\n<p>n<\/p>\n<tr>\nn<\/p>\n<td width=\"255\">Hojas de diafragma<\/td>\n<p>n<\/p>\n<td>12<\/td>\n<p>n<\/tr>\n<p>n<\/p>\n<tr>\nn<\/p>\n<td width=\"255\">Tipo de enfoque<\/td>\n<p>n<\/p>\n<td>Enfoque manual<\/td>\n<p>n<\/tr>\n<p>n<\/p>\n<tr>\nn<\/p>\n<td width=\"255\">Anillo de apertura<\/td>\n<p>n<\/p>\n<td>Sin clics<\/td>\n<p>n<\/tr>\n<p>n<\/p>\n<tr>\nn<\/p>\n<td width=\"255\">Estabilizaci\u00f3n de la imagen<\/td>\n<p>n<\/p>\n<td>No<\/td>\n<p>n<\/tr>\n<p>n<\/p>\n<tr>\nn<\/p>\n<td width=\"255\">Filtro frontal<\/td>\n<p>n<\/p>\n<td>62mm<\/td>\n<p>n<\/tr>\n<p>n<\/p>\n<tr>\nn<\/p>\n<td width=\"255\">\u00c1ngulo de inclinaci\u00f3n (tilt)<\/td>\n<p>n<\/p>\n<td>+\/- 8\u00ba<\/td>\n<p>n<\/tr>\n<p>n<\/p>\n<tr>\nn<\/p>\n<td width=\"255\">\u00c1ngulo de rotaci\u00f3n<\/td>\n<p>n<\/p>\n<td>0-90\u00ba<\/td>\n<p>n<\/tr>\n<p>n<\/p>\n<tr>\nn<\/p>\n<td width=\"255\">Dimensiones (L x D)<\/td>\n<p>n<\/p>\n<td>68 x 70mm<\/td>\n<p>n<\/tr>\n<p>n<\/p>\n<tr>\nn<\/p>\n<td width=\"255\">Peso<\/td>\n<p>n<\/p>\n<td>452g<\/td>\n<p>n<\/tr>\n<p>n<\/tbody>\n<p>n<\/table>\n<p>n[\/vc_column_text][\/vc_column][\/vc_row][vc_row][vc_column][vc_column_text]<br \/>\nn<\/p>\n<h3>Amostras<\/h3>\n<p>n[\/vc_column_text][vc_tta_tabs][vc_tta_section title=\u00bbPD\u00bb tab_id=\u00bb1718707930038-26e374bb-d8a1&#8243;][vc_gallery type=\u00bbimage_grid\u00bb images=\u00bb30004,30006,30008,30010&#8243;][\/vc_tta_section][vc_tta_section title=\u00bb\u6768\u653e\u00bb tab_id=\u00bb1718707930044-d45e4b9b-8015&#8243;][vc_gallery type=\u00bbimage_grid\u00bb images=\u00bb30012,30014,30016,30018&#8243;][\/vc_tta_section][\/vc_tta_tabs][\/vc_column][\/vc_row]<\/p>\n","protected":false},"excerpt":{"rendered":"<ul>\nn \t<\/p>\n<li>f\/1,4 a f\/16<\/li>\n<p>n \t<\/p>\n<li>Objetivo de focal fija de longitud normal<\/li>\n<p>n \t<\/p>\n<li>Control de enfoque con mecanismo de inclinaci\u00f3n (tilt)<\/li>\n<p>n \t<\/p>\n<li>Dise\u00f1o de enfoque manual<\/li>\n<p>n \t<\/p>\n<li>Dos elementos de alto \u00edndice de refracci\u00f3n<\/li>\n<p>n \t<\/p>\n<li>Construcci\u00f3n totalmente met\u00e1lica<\/li>\n<p>n<\/ul>\n","protected":false},"featured_media":15434,"comment_status":"closed","ping_status":"closed","template":"","meta":{"_acf_changed":false},"product_brand":[2545],"product_cat":[1062],"product_tag":[],"class_list":{"0":"post-19200","1":"product","2":"type-product","3":"status-publish","4":"has-post-thumbnail","6":"product_brand-ttartisan-es","7":"product_cat-mirrorless-objectivos","8":"pa_abertura-maxima-f-1-4-es","9":"pa_cor-negro","10":"pa_designs-especiais-tilt-shift-es","11":"pa_diametro-62mm-es","12":"pa_estabilizacao-de-imagem-no","13":"pa_montagem-da-objetiva-canon-rf-es","14":"pa_montagem-da-objetiva-fujifilm-x-es","15":"pa_montagem-da-objetiva-l-mount-es","16":"pa_montagem-da-objetiva-micro-4-3-es","17":"pa_montagem-da-objetiva-nikon-z-es","18":"pa_montagem-da-objetiva-sony-e-es","19":"pa_sensor-aps-c-es","20":"pa_sensor-fotograma-completo","21":"pa_sensor-micro-cuatro-tercios","22":"pa_tipo-de-foco-enfoque-manual","23":"pa_tipo-de-objetiva-estandar","24":"pa_tipo-de-objetiva-teleobjetivo","25":"pa_zoom-fixa-fijo","27":"first","28":"instock","29":"taxable","30":"shipping-taxable","31":"purchasable","32":"product-type-variable"},"bundled_by":[],"bundle_stock_status":"instock","bundle_stock_quantity":null,"bundle_virtual":false,"bundle_layout":"","bundle_add_to_cart_form_location":"","bundle_editable_in_cart":false,"bundle_sold_individually_context":"","bundle_item_grouping":"","bundle_min_size":"","bundle_max_size":"","bundle_price":[],"bundled_items":[],"bundle_sell_ids":[],"acf":[],"_links":{"self":[{"href":"https:\/\/hi-techwonder.com\/es\/wp-json\/wp\/v2\/product\/19200","targetHints":{"allow":["GET"]}}],"collection":[{"href":"https:\/\/hi-techwonder.com\/es\/wp-json\/wp\/v2\/product"}],"about":[{"href":"https:\/\/hi-techwonder.com\/es\/wp-json\/wp\/v2\/types\/product"}],"replies":[{"embeddable":true,"href":"https:\/\/hi-techwonder.com\/es\/wp-json\/wp\/v2\/comments?post=19200"}],"wp:featuredmedia":[{"embeddable":true,"href":"https:\/\/hi-techwonder.com\/es\/wp-json\/wp\/v2\/media\/15434"}],"wp:attachment":[{"href":"https:\/\/hi-techwonder.com\/es\/wp-json\/wp\/v2\/media?parent=19200"}],"wp:term":[{"taxonomy":"product_brand","embeddable":true,"href":"https:\/\/hi-techwonder.com\/es\/wp-json\/wp\/v2\/product_brand?post=19200"},{"taxonomy":"product_cat","embeddable":true,"href":"https:\/\/hi-techwonder.com\/es\/wp-json\/wp\/v2\/product_cat?post=19200"},{"taxonomy":"product_tag","embeddable":true,"href":"https:\/\/hi-techwonder.com\/es\/wp-json\/wp\/v2\/product_tag?post=19200"}],"curies":[{"name":"wp","href":"https:\/\/api.w.org\/{rel}","templated":true}]}}