{"id":19221,"date":"2025-07-24T09:21:59","date_gmt":"2025-07-24T09:21:59","guid":{"rendered":"https:\/\/fv6qoy3ls0.wpdns.site\/produto\/ttartisan-50mm-f-2\/"},"modified":"2025-12-22T15:02:43","modified_gmt":"2025-12-22T15:02:43","slug":"ttartisan-50mm-f-2","status":"publish","type":"product","link":"https:\/\/hi-techwonder.com\/es\/producto\/ttartisan-50mm-f-2\/","title":{"rendered":"TTArtisan 50mm f\/2"},"content":{"rendered":"<p>[vc_row][vc_column][vc_column_text]<br \/>\nn<\/p>\n<h3>TTArtisan 50mm f\/2<\/h3>\n<p>n[\/vc_column_text][\/vc_column][\/vc_row][vc_row][vc_column][vc_video link=\u00bbhttps:\/\/youtu.be\/j1NNnsf0_sc\u00bb css=\u00bb\u00bb][\/vc_column][\/vc_row][vc_row][vc_column][vc_column_text]Con su dise\u00f1o compacto y t\u00e1ctil, este objetivo 50mm f\/2 de TTArtisan es un objetivo vers\u00e1til de longitud normal, adecuado para la fotograf\u00eda cotidiana. Con s\u00f3lo 3,5 cm de longitud y un peso aproximado de 200 g, es el compa\u00f1ero de viaje perfecto para expandir tu creatividad donde y cuando quieras.<br \/>\nn<br \/>\nnSu abertura m\u00e1xima de f\/2, modestamente luminosa, le permite disparar en condiciones de iluminaci\u00f3n dif\u00edciles y controlar la profundidad de campo mediante t\u00e9cnicas de enfoque selectivo. Este objetivo de enfoque manual ofrece una distancia m\u00ednima de enfoque de s\u00f3lo 50 cm para trabajar con sujetos en primer plano. Combinado con el diafragma de 10 hojas de la \u00f3ptica, crea una agradable calidad bokeh, lo que convierte al objetivo en una opci\u00f3n excelente para retratos y escenas callejeras.[\/vc_column_text][\/vc_column][\/vc_row][vc_row][vc_column][vc_gallery type=\u00bbimage_grid\u00bb images=\u00bb30042,30044,30046&#8243;][\/vc_column][\/vc_row][vc_row][vc_column][vc_column_text]<br \/>\nn<\/p>\n<h4>Caracter\u00edsticas principales<\/h4>\n<p>n<\/p>\n<ul>\nn \t<\/p>\n<li>Objetivo de focal fija de longitud normal dise\u00f1ado para c\u00e1maras sin espejo de fotograma completo, aunque tambi\u00e9n se puede utilizar con modelos APS-C, en los que ofrece una distancia focal equivalente a 75 mm.<\/li>\n<p>n \t<\/p>\n<li>La luminosa abertura m\u00e1xima de f\/2 favorece el trabajo en condiciones de iluminaci\u00f3n dif\u00edciles y tambi\u00e9n ofrece un mayor control sobre la profundidad de campo.<\/li>\n<p>n \t<\/p>\n<li>El dise\u00f1o de enfoque manual permite trabajar con objetos situados a una distancia de hasta 50 cm.<\/li>\n<p>n \t<\/p>\n<li>Un diafragma de Hojas 10 contribuye a una calidad de bokeh suave y cremosa.<\/li>\n<p>n \t<\/p>\n<li>Dise\u00f1o compacto y ligero, una lente que te acompa\u00f1ar\u00e1 a todas partes.<\/li>\n<p>n<\/ul>\n<p>n[\/vc_column_text][\/vc_column][\/vc_row][vc_row][vc_column][vc_single_image image=\u00bb30048&#8243; img_size=\u00bb752X502&#8243;][\/vc_column][\/vc_row][vc_row][vc_column][vc_column_text]<br \/>\nn<\/p>\n<h4>Especificaciones<\/h4>\n<p>n<\/p>\n<table width=\"670\">\nn<\/p>\n<tbody>\nn<\/p>\n<tr>\nn<\/p>\n<td width=\"255\">Apertura m\u00e1xima<\/td>\n<p>n<\/p>\n<td>f\/2.0<\/td>\n<p>n<\/tr>\n<p>n<\/p>\n<tr>\nn<\/p>\n<td width=\"255\">Apertura m\u00ednima<\/td>\n<p>n<\/p>\n<td>f\/16<\/td>\n<p>n<\/tr>\n<p>n<\/p>\n<tr>\nn<\/p>\n<td width=\"255\">Montura<\/td>\n<p>n<\/p>\n<td>Sony E | Fuji X | Nikon Z<\/td>\n<p>n<\/tr>\n<p>n<\/p>\n<tr>\nn<\/p>\n<td width=\"255\">Cobertura del formato del objetivo<\/td>\n<p>n<\/p>\n<td>Full-Frame | APS-C (Fuji X)<\/td>\n<p>n<\/tr>\n<p>n<\/p>\n<tr>\nn<\/p>\n<td width=\"255\">Distancia m\u00ednima de enfoque<\/td>\n<p>n<\/p>\n<td>50cm<\/td>\n<p>n<\/tr>\n<p>n<\/p>\n<tr>\nn<\/p>\n<td width=\"255\">\u00c1ngulo de visi\u00f3n<\/td>\n<p>n<\/p>\n<td>45\u00ba (Full Frame)<br \/>\nn<br \/>\nn32\u00ba (APS-C)<\/td>\n<p>n<\/tr>\n<p>n<\/p>\n<tr>\nn<\/p>\n<td width=\"255\">Dise\u00f1o \u00f3ptico<\/td>\n<p>n<\/p>\n<td>6 elementos en 5 grupos<\/td>\n<p>n<\/tr>\n<p>n<\/p>\n<tr>\nn<\/p>\n<td width=\"255\">Hojas de diafragma<\/td>\n<p>n<\/p>\n<td>10<\/td>\n<p>n<\/tr>\n<p>n<\/p>\n<tr>\nn<\/p>\n<td width=\"255\">Tipo de enfoque<\/td>\n<p>n<\/p>\n<td>Enfoque manual<\/td>\n<p>n<\/tr>\n<p>n<\/p>\n<tr>\nn<\/p>\n<td width=\"255\">Anillo de apertura<\/td>\n<p>n<\/p>\n<td>Con clics<\/td>\n<p>n<\/tr>\n<p>n<\/p>\n<tr>\nn<\/p>\n<td width=\"255\">Estabilizaci\u00f3n de la imagen<\/td>\n<p>n<\/p>\n<td>No<\/td>\n<p>n<\/tr>\n<p>n<\/p>\n<tr>\nn<\/p>\n<td width=\"255\">Filtro frontal<\/td>\n<p>n<\/p>\n<td>43mm<\/td>\n<p>n<\/tr>\n<p>n<\/p>\n<tr>\nn<\/p>\n<td width=\"255\">Dimensiones (L x D)<\/td>\n<p>n<\/p>\n<td>35 x 60mm<\/td>\n<p>n<\/tr>\n<p>n<\/p>\n<tr>\nn<\/p>\n<td width=\"255\">Peso<\/td>\n<p>n<\/p>\n<td>190~210g<\/td>\n<p>n<\/tr>\n<p>n<\/tbody>\n<p>n<\/table>\n<p>n<\/p>\n<h4><\/h4>\n<p>n[\/vc_column_text][\/vc_column][\/vc_row][vc_row][vc_column][vc_single_image image=\u00bb30050&#8243; img_size=\u00bb752X502&#8243;][\/vc_column][\/vc_row][vc_row][vc_column][vc_column_text]<br \/>\nn<\/p>\n<h3>Amostras<\/h3>\n<p>n[\/vc_column_text][vc_tta_tabs][vc_tta_section title=\u00bbsmart\u00bb tab_id=\u00bb1718707930038-26e374bb-d8a1&#8243;][vc_gallery type=\u00bbimage_grid\u00bb images=\u00bb30052,30054,30056,30058&#8243;][\/vc_tta_section][\/vc_tta_tabs][\/vc_column][\/vc_row]<\/p>\n","protected":false},"excerpt":{"rendered":"<ul>\nn \t<\/p>\n<li>Formato de fotograma completo<\/li>\n<p>n \t<\/p>\n<li>Diafragma: de f\/2 a f\/16<\/li>\n<p>n \t<\/p>\n<li>Enfoque manual<\/li>\n<p>n \t<\/p>\n<li>Distancia m\u00ednima de enfoque: 50 cm<\/li>\n<p>n \t<\/p>\n<li>Dise\u00f1o compacto y t\u00e1ctil<\/li>\n<p>n \t<\/p>\n<li>Diafragma de 10 Hojas<\/li>\n<p>n<\/ul>\n","protected":false},"featured_media":15473,"comment_status":"closed","ping_status":"closed","template":"","meta":{"_acf_changed":false},"product_brand":[2545],"product_cat":[1062],"product_tag":[],"class_list":{"0":"post-19221","1":"product","2":"type-product","3":"status-publish","4":"has-post-thumbnail","6":"product_brand-ttartisan-es","7":"product_cat-mirrorless-objectivos","8":"pa_abertura-maxima-f-2-es","9":"pa_cor-negro","10":"pa_diametro-43mm-es","11":"pa_estabilizacao-de-imagem-no","12":"pa_montagem-da-objetiva-fujifilm-x-es","13":"pa_montagem-da-objetiva-l-mount-es","14":"pa_montagem-da-objetiva-nikon-z-es","15":"pa_montagem-da-objetiva-sony-e-es","16":"pa_sensor-aps-c-es","17":"pa_sensor-fotograma-completo","18":"pa_tipo-de-foco-enfoque-manual","19":"pa_tipo-de-objetiva-estandar","20":"pa_tipo-de-objetiva-teleobjetivo","21":"pa_zoom-fixa-fijo","23":"first","24":"instock","25":"taxable","26":"shipping-taxable","27":"purchasable","28":"product-type-variable"},"bundled_by":[],"bundle_stock_status":"instock","bundle_stock_quantity":null,"bundle_virtual":false,"bundle_layout":"","bundle_add_to_cart_form_location":"","bundle_editable_in_cart":false,"bundle_sold_individually_context":"","bundle_item_grouping":"","bundle_min_size":"","bundle_max_size":"","bundle_price":[],"bundled_items":[],"bundle_sell_ids":[],"acf":[],"_links":{"self":[{"href":"https:\/\/hi-techwonder.com\/es\/wp-json\/wp\/v2\/product\/19221","targetHints":{"allow":["GET"]}}],"collection":[{"href":"https:\/\/hi-techwonder.com\/es\/wp-json\/wp\/v2\/product"}],"about":[{"href":"https:\/\/hi-techwonder.com\/es\/wp-json\/wp\/v2\/types\/product"}],"replies":[{"embeddable":true,"href":"https:\/\/hi-techwonder.com\/es\/wp-json\/wp\/v2\/comments?post=19221"}],"wp:featuredmedia":[{"embeddable":true,"href":"https:\/\/hi-techwonder.com\/es\/wp-json\/wp\/v2\/media\/15473"}],"wp:attachment":[{"href":"https:\/\/hi-techwonder.com\/es\/wp-json\/wp\/v2\/media?parent=19221"}],"wp:term":[{"taxonomy":"product_brand","embeddable":true,"href":"https:\/\/hi-techwonder.com\/es\/wp-json\/wp\/v2\/product_brand?post=19221"},{"taxonomy":"product_cat","embeddable":true,"href":"https:\/\/hi-techwonder.com\/es\/wp-json\/wp\/v2\/product_cat?post=19221"},{"taxonomy":"product_tag","embeddable":true,"href":"https:\/\/hi-techwonder.com\/es\/wp-json\/wp\/v2\/product_tag?post=19221"}],"curies":[{"name":"wp","href":"https:\/\/api.w.org\/{rel}","templated":true}]}}