{"id":19241,"date":"2025-07-24T09:22:39","date_gmt":"2025-07-24T09:22:39","guid":{"rendered":"https:\/\/fv6qoy3ls0.wpdns.site\/produto\/ttartisan-500mm-f-6-3\/"},"modified":"2026-03-26T09:59:43","modified_gmt":"2026-03-26T09:59:43","slug":"ttartisan-500mm-f-6-3","status":"publish","type":"product","link":"https:\/\/hi-techwonder.com\/es\/producto\/ttartisan-500mm-f-6-3\/","title":{"rendered":"TTArtisan 500mm f\/6.3"},"content":{"rendered":"<p>[vc_row][vc_column][vc_column_text]<br \/>\nn<\/p>\n<h3>TTArtisan 500mm f\/6.3<\/h3>\n<p>n[\/vc_column_text][\/vc_column][\/vc_row][vc_row][vc_column][vc_video link=\u00bbhttps:\/\/youtu.be\/KVsMKPgkaD8&#8243; css=\u00bb\u00bb][\/vc_column][\/vc_row][vc_row][vc_column][vc_column_text]Ideal para fotografiar sujetos lejanos a los que no puede acercarse, como aviones, deportes, fauna y mucho m\u00e1s, el objetivo TTArtisan 500mm f\/6,3 le permite mantener una distancia c\u00f3moda del sujeto mientras captura bellas im\u00e1genes.<br \/>\nn<br \/>\nnEste objetivo incorpora un collar\u00edn para tr\u00edpode que permite montarlo r\u00e1pidamente en un tr\u00edpode o monopi\u00e9, y un gran anillo de enfoque t\u00e1ctil que facilita y agiliza el enfoque. Este objetivo, una potente herramienta para crear im\u00e1genes v\u00edvidas y sencillas sin distracciones, le permite disfrutar de la diversi\u00f3n de la fotograf\u00eda con teleobjetivo sin gastar demasiado.[\/vc_column_text][\/vc_column][\/vc_row][vc_row][vc_column][vc_gallery type=\u00bbimage_grid\u00bb images=\u00bb30082,30090,30084,30092,30086,30094,30088,30096&#8243;][\/vc_column][\/vc_row][vc_row][vc_column][vc_column_text]<br \/>\nn<\/p>\n<h4>Caracter\u00edsticas principales<\/h4>\n<p>n<\/p>\n<ul>\nn \t<\/p>\n<li>Teleobjetivo de focal fija dise\u00f1ado para su uso con c\u00e1maras digitales sin espejo de fotograma completo Sony E | Nikon Z | Canon RF | Montura en L | Fujifilm X | Fujifilm GFX o c\u00e1maras DSLR de fotograma completo Nikon F | Canon EF.<\/li>\n<p>n \t<\/p>\n<li>2 grandes elementos de cristal de dispersi\u00f3n ultrabaja y 2 elementos de alto \u00edndice proporcionan una nitidez y un contraste excepcionales a la vez que evitan las franjas de color.<\/li>\n<p>n \t<\/p>\n<li>Anillo para tr\u00edpode y parasol integrados para estabilizar el objetivo y evitar las im\u00e1genes fantasma y los reflejos.<\/li>\n<p>n \t<\/p>\n<li>Dise\u00f1o de enfoque manual con un gran anillo de enfoque t\u00e1ctil.<\/li>\n<p>n \t<\/p>\n<li>Dise\u00f1o delgado y elegante.<\/li>\n<p>n \t<\/p>\n<li>La versi\u00f3n Fujifilm GFX no produce vi\u00f1eteado a f\/6,3. La versi\u00f3n Sony E produce un ligero vi\u00f1eteado a f\/6,3.<\/li>\n<p>n<\/ul>\n<p>n[\/vc_column_text][\/vc_column][\/vc_row][vc_row][vc_column][vc_single_image image=\u00bb30098&#8243; img_size=\u00bb752X502&#8243;][\/vc_column][\/vc_row][vc_row][vc_column][vc_column_text]<br \/>\nn<\/p>\n<h4>Especificaciones<\/h4>\n<p>n<\/p>\n<table width=\"670\">\nn<\/p>\n<tbody>\nn<\/p>\n<tr>\nn<\/p>\n<td width=\"255\">Apertura m\u00e1xima<\/td>\n<p>n<\/p>\n<td>f\/6.3<\/td>\n<p>n<\/tr>\n<p>n<\/p>\n<tr>\nn<\/p>\n<td width=\"255\">Apertura m\u00ednima<\/td>\n<p>n<\/p>\n<td>f\/32<\/td>\n<p>n<\/tr>\n<p>n<\/p>\n<tr>\nn<\/p>\n<td width=\"255\">Montura<\/td>\n<p>n<\/p>\n<td>Sony E | Nikon Z | Canon RF | L-Mount | Fujifilm X | Fujifilm GFX | Nikon F | Canon EF<\/td>\n<p>n<\/tr>\n<p>n<\/p>\n<tr>\nn<\/p>\n<td width=\"255\">Cobertura del formato del objetivo<\/td>\n<p>n<\/p>\n<td>Full-Frame<\/td>\n<p>n<\/tr>\n<p>n<\/p>\n<tr>\nn<\/p>\n<td width=\"255\">Distancia m\u00ednima de enfoque<\/td>\n<p>n<\/p>\n<td>3.3m<\/td>\n<p>n<\/tr>\n<p>n<\/p>\n<tr>\nn<\/p>\n<td width=\"255\">\u00c1ngulo de visi\u00f3n<\/td>\n<p>n<\/p>\n<td>5\u00ba<\/td>\n<p>n<\/tr>\n<p>n<\/p>\n<tr>\nn<\/p>\n<td width=\"255\">Dise\u00f1o \u00f3ptico<\/td>\n<p>n<\/p>\n<td>8 elementos en 5 grupos<\/td>\n<p>n<\/tr>\n<p>n<\/p>\n<tr>\nn<\/p>\n<td width=\"255\">Hojas de diafragma<\/td>\n<p>n<\/p>\n<td>12<\/td>\n<p>n<\/tr>\n<p>n<\/p>\n<tr>\nn<\/p>\n<td width=\"255\">Tipo de enfoque<\/td>\n<p>n<\/p>\n<td>Enfoque manual<\/td>\n<p>n<\/tr>\n<p>n<\/p>\n<tr>\nn<\/p>\n<td width=\"255\">Estabilizaci\u00f3n de la imagen<\/td>\n<p>n<\/p>\n<td>No<\/td>\n<p>n<\/tr>\n<p>n<\/p>\n<tr>\nn<\/p>\n<td width=\"255\">Filtro frontal<\/td>\n<p>n<\/p>\n<td>82mm<\/td>\n<p>n<\/tr>\n<p>n<\/p>\n<tr>\nn<\/p>\n<td width=\"255\">Dimensiones (L x D)<\/td>\n<p>n<\/p>\n<td>Sony E | Fuji X | Nikon Z | Canon RF | L-Mount: 31.7 x 8.8 cm<br \/>\nn<br \/>\nnFuji GFX: 31 X 8.8 cm<br \/>\nn<br \/>\nnNikon F: 29.1 x 8.8 cm<br \/>\nn<br \/>\nnCanon EF: 29.3 x 8.8 cm<\/td>\n<p>n<\/tr>\n<p>n<\/p>\n<tr>\nn<\/p>\n<td width=\"255\">Peso<\/td>\n<p>n<\/p>\n<td>1564~1617g<\/td>\n<p>n<\/tr>\n<p>n<\/tbody>\n<p>n<\/table>\n<p>n[\/vc_column_text][\/vc_column][\/vc_row][vc_row][vc_column][vc_single_image image=\u00bb30100&#8243; img_size=\u00bb752X502&#8243;][\/vc_column][\/vc_row][vc_row][vc_column][vc_column_text]<br \/>\nn<\/p>\n<h3>Muestras<\/h3>\n<p>n[\/vc_column_text][vc_tta_tabs][vc_tta_section title=\u00bb\u6bdb\u6bdb\u73af\u6e38\u4e16\u754c\u00bb tab_id=\u00bb1718707930038-26e374bb-d8a1&#8243;][vc_gallery type=\u00bbimage_grid\u00bb images=\u00bb30102,30104,30106,30108&#8243;][\/vc_tta_section][vc_tta_section title=\u00bbOlle Nilsson\u00bb tab_id=\u00bb1718983882559-ce2fe92b-2e49&#8243;][vc_gallery type=\u00bbimage_grid\u00bb images=\u00bb30110,30112,30114&#8243;][\/vc_tta_section][vc_tta_section title=\u00bb\u8ffd\u5149\u7684\u732b\u00bb tab_id=\u00bb1718984011950-cd9393e8-61c0&#8243;][vc_gallery type=\u00bbimage_grid\u00bb images=\u00bb30116,30118,30120,30122&#8243;][\/vc_tta_section][\/vc_tta_tabs][\/vc_column][\/vc_row]<\/p>\n","protected":false},"excerpt":{"rendered":"<ul>\nn \t<\/p>\n<li>Teleobjetivo fijo de 500mm<\/li>\n<p>n \t<\/p>\n<li>Full-Frame | f\/6.3 a f\/32<\/li>\n<p>n \t<\/p>\n<li>Dise\u00f1o de enfoque manual<\/li>\n<p>n \t<\/p>\n<li>Cuerpo totalmente met\u00e1lico<\/li>\n<p>n \t<\/p>\n<li>Gran anillo de enfoque<\/li>\n<p>n<\/ul>\n","protected":false},"featured_media":15569,"comment_status":"closed","ping_status":"closed","template":"","meta":{"_acf_changed":false},"product_brand":[2545],"product_cat":[1062,1063],"product_tag":[],"class_list":{"0":"post-19241","1":"product","2":"type-product","3":"status-publish","4":"has-post-thumbnail","6":"product_brand-ttartisan-es","7":"product_cat-mirrorless-objectivos","8":"product_cat-slr-es","9":"pa_abertura-maxima-f-6-3-es","10":"pa_cor-negro","11":"pa_diametro-82mm-es","12":"pa_estabilizacao-de-imagem-no","13":"pa_montagem-da-objetiva-canon-ef-es","14":"pa_montagem-da-objetiva-canon-rf-es","15":"pa_montagem-da-objetiva-fujifilm-g-es","16":"pa_montagem-da-objetiva-fujifilm-x-es","17":"pa_montagem-da-objetiva-l-mount-es","18":"pa_montagem-da-objetiva-nikon-f-es","19":"pa_montagem-da-objetiva-nikon-z-es","20":"pa_montagem-da-objetiva-sony-e-es","21":"pa_sensor-aps-c-es","22":"pa_sensor-formato-medio","23":"pa_sensor-fotograma-completo","24":"pa_tipo-de-foco-enfoque-manual","25":"pa_tipo-de-objetiva-ultra-teleobjetivo","26":"pa_zoom-fixa-fijo","28":"first","29":"instock","30":"taxable","31":"shipping-taxable","32":"purchasable","33":"product-type-variable"},"bundled_by":[],"bundle_stock_status":"instock","bundle_stock_quantity":null,"bundle_virtual":false,"bundle_layout":"","bundle_add_to_cart_form_location":"","bundle_editable_in_cart":false,"bundle_sold_individually_context":"","bundle_item_grouping":"","bundle_min_size":"","bundle_max_size":"","bundle_price":[],"bundled_items":[],"bundle_sell_ids":[],"acf":[],"_links":{"self":[{"href":"https:\/\/hi-techwonder.com\/es\/wp-json\/wp\/v2\/product\/19241","targetHints":{"allow":["GET"]}}],"collection":[{"href":"https:\/\/hi-techwonder.com\/es\/wp-json\/wp\/v2\/product"}],"about":[{"href":"https:\/\/hi-techwonder.com\/es\/wp-json\/wp\/v2\/types\/product"}],"replies":[{"embeddable":true,"href":"https:\/\/hi-techwonder.com\/es\/wp-json\/wp\/v2\/comments?post=19241"}],"wp:featuredmedia":[{"embeddable":true,"href":"https:\/\/hi-techwonder.com\/es\/wp-json\/wp\/v2\/media\/15569"}],"wp:attachment":[{"href":"https:\/\/hi-techwonder.com\/es\/wp-json\/wp\/v2\/media?parent=19241"}],"wp:term":[{"taxonomy":"product_brand","embeddable":true,"href":"https:\/\/hi-techwonder.com\/es\/wp-json\/wp\/v2\/product_brand?post=19241"},{"taxonomy":"product_cat","embeddable":true,"href":"https:\/\/hi-techwonder.com\/es\/wp-json\/wp\/v2\/product_cat?post=19241"},{"taxonomy":"product_tag","embeddable":true,"href":"https:\/\/hi-techwonder.com\/es\/wp-json\/wp\/v2\/product_tag?post=19241"}],"curies":[{"name":"wp","href":"https:\/\/api.w.org\/{rel}","templated":true}]}}