{"id":19266,"date":"2025-07-24T09:23:51","date_gmt":"2025-07-24T09:23:51","guid":{"rendered":"https:\/\/fv6qoy3ls0.wpdns.site\/produto\/ttartisan-fotometro-ii-negro\/"},"modified":"2026-01-29T10:16:07","modified_gmt":"2026-01-29T10:16:07","slug":"ttartisan-fotometro-ii-negro","status":"publish","type":"product","link":"https:\/\/hi-techwonder.com\/es\/producto\/ttartisan-fotometro-ii-negro\/","title":{"rendered":"TTArtisan Fot\u00f3metro II (Negro)"},"content":{"rendered":"<p>[vc_row][vc_column][vc_column_text]<\/p>\n<h3>TTArtisan Fot\u00f3metro II (Negro)<\/h3>\n<p>[\/vc_column_text][\/vc_column][\/vc_row][vc_row][vc_column][vc_column_text]El medidor de luz negro TTArtisan II, fabricado en aluminio aeron\u00e1utico, es un medidor de luz ultracompacto con zapata para montaje en fr\u00edo dise\u00f1ado para c\u00e1maras de cine anal\u00f3gicas. Con su elegante perfil retro, ofrece un manejo sencillo mediante dos diales de f\u00e1cil acceso y admite lecturas de velocidad de obturaci\u00f3n de 1 a 1\/2000 de segundo, ISO de 25 a 6400 y aperturas de f\/1 a f\/22, todas en incrementos de medio paso.[\/vc_column_text][\/vc_column][\/vc_row][vc_row][vc_column][vc_gallery type=\u00bbimage_grid\u00bb images=\u00bb30157,30159,30161&#8243;][\/vc_column][\/vc_row][vc_row][vc_column][vc_column_text]<\/p>\n<h4>Caracter\u00edsticas principales<\/h4>\n<ul>\n<li>Sistema de indicadores luminosos para el control de la exposici\u00f3n, de f\u00e1cil lectura y comprensi\u00f3n.<\/li>\n<li>Controlador de velocidad de obturaci\u00f3n modificable en 23 puntos de 1 a 1\/2000 segundos, en incrementos de \u00bd parada.<\/li>\n<li>Controlador de apertura con topes r\u00edgidos para evitar cambios accidentales. Controlable de f\/1 a f\/22, en incrementos de \u00bd parada<\/li>\n<li>ISO en incrementos de 1 parada, de ISO 25 a 6400<\/li>\n<li>Medici\u00f3n media a 45\u00ba, antirreflejos<\/li>\n<li>Medici\u00f3n continua de hasta 60 horas con bater\u00eda CR1632 gracias a los modos autom\u00e1ticos de ahorro de energ\u00eda<\/li>\n<\/ul>\n<p>[\/vc_column_text][\/vc_column][\/vc_row][vc_row][vc_column][vc_single_image image=\u00bb30163&#8243; img_size=\u00bb752X502&#8243;][\/vc_column][\/vc_row][vc_row][vc_column][vc_column_text]<\/p>\n<h4>Especificaciones<\/h4>\n<table width=\"937\">\n<tbody>\n<tr>\n<td width=\"356\">Medici\u00f3n puntual<\/td>\n<td>No<\/td>\n<\/tr>\n<tr>\n<td width=\"356\">Medici\u00f3n del flash<\/td>\n<td>No<\/td>\n<\/tr>\n<\/tbody>\n<\/table>\n<p>&nbsp;<\/p>\n<p><strong>Medici\u00f3n<\/strong><\/p>\n<table width=\"937\">\n<tbody>\n<tr>\n<td width=\"356\">M\u00e9todo de lectura de luz<\/td>\n<td>Reflejado<\/td>\n<\/tr>\n<tr>\n<td width=\"356\">Lectura de luz<\/td>\n<td>No<\/td>\n<\/tr>\n<tr>\n<td width=\"356\">Modos de medici\u00f3n<\/td>\n<td>C\u00e1lculo de la media<\/td>\n<\/tr>\n<tr>\n<td width=\"356\">Gama de apertura<\/td>\n<td>f\/1 a 22 (Incrementos en \u00bd pasos)<\/td>\n<\/tr>\n<tr>\n<td width=\"356\">Gama ISO<\/td>\n<td>25 a 6400<\/td>\n<\/tr>\n<tr>\n<td width=\"356\">Rango de velocidad de obturaci\u00f3n<\/td>\n<td>1\/2000 a 1 segundo<\/td>\n<\/tr>\n<\/tbody>\n<\/table>\n<p>&nbsp;<\/p>\n<p><strong>F\u00edsico<\/strong><\/p>\n<table width=\"937\">\n<tbody>\n<tr>\n<td width=\"356\">Pantalla<\/td>\n<td>No<\/td>\n<\/tr>\n<tr>\n<td width=\"356\">Conexi\u00f3n al sistema<\/td>\n<td>No<\/td>\n<\/tr>\n<tr>\n<td width=\"356\">Lector de tarjetas multimedia<\/td>\n<td>No<\/td>\n<\/tr>\n<tr>\n<td width=\"356\">Rosca para montaje en tr\u00edpode<\/td>\n<td>No<\/td>\n<\/tr>\n<tr>\n<td width=\"356\">Material<\/td>\n<td>Aluminio de calidad aeron\u00e1utica<\/td>\n<\/tr>\n<\/tbody>\n<\/table>\n<p>&nbsp;<\/p>\n<p><strong>Geral<\/strong><\/p>\n<table width=\"937\">\n<tbody>\n<tr>\n<td width=\"356\">Bater\u00eda<\/td>\n<td>1x CR1632 (Alcalina)<\/td>\n<\/tr>\n<tr>\n<td width=\"356\">Dimensiones<\/td>\n<td>40 x 35 x 16mm<\/td>\n<\/tr>\n<tr>\n<td width=\"356\">Peso<\/td>\n<td>34,0 g (sin bater\u00eda)<\/td>\n<\/tr>\n<\/tbody>\n<\/table>\n<h4><\/h4>\n<p>[\/vc_column_text][\/vc_column][\/vc_row][vc_row][vc_column][vc_single_image image=\u00bb30165&#8243; img_size=\u00bb752X502&#8243;][\/vc_column][\/vc_row]<\/p>\n","protected":false},"excerpt":{"rendered":"<ul>\n<li>Soporte de zapata para fijaci\u00f3n en la parte superior de la c\u00e1mara<\/li>\n<li>Lee la luz reflejada a 45<\/li>\n<li>Velocidades de obturaci\u00f3n de 1 a 1\/2000 segundos<\/li>\n<li>F\u00e1cil manejo con doble disco<\/li>\n<li>Funciona con pilas<\/li>\n<\/ul>\n","protected":false},"featured_media":15656,"comment_status":"closed","ping_status":"closed","template":"","meta":{"_acf_changed":false},"product_brand":[2545],"product_cat":[1062],"product_tag":[],"class_list":{"0":"post-19266","1":"product","2":"type-product","3":"status-publish","4":"has-post-thumbnail","6":"product_brand-ttartisan-es","7":"product_cat-mirrorless-objectivos","8":"pa_cor-negro","10":"first","11":"instock","12":"taxable","13":"shipping-taxable","14":"purchasable","15":"product-type-simple"},"bundled_by":[],"bundle_stock_status":"instock","bundle_stock_quantity":1,"bundle_virtual":false,"bundle_layout":"","bundle_add_to_cart_form_location":"","bundle_editable_in_cart":false,"bundle_sold_individually_context":"","bundle_item_grouping":"","bundle_min_size":"","bundle_max_size":"","bundle_price":[],"bundled_items":[],"bundle_sell_ids":[],"acf":[],"_links":{"self":[{"href":"https:\/\/hi-techwonder.com\/es\/wp-json\/wp\/v2\/product\/19266","targetHints":{"allow":["GET"]}}],"collection":[{"href":"https:\/\/hi-techwonder.com\/es\/wp-json\/wp\/v2\/product"}],"about":[{"href":"https:\/\/hi-techwonder.com\/es\/wp-json\/wp\/v2\/types\/product"}],"replies":[{"embeddable":true,"href":"https:\/\/hi-techwonder.com\/es\/wp-json\/wp\/v2\/comments?post=19266"}],"wp:featuredmedia":[{"embeddable":true,"href":"https:\/\/hi-techwonder.com\/es\/wp-json\/wp\/v2\/media\/15656"}],"wp:attachment":[{"href":"https:\/\/hi-techwonder.com\/es\/wp-json\/wp\/v2\/media?parent=19266"}],"wp:term":[{"taxonomy":"product_brand","embeddable":true,"href":"https:\/\/hi-techwonder.com\/es\/wp-json\/wp\/v2\/product_brand?post=19266"},{"taxonomy":"product_cat","embeddable":true,"href":"https:\/\/hi-techwonder.com\/es\/wp-json\/wp\/v2\/product_cat?post=19266"},{"taxonomy":"product_tag","embeddable":true,"href":"https:\/\/hi-techwonder.com\/es\/wp-json\/wp\/v2\/product_tag?post=19266"}],"curies":[{"name":"wp","href":"https:\/\/api.w.org\/{rel}","templated":true}]}}