{"id":19289,"date":"2025-07-24T09:24:49","date_gmt":"2025-07-24T09:24:49","guid":{"rendered":"https:\/\/fv6qoy3ls0.wpdns.site\/produto\/ttartisan-mini-luz-led-bicolor\/"},"modified":"2026-04-21T08:40:55","modified_gmt":"2026-04-21T07:40:55","slug":"ttartisan-mini-luz-led-bicolor","status":"publish","type":"product","link":"https:\/\/hi-techwonder.com\/es\/producto\/ttartisan-mini-luz-led-bicolor\/","title":{"rendered":"TTArtisan Mini Luz LED &#8211; Bicolor"},"content":{"rendered":"<p>[vc_row][vc_column][vc_column_text css=\u00bb\u00bb]<\/p>\n<h3><strong>TTArtisan Mini Luz LED &#8211; Bicolor<\/strong><\/h3>\n<p>[\/vc_column_text][\/vc_column][\/vc_row][vc_row][vc_column][vc_video link=\u00bbhttps:\/\/youtu.be\/QyV1riHpXNs\u00bb css=\u00bb\u00bb][\/vc_column][\/vc_row][vc_row][vc_column][vc_column_text css=\u00bb\u00bb]Esta mini luz LED de TTArtisan con forma de rollo fotogr\u00e1fico no s\u00f3lo tiene un aspecto \u00fanico, sino tambi\u00e9n una excelente funcionalidad. Tanto si es un fot\u00f3grafo profesional como un aficionado a la fotograf\u00eda, le ayudar\u00e1 a capturar la belleza de la luz y las sombras en cada momento. La mini luz LED de TTArtisan est\u00e1 dise\u00f1ada con un aspecto de carrete de 135, combinando un aspecto compacto y retro con una funcionalidad y un rendimiento excelentes. Esta luz LED ofrece tres temperaturas de color: 3000K blanco c\u00e1lido, 4500K blanco neutro y 6000K blanco fr\u00edo, creando atm\u00f3sferas para diversos escenarios fotogr\u00e1ficos. Tanto si se trata de exposiciones de joyas como de fotograf\u00eda de alimentos, esta luz LED iluminar\u00e1 cada momento creativo de su trabajo.[\/vc_column_text][\/vc_column][\/vc_row][vc_row][vc_column][vc_gallery type=\u00bbimage_grid\u00bb images=\u00bb30431,30433,30435&#8243; css=\u00bb\u00bb][\/vc_column][\/vc_row][vc_row][vc_column][vc_column_text css=\u00bb\u00bb]La bater\u00eda interna se puede cargar f\u00e1cilmente con un cable USB-C. La luz roja indica que se est\u00e1 cargando y la luz verde indica que la carga ha finalizado. La autonom\u00eda de la luz oscila entre 80 minutos (si alternas las temperaturas de la luz) y 160 minutos (usando una sola temperatura). Puedes llevarla en el bolsillo o engancharla con un cord\u00f3n al orificio de 2,5 mm de la miniluz.[\/vc_column_text][\/vc_column][\/vc_row][vc_row][vc_column][vc_single_image image=\u00bb30437&#8243; img_size=\u00bb752&#215;501&#8243; css=\u00bb\u00bb][\/vc_column][\/vc_row][vc_row][vc_column][vc_column_text css=\u00bb\u00bb]Con una instalaci\u00f3n supersencilla, basta con insertar la montura de zapata fr\u00eda de la luz LED en la montura de zapata de la c\u00e1mara siguiendo la direcci\u00f3n de la flecha para proporcionar una iluminaci\u00f3n ideal en condiciones de poca luz. Haz que todas tus fotograf\u00edas de productos sean m\u00e1s profesionales e ilumina todos tus momentos de inspiraci\u00f3n.[\/vc_column_text][\/vc_column][\/vc_row][vc_row][vc_column][vc_single_image image=\u00bb30439&#8243; img_size=\u00bb752&#215;501&#8243; css=\u00bb\u00bb][\/vc_column][\/vc_row][vc_row][vc_column][vc_column_text css=\u00bb\u00bb]Con una cubierta de goma incluida, protege el interruptor para evitar que la luz se encienda accidentalmente durante el transporte.[\/vc_column_text][\/vc_column][\/vc_row][vc_row][vc_column][vc_single_image image=\u00bb30441&#8243; img_size=\u00bb752&#215;501&#8243; css=\u00bb\u00bb][\/vc_column][\/vc_row][vc_row][vc_column][vc_column_text css=\u00bb\u00bb]<\/p>\n<h4>Caracter\u00edsticas principaless<\/h4>\n<ul>\n<li>Con 15 bombillas LED dispuestas en un patr\u00f3n de 5&#215;3, esta luz proporciona un alto brillo y una distribuci\u00f3n uniforme de la luz, ofreciendo una experiencia de iluminaci\u00f3n confortable.<\/li>\n<li>Con un \u00edndice de reproducci\u00f3n crom\u00e1tica (CRI) de 95+, reproduce con precisi\u00f3n los colores naturales del sujeto. Ya se trate de tonos de piel, colores de alimentos o detalles de bodegones, todos ellos se pueden mostrar en su totalidad.<\/li>\n<li>El exclusivo dise\u00f1o de zapata fr\u00eda magn\u00e9tica permite acoplar f\u00e1cilmente la luz a la c\u00e1mara. Se puede ajustar de 0 a 180 grados y tambi\u00e9n se puede quitar en cualquier momento.<\/li>\n<li>Solo tarda unos 45 minutos en cargarse por completo con el cable Type-C.<\/li>\n<li>Hay un orificio para cord\u00f3n en el interruptor, que permite colgar la luz LED de una bolsa o sujetarla a la ropa.<\/li>\n<li>Esta mini luz LED es compacta y pesa solo unos 20 gramos, por lo que es f\u00e1cil de llevar y tomar fotos creativas en cualquier momento y lugar.<\/li>\n<li>Incluye una tapa de goma.<\/li>\n<\/ul>\n<p>[\/vc_column_text][\/vc_column][\/vc_row][vc_row][vc_column][vc_single_image image=\u00bb30443&#8243; img_size=\u00bb501&#215;752&#8243; css=\u00bb\u00bb][\/vc_column][\/vc_row][vc_row][vc_column][vc_column_text css=\u00bb\u00bb]<\/p>\n<h4>Especificaciones<\/h4>\n<table class=\"ApplicationModel-table\">\n<tbody>\n<tr>\n<td class=\"ApplicationModel-description\">Nombre<\/td>\n<td class=\"ApplicationModel-description\">TTArtisan Mini Luz LED<\/td>\n<td class=\"ApplicationModel-description\">Potencia<\/td>\n<td class=\"ApplicationModel-description\">0.5W<\/td>\n<\/tr>\n<tr>\n<td class=\"ApplicationModel-description\">Temperatura de color (\u00b1200K)<\/td>\n<td class=\"ApplicationModel-description\">3000\/4500\/6000K<\/td>\n<td class=\"ApplicationModel-description\">Tensi\u00f3n<\/td>\n<td class=\"ApplicationModel-description\">3.7v<\/td>\n<\/tr>\n<tr>\n<td class=\"ApplicationModel-description\">\u00cdndice de reproducci\u00f3n crom\u00e1tica<\/td>\n<td class=\"ApplicationModel-description\">CRI95+<\/td>\n<td class=\"ApplicationModel-description\">Capacidad<\/td>\n<td class=\"ApplicationModel-description\">300mAh<\/td>\n<\/tr>\n<tr>\n<td class=\"ApplicationModel-description\">\u00c1ngulo<\/td>\n<td class=\"ApplicationModel-description\">Aprox. 100\u00b0<\/td>\n<td class=\"ApplicationModel-description\">Tiempo de carga<\/td>\n<td class=\"ApplicationModel-description\">Aprox. 45 min<\/td>\n<\/tr>\n<tr>\n<td class=\"ApplicationModel-description\">Distancia<\/td>\n<td class=\"ApplicationModel-description\">Aprox 3 metros<\/td>\n<td class=\"ApplicationModel-description\">Entrada carga<\/td>\n<td class=\"ApplicationModel-description\">Type-C<\/td>\n<\/tr>\n<tr>\n<td class=\"ApplicationModel-description\">Luminancia<\/td>\n<td class=\"ApplicationModel-description\">250Lm<\/td>\n<td class=\"ApplicationModel-description\">Autonom\u00eda<\/td>\n<td class=\"ApplicationModel-description\">Aprox. 80~160 min<\/td>\n<\/tr>\n<tr>\n<td class=\"ApplicationModel-description\">N\u00famero de LED<\/td>\n<td class=\"ApplicationModel-description\">15<\/td>\n<td class=\"ApplicationModel-description\">Peso<\/td>\n<td class=\"ApplicationModel-description\">20 gramos (sin montar)<\/td>\n<\/tr>\n<tr>\n<td class=\"ApplicationModel-description\">Tama\u00f1o<\/td>\n<td class=\"ApplicationModel-description\">2.9&#215;4.4cm<\/td>\n<td class=\"ApplicationModel-description\">Materiales<\/td>\n<td class=\"ApplicationModel-description\">PC+ABS<\/td>\n<\/tr>\n<\/tbody>\n<\/table>\n<p>[\/vc_column_text][\/vc_column][\/vc_row]<\/p>\n","protected":false},"excerpt":{"rendered":"<ul>\n<li>Aspecto cl\u00e1sico de rollo de 35 mm<\/li>\n<li>Soporte magn\u00e9tico de zapata fr\u00eda para una fijaci\u00f3n r\u00e1pida y sencilla<\/li>\n<li>3 temperaturas de color: 6000K\/4500K\/3000K<\/li>\n<li>CRI95+ garantiza una reproducci\u00f3n precisa del color<\/li>\n<li>La carga de 45 minutos proporciona una duraci\u00f3n de la bater\u00eda de unos 80-160 minutos<\/li>\n<li>Dise\u00f1o con orificio para cord\u00f3n para facilitar el transporte<\/li>\n<\/ul>\n","protected":false},"featured_media":15722,"comment_status":"closed","ping_status":"closed","template":"","meta":{"_acf_changed":false},"product_brand":[2545],"product_cat":[994],"product_tag":[],"class_list":{"0":"post-19289","1":"product","2":"type-product","3":"status-publish","4":"has-post-thumbnail","6":"product_brand-ttartisan-es","7":"product_cat-compactos-es","9":"first","10":"instock","11":"sale","12":"taxable","13":"shipping-taxable","14":"purchasable","15":"product-type-simple"},"bundled_by":[],"bundle_stock_status":"instock","bundle_stock_quantity":88,"bundle_virtual":false,"bundle_layout":"","bundle_add_to_cart_form_location":"","bundle_editable_in_cart":false,"bundle_sold_individually_context":"","bundle_item_grouping":"","bundle_min_size":"","bundle_max_size":"","bundle_price":[],"bundled_items":[],"bundle_sell_ids":[],"acf":[],"_links":{"self":[{"href":"https:\/\/hi-techwonder.com\/es\/wp-json\/wp\/v2\/product\/19289","targetHints":{"allow":["GET"]}}],"collection":[{"href":"https:\/\/hi-techwonder.com\/es\/wp-json\/wp\/v2\/product"}],"about":[{"href":"https:\/\/hi-techwonder.com\/es\/wp-json\/wp\/v2\/types\/product"}],"replies":[{"embeddable":true,"href":"https:\/\/hi-techwonder.com\/es\/wp-json\/wp\/v2\/comments?post=19289"}],"wp:featuredmedia":[{"embeddable":true,"href":"https:\/\/hi-techwonder.com\/es\/wp-json\/wp\/v2\/media\/15722"}],"wp:attachment":[{"href":"https:\/\/hi-techwonder.com\/es\/wp-json\/wp\/v2\/media?parent=19289"}],"wp:term":[{"taxonomy":"product_brand","embeddable":true,"href":"https:\/\/hi-techwonder.com\/es\/wp-json\/wp\/v2\/product_brand?post=19289"},{"taxonomy":"product_cat","embeddable":true,"href":"https:\/\/hi-techwonder.com\/es\/wp-json\/wp\/v2\/product_cat?post=19289"},{"taxonomy":"product_tag","embeddable":true,"href":"https:\/\/hi-techwonder.com\/es\/wp-json\/wp\/v2\/product_tag?post=19289"}],"curies":[{"name":"wp","href":"https:\/\/api.w.org\/{rel}","templated":true}]}}