{"id":19318,"date":"2025-07-24T09:24:49","date_gmt":"2025-07-24T09:24:49","guid":{"rendered":"https:\/\/fv6qoy3ls0.wpdns.site\/produto\/ttartisan-mira-de-punto\/"},"modified":"2026-04-02T17:37:22","modified_gmt":"2026-04-02T16:37:22","slug":"ttartisan-100mm-f-2-8-macro-2x","status":"publish","type":"product","link":"https:\/\/hi-techwonder.com\/es\/producto\/ttartisan-100mm-f-2-8-macro-2x\/","title":{"rendered":"TTArtisan 100mm f\/2.8 Macro 2x"},"content":{"rendered":"<p>[vc_row][vc_column][vc_column_text css=\u00bb\u00bb]<\/p>\n<h3><strong>TTArtisan Mira de Punto<\/strong><\/h3>\n<p>[\/vc_column_text][\/vc_column][\/vc_row][vc_row][vc_column][vc_column_text css=\u00bb\u00bb]Presentamos el Mira de Punto TTArtisan, para facilitar a todo el mundo la fotograf\u00eda con teleobjetivo de objetos lejanos.<\/p>\n<p>Altamente compatible con c\u00e1maras Mirrorless y DSLR, s\u00f3lo requiere una zapata caliente\/fr\u00eda, centrada con el objetivo (en algunos modelos de c\u00e1mara, la zapata est\u00e1 en el lateral, lo que imposibilita el uso del visor).<\/p>\n<p>Calibrar la mira es sencillo y r\u00e1pido, con s\u00f3lo unos pasos:<\/p>\n<ol>\n<li>Fijar la c\u00e1mara<\/li>\n<li>Busque un objetivo y c\u00e9ntrelo en la c\u00e1mara<\/li>\n<li>Ajuste la ret\u00edcula con los indicadores hasta que el objetivo est\u00e9 en el centro de la ret\u00edcula<\/li>\n<\/ol>\n<p>[\/vc_column_text][\/vc_column][\/vc_row][vc_row][vc_column][vc_single_image image=\u00bb30478&#8243; img_size=\u00bb752X502&#8243; css=\u00bb\u00bb][\/vc_column][\/vc_row][vc_row][vc_column][vc_column_text css=\u00bb\u00bb]Cuando no est\u00e9 en uso, puede mantener cerrado el visor del visor. Para abrirlo, basta con pulsar el interruptor hacia la izquierda y el visor se abre, por lo que no hay riesgo de perder la acci\u00f3n. Tambi\u00e9n dispone de un mecanismo de bloqueo de la zapata, que le permite permanecer fijo incluso en las situaciones m\u00e1s ajetreadas.[\/vc_column_text][\/vc_column][\/vc_row][vc_row][vc_column][vc_single_image image=\u00bb30480&#8243; img_size=\u00bb752&#215;501&#8243; css=\u00bb\u00bb][\/vc_column][\/vc_row][vc_row][vc_column][vc_column_text css=\u00bb\u00bb]La ret\u00edcula puede utilizarse en dos colores: verde o rojo. Mientras que el rojo es el color preferido para su uso en situaciones de poca luz, el verde es perfecto para escenas con mucha luz y en exteriores. Se puede personalizar con 5 niveles de brillo para adaptarse a cualquier situaci\u00f3n.[\/vc_column_text][\/vc_column][\/vc_row][vc_row][vc_column][vc_single_image image=\u00bb30482&#8243; img_size=\u00bb752&#215;501&#8243; css=\u00bb\u00bb][\/vc_column][\/vc_row][vc_row][vc_column][vc_column_text css=\u00bb\u00bb]Pasa al modo inactivo tras 6 horas de inactividad para ahorrar bater\u00eda. En este modo, el consumo de energ\u00eda es extremadamente bajo. Para volver a activarlo, basta con pulsar el bot\u00f3n de selecci\u00f3n de color.[\/vc_column_text][\/vc_column][\/vc_row][vc_row][vc_column][vc_column_text css=\u00bb\u00bb]La portabilidad est\u00e1 en el centro del visor y, con sus 73 g, no le pesar\u00e1. Adem\u00e1s, su reducido tama\u00f1o, con un m\u00e1ximo de 6,9 cm abierto y 4,9 cm cerrado por encima de la c\u00e1mara, permite moverlo sin dificultad.[\/vc_column_text][\/vc_column][\/vc_row][vc_row][vc_column][vc_single_image image=\u00bb30484&#8243; img_size=\u00bb752&#215;501&#8243; css=\u00bb\u00bb][\/vc_column][\/vc_row][vc_row][vc_column][vc_column_text css=\u00bb\u00bb]<strong>Notas<\/strong><\/p>\n<ul>\n<li>No introduzca la pila directamente en el compartimento, debe deslizarse por debajo de los pasadores;<\/li>\n<li>La distancia entre el punto m\u00e1s alto del objetivo (o accesorios como portafiltros) y el punto de mira no debe ser inferior a 3 cm, de lo contrario el punto quedar\u00e1 obstruido;<\/li>\n<li>La mira s\u00f3lo sirve para ayudar a apuntar la c\u00e1mara a los sujetos, es de esperar que haya diferencias en el punto de vista entre el catalejo y la c\u00e1mara;<\/li>\n<li>No apriete demasiado los interruptores de mira, esto puede provocar da\u00f1os irreversibles, que no est\u00e1n cubiertos por la garant\u00eda;<\/li>\n<li>Se recomienda utilizar el visor para objetos situados a 10 metros de distancia. Una posici\u00f3n demasiado cercana puede provocar errores en la punter\u00eda de la c\u00e1mara.<\/li>\n<\/ul>\n<p>[\/vc_column_text][\/vc_column][\/vc_row][vc_row][vc_column][vc_column_text css=\u00bb\u00bb]<strong>Especificaciones<\/strong><\/p>\n<table>\n<tbody>\n<tr>\n<td width=\"283\">Color del punto<\/td>\n<td width=\"283\">Verde o rojo<\/td>\n<\/tr>\n<tr>\n<td width=\"283\">Brillo<\/td>\n<td width=\"283\">5 niveles de luminosidad<\/td>\n<\/tr>\n<tr>\n<td width=\"283\">Pila<\/td>\n<td width=\"283\">CR2032 3V<\/td>\n<\/tr>\n<tr>\n<td width=\"283\">Autonom\u00eda<\/td>\n<td width=\"283\">Aprox. 100 horas (con nivel de brillo 3)<\/td>\n<\/tr>\n<tr>\n<td width=\"283\">Materiales<\/td>\n<td width=\"283\">PC + ABS<\/td>\n<\/tr>\n<tr>\n<td width=\"283\">Peso<\/td>\n<td width=\"283\">73g<\/td>\n<\/tr>\n<\/tbody>\n<\/table>\n<p><img loading=\"lazy\" decoding=\"async\" class=\"alignnone size-medium wp-image-30476\" src=\"https:\/\/hi-techwonder.com\/wp-content\/themes\/woodmart\/images\/lazy.svg\" data-src=\"https:\/\/ttartisan.pt\/wp-content\/uploads\/2024\/08\/1_16-e1723213018413-752x639.jpg\" alt=\"\" width=\"752\" height=\"639\">[\/vc_column_text][\/vc_column][\/vc_row]<\/p>\n","protected":false},"excerpt":{"rendered":"<ul>\n<li>Punter\u00eda asistida<\/li>\n<li>F\u00e1cil de usar<\/li>\n<li>C\u00f3moda recogida<\/li>\n<li>Ligero y port\u00e1til<\/li>\n<\/ul>\n","protected":false},"featured_media":15770,"comment_status":"closed","ping_status":"closed","template":"","meta":{"_acf_changed":false},"product_brand":[2545],"product_cat":[1037],"product_tag":[],"class_list":{"0":"post-19318","1":"product","2":"type-product","3":"status-publish","4":"has-post-thumbnail","6":"product_brand-ttartisan-es","7":"product_cat-extras-objetivos","9":"first","10":"instock","11":"taxable","12":"shipping-taxable","13":"purchasable","14":"product-type-simple"},"bundled_by":[],"bundle_stock_status":"instock","bundle_stock_quantity":2,"bundle_virtual":false,"bundle_layout":"","bundle_add_to_cart_form_location":"","bundle_editable_in_cart":false,"bundle_sold_individually_context":"","bundle_item_grouping":"","bundle_min_size":"","bundle_max_size":"","bundle_price":[],"bundled_items":[],"bundle_sell_ids":[],"acf":[],"_links":{"self":[{"href":"https:\/\/hi-techwonder.com\/es\/wp-json\/wp\/v2\/product\/19318","targetHints":{"allow":["GET"]}}],"collection":[{"href":"https:\/\/hi-techwonder.com\/es\/wp-json\/wp\/v2\/product"}],"about":[{"href":"https:\/\/hi-techwonder.com\/es\/wp-json\/wp\/v2\/types\/product"}],"replies":[{"embeddable":true,"href":"https:\/\/hi-techwonder.com\/es\/wp-json\/wp\/v2\/comments?post=19318"}],"wp:featuredmedia":[{"embeddable":true,"href":"https:\/\/hi-techwonder.com\/es\/wp-json\/wp\/v2\/media\/15770"}],"wp:attachment":[{"href":"https:\/\/hi-techwonder.com\/es\/wp-json\/wp\/v2\/media?parent=19318"}],"wp:term":[{"taxonomy":"product_brand","embeddable":true,"href":"https:\/\/hi-techwonder.com\/es\/wp-json\/wp\/v2\/product_brand?post=19318"},{"taxonomy":"product_cat","embeddable":true,"href":"https:\/\/hi-techwonder.com\/es\/wp-json\/wp\/v2\/product_cat?post=19318"},{"taxonomy":"product_tag","embeddable":true,"href":"https:\/\/hi-techwonder.com\/es\/wp-json\/wp\/v2\/product_tag?post=19318"}],"curies":[{"name":"wp","href":"https:\/\/api.w.org\/{rel}","templated":true}]}}