{"id":19398,"date":"2025-07-24T09:28:27","date_gmt":"2025-07-24T09:28:27","guid":{"rendered":"https:\/\/fv6qoy3ls0.wpdns.site\/produto\/ttartisan-50mm-f-0-95-leica-m-titanio\/"},"modified":"2026-02-13T15:11:40","modified_gmt":"2026-02-13T15:11:40","slug":"ttartisan-50mm-f-0-95-leica-m-titanio","status":"publish","type":"product","link":"https:\/\/hi-techwonder.com\/es\/producto\/ttartisan-50mm-f-0-95-leica-m-titanio\/","title":{"rendered":"TTArtisan 50mm f\/0.95 Leica M &#8211; Titanio"},"content":{"rendered":"<p>[vc_row][vc_column][vc_column_text css=\u00bb\u00bb]<\/p>\n<h3><strong>TTArtisan 50mm f\/0.95 Leica M &#8211; Titanio<\/strong><\/h3>\n<p>[\/vc_column_text][\/vc_column][\/vc_row][vc_row][vc_column][vc_column_text css=\u00bb\u00bb]Distinguido por su brillante dise\u00f1o, el TTArtisan 50 mm f\/0,95 es un objetivo de longitud normal para c\u00e1maras rangefinder con montura Leica M. Su impresionante apertura m\u00e1xima ofrece un gran control sobre la profundidad de campo y tambi\u00e9n beneficia el trabajo en condiciones de oscuridad y poca luz.<\/p>\n<p>La velocidad se complementa con un dise\u00f1o \u00f3ptico avanzado que utiliza una variedad de elementos especializados para controlar las aberraciones esf\u00e9ricas y crom\u00e1ticas para obtener im\u00e1genes n\u00edtidas con colores precisos. El dise\u00f1o de enfoque manual del objetivo permite trabajar con sujetos a una distancia de 70 cm e incluye un diafragma de 14 l\u00e1minas que contribuye a una suave calidad bokeh.[\/vc_column_text][\/vc_column][\/vc_row][vc_row][vc_column][vc_single_image image=\u00bb30626&#8243; img_size=\u00bb752&#215;501&#8243; css=\u00bb\u00bb][\/vc_column][\/vc_row][vc_row][vc_column][vc_column_text css=\u00bb\u00bb]<strong>Caracter\u00edsticas principales<\/strong><\/p>\n<ul>\n<li>La gran abertura m\u00e1xima de f\/0,95, junto con el dise\u00f1o \u00f3ptico, proporciona una calidad de bokeh cremosa y de ensue\u00f1o, con transiciones suaves, adem\u00e1s de permitirle disparar con muy poca luz sin perder calidad de imagen;<\/li>\n<li>Con un dise\u00f1o \u00f3ptico de 11 elementos en 8 grupos, que incluyen 1 elemento asf\u00e9rico de gran tama\u00f1o, 2 elementos ED de dispersi\u00f3n amplia y 8 elementos de alto \u00edndice de refracci\u00f3n, lo que le permite capturar con la m\u00e1xima nitidez;<\/li>\n<li>Con una distancia focal de 50 mm, ofrece una perspectiva similar a la del ojo humano, garantizando excelentes resultados en fotograf\u00eda de retrato y callejera;<\/li>\n<li>Compatible con el enfoque macular de c\u00e1maras paraxiales como Leica, Voigtlander o Minolta;<\/li>\n<li>Cuerpo totalmente met\u00e1lico de bonito dise\u00f1o.<\/li>\n<\/ul>\n<p>[\/vc_column_text][\/vc_column][\/vc_row][vc_row][vc_column][vc_single_image image=\u00bb30628&#8243; img_size=\u00bb752&#215;501&#8243; css=\u00bb\u00bb][\/vc_column][\/vc_row][vc_row][vc_column][vc_column_text css=\u00bb\u00bb]<\/p>\n<h4>Especificaciones<\/h4>\n<table width=\"670\">\n<tbody>\n<tr>\n<td width=\"255\">Apertura m\u00e1xima<\/td>\n<td>f\/0.95<\/td>\n<\/tr>\n<tr>\n<td width=\"255\">Apertura m\u00ednima<\/td>\n<td>f\/16<\/td>\n<\/tr>\n<tr>\n<td width=\"255\">Montura<\/td>\n<td>Leica M<\/td>\n<\/tr>\n<tr>\n<td width=\"255\">Cobertura del formato del objetivo<\/td>\n<td>Full-Frame<\/td>\n<\/tr>\n<tr>\n<td width=\"255\">Distancia m\u00ednima de enfoque<\/td>\n<td>0.7m<\/td>\n<\/tr>\n<tr>\n<td width=\"255\">\u00c1ngulo de visi\u00f3n<\/td>\n<td>45\u00ba<\/td>\n<\/tr>\n<tr>\n<td width=\"255\">Dise\u00f1o \u00f3ptico<\/td>\n<td>11 elementos en 8 grupos<\/td>\n<\/tr>\n<tr>\n<td width=\"255\">Hojas de diafragma<\/td>\n<td>14<\/td>\n<\/tr>\n<tr>\n<td width=\"255\">Tipo de enfoque<\/td>\n<td>Enfoque manual<\/td>\n<\/tr>\n<tr>\n<td width=\"255\">Estabilizaci\u00f3n de la imagen<\/td>\n<td>No<\/td>\n<\/tr>\n<tr>\n<td width=\"255\">Filtro frontal<\/td>\n<td>62mm<\/td>\n<\/tr>\n<tr>\n<td width=\"255\">Dimensiones (L x D)<\/td>\n<td>72 x 89 mm<\/td>\n<\/tr>\n<tr>\n<td width=\"255\">Peso<\/td>\n<td>690g<\/td>\n<\/tr>\n<\/tbody>\n<\/table>\n<p>[\/vc_column_text][\/vc_column][\/vc_row][vc_row][vc_column][vc_tta_tabs][vc_tta_section title=\u00bbtlex_photographe\u00bb tab_id=\u00bb1725630251981-e67b9c44-fb6a\u00bb][vc_gallery type=\u00bbimage_grid\u00bb images=\u00bb30630,30632&#8243; css=\u00bb\u00bb][\/vc_tta_section][vc_tta_section title=\u00bblaetitia guichard\u00bb tab_id=\u00bb1725630251988-a8deb7e0-c5b8&#8243;][vc_single_image image=\u00bb30634&#8243; css=\u00bb\u00bb][\/vc_tta_section][vc_tta_section title=\u00bbBastian Kratzke\u00bb tab_id=\u00bb1725630469476-68736f88-a5c1&#8243;][vc_gallery type=\u00bbimage_grid\u00bb images=\u00bb30638,30636&#8243; css=\u00bb\u00bb][\/vc_tta_section][\/vc_tta_tabs][\/vc_column][\/vc_row]<\/p>\n","protected":false},"excerpt":{"rendered":"<ul>\n<li>Para montura Leica M<\/li>\n<li>Full-Frame | f\/0,95 a f\/16<\/li>\n<li>Un elemento asf\u00e9rico de doble cara<\/li>\n<li>Dos elementos ED, ocho elementos HR<\/li>\n<li>Enfoque manual<\/li>\n<li>Distancia m\u00ednima de enfoque: 70 cm<\/li>\n<li>Diafragma de 14 l\u00e1minas<\/li>\n<\/ul>\n","protected":false},"featured_media":15882,"comment_status":"closed","ping_status":"closed","template":"","meta":{"_acf_changed":false},"product_brand":[2545],"product_cat":[1062],"product_tag":[],"class_list":{"0":"post-19398","1":"product","2":"type-product","3":"status-publish","4":"has-post-thumbnail","6":"product_brand-ttartisan-es","7":"product_cat-mirrorless-objectivos","8":"pa_abertura-maxima-f-0-95-es","9":"pa_cor-titanio-es","10":"pa_diametro-62mm-es","11":"pa_estabilizacao-de-imagem-no","12":"pa_montagem-da-objetiva-leica-m-es","13":"pa_sensor-fotograma-completo","14":"pa_tipo-de-foco-enfoque-manual","15":"pa_tipo-de-objetiva-estandar","16":"pa_zoom-fixa-fijo","18":"first","19":"instock","20":"taxable","21":"shipping-taxable","22":"purchasable","23":"product-type-simple"},"bundled_by":[],"bundle_stock_status":"instock","bundle_stock_quantity":1,"bundle_virtual":false,"bundle_layout":"","bundle_add_to_cart_form_location":"","bundle_editable_in_cart":false,"bundle_sold_individually_context":"","bundle_item_grouping":"","bundle_min_size":"","bundle_max_size":"","bundle_price":[],"bundled_items":[],"bundle_sell_ids":[],"acf":[],"_links":{"self":[{"href":"https:\/\/hi-techwonder.com\/es\/wp-json\/wp\/v2\/product\/19398","targetHints":{"allow":["GET"]}}],"collection":[{"href":"https:\/\/hi-techwonder.com\/es\/wp-json\/wp\/v2\/product"}],"about":[{"href":"https:\/\/hi-techwonder.com\/es\/wp-json\/wp\/v2\/types\/product"}],"replies":[{"embeddable":true,"href":"https:\/\/hi-techwonder.com\/es\/wp-json\/wp\/v2\/comments?post=19398"}],"wp:featuredmedia":[{"embeddable":true,"href":"https:\/\/hi-techwonder.com\/es\/wp-json\/wp\/v2\/media\/15882"}],"wp:attachment":[{"href":"https:\/\/hi-techwonder.com\/es\/wp-json\/wp\/v2\/media?parent=19398"}],"wp:term":[{"taxonomy":"product_brand","embeddable":true,"href":"https:\/\/hi-techwonder.com\/es\/wp-json\/wp\/v2\/product_brand?post=19398"},{"taxonomy":"product_cat","embeddable":true,"href":"https:\/\/hi-techwonder.com\/es\/wp-json\/wp\/v2\/product_cat?post=19398"},{"taxonomy":"product_tag","embeddable":true,"href":"https:\/\/hi-techwonder.com\/es\/wp-json\/wp\/v2\/product_tag?post=19398"}],"curies":[{"name":"wp","href":"https:\/\/api.w.org\/{rel}","templated":true}]}}