{"id":19699,"date":"2025-07-24T09:08:57","date_gmt":"2025-07-24T09:08:57","guid":{"rendered":"https:\/\/fv6qoy3ls0.wpdns.site\/produto\/viltrox-weeylite-wb2-placa-adaptadora-de-bateria-np-f\/"},"modified":"2026-01-29T11:21:16","modified_gmt":"2026-01-29T11:21:16","slug":"viltrox-wb2-placa-de-bateria-np-f","status":"publish","type":"product","link":"https:\/\/hi-techwonder.com\/es\/producto\/viltrox-wb2-placa-de-bateria-np-f\/","title":{"rendered":"Viltrox Weeylite WB2 Placa Adaptadora de Bater\u00eda NP-F"},"content":{"rendered":"<h3><strong>Viltrox Weeylite WB2 NP-F Placa Adaptadora de Bater\u00eda<\/strong><\/h3>\n<p>La placa WB2 es una base de conversi\u00f3n de bater\u00edas multifuncional que integra carga y descarga. La protecci\u00f3n contra sobrecarga evita que la bater\u00eda se sobrecargue y se descargue en exceso. Tiene protecci\u00f3n contra cortocircuitos, que permite interrumpir el suministro el\u00e9ctrico cuando el producto se calienta por un cortocircuito. La velocidad de carga depende de la potencia del adaptador.<\/p>\n<h5>Especificaciones:<\/h5>\n<p>Modelo: WB2<\/p>\n<p>Entrada: DC 5~12V\/2A<\/p>\n<p>Salida: DC 16.2~16.8V<\/p>\n<p>Puerto: UBS Tipo-C<\/p>\n<p>Dimensiones: 111 x 62 x 20,6 mm<\/p>\n<p>Peso: 78 g<\/p>\n<p>Aplicable a bater\u00eda de litio: NP-F530, NP-F550, NP-F750, NP-F770, NP-F730, NP-F930, NP-F950, NP-F970<\/p>\n","protected":false},"excerpt":{"rendered":"<ul>\n<li>Placa de bater\u00eda para Ninja 200, Ninja 300<\/li>\n<li>Compatible con bater\u00edas NP-F<\/li>\n<li>Tambi\u00e9n compatible con otros iluminadores<\/li>\n<\/ul>\n","protected":false},"featured_media":14699,"comment_status":"closed","ping_status":"closed","template":"","meta":{"_acf_changed":false},"product_brand":[2544],"product_cat":[992],"product_tag":[],"class_list":{"0":"post-19699","1":"product","2":"type-product","3":"status-publish","4":"has-post-thumbnail","6":"product_brand-viltrox-es","7":"product_cat-accesorios-luz-continua","9":"first","10":"instock","11":"taxable","12":"shipping-taxable","13":"purchasable","14":"product-type-simple"},"bundled_by":[],"bundle_stock_status":"instock","bundle_stock_quantity":1,"bundle_virtual":false,"bundle_layout":"","bundle_add_to_cart_form_location":"","bundle_editable_in_cart":false,"bundle_sold_individually_context":"","bundle_item_grouping":"","bundle_min_size":"","bundle_max_size":"","bundle_price":[],"bundled_items":[],"bundle_sell_ids":[],"acf":[],"_links":{"self":[{"href":"https:\/\/hi-techwonder.com\/es\/wp-json\/wp\/v2\/product\/19699","targetHints":{"allow":["GET"]}}],"collection":[{"href":"https:\/\/hi-techwonder.com\/es\/wp-json\/wp\/v2\/product"}],"about":[{"href":"https:\/\/hi-techwonder.com\/es\/wp-json\/wp\/v2\/types\/product"}],"replies":[{"embeddable":true,"href":"https:\/\/hi-techwonder.com\/es\/wp-json\/wp\/v2\/comments?post=19699"}],"wp:featuredmedia":[{"embeddable":true,"href":"https:\/\/hi-techwonder.com\/es\/wp-json\/wp\/v2\/media\/14699"}],"wp:attachment":[{"href":"https:\/\/hi-techwonder.com\/es\/wp-json\/wp\/v2\/media?parent=19699"}],"wp:term":[{"taxonomy":"product_brand","embeddable":true,"href":"https:\/\/hi-techwonder.com\/es\/wp-json\/wp\/v2\/product_brand?post=19699"},{"taxonomy":"product_cat","embeddable":true,"href":"https:\/\/hi-techwonder.com\/es\/wp-json\/wp\/v2\/product_cat?post=19699"},{"taxonomy":"product_tag","embeddable":true,"href":"https:\/\/hi-techwonder.com\/es\/wp-json\/wp\/v2\/product_tag?post=19699"}],"curies":[{"name":"wp","href":"https:\/\/api.w.org\/{rel}","templated":true}]}}