{"id":19710,"date":"2025-07-24T09:08:57","date_gmt":"2025-07-24T09:08:57","guid":{"rendered":"https:\/\/fv6qoy3ls0.wpdns.site\/produto\/viltrox-weeylite-k60-tubo-led-rgb-bicolor-kit-doble\/"},"modified":"2026-04-27T12:20:36","modified_gmt":"2026-04-27T11:20:36","slug":"viltrox-k60-tubo-rgb-bicolor-doble","status":"publish","type":"product","link":"https:\/\/hi-techwonder.com\/es\/producto\/viltrox-k60-tubo-rgb-bicolor-doble\/","title":{"rendered":"Viltrox Weeylite K60 Tubo LED RGB Bicolor &#8211; Kit Doble"},"content":{"rendered":"<h3><strong>Viltrox Weeylite K60 Tubo LED RGB Bicolor &#8211; Kit Doble<\/strong><\/h3>\n<p><iframe loading=\"lazy\" title=\"Viltrox Weeylite K60 Tubo LED RGB Bicolor\" width=\"500\" height=\"281\" src=\"https:\/\/www.youtube.com\/embed\/bw72ZVlreRg?feature=oembed\" frameborder=\"0\" allow=\"accelerometer; autoplay; clipboard-write; encrypted-media; gyroscope; picture-in-picture; web-share\" referrerpolicy=\"strict-origin-when-cross-origin\" allowfullscreen><\/iframe><\/p>\n<p>Ideal para TikTok, video, juegos, fotograf\u00eda, selfies y m\u00e1s, este Viltrox Weeylite K21 RGB &amp; Bicolor LED Tube es un tubo de luz \u00fanico que mide aproximadamente 58 cm y cuenta con un amplio control de color. Se puede utilizar como luz lateral, luz clave dram\u00e1tica o para iluminar espacios de dif\u00edcil acceso. La luz tiene una amplia gama de colores CCT de 2500 a 8500 K para manejar la luz ambiental, combinarla con otros iluminadores o simplemente para efectos creativos. Tambi\u00e9n cuenta con un modo RGB con controles de tono, saturaci\u00f3n e intensidad que le dan acceso a literalmente millones de colores personalizados.<\/p>\n<p>El tubo se puede atenuar de 0 a 100 % y, si bien puede ajustar esta configuraci\u00f3n localmente en el equipo, tambi\u00e9n puede hacerlo en distancias de hasta 20 metros con un tel\u00e9fono inteligente y la aplicaci\u00f3n gratuita de Weeylite. El accesorio tiene un lado plano que evita que ruede y los imanes integrados en ambos extremos le permiten sujetarlo a la mayor\u00eda de las superficies met\u00e1licas. Este tubo LED tambi\u00e9n tiene 26 efectos especiales. La luz tiene una bater\u00eda interna que le dar\u00e1 90 minutos de funcionamiento a m\u00e1xima potencia.<\/p>\n<p><img loading=\"lazy\" decoding=\"async\" class=\"alignnone wp-image-30337\" src=\"https:\/\/hi-techwonder.com\/wp-content\/themes\/woodmart\/images\/lazy.svg\" data-src=\"https:\/\/viltrox.pt\/wp-content\/uploads\/2023\/12\/DSC1295.jpeg\" alt=\"\" width=\"752\" height=\"501\"><\/p>\n<h5>En la caja:<\/h5>\n<ul>\n<li>Tubo LED RGB y Bicolor Viltrox Weeylite K60 x2<\/li>\n<li>Cable USB x2<\/li>\n<li>Rejilla x2<\/li>\n<li>Maletas de transporte x2<\/li>\n<\/ul>\n<h5>Especificaciones:<\/h5>\n<p><em>L\u00e1mpara<\/em><\/p>\n<table width=\"653\">\n<tbody>\n<tr>\n<td width=\"236\"><strong>Tipo de Art\u00edculo<\/strong><\/td>\n<td width=\"416\"><strong>2 x\u00a0 <\/strong>Tubo de luz LED<\/td>\n<\/tr>\n<tr>\n<td width=\"236\"><strong>Caja de Almacenamiento Incluida<\/strong><\/td>\n<td width=\"416\">Ninguno<\/td>\n<\/tr>\n<tr>\n<td width=\"236\"><strong>L\u00famenes<\/strong><\/td>\n<td width=\"416\">1950 (a 5500K)<\/td>\n<\/tr>\n<tr>\n<td width=\"236\"><strong>Fotometr\u00eda<\/strong><\/td>\n<td width=\"416\"><strong>5600K:<\/strong><\/p>\n<p>167 fc \/ 1800 Lux a 0.5 m<\/p>\n<p><em>*<\/em> <em>Medidas est\u00e1ndar proporcionadas por el fabricante.<\/em><\/td>\n<\/tr>\n<tr>\n<td width=\"236\"><strong>Temperatura del Color<\/strong><\/td>\n<td width=\"416\">2500K a 8500K<\/td>\n<\/tr>\n<tr>\n<td width=\"236\"><strong>Modos de Color<\/strong><\/td>\n<td width=\"416\">RGB<\/td>\n<\/tr>\n<tr>\n<td width=\"236\"><strong>Est\u00e1ndar de Precisi\u00f3n de Color<\/strong><\/td>\n<td width=\"416\">CRI 95<\/p>\n<p>TLCI 97<\/td>\n<\/tr>\n<tr>\n<td width=\"236\"><strong>Oscurecimiento<\/strong><\/td>\n<td width=\"416\">Si, Dimmer Incorporado<\/p>\n<p>0 to 100%<\/td>\n<\/tr>\n<tr>\n<td width=\"236\"><strong>Flash Incorporado<\/strong><\/td>\n<td width=\"416\">No<\/td>\n<\/tr>\n<tr>\n<td width=\"236\"><strong>Montura para Paragua<\/strong><\/td>\n<td width=\"416\">No<\/td>\n<\/tr>\n<tr>\n<td width=\"236\"><strong>Montura para accesorio frontal<\/strong><\/td>\n<td width=\"416\">Proprietario<\/td>\n<\/tr>\n<\/tbody>\n<\/table>\n<p><em>\u00a0<\/em><em>Conectividad<\/em><\/p>\n<table width=\"653\">\n<tbody>\n<tr>\n<td width=\"236\"><strong>Tipo de Control Remoto<\/strong><\/td>\n<td width=\"417\">Bluetooth<\/td>\n<\/tr>\n<tr>\n<td width=\"236\"><strong>Aplicaci\u00f3n m\u00f3vil compatible<\/strong><\/td>\n<td width=\"417\">S\u00ed: Android e iOS<\/p>\n<p>Nombre de la aplicaci\u00f3n: Weeylite Pro<\/p>\n<p>*A partir de maio de 2023: consulte con el fabricante para obtener la compatibilidad m\u00e1s actualizada<\/td>\n<\/tr>\n<tr>\n<td width=\"236\"><strong>Distancia Wireless<\/strong><\/td>\n<td width=\"417\">20 metros<\/td>\n<\/tr>\n<\/tbody>\n<\/table>\n<p><em>\u00a0<\/em><em>Energ\u00eda, E\/S<\/em><\/p>\n<table width=\"652\">\n<tbody>\n<tr>\n<td width=\"236\"><strong>Fuente de Energ\u00eda<\/strong><\/td>\n<td width=\"216\">Cable USB (Incluido)<\/p>\n<p>Bater\u00eda (Integrada)<\/td>\n<td width=\"200\"><\/td>\n<\/tr>\n<tr>\n<td width=\"236\"><strong>Entradas\/Salidas<\/strong><\/td>\n<td colspan=\"2\" width=\"415\"><strong>1 x\u00a0<\/strong>Entrada USB-C (Hembra)<\/td>\n<\/tr>\n<tr>\n<td width=\"236\"><strong>Bater\u00eda<\/strong><\/td>\n<td colspan=\"2\" width=\"415\"><strong>1 x<\/strong> Recargable (incorporado)<\/p>\n<p>60 minutos al 100%<\/td>\n<\/tr>\n<tr>\n<td width=\"236\"><strong>Bateria cargador<\/strong><\/td>\n<td colspan=\"2\" width=\"415\">Cable de carga (incluido)<\/td>\n<\/tr>\n<tr>\n<td width=\"236\"><strong>Adaptador\/ Cable Incluido<\/strong><\/td>\n<td colspan=\"2\" width=\"415\"><strong>2 x\u00a0 <\/strong>Cable USB-A para USB-C (Macho-Macho)<\/td>\n<\/tr>\n<tr>\n<td width=\"236\"><strong>Consumo de energia<\/strong><\/td>\n<td colspan=\"2\" width=\"415\">20W<\/td>\n<\/tr>\n<\/tbody>\n<\/table>\n<p><em>\u00a0<\/em><em>M<\/em><em>ontura<\/em><\/p>\n<table width=\"651\">\n<tbody>\n<tr>\n<td width=\"236\"><strong>Montaje de fijaci\u00f3n<\/strong><\/td>\n<td width=\"414\"><strong>2 x <\/strong>hilo hembra 1\/4&#8243;-20<\/td>\n<\/tr>\n<\/tbody>\n<\/table>\n<p><em>\u00a0<\/em><em>General<\/em><\/p>\n<table width=\"651\">\n<tbody>\n<tr>\n<td width=\"236\"><strong>Dimensiones<\/strong><\/td>\n<td width=\"415\">57.8 x 4.05 x 3.92 cm<\/td>\n<\/tr>\n<tr>\n<td width=\"236\"><strong>Peso<\/strong><\/td>\n<td width=\"415\">569,5 g<\/td>\n<\/tr>\n<tr>\n<td width=\"236\"><\/td>\n<td width=\"415\"><\/td>\n<\/tr>\n<\/tbody>\n<\/table>\n","protected":false},"excerpt":{"rendered":"<ul>\n<li>Gama de colores RGB 0-360\u00ba<\/li>\n<li>1950 l\u00famenes a 20W<\/li>\n<li>Gama de temperaturas de 2500K a 8500K<\/li>\n<li>RA\u226595 y TLCI\u226597<\/li>\n<li>26 efectos de iluminaci\u00f3n<\/li>\n<li>Controlable con app m\u00f3vil<\/li>\n<\/ul>\n","protected":false},"featured_media":14710,"comment_status":"closed","ping_status":"closed","template":"","meta":{"_acf_changed":false},"product_brand":[2544],"product_cat":[999],"product_tag":[],"class_list":{"0":"post-19710","1":"product","2":"type-product","3":"status-publish","4":"has-post-thumbnail","6":"product_brand-viltrox-es","7":"product_cat-tubulares-es","9":"first","10":"instock","11":"taxable","12":"shipping-taxable","13":"purchasable","14":"product-type-simple"},"bundled_by":[],"bundle_stock_status":"instock","bundle_stock_quantity":2,"bundle_virtual":false,"bundle_layout":"","bundle_add_to_cart_form_location":"","bundle_editable_in_cart":false,"bundle_sold_individually_context":"","bundle_item_grouping":"","bundle_min_size":"","bundle_max_size":"","bundle_price":[],"bundled_items":[],"bundle_sell_ids":[],"acf":[],"_links":{"self":[{"href":"https:\/\/hi-techwonder.com\/es\/wp-json\/wp\/v2\/product\/19710","targetHints":{"allow":["GET"]}}],"collection":[{"href":"https:\/\/hi-techwonder.com\/es\/wp-json\/wp\/v2\/product"}],"about":[{"href":"https:\/\/hi-techwonder.com\/es\/wp-json\/wp\/v2\/types\/product"}],"replies":[{"embeddable":true,"href":"https:\/\/hi-techwonder.com\/es\/wp-json\/wp\/v2\/comments?post=19710"}],"wp:featuredmedia":[{"embeddable":true,"href":"https:\/\/hi-techwonder.com\/es\/wp-json\/wp\/v2\/media\/14710"}],"wp:attachment":[{"href":"https:\/\/hi-techwonder.com\/es\/wp-json\/wp\/v2\/media?parent=19710"}],"wp:term":[{"taxonomy":"product_brand","embeddable":true,"href":"https:\/\/hi-techwonder.com\/es\/wp-json\/wp\/v2\/product_brand?post=19710"},{"taxonomy":"product_cat","embeddable":true,"href":"https:\/\/hi-techwonder.com\/es\/wp-json\/wp\/v2\/product_cat?post=19710"},{"taxonomy":"product_tag","embeddable":true,"href":"https:\/\/hi-techwonder.com\/es\/wp-json\/wp\/v2\/product_tag?post=19710"}],"curies":[{"name":"wp","href":"https:\/\/api.w.org\/{rel}","templated":true}]}}