{"id":19743,"date":"2025-07-24T09:10:51","date_gmt":"2025-07-24T09:10:51","guid":{"rendered":"https:\/\/fv6qoy3ls0.wpdns.site\/produto\/viltrox-kit-epic-t2-133x-anamorfico\/"},"modified":"2026-01-29T11:00:18","modified_gmt":"2026-01-29T11:00:18","slug":"viltrox-kit-epic-t2-133x-anamorfico","status":"publish","type":"product","link":"https:\/\/hi-techwonder.com\/es\/producto\/viltrox-kit-epic-t2-133x-anamorfico\/","title":{"rendered":"Viltrox Kit EPIC T2 1,33X Anam\u00f3rfico"},"content":{"rendered":"<h3>Viltrox Kit EPIC T2 1,33X Anam\u00f3rfico<\/h3>\n<p>Cree un aspecto anam\u00f3rfico de fotograma completo con su c\u00e1mara de estilo cinematogr\u00e1fico y el juego de 3 objetivos anam\u00f3rficos de fotograma completo EPIC T2 1,33x de Viltrox. Este juego consta de objetivos de 35, 50 y 75 mm y un estuche r\u00edgido para viajar en avi\u00f3n. Cada objetivo produce un bokeh ovalado, una relaci\u00f3n de aspecto 2,35:1 sin comprimir y un aspecto retro con tonos uniformes de borde a borde. A continuaci\u00f3n encontrar\u00e1 m\u00e1s informaci\u00f3n sobre cada objetivo de este conjunto.<\/p>\n<p><img loading=\"lazy\" decoding=\"async\" class=\"alignnone wp-image-30062\" src=\"https:\/\/hi-techwonder.com\/wp-content\/themes\/woodmart\/images\/lazy.svg\" data-src=\"https:\/\/viltrox.pt\/wp-content\/uploads\/2023\/12\/Cine-Epic-s03-1024x576.jpg\" sizes=\"auto, (max-width: 752px) 100vw, 752px\" srcset=\"\" data-srcset=\"https:\/\/viltrox.es\/wp-content\/uploads\/2023\/12\/Cine-Epic-s03-1024x576.jpg 1024w, https:\/\/viltrox.es\/wp-content\/uploads\/2023\/12\/Cine-Epic-s03-300x169.jpg 300w, https:\/\/viltrox.es\/wp-content\/uploads\/2023\/12\/Cine-Epic-s03-768x432.jpg 768w, https:\/\/viltrox.es\/wp-content\/uploads\/2023\/12\/Cine-Epic-s03-1536x864.jpg 1536w, https:\/\/viltrox.es\/wp-content\/uploads\/2023\/12\/Cine-Epic-s03-2048x1152.jpg 2048w, https:\/\/viltrox.es\/wp-content\/uploads\/2023\/12\/Cine-Epic-s03-600x337.jpg 600w\" alt=\"\" width=\"752\" height=\"423\"><\/p>\n<h5>Objetivo anam\u00f3rfico de fotograma completo Viltrox EPIC 35mm T2 1.33x<\/h5>\n<p>Captura una imagen anam\u00f3rfica de fotograma completo con tu c\u00e1mara de cine y el objetivo anam\u00f3rfico Viltrox EPIC 35mm T2 1.33x. Este objetivo blanco lunar produce una relaci\u00f3n de aspecto 2,35:1 sin comprimir, con bokeh ovalado, respiraci\u00f3n m\u00ednima, vetas azules y un aspecto retro con tonos consistentes de borde a borde. Al igual que los dem\u00e1s objetivos de la serie EPIC, este objetivo tiene una colocaci\u00f3n coherente del equipo, un centro de gravedad com\u00fan, un revestimiento del elemento frontal resistente al agua y un di\u00e1metro frontal de 95 mm compatible con muchas matte boxes y anillos adaptadores profesionales.<\/p>\n<ul>\n<li>Este objetivo blanco lunar ofrece una cobertura consistente de fotograma completo de extremo a extremo.<\/li>\n<li>Este objetivo anam\u00f3rfico de 35 mm ofrece un aspecto delicado y retro con agradables tonos de piel.<\/li>\n<li>Las ocho l\u00e1minas de apertura producen un bokeh suave y natural y puntos de luz el\u00edpticos.<\/li>\n<li>Crea efectos de franjas azules horizontales.<\/li>\n<li>Crea una relaci\u00f3n de aspecto de 2,35:1 ideal para la cobertura de pantalla panor\u00e1mica.<\/li>\n<li>El r\u00e1pido diafragma T2 permite crear llamativos efectos de poca profundidad de campo.<\/li>\n<li>Un nanorrevestimiento multicapa y un revestimiento impermeable protegen el elemento frontal.<\/li>\n<li>El car\u00e1cter uniforme, las posiciones id\u00e9nticas de los engranajes y el centro de gravedad com\u00fan le permiten cambiar f\u00e1cilmente entre los objetivos de esta serie anam\u00f3rfica.<\/li>\n<\/ul>\n<h5><img loading=\"lazy\" decoding=\"async\" class=\"alignnone wp-image-30064\" src=\"https:\/\/hi-techwonder.com\/wp-content\/themes\/woodmart\/images\/lazy.svg\" data-src=\"https:\/\/viltrox.pt\/wp-content\/uploads\/2023\/12\/Cine-Epic-s00-1024x576.jpg\" sizes=\"auto, (max-width: 752px) 100vw, 752px\" srcset=\"\" data-srcset=\"https:\/\/viltrox.es\/wp-content\/uploads\/2023\/12\/Cine-Epic-s00-1024x576.jpg 1024w, https:\/\/viltrox.es\/wp-content\/uploads\/2023\/12\/Cine-Epic-s00-300x169.jpg 300w, https:\/\/viltrox.es\/wp-content\/uploads\/2023\/12\/Cine-Epic-s00-768x432.jpg 768w, https:\/\/viltrox.es\/wp-content\/uploads\/2023\/12\/Cine-Epic-s00-1536x864.jpg 1536w, https:\/\/viltrox.es\/wp-content\/uploads\/2023\/12\/Cine-Epic-s00-2048x1152.jpg 2048w, https:\/\/viltrox.es\/wp-content\/uploads\/2023\/12\/Cine-Epic-s00-600x337.jpg 600w\" alt=\"\" width=\"752\" height=\"423\"><\/h5>\n<h5>Objetivo Anam\u00f3rfico Viltrox EPIC 50mm T2 1.33x<\/h5>\n<p>Capture un aspecto anam\u00f3rfico de fotograma completo con su c\u00e1mara de estilo cinematogr\u00e1fico y el objetivo anam\u00f3rfico Viltrox EPIC 50mm T2 1.33x. Este objetivo blanco lunar produce una relaci\u00f3n de aspecto 2,35:1 sin comprimir, con bokeh ovalado, respiraci\u00f3n m\u00ednima, rayas azules y un aspecto retro con tonos consistentes de borde a borde. Al igual que los dem\u00e1s objetivos de la serie EPIC, este objetivo tiene una colocaci\u00f3n coherente del equipo, un centro de gravedad com\u00fan, un revestimiento del elemento frontal resistente al agua y un di\u00e1metro frontal de 95 mm compatible con muchas matte boxes y anillos adaptadores profesionales.<\/p>\n<ul>\n<li>Este objetivo blanco lunar proporciona una cobertura consistente de fotograma completo de extremo a extremo.<\/li>\n<li>Este objetivo anam\u00f3rfico de 50 mm ofrece un aspecto delicado y retro con agradables tonos de piel.<\/li>\n<li>Sus ocho hojas de apertura producen un efecto bokeh suave y natural y puntos de luz el\u00edpticos.<\/li>\n<li>Crea efectos de franjas azules horizontales.<\/li>\n<li>Crea una relaci\u00f3n de aspecto de 2,35:1 ideal para la cobertura de pantalla panor\u00e1mica.<\/li>\n<li>El r\u00e1pido diafragma T2 permite crear llamativos efectos de poca profundidad de campo.<\/li>\n<li>Un nanorrevestimiento multicapa y un revestimiento impermeable protegen el elemento frontal.<\/li>\n<li>El car\u00e1cter uniforme, las posiciones id\u00e9nticas de los engranajes y el centro de gravedad com\u00fan le permiten cambiar f\u00e1cilmente entre los objetivos de esta serie anam\u00f3rfica.<\/li>\n<\/ul>\n<p><img loading=\"lazy\" decoding=\"async\" class=\"alignnone wp-image-30066\" src=\"https:\/\/hi-techwonder.com\/wp-content\/themes\/woodmart\/images\/lazy.svg\" data-src=\"https:\/\/viltrox.pt\/wp-content\/uploads\/2023\/12\/b32e71f5f52c8671180d5571c294f700-1024x576.jpg\" sizes=\"auto, (max-width: 752px) 100vw, 752px\" srcset=\"\" data-srcset=\"https:\/\/viltrox.es\/wp-content\/uploads\/2023\/12\/b32e71f5f52c8671180d5571c294f700-1024x576.jpg 1024w, https:\/\/viltrox.es\/wp-content\/uploads\/2023\/12\/b32e71f5f52c8671180d5571c294f700-300x169.jpg 300w, https:\/\/viltrox.es\/wp-content\/uploads\/2023\/12\/b32e71f5f52c8671180d5571c294f700-768x432.jpg 768w, https:\/\/viltrox.es\/wp-content\/uploads\/2023\/12\/b32e71f5f52c8671180d5571c294f700-1536x864.jpg 1536w, https:\/\/viltrox.es\/wp-content\/uploads\/2023\/12\/b32e71f5f52c8671180d5571c294f700-2048x1152.jpg 2048w, https:\/\/viltrox.es\/wp-content\/uploads\/2023\/12\/b32e71f5f52c8671180d5571c294f700-600x337.jpg 600w\" alt=\"\" width=\"752\" height=\"423\"><\/p>\n<h5>Objetivo Anam\u00f3rfico Viltrox 75mm T2.0 1.33x<\/h5>\n<p>Capture un aspecto anam\u00f3rfico de fotograma completo con su c\u00e1mara de estilo cinematogr\u00e1fico y el objetivo anam\u00f3rfico EPIC 75mm T2 1.33x de Viltrox. Este objetivo blanco lunar produce una relaci\u00f3n de aspecto 2,35:1 sin comprimir, con bokeh ovalado, respiraci\u00f3n m\u00ednima, rayas azules y un aspecto retro con tonos consistentes de borde a borde. Al igual que los dem\u00e1s objetivos de la serie EPIC, este objetivo tiene una colocaci\u00f3n coherente del equipo, un centro de gravedad com\u00fan, un revestimiento del elemento frontal resistente al agua y un di\u00e1metro frontal de 95 mm compatible con muchas matte boxes y anillos adaptadores profesionales.<\/p>\n<ul>\n<li>Este objetivo blanco lunar ofrece una cobertura consistente de fotograma completo de extremo a extremo.<\/li>\n<li>Este objetivo anam\u00f3rfico de 75 mm ofrece un aspecto delicado y retro con agradables tonos de piel.<\/li>\n<li>Sus ocho hojas de apertura producen un efecto bokeh suave y natural y puntos de luz el\u00edpticos.<\/li>\n<li>Crea efectos de franjas azules horizontales.<\/li>\n<li>Relaci\u00f3n de aspecto 2,35<\/li>\n<li>Crea una relaci\u00f3n de aspecto de 2,35:1 ideal para la cobertura de pantalla panor\u00e1mica.<\/li>\n<li>La r\u00e1pida abertura T2 permite crear llamativos efectos de poca profundidad de campo.<\/li>\n<li>Un nanorrevestimiento multicapa y un revestimiento impermeable protegen el elemento frontal.<\/li>\n<li>El car\u00e1cter uniforme, las posiciones id\u00e9nticas de los engranajes y el centro de gravedad com\u00fan le permiten cambiar f\u00e1cilmente entre los objetivos de esta serie anam\u00f3rfica.<\/li>\n<\/ul>\n<p><img loading=\"lazy\" decoding=\"async\" class=\"alignnone wp-image-30068\" src=\"https:\/\/hi-techwonder.com\/wp-content\/themes\/woodmart\/images\/lazy.svg\" data-src=\"https:\/\/viltrox.pt\/wp-content\/uploads\/2023\/12\/9d7afb2e17c6d3602a74bd13a4013568-1024x574.jpg\" sizes=\"auto, (max-width: 752px) 100vw, 752px\" srcset=\"\" data-srcset=\"https:\/\/viltrox.es\/wp-content\/uploads\/2023\/12\/9d7afb2e17c6d3602a74bd13a4013568-1024x574.jpg 1024w, https:\/\/viltrox.es\/wp-content\/uploads\/2023\/12\/9d7afb2e17c6d3602a74bd13a4013568-300x168.jpg 300w, https:\/\/viltrox.es\/wp-content\/uploads\/2023\/12\/9d7afb2e17c6d3602a74bd13a4013568-768x431.jpg 768w, https:\/\/viltrox.es\/wp-content\/uploads\/2023\/12\/9d7afb2e17c6d3602a74bd13a4013568-1536x861.jpg 1536w, https:\/\/viltrox.es\/wp-content\/uploads\/2023\/12\/9d7afb2e17c6d3602a74bd13a4013568-2048x1148.jpg 2048w, https:\/\/viltrox.es\/wp-content\/uploads\/2023\/12\/9d7afb2e17c6d3602a74bd13a4013568-600x336.jpg 600w\" alt=\"\" width=\"752\" height=\"422\"><\/p>\n<h5>Especificaciones<\/h5>\n<p><img loading=\"lazy\" decoding=\"async\" class=\"alignnone wp-image-30073\" src=\"https:\/\/hi-techwonder.com\/wp-content\/themes\/woodmart\/images\/lazy.svg\" data-src=\"https:\/\/viltrox.pt\/wp-content\/uploads\/2023\/12\/Specificacions-Epic-e1704462394857-1024x832.jpg\" sizes=\"auto, (max-width: 752px) 100vw, 752px\" srcset=\"\" data-srcset=\"https:\/\/viltrox.es\/wp-content\/uploads\/2023\/12\/Specificacions-Epic-e1704462394857-1024x832.jpg 1024w, https:\/\/viltrox.es\/wp-content\/uploads\/2023\/12\/Specificacions-Epic-e1704462394857-300x244.jpg 300w, https:\/\/viltrox.es\/wp-content\/uploads\/2023\/12\/Specificacions-Epic-e1704462394857-768x624.jpg 768w, https:\/\/viltrox.es\/wp-content\/uploads\/2023\/12\/Specificacions-Epic-e1704462394857-600x488.jpg 600w, https:\/\/viltrox.es\/wp-content\/uploads\/2023\/12\/Specificacions-Epic-e1704462394857.jpg 1031w\" alt=\"\" width=\"752\" height=\"611\"><\/p>\n","protected":false},"excerpt":{"rendered":"<ul>\n<li>Objetivos anam\u00f3rficos de 35, 50 y 75 mm<\/li>\n<li>Cobertura del sensor de fotograma completo<\/li>\n<li>Relaci\u00f3n de compresi\u00f3n anam\u00f3rfica de 1,33x<\/li>\n<li>Monturas ARRI PL | Sony E | L<\/li>\n<\/ul>\n","protected":false},"featured_media":14735,"comment_status":"closed","ping_status":"closed","template":"","meta":{"_acf_changed":false},"product_brand":[2544],"product_cat":[1042],"product_tag":[],"class_list":{"0":"post-19743","1":"product","2":"type-product","3":"status-publish","4":"has-post-thumbnail","6":"product_brand-viltrox-es","7":"product_cat-cine","8":"pa_abertura-maxima-t2-0-es","9":"pa_cor-blanco","10":"pa_designs-especiais-anamorfico","11":"pa_estabilizacao-de-imagem-no","12":"pa_montagem-da-objetiva-l-mount-es","13":"pa_montagem-da-objetiva-pl-mount-es","14":"pa_montagem-da-objetiva-sony-e-es","15":"pa_sensor-fotograma-completo","16":"pa_tipo-de-foco-enfoque-manual","17":"pa_tipo-de-objetiva-estandar","18":"pa_tipo-de-objetiva-teleobjetivo","19":"pa_zoom-fixa-fijo","21":"first","22":"onbackorder","23":"taxable","24":"shipping-taxable","25":"purchasable","26":"product-type-variable"},"bundled_by":[],"bundle_stock_status":"onbackorder","bundle_stock_quantity":null,"bundle_virtual":false,"bundle_layout":"","bundle_add_to_cart_form_location":"","bundle_editable_in_cart":false,"bundle_sold_individually_context":"","bundle_item_grouping":"","bundle_min_size":"","bundle_max_size":"","bundle_price":[],"bundled_items":[],"bundle_sell_ids":[],"acf":[],"_links":{"self":[{"href":"https:\/\/hi-techwonder.com\/es\/wp-json\/wp\/v2\/product\/19743","targetHints":{"allow":["GET"]}}],"collection":[{"href":"https:\/\/hi-techwonder.com\/es\/wp-json\/wp\/v2\/product"}],"about":[{"href":"https:\/\/hi-techwonder.com\/es\/wp-json\/wp\/v2\/types\/product"}],"replies":[{"embeddable":true,"href":"https:\/\/hi-techwonder.com\/es\/wp-json\/wp\/v2\/comments?post=19743"}],"wp:featuredmedia":[{"embeddable":true,"href":"https:\/\/hi-techwonder.com\/es\/wp-json\/wp\/v2\/media\/14735"}],"wp:attachment":[{"href":"https:\/\/hi-techwonder.com\/es\/wp-json\/wp\/v2\/media?parent=19743"}],"wp:term":[{"taxonomy":"product_brand","embeddable":true,"href":"https:\/\/hi-techwonder.com\/es\/wp-json\/wp\/v2\/product_brand?post=19743"},{"taxonomy":"product_cat","embeddable":true,"href":"https:\/\/hi-techwonder.com\/es\/wp-json\/wp\/v2\/product_cat?post=19743"},{"taxonomy":"product_tag","embeddable":true,"href":"https:\/\/hi-techwonder.com\/es\/wp-json\/wp\/v2\/product_tag?post=19743"}],"curies":[{"name":"wp","href":"https:\/\/api.w.org\/{rel}","templated":true}]}}