{"id":19912,"date":"2025-07-24T09:11:30","date_gmt":"2025-07-24T09:11:30","guid":{"rendered":"https:\/\/fv6qoy3ls0.wpdns.site\/produto\/viltrox-epic-75mm-t2-1-33x-full-frame-anamorfica\/"},"modified":"2026-01-28T16:02:28","modified_gmt":"2026-01-28T16:02:28","slug":"viltrox-epic-75mm-t2-133x-anamorfica","status":"publish","type":"product","link":"https:\/\/hi-techwonder.com\/es\/producto\/viltrox-epic-75mm-t2-133x-anamorfica\/","title":{"rendered":"Viltrox EPIC 75mm T2 1.33x Full-Frame Anam\u00f3rfica"},"content":{"rendered":"<h3><strong>Viltrox EPIC 75mm T2 1.33x Full-Frame Anam\u00f3rfica<\/strong><\/h3>\n<p>Capture un aspecto anam\u00f3rfico de fotograma completo con su c\u00e1mara de estilo cinematogr\u00e1fico y el objetivo anam\u00f3rfico EPIC 75mm T2 1.33x de Viltrox. Este objetivo blanco lunar produce una relaci\u00f3n de aspecto 2,35:1 sin comprimir, con bokeh ovalado, respiraci\u00f3n m\u00ednima, rayas azules y un aspecto retro con tonos consistentes de borde a borde.<\/p>\n<p>Al igual que los dem\u00e1s objetivos de la serie EPIC, este objetivo tiene una colocaci\u00f3n coherente del equipo, un centro de gravedad com\u00fan, un revestimiento del elemento frontal resistente al agua y un di\u00e1metro frontal de 95 mm compatible con muchas matte boxes y anillos adaptadores profesionales.<\/p>\n<ul>\n<li>Este objetivo blanco lunar proporciona una cobertura consistente de fotograma completo de extremo a extremo.<\/li>\n<li>Este objetivo anam\u00f3rfico de 75 mm ofrece un aspecto delicado y retro con agradables tonos de piel.<\/li>\n<li>Las ocho l\u00e1minas de apertura producen un bokeh suave y natural y puntos de luz el\u00edpticos.<\/li>\n<li>Crea efectos de franjas azules horizontales.<\/li>\n<li>Crea una relaci\u00f3n de aspecto de 2,35:1 ideal para la cobertura de pantalla panor\u00e1mica.<\/li>\n<li>El r\u00e1pido diafragma T2 permite crear llamativos efectos de poca profundidad de campo.<\/li>\n<li>Un nanorrevestimiento multicapa y un revestimiento impermeable protegen el elemento frontal.<\/li>\n<li>El car\u00e1cter uniforme, las posiciones id\u00e9nticas del engranaje y el centro de gravedad com\u00fan le permiten cambiar f\u00e1cilmente entre los objetivos de esta serie anam\u00f3rfica.<\/li>\n<\/ul>\n<p><img loading=\"lazy\" decoding=\"async\" class=\"alignnone wp-image-30100\" src=\"https:\/\/hi-techwonder.com\/wp-content\/themes\/woodmart\/images\/lazy.svg\" data-src=\"https:\/\/viltrox.pt\/wp-content\/uploads\/2023\/12\/DSC3843-1024x683.jpeg\" sizes=\"auto, (max-width: 752px) 100vw, 752px\" srcset=\"\" data-srcset=\"https:\/\/viltrox.es\/wp-content\/uploads\/2023\/12\/DSC3843-1024x683.jpeg 1024w, https:\/\/viltrox.es\/wp-content\/uploads\/2023\/12\/DSC3843-300x200.jpeg 300w, https:\/\/viltrox.es\/wp-content\/uploads\/2023\/12\/DSC3843-768x512.jpeg 768w, https:\/\/viltrox.es\/wp-content\/uploads\/2023\/12\/DSC3843-1536x1024.jpeg 1536w, https:\/\/viltrox.es\/wp-content\/uploads\/2023\/12\/DSC3843-2048x1365.jpeg 2048w, https:\/\/viltrox.es\/wp-content\/uploads\/2023\/12\/DSC3843-270x180.jpeg 270w, https:\/\/viltrox.es\/wp-content\/uploads\/2023\/12\/DSC3843-600x400.jpeg 600w\" alt=\"\" width=\"752\" height=\"501\"><\/p>\n<h5>Especificaciones<\/h5>\n<table class=\"table_fDXOr6EpR9\" data-selenium=\"specsItemGroupTable\">\n<tbody>\n<tr class=\"pair_KqJ3Q3GPKv\" data-selenium=\"specsItemGroupTableRow\">\n<td class=\"label_KqJ3Q3GPKv firstSpecWhenNoGroupName_KqJ3Q3GPKv\" data-selenium=\"specsItemGroupTableColumnLabel\">Distancia focal<\/td>\n<td class=\"value_KqJ3Q3GPKv firstSpecWhenNoGroupName_KqJ3Q3GPKv\" data-selenium=\"specsItemGroupTableColumnValue\">\n<div class=\"expandableValue_KqJ3Q3GPKv\">75mm<\/div>\n<\/td>\n<\/tr>\n<tr class=\"pair_KqJ3Q3GPKv\" data-selenium=\"specsItemGroupTableRow\">\n<td class=\"label_KqJ3Q3GPKv\" data-selenium=\"specsItemGroupTableColumnLabel\">Apertura m\u00e1ximac<\/td>\n<td class=\"value_KqJ3Q3GPKv\" data-selenium=\"specsItemGroupTableColumnValue\">\n<div class=\"expandableValue_KqJ3Q3GPKv\">T2<\/div>\n<\/td>\n<\/tr>\n<tr class=\"pair_KqJ3Q3GPKv\" data-selenium=\"specsItemGroupTableRow\">\n<td class=\"label_KqJ3Q3GPKv\" data-selenium=\"specsItemGroupTableColumnLabel\">Apertura m\u00ednima<\/td>\n<td class=\"value_KqJ3Q3GPKv\" data-selenium=\"specsItemGroupTableColumnValue\">\n<div class=\"expandableValue_KqJ3Q3GPKv\">T22<\/div>\n<\/td>\n<\/tr>\n<tr class=\"pair_KqJ3Q3GPKv\" data-selenium=\"specsItemGroupTableRow\">\n<td class=\"label_KqJ3Q3GPKv\" data-selenium=\"specsItemGroupTableColumnLabel\">Sujeci\u00f3n horizontal (anam\u00f3rfica)<\/td>\n<td class=\"value_KqJ3Q3GPKv\" data-selenium=\"specsItemGroupTableColumnValue\">\n<div class=\"expandableValue_KqJ3Q3GPKv\">1.33x<\/div>\n<\/td>\n<\/tr>\n<tr class=\"pair_KqJ3Q3GPKv\" data-selenium=\"specsItemGroupTableRow\">\n<td class=\"label_KqJ3Q3GPKv\" data-selenium=\"specsItemGroupTableColumnLabel\">Cobertura del formato del objetivo<\/td>\n<td class=\"value_KqJ3Q3GPKv\" data-selenium=\"specsItemGroupTableColumnValue\">\n<div class=\"expandableValue_KqJ3Q3GPKv\">Cuadro completo<\/div>\n<\/td>\n<\/tr>\n<tr class=\"pair_KqJ3Q3GPKv\" data-selenium=\"specsItemGroupTableRow\">\n<td class=\"label_KqJ3Q3GPKv\" data-selenium=\"specsItemGroupTableColumnLabel\">Escalas de enfoque<\/td>\n<td class=\"value_KqJ3Q3GPKv\" data-selenium=\"specsItemGroupTableColumnValue\">\n<div class=\"expandableValue_KqJ3Q3GPKv\">Imperial<\/div>\n<\/td>\n<\/tr>\n<tr class=\"pair_KqJ3Q3GPKv\" data-selenium=\"specsItemGroupTableRow\">\n<td class=\"label_KqJ3Q3GPKv\" data-selenium=\"specsItemGroupTableColumnLabel\">Dise\u00f1o \u00f3ptico<\/td>\n<td class=\"value_KqJ3Q3GPKv\" data-selenium=\"specsItemGroupTableColumnValue\">\n<div class=\"expandableValue_KqJ3Q3GPKv\">18 elementos en 13 grupos<\/div>\n<\/td>\n<\/tr>\n<tr class=\"pair_KqJ3Q3GPKv\" data-selenium=\"specsItemGroupTableRow\">\n<td class=\"label_KqJ3Q3GPKv\" data-selenium=\"specsItemGroupTableColumnLabel\">Rosca de filtro<\/td>\n<td class=\"value_KqJ3Q3GPKv\" data-selenium=\"specsItemGroupTableColumnValue\">\n<div class=\"expandableValue_KqJ3Q3GPKv\">No<\/div>\n<\/td>\n<\/tr>\n<tr class=\"pair_KqJ3Q3GPKv\" data-selenium=\"specsItemGroupTableRow\">\n<td class=\"label_KqJ3Q3GPKv\" data-selenium=\"specsItemGroupTableColumnLabel\">Distancia m\u00ednima de enfoque<\/td>\n<td class=\"value_KqJ3Q3GPKv\" data-selenium=\"specsItemGroupTableColumnValue\">\n<div class=\"expandableValue_KqJ3Q3GPKv\">Desde un punto no especificado del objetivo: 990,6 mm<\/div>\n<\/td>\n<\/tr>\n<tr class=\"pair_KqJ3Q3GPKv\" data-selenium=\"specsItemGroupTableRow\">\n<td class=\"label_KqJ3Q3GPKv\" data-selenium=\"specsItemGroupTableColumnLabel\">Hojas de diafragma<\/td>\n<td class=\"value_KqJ3Q3GPKv\" data-selenium=\"specsItemGroupTableColumnValue\">\n<div class=\"expandableValue_KqJ3Q3GPKv\">8<\/div>\n<\/td>\n<\/tr>\n<tr class=\"pair_KqJ3Q3GPKv\" data-selenium=\"specsItemGroupTableRow\">\n<td class=\"label_KqJ3Q3GPKv\" data-selenium=\"specsItemGroupTableColumnLabel\">Estabilizaci\u00f3n de la imagen<\/td>\n<td class=\"value_KqJ3Q3GPKv\" data-selenium=\"specsItemGroupTableColumnValue\">\n<div class=\"expandableValue_KqJ3Q3GPKv\">No<\/div>\n<\/td>\n<\/tr>\n<tr class=\"pair_KqJ3Q3GPKv\" data-selenium=\"specsItemGroupTableRow\">\n<td class=\"label_KqJ3Q3GPKv\" data-selenium=\"specsItemGroupTableColumnLabel\">Peso<\/td>\n<td class=\"value_KqJ3Q3GPKv\" data-selenium=\"specsItemGroupTableColumnValue\">\n<div class=\"expandableValue_KqJ3Q3GPKv\">1.98 kg<\/div>\n<\/td>\n<\/tr>\n<\/tbody>\n<\/table>\n","protected":false},"excerpt":{"rendered":"<ul>\n<li>Cubre sensores de fotograma completo<\/li>\n<li>Diafragma: de T2 a T22<\/li>\n<li>Sujeci\u00f3n 1,33x, efectos de franja azul<\/li>\n<li>Relaci\u00f3n de aspecto de 2,35 sin comprimir<\/li>\n<li>El iris de 8 Hojas produce un Bokeh ovalado<\/li>\n<li>Di\u00e1metro frontal de 95 mm<\/li>\n<li>Enfoque m\u00ednimo: 99 cm<\/li>\n<li>Engranaje y centro de gravedad consistentes<\/li>\n<li>Escala de enfoque en pies<\/li>\n<li>Para ARRI PL | Sony E | L-Mount<\/li>\n<\/ul>\n","protected":false},"featured_media":14743,"comment_status":"closed","ping_status":"closed","template":"","meta":{"_acf_changed":false},"product_brand":[2544],"product_cat":[1042],"product_tag":[],"class_list":{"0":"post-19912","1":"product","2":"type-product","3":"status-publish","4":"has-post-thumbnail","6":"product_brand-viltrox-es","7":"product_cat-cine","8":"pa_abertura-maxima-t2-0-es","9":"pa_cor-blanco","10":"pa_designs-especiais-anamorfico","11":"pa_diametro-no-tiene","12":"pa_estabilizacao-de-imagem-no","13":"pa_montagem-da-objetiva-l-mount-es","14":"pa_montagem-da-objetiva-pl-mount-es","15":"pa_montagem-da-objetiva-sony-e-es","16":"pa_sensor-fotograma-completo","17":"pa_tipo-de-foco-enfoque-manual","18":"pa_tipo-de-objetiva-teleobjetivo","19":"pa_zoom-fixa-fijo","21":"first","22":"onbackorder","23":"taxable","24":"shipping-taxable","25":"purchasable","26":"product-type-variable"},"bundled_by":[],"bundle_stock_status":"onbackorder","bundle_stock_quantity":null,"bundle_virtual":false,"bundle_layout":"","bundle_add_to_cart_form_location":"","bundle_editable_in_cart":false,"bundle_sold_individually_context":"","bundle_item_grouping":"","bundle_min_size":"","bundle_max_size":"","bundle_price":[],"bundled_items":[],"bundle_sell_ids":[],"acf":[],"_links":{"self":[{"href":"https:\/\/hi-techwonder.com\/es\/wp-json\/wp\/v2\/product\/19912","targetHints":{"allow":["GET"]}}],"collection":[{"href":"https:\/\/hi-techwonder.com\/es\/wp-json\/wp\/v2\/product"}],"about":[{"href":"https:\/\/hi-techwonder.com\/es\/wp-json\/wp\/v2\/types\/product"}],"replies":[{"embeddable":true,"href":"https:\/\/hi-techwonder.com\/es\/wp-json\/wp\/v2\/comments?post=19912"}],"wp:featuredmedia":[{"embeddable":true,"href":"https:\/\/hi-techwonder.com\/es\/wp-json\/wp\/v2\/media\/14743"}],"wp:attachment":[{"href":"https:\/\/hi-techwonder.com\/es\/wp-json\/wp\/v2\/media?parent=19912"}],"wp:term":[{"taxonomy":"product_brand","embeddable":true,"href":"https:\/\/hi-techwonder.com\/es\/wp-json\/wp\/v2\/product_brand?post=19912"},{"taxonomy":"product_cat","embeddable":true,"href":"https:\/\/hi-techwonder.com\/es\/wp-json\/wp\/v2\/product_cat?post=19912"},{"taxonomy":"product_tag","embeddable":true,"href":"https:\/\/hi-techwonder.com\/es\/wp-json\/wp\/v2\/product_tag?post=19912"}],"curies":[{"name":"wp","href":"https:\/\/api.w.org\/{rel}","templated":true}]}}