{"id":19916,"date":"2025-07-24T09:11:38","date_gmt":"2025-07-24T09:11:38","guid":{"rendered":"https:\/\/fv6qoy3ls0.wpdns.site\/produto\/viltrox-adaptador-pl-l-montura-pl-montura-l\/"},"modified":"2026-02-02T14:50:40","modified_gmt":"2026-02-02T14:50:40","slug":"viltrox-adaptador-pl-l-montura-pl-l","status":"publish","type":"product","link":"https:\/\/hi-techwonder.com\/es\/producto\/viltrox-adaptador-pl-l-montura-pl-l\/","title":{"rendered":"Viltrox Adaptador PL-L Montura PL &#8211; Montura L"},"content":{"rendered":"<h3><strong>Viltrox Adaptador PL-L Montura PL &#8211; Montura L<\/strong><\/h3>\n<p>Este adaptador de montura de objetivo de Viltrox est\u00e1 dise\u00f1ado para permitir utilizar un objetivo de montura PL con una c\u00e1mara de montura L. Compatible con enfoque manual y enfoque preciso a infinito, cuenta con un anillo de goma para crear un sellado contra la intemperie entre el adaptador y la c\u00e1mara. Fabricado en aluminio y acero inoxidable para aumentar su resistencia.<\/p>\n<p>La parte inferior del pie del tr\u00edpode est\u00e1 roscada con una rosca para accesorios de 1\/4&#8243;-20, lo que permite acoplarlo directamente a un tr\u00edpode o a una placa de liberaci\u00f3n r\u00e1pida que tenga una montura de 1\/4&#8243;-20.<\/p>\n<ul>\n<li>Permite el enfoque manual y el enfoque preciso a infinito<\/li>\n<li>Pie de tr\u00edpode con rosca accesoria de 1\/4&#8243;-20 para acoplarlo directamente a un tr\u00edpode o a una placa de liberaci\u00f3n r\u00e1pida que tenga una montura de 1\/4&#8243;-20<\/li>\n<\/ul>\n<h5><img loading=\"lazy\" decoding=\"async\" class=\"alignnone wp-image-30128\" src=\"https:\/\/hi-techwonder.com\/wp-content\/themes\/woodmart\/images\/lazy.svg\" data-src=\"https:\/\/viltrox.pt\/wp-content\/uploads\/2023\/12\/Viltrox-Adaptador-PL-L.jpg\" alt=\"\" width=\"752\" height=\"548\"><\/h5>\n<h5>Especificaciones:<\/h5>\n<p><em>Adaptador<\/em><\/p>\n<table width=\"642\">\n<tbody>\n<tr>\n<td width=\"302\"><strong>Montura de la C\u00e2mara<\/strong><\/td>\n<td width=\"339\">L-Mount<\/td>\n<\/tr>\n<tr>\n<td width=\"302\"><strong>Montura del objetivo<\/strong><\/td>\n<td width=\"339\">PL-Mount<\/td>\n<\/tr>\n<tr>\n<td width=\"302\"><strong>Comunicaci\u00f3n electr\u00f3nica<\/strong><\/td>\n<td width=\"339\">No<\/td>\n<\/tr>\n<tr>\n<td width=\"302\"><strong>Pantalla\u00a0<\/strong><\/td>\n<td width=\"339\">No<\/td>\n<\/tr>\n<\/tbody>\n<\/table>\n<p><em> Cuerpo<\/em><\/p>\n<table width=\"640\">\n<tbody>\n<tr>\n<td width=\"302\"><strong>Dimensiones<\/strong><\/td>\n<td width=\"337\">Al: 106,0 x An: 47,7 x Pr: 95,2 mm<\/td>\n<\/tr>\n<tr>\n<td width=\"302\"><strong>Peso<\/strong><\/td>\n<td width=\"337\">297,5 g<\/td>\n<\/tr>\n<\/tbody>\n<\/table>\n","protected":false},"excerpt":{"rendered":"<ul>\n<li>Para c\u00e1maras Leica\/Panasonic\/Sigma con montura en L<\/li>\n<li>Gira y bloquea el objetivo de forma segura en el adaptador<\/li>\n<li>Enfoque preciso a infinito<\/li>\n<li>Tratamiento mate roscado<\/li>\n<li>Dise\u00f1o de base extra\u00edble<\/li>\n<\/ul>\n","protected":false},"featured_media":14775,"comment_status":"closed","ping_status":"closed","template":"","meta":{"_acf_changed":false},"product_brand":[2544],"product_cat":[1041],"product_tag":[],"class_list":{"0":"post-19916","1":"product","2":"type-product","3":"status-publish","4":"has-post-thumbnail","6":"product_brand-viltrox-es","7":"product_cat-adaptadores-es","8":"pa_montagem-l-mount-es","9":"pa_montagem-da-objetiva-pl-mount-es","10":"pa_tipo-de-foco-enfoque-manual","12":"first","13":"instock","14":"taxable","15":"shipping-taxable","16":"purchasable","17":"product-type-simple"},"bundled_by":[],"bundle_stock_status":"instock","bundle_stock_quantity":1,"bundle_virtual":false,"bundle_layout":"","bundle_add_to_cart_form_location":"","bundle_editable_in_cart":false,"bundle_sold_individually_context":"","bundle_item_grouping":"","bundle_min_size":"","bundle_max_size":"","bundle_price":[],"bundled_items":[],"bundle_sell_ids":[],"acf":[],"_links":{"self":[{"href":"https:\/\/hi-techwonder.com\/es\/wp-json\/wp\/v2\/product\/19916","targetHints":{"allow":["GET"]}}],"collection":[{"href":"https:\/\/hi-techwonder.com\/es\/wp-json\/wp\/v2\/product"}],"about":[{"href":"https:\/\/hi-techwonder.com\/es\/wp-json\/wp\/v2\/types\/product"}],"replies":[{"embeddable":true,"href":"https:\/\/hi-techwonder.com\/es\/wp-json\/wp\/v2\/comments?post=19916"}],"wp:featuredmedia":[{"embeddable":true,"href":"https:\/\/hi-techwonder.com\/es\/wp-json\/wp\/v2\/media\/14775"}],"wp:attachment":[{"href":"https:\/\/hi-techwonder.com\/es\/wp-json\/wp\/v2\/media?parent=19916"}],"wp:term":[{"taxonomy":"product_brand","embeddable":true,"href":"https:\/\/hi-techwonder.com\/es\/wp-json\/wp\/v2\/product_brand?post=19916"},{"taxonomy":"product_cat","embeddable":true,"href":"https:\/\/hi-techwonder.com\/es\/wp-json\/wp\/v2\/product_cat?post=19916"},{"taxonomy":"product_tag","embeddable":true,"href":"https:\/\/hi-techwonder.com\/es\/wp-json\/wp\/v2\/product_tag?post=19916"}],"curies":[{"name":"wp","href":"https:\/\/api.w.org\/{rel}","templated":true}]}}