{"id":19945,"date":"2025-07-24T09:11:38","date_gmt":"2025-07-24T09:11:38","guid":{"rendered":"https:\/\/fv6qoy3ls0.wpdns.site\/produto\/viltrox-adaptador-ef-fx1-pro-canon-ef-fujifilm-x\/"},"modified":"2026-01-28T15:49:14","modified_gmt":"2026-01-28T15:49:14","slug":"viltrox-adaptador-ef-fx1-pro-fuji","status":"publish","type":"product","link":"https:\/\/hi-techwonder.com\/es\/producto\/viltrox-adaptador-ef-fx1-pro-fuji\/","title":{"rendered":"Viltrox Adaptador EF-FX1 Pro Canon EF &#8211; Fujifilm X"},"content":{"rendered":"<h3><strong>Viltrox EF-FX1 Pro Adaptador Canon EF &#8211; Fujifilm X<\/strong><\/h3>\n<p>Este adaptador de montura de objetivo de Viltrox est\u00e1 dise\u00f1ado para permitir el uso de un objetivo Canon EF o EF-S con una c\u00e1mara Fujifilm de montura X con comunicaci\u00f3n electr\u00f3nica completa. Est\u00e1 equipado con un anillo de apertura, por lo que puede controlar la apertura manualmente, adem\u00e1s del control autom\u00e1tico de apertura de la c\u00e1mara. Para facilitar la actualizaci\u00f3n del firmware, este adaptador tambi\u00e9n incluye un puerto USB-C.<\/p>\n<p>Admite la comunicaci\u00f3n electr\u00f3nica entre la c\u00e1mara y el objetivo para permitir el enfoque autom\u00e1tico cuando sea posible<\/p>\n<p>Permite la transferencia de datos EXIF<\/p>\n<p>Dispone de un anillo de apertura para el control manual de la apertura en el adaptador<\/p>\n<p><img loading=\"lazy\" decoding=\"async\" class=\"alignnone wp-image-30170\" src=\"https:\/\/hi-techwonder.com\/wp-content\/themes\/woodmart\/images\/lazy.svg\" data-src=\"https:\/\/viltrox.pt\/wp-content\/uploads\/2023\/12\/Viltrox-Adaptador-EF-FX1-Pro.jpg\" alt=\"\" width=\"752\" height=\"561\"><\/p>\n<h5>Especificaciones:<\/h5>\n<p><em>Adaptador<\/em><\/p>\n<table width=\"642\">\n<tbody>\n<tr>\n<td width=\"302\"><strong>Montura de la c\u00e1mara<\/strong><\/td>\n<td width=\"339\">Fujifilm X<\/td>\n<\/tr>\n<tr>\n<td width=\"302\"><strong>Montura del objetivo<\/strong><\/td>\n<td width=\"339\">Canon EF\/EF-S<\/td>\n<\/tr>\n<tr>\n<td width=\"302\"><strong>Comunicaci\u00f3n electr\u00f3nica<\/strong><\/td>\n<td width=\"339\">Si<\/td>\n<\/tr>\n<tr>\n<td width=\"302\"><strong>Visor<\/strong><\/td>\n<td width=\"339\">No<\/td>\n<\/tr>\n<\/tbody>\n<\/table>\n<p><em> Cuerpo<\/em><\/p>\n<table width=\"640\">\n<tbody>\n<tr>\n<td width=\"302\"><strong>Dimensiones<\/strong><\/td>\n<td width=\"337\">72.5 x 69.1 x 32.2 mm<\/td>\n<\/tr>\n<tr>\n<td width=\"302\"><strong>Peso<\/strong><\/td>\n<td width=\"337\">126g<\/td>\n<\/tr>\n<\/tbody>\n<\/table>\n","protected":false},"excerpt":{"rendered":"<ul>\n<li>Utiliza objetivos Canon EF\/EF-S en c\u00e1maras Fujifilm X<\/li>\n<li>Permite el enfoque autom\u00e1tico y la exposici\u00f3n autom\u00e1tica<\/li>\n<li>Permite el control de apertura en el cuerpo de la c\u00e1mara o manual en el adaptador<\/li>\n<li>Transfiere datos Exif a la c\u00e1mara<\/li>\n<li>Interfaz USB-C<\/li>\n<\/ul>\n","protected":false},"featured_media":14804,"comment_status":"closed","ping_status":"closed","template":"","meta":{"_acf_changed":false},"product_brand":[2544],"product_cat":[1041],"product_tag":[],"class_list":{"0":"post-19945","1":"product","2":"type-product","3":"status-publish","4":"has-post-thumbnail","6":"product_brand-viltrox-es","7":"product_cat-adaptadores-es","8":"pa_montagem-fujifilm-x-es","9":"pa_montagem-da-objetiva-canon-ef-es","10":"pa_tipo-de-foco-enfoque-automatico","12":"first","13":"instock","14":"taxable","15":"shipping-taxable","16":"purchasable","17":"product-type-simple"},"bundled_by":[],"bundle_stock_status":"instock","bundle_stock_quantity":2,"bundle_virtual":false,"bundle_layout":"","bundle_add_to_cart_form_location":"","bundle_editable_in_cart":false,"bundle_sold_individually_context":"","bundle_item_grouping":"","bundle_min_size":"","bundle_max_size":"","bundle_price":[],"bundled_items":[],"bundle_sell_ids":[],"acf":[],"_links":{"self":[{"href":"https:\/\/hi-techwonder.com\/es\/wp-json\/wp\/v2\/product\/19945","targetHints":{"allow":["GET"]}}],"collection":[{"href":"https:\/\/hi-techwonder.com\/es\/wp-json\/wp\/v2\/product"}],"about":[{"href":"https:\/\/hi-techwonder.com\/es\/wp-json\/wp\/v2\/types\/product"}],"replies":[{"embeddable":true,"href":"https:\/\/hi-techwonder.com\/es\/wp-json\/wp\/v2\/comments?post=19945"}],"wp:featuredmedia":[{"embeddable":true,"href":"https:\/\/hi-techwonder.com\/es\/wp-json\/wp\/v2\/media\/14804"}],"wp:attachment":[{"href":"https:\/\/hi-techwonder.com\/es\/wp-json\/wp\/v2\/media?parent=19945"}],"wp:term":[{"taxonomy":"product_brand","embeddable":true,"href":"https:\/\/hi-techwonder.com\/es\/wp-json\/wp\/v2\/product_brand?post=19945"},{"taxonomy":"product_cat","embeddable":true,"href":"https:\/\/hi-techwonder.com\/es\/wp-json\/wp\/v2\/product_cat?post=19945"},{"taxonomy":"product_tag","embeddable":true,"href":"https:\/\/hi-techwonder.com\/es\/wp-json\/wp\/v2\/product_tag?post=19945"}],"curies":[{"name":"wp","href":"https:\/\/api.w.org\/{rel}","templated":true}]}}