{"id":19956,"date":"2025-07-24T09:11:38","date_gmt":"2025-07-24T09:11:38","guid":{"rendered":"https:\/\/fv6qoy3ls0.wpdns.site\/produto\/viltrox-adaptador-ef-gfx-pro-canon-ef-ef-s-fuji-gfx\/"},"modified":"2026-01-28T15:38:53","modified_gmt":"2026-01-28T15:38:53","slug":"viltrox-adaptador-ef-gfx-pro-canon","status":"publish","type":"product","link":"https:\/\/hi-techwonder.com\/es\/producto\/viltrox-adaptador-ef-gfx-pro-canon\/","title":{"rendered":"Viltrox Adaptador EF-GFX Pro Canon EF\/EF-S &#8211; Fuji GFX"},"content":{"rendered":"<h3><strong>Viltrox Adaptador EF-GFX Pro Canon EF\/EF-S &#8211; Fuji GFX<\/strong><\/h3>\n<p>El adaptador Viltrox EF-GFX Pro permite conectar objetivos Canon de montura EF\/EF-S a c\u00e1maras Fujifilm de montura G con comunicaci\u00f3n electr\u00f3nica completa. Versi\u00f3n actualizada del adaptador Viltrox EF-GFX original, el EF-GFX Pro a\u00f1ade un anillo de apertura, admite estabilizaci\u00f3n y permite cambiar el modo de enfoque de autom\u00e1tico a manual. El enfoque autom\u00e1tico tambi\u00e9n es m\u00e1s r\u00e1pido y estable.<\/p>\n<p>El puerto de actualizaci\u00f3n del firmware tambi\u00e9n se ha cambiado de micro-USB a USB-C. Es m\u00e1s, despu\u00e9s de apagar la alimentaci\u00f3n, los ajustes anteriores se pueden guardar en el EF-GFX Pro.<\/p>\n<p><img loading=\"lazy\" decoding=\"async\" class=\"alignnone wp-image-30175\" src=\"https:\/\/hi-techwonder.com\/wp-content\/themes\/woodmart\/images\/lazy.svg\" data-src=\"https:\/\/viltrox.pt\/wp-content\/uploads\/2023\/12\/Viltrox-Adaptador-EF-GFX-Pro-e1703864293711.jpg\" alt=\"\" width=\"752\" height=\"501\"><\/p>\n<h5><strong>Especificaciones:<\/strong><\/h5>\n<p><em>Adaptador<\/em><\/p>\n<table width=\"642\">\n<tbody>\n<tr>\n<td width=\"302\"><strong>Montura de la c\u00e1mara<\/strong><\/td>\n<td width=\"339\">FUJIFILM G<\/td>\n<\/tr>\n<tr>\n<td width=\"302\"><strong>Montura del objetivo<\/strong><\/td>\n<td width=\"339\">Canon EF\/EF-S<\/td>\n<\/tr>\n<tr>\n<td width=\"302\"><strong>Comunicaci\u00f3n electr\u00f3nica<\/strong><\/td>\n<td width=\"339\">Si<\/td>\n<\/tr>\n<tr>\n<td width=\"302\"><strong>Pantalla<\/strong><\/td>\n<td width=\"339\">No<\/td>\n<\/tr>\n<\/tbody>\n<\/table>\n<p><em>\u00a0<\/em><em>Corpo<\/em><\/p>\n<table width=\"640\">\n<tbody>\n<tr>\n<td width=\"302\">Dimensiones<\/td>\n<td width=\"337\">\u00f8: 80.0 x D: 25.0 mm<\/td>\n<\/tr>\n<tr>\n<td width=\"302\">Peso<\/td>\n<td width=\"337\">153,2g<\/td>\n<\/tr>\n<\/tbody>\n<\/table>\n","protected":false},"excerpt":{"rendered":"<ul>\n<li>Anillo de apertura incorporado<\/li>\n<li>Comunicaci\u00f3n electr\u00f3nica completa<\/li>\n<li>Soporte de estabilizaci\u00f3n<\/li>\n<li>Modos de enfoque AF\/MF<\/li>\n<li>Transferencia de informaci\u00f3n Exif<\/li>\n<li>Bayoneta met\u00e1lica de lat\u00f3n<\/li>\n<\/ul>\n","protected":false},"featured_media":14815,"comment_status":"closed","ping_status":"closed","template":"","meta":{"_acf_changed":false},"product_brand":[2544],"product_cat":[1041],"product_tag":[],"class_list":{"0":"post-19956","1":"product","2":"type-product","3":"status-publish","4":"has-post-thumbnail","6":"product_brand-viltrox-es","7":"product_cat-adaptadores-es","8":"pa_montagem-fujifilm-g-es","9":"pa_montagem-da-objetiva-canon-ef-es","10":"pa_tipo-de-foco-enfoque-automatico","12":"first","13":"instock","14":"taxable","15":"shipping-taxable","16":"purchasable","17":"product-type-simple"},"bundled_by":[],"bundle_stock_status":"instock","bundle_stock_quantity":1,"bundle_virtual":false,"bundle_layout":"","bundle_add_to_cart_form_location":"","bundle_editable_in_cart":false,"bundle_sold_individually_context":"","bundle_item_grouping":"","bundle_min_size":"","bundle_max_size":"","bundle_price":[],"bundled_items":[],"bundle_sell_ids":[],"acf":[],"_links":{"self":[{"href":"https:\/\/hi-techwonder.com\/es\/wp-json\/wp\/v2\/product\/19956","targetHints":{"allow":["GET"]}}],"collection":[{"href":"https:\/\/hi-techwonder.com\/es\/wp-json\/wp\/v2\/product"}],"about":[{"href":"https:\/\/hi-techwonder.com\/es\/wp-json\/wp\/v2\/types\/product"}],"replies":[{"embeddable":true,"href":"https:\/\/hi-techwonder.com\/es\/wp-json\/wp\/v2\/comments?post=19956"}],"wp:featuredmedia":[{"embeddable":true,"href":"https:\/\/hi-techwonder.com\/es\/wp-json\/wp\/v2\/media\/14815"}],"wp:attachment":[{"href":"https:\/\/hi-techwonder.com\/es\/wp-json\/wp\/v2\/media?parent=19956"}],"wp:term":[{"taxonomy":"product_brand","embeddable":true,"href":"https:\/\/hi-techwonder.com\/es\/wp-json\/wp\/v2\/product_brand?post=19956"},{"taxonomy":"product_cat","embeddable":true,"href":"https:\/\/hi-techwonder.com\/es\/wp-json\/wp\/v2\/product_cat?post=19956"},{"taxonomy":"product_tag","embeddable":true,"href":"https:\/\/hi-techwonder.com\/es\/wp-json\/wp\/v2\/product_tag?post=19956"}],"curies":[{"name":"wp","href":"https:\/\/api.w.org\/{rel}","templated":true}]}}