{"id":19975,"date":"2025-07-24T09:11:38","date_gmt":"2025-07-24T09:11:38","guid":{"rendered":"https:\/\/fv6qoy3ls0.wpdns.site\/produto\/viltrox-retro-08x-led-compacto-rgb\/"},"modified":"2026-01-28T15:27:35","modified_gmt":"2026-01-28T15:27:35","slug":"viltrox-retro-08x-led-compacto-rgb","status":"publish","type":"product","link":"https:\/\/hi-techwonder.com\/es\/producto\/viltrox-retro-08x-led-compacto-rgb\/","title":{"rendered":"Viltrox Retro 08X LED Compacto RGB"},"content":{"rendered":"<h3><strong>Viltrox Retro 08X LED Compacto RGB<\/strong><\/h3>\n<p>La luz fotogr\u00e1fica profesional Viltrox Retro 08X adopta 72 LED de alto \u00edndice (blanco c\u00e1lido y blanco fr\u00edo) y 36 LED de color RGB. Con un tama\u00f1o compacto y un peso ligero, es f\u00e1cil de transportar y utilizar en todas las situaciones.<\/p>\n<p>Consigue varios colores a juego, con una temperatura de color precisa y un alto CRI, en un cuerpo peque\u00f1o, ligero y de bajo consumo. Se puede controlar a distancia con el mando a distancia Viltrox RC-11 o mediante Bluetooth con la app WeeylitePro.<\/p>\n<p>Puede utilizarse para retratos, v\u00eddeo, entrevistas y fotograf\u00eda con smartphone, entre otras muchas opciones.<\/p>\n<p><img loading=\"lazy\" decoding=\"async\" class=\"alignnone wp-image-30232\" src=\"https:\/\/hi-techwonder.com\/wp-content\/themes\/woodmart\/images\/lazy.svg\" data-src=\"https:\/\/viltrox.pt\/wp-content\/uploads\/2024\/01\/DSC5863.jpeg\" alt=\"\" width=\"752\" height=\"501\"><\/p>\n<h5>Funciones principales:<\/h5>\n<ul>\n<li>Modo a todo color RGB; coordenadas HSL\/RGBWY\/ X,Y\/COL<\/li>\n<li>0\u00ba-360\u00ba a todo color, para satisfacer diversos requisitos de color de la luz<\/li>\n<li>Luz de relleno de alto brillo de 0-100<\/li>\n<li>Amplia gama de temperaturas de color: 2500K-8500K<\/li>\n<li>Efecto especial de 26 tipos de escena Cumple los requisitos de grabaci\u00f3n de v\u00eddeo m\u00e1s creativos<\/li>\n<li>108 perlas de alta calidad<\/li>\n<li>Peque\u00f1a y pr\u00e1ctica<\/li>\n<li>2 puertos de rosca 1\/4<\/li>\n<li>La bater\u00eda de litio tiene una capacidad de 6000 mAh y una larga vida \u00fatil<\/li>\n<li>M\u00faltiples m\u00e9todos de control: panel de control, aplicaci\u00f3n m\u00f3vil, mando a distancia (debe adquirirse por separado)<\/li>\n<\/ul>\n<p><img loading=\"lazy\" decoding=\"async\" class=\"alignnone wp-image-30230\" src=\"https:\/\/hi-techwonder.com\/wp-content\/themes\/woodmart\/images\/lazy.svg\" data-src=\"https:\/\/viltrox.pt\/wp-content\/uploads\/2024\/01\/DSC5602-1024x683.jpeg\" alt=\"\" width=\"752\" height=\"501\"><\/p>\n<h5>Contiene:<\/h5>\n<ul>\n<li>Viltrox Retro 08X LED RGB<\/li>\n<li>Adaptador de montaje bidireccional<\/li>\n<li>Manual de instrucciones<\/li>\n<li>Cable USB-A &#8211; USB-C<\/li>\n<\/ul>\n<h5>Especificaciones<\/h5>\n<table>\n<tbody>\n<tr>\n<td width=\"283\">Rango de temperatura de color<\/td>\n<td width=\"283\">2500K-8500K (ajustable)<\/td>\n<\/tr>\n<tr>\n<td width=\"283\">Gama de brillo<\/td>\n<td width=\"283\">0%-100% (ajustable)<\/td>\n<\/tr>\n<tr>\n<td width=\"283\">Gama de fases de color<\/td>\n<td width=\"283\">0-360\u00ba (ajustable)<\/td>\n<\/tr>\n<tr>\n<td width=\"283\">Flujo luminoso m\u00e1ximo<\/td>\n<td width=\"283\">800lm<\/td>\n<\/tr>\n<tr>\n<td width=\"283\">Iluminancia m\u00e1xima<\/td>\n<td width=\"283\">600 lux (100%, 5600K a 0,5m)<\/td>\n<\/tr>\n<tr>\n<td width=\"283\">Potencia m\u00e1xima<\/td>\n<td width=\"283\">8W<\/td>\n<\/tr>\n<tr>\n<td width=\"283\">N\u00famero de LEDs<\/td>\n<td width=\"283\">Blanco c\u00e1lido + blanco fr\u00edo:72<\/p>\n<p>RGB: 36<\/td>\n<\/tr>\n<tr>\n<td width=\"283\">Grupos \/ Canales<\/td>\n<td width=\"283\">A, B, C, D, E, F \/ 1-19<\/td>\n<\/tr>\n<tr>\n<td width=\"283\">CRI<\/td>\n<td width=\"283\">RA \u2265 95%<\/p>\n<p>TLCI \u2265 95%<\/td>\n<\/tr>\n<tr>\n<td width=\"283\">Interfaz de energ\u00eda<\/td>\n<td width=\"283\">USB-C, 5V a 2A<\/td>\n<\/tr>\n<tr>\n<td width=\"283\">Tiempo de carga<\/td>\n<td width=\"283\">7 horas<\/td>\n<\/tr>\n<tr>\n<td width=\"283\">Bater\u00eda de litio integrada<\/td>\n<td width=\"283\">3.7V\/6000mAh<\/td>\n<\/tr>\n<tr>\n<td width=\"283\">Duraci\u00f3n de la bater\u00eda<\/td>\n<td width=\"283\">3,5h (5600K a 100%)<\/td>\n<\/tr>\n<tr>\n<td width=\"283\">Mando a distancia<\/td>\n<td width=\"283\">RC-11 (no incluido)<\/p>\n<p>Bluetooth: aplicaci\u00f3n WeeylitePro<\/td>\n<\/tr>\n<tr>\n<td width=\"283\">Dimensiones<\/td>\n<td width=\"283\">115mm x 68mm x 21.6mm<\/td>\n<\/tr>\n<tr>\n<td width=\"283\">Peso<\/td>\n<td width=\"283\">197.5 g (Iluminador)<\/td>\n<\/tr>\n<\/tbody>\n<\/table>\n<p><a href=\"https:\/\/viltrox.es\/categoria\/iluminacion\/\" target=\"_blank\" rel=\"noopener\">Descubra nuestra impresionante gama de iluminaci\u00f3n.<\/a><\/p>\n","protected":false},"excerpt":{"rendered":"<ul>\n<li>Para creadores de contenidos y vloggers<\/li>\n<li>Salida: 600 Lux a 0,5 m<\/li>\n<li>2500-8500K CCT; control de color RGB<\/li>\n<li>Panel de 11,5 x 6,8 cm; 3,5 horas de duraci\u00f3n de la bater\u00eda<\/li>\n<li>CRI 95 | TLCI 95<\/li>\n<li>Control integrado mediante aplicaci\u00f3n<\/li>\n<li>Regulaci\u00f3n de 0-100<\/li>\n<li>26 efectos especiales<\/li>\n<li>Mando a distancia inal\u00e1mbrico opcional<\/li>\n<li>Incluye cable USB-C<\/li>\n<\/ul>\n","protected":false},"featured_media":14838,"comment_status":"closed","ping_status":"closed","template":"","meta":{"_acf_changed":false},"product_brand":[2544],"product_cat":[994],"product_tag":[],"class_list":{"0":"post-19975","1":"product","2":"type-product","3":"status-publish","4":"has-post-thumbnail","6":"product_brand-viltrox-es","7":"product_cat-compactos-es","9":"first","10":"instock","11":"taxable","12":"shipping-taxable","13":"purchasable","14":"product-type-simple"},"bundled_by":[],"bundle_stock_status":"instock","bundle_stock_quantity":1,"bundle_virtual":false,"bundle_layout":"","bundle_add_to_cart_form_location":"","bundle_editable_in_cart":false,"bundle_sold_individually_context":"","bundle_item_grouping":"","bundle_min_size":"","bundle_max_size":"","bundle_price":[],"bundled_items":[],"bundle_sell_ids":[],"acf":[],"_links":{"self":[{"href":"https:\/\/hi-techwonder.com\/es\/wp-json\/wp\/v2\/product\/19975","targetHints":{"allow":["GET"]}}],"collection":[{"href":"https:\/\/hi-techwonder.com\/es\/wp-json\/wp\/v2\/product"}],"about":[{"href":"https:\/\/hi-techwonder.com\/es\/wp-json\/wp\/v2\/types\/product"}],"replies":[{"embeddable":true,"href":"https:\/\/hi-techwonder.com\/es\/wp-json\/wp\/v2\/comments?post=19975"}],"wp:featuredmedia":[{"embeddable":true,"href":"https:\/\/hi-techwonder.com\/es\/wp-json\/wp\/v2\/media\/14838"}],"wp:attachment":[{"href":"https:\/\/hi-techwonder.com\/es\/wp-json\/wp\/v2\/media?parent=19975"}],"wp:term":[{"taxonomy":"product_brand","embeddable":true,"href":"https:\/\/hi-techwonder.com\/es\/wp-json\/wp\/v2\/product_brand?post=19975"},{"taxonomy":"product_cat","embeddable":true,"href":"https:\/\/hi-techwonder.com\/es\/wp-json\/wp\/v2\/product_cat?post=19975"},{"taxonomy":"product_tag","embeddable":true,"href":"https:\/\/hi-techwonder.com\/es\/wp-json\/wp\/v2\/product_tag?post=19975"}],"curies":[{"name":"wp","href":"https:\/\/api.w.org\/{rel}","templated":true}]}}