{"id":20082,"date":"2025-07-24T09:12:42","date_gmt":"2025-07-24T09:12:42","guid":{"rendered":"https:\/\/fv6qoy3ls0.wpdns.site\/produto\/viltrox-bp-v150-bateria-150wh\/"},"modified":"2026-01-28T15:15:56","modified_gmt":"2026-01-28T15:15:56","slug":"viltrox-bp-v150-bateria-150wh","status":"publish","type":"product","link":"https:\/\/hi-techwonder.com\/es\/producto\/viltrox-bp-v150-bateria-150wh\/","title":{"rendered":"Viltrox BP-V150 Bater\u00eda 150Wh"},"content":{"rendered":"<h3><strong>Viltrox BP-V150 Bater\u00eda 150Wh<\/strong><\/h3>\n<p>La bater\u00eda BP-V150 es una bater\u00eda V-Mount de 150Wh. Est\u00e1 equipada con carga r\u00e1pida bidireccional BP65W, una pantalla LCD de carga, 9 capas de protecci\u00f3n y permite su uso con numerosas interfaces, todo ello en un cuerpo compacto y port\u00e1til.<\/p>\n<p>Admite varios tipos de interfaz, con varias salidas que aumentan su versatilidad, como E\/S D-Tap, E\/S USB-C y salida USB-A, lo que permite utilizarla como bater\u00eda V-Mount convencional o como Power Bank.<\/p>\n<p><img loading=\"lazy\" decoding=\"async\" class=\"alignnone size-full wp-image-30264\" src=\"https:\/\/hi-techwonder.com\/wp-content\/themes\/woodmart\/images\/lazy.svg\" data-src=\"https:\/\/viltrox.pt\/wp-content\/uploads\/2024\/01\/BP-150W.jpg\" sizes=\"auto, (max-width: 474px) 100vw, 474px\" srcset=\"\" data-srcset=\"https:\/\/viltrox.es\/wp-content\/uploads\/2024\/01\/BP-150W.jpg 474w, https:\/\/viltrox.es\/wp-content\/uploads\/2024\/01\/BP-150W-300x278.jpg 300w\" alt=\"\" width=\"474\" height=\"439\"><\/p>\n<p>Los circuitos integrados de alta calidad pueden mejorar eficazmente la tasa de conversi\u00f3n de carga, estabilizar la tensi\u00f3n de descarga y utilizar dispositivos de detecci\u00f3n de resistencia-capacitancia de alta precisi\u00f3n, que cargan mejor y duran m\u00e1s que las bater\u00edas est\u00e1ndar.<\/p>\n<p>La bater\u00eda de litio de montaje en V est\u00e1 equipada con una pantalla digital LED, que permite ver de forma intuitiva la energ\u00eda restante y controlar la corriente y el voltaje en tiempo real. Ya no tendr\u00e1s que preocuparte por los cortes de corriente en mitad del rodaje, y ser\u00e1 m\u00e1s f\u00e1cil salir a rodar.<\/p>\n<h5>Especificaciones<\/h5>\n<table>\n<tbody>\n<tr>\n<td width=\"283\">Capacidad<\/td>\n<td width=\"283\">150Wh<\/p>\n<p>10050mAh\/14.8V<\/td>\n<\/tr>\n<tr>\n<td width=\"283\">Carga r\u00e1pida<\/td>\n<td width=\"283\">PD65W bidireccional<\/td>\n<\/tr>\n<tr>\n<td width=\"283\">Tiempo de carga<\/td>\n<td width=\"283\">2.5 horas<\/td>\n<\/tr>\n<tr>\n<td width=\"283\">E\/S USB-C<\/td>\n<td width=\"283\">5V\/3A, 9V\/3A, 12V\/3A, 15V\/3A, 20V\/3.25A<\/td>\n<\/tr>\n<tr>\n<td width=\"283\">Salida USB-A<\/td>\n<td width=\"283\">5V\/3A, 9V\/2A, 12V\/1.5A (M\u00e1x.18W)<\/td>\n<\/tr>\n<tr>\n<td width=\"283\">Salida USB-C + USB-A<\/td>\n<td width=\"283\">5V\/5A<\/td>\n<\/tr>\n<tr>\n<td width=\"283\">Entrada D-Tap<\/td>\n<td width=\"283\">16.8V\/7A<\/td>\n<\/tr>\n<tr>\n<td width=\"283\">Salida D-Tap<\/td>\n<td width=\"283\">16.8V-11V\/14A<\/td>\n<\/tr>\n<tr>\n<td width=\"283\">Salida BP<\/td>\n<td width=\"283\">16.8V-11V\/14A<\/td>\n<\/tr>\n<tr>\n<td width=\"283\">Temperatura de carga<\/td>\n<td width=\"283\">0\u00ba-40\u00ba<\/td>\n<\/tr>\n<tr>\n<td width=\"283\">Temperatura de funcionamiento<\/td>\n<td width=\"283\">-20\u00ba-55\u00ba<\/td>\n<\/tr>\n<tr>\n<td width=\"283\">Dimensiones<\/td>\n<td width=\"283\">67 x 73 x 115mm<\/td>\n<\/tr>\n<tr>\n<td width=\"283\">Peso<\/td>\n<td width=\"283\">730g<\/td>\n<\/tr>\n<\/tbody>\n<\/table>\n","protected":false},"excerpt":{"rendered":"<ul>\n<li>Bater\u00eda V-Mount<\/li>\n<li>150Wh a 10050mAh\/14,8V<\/li>\n<li>Soporta varios tipos de interfaz<\/li>\n<li>Puede funcionar como Power Bank<\/li>\n<\/ul>\n","protected":false},"featured_media":20083,"comment_status":"closed","ping_status":"closed","template":"","meta":{"_acf_changed":false},"product_brand":[2544],"product_cat":[865],"product_tag":[],"class_list":{"0":"post-20082","1":"product","2":"type-product","3":"status-publish","4":"has-post-thumbnail","6":"product_brand-viltrox-es","7":"product_cat-v-mount-es","9":"first","10":"pre-order","11":"taxable","12":"shipping-taxable","13":"purchasable","14":"product-type-simple"},"bundled_by":[],"bundle_stock_status":"pre-order","bundle_stock_quantity":null,"bundle_virtual":false,"bundle_layout":"","bundle_add_to_cart_form_location":"","bundle_editable_in_cart":false,"bundle_sold_individually_context":"","bundle_item_grouping":"","bundle_min_size":"","bundle_max_size":"","bundle_price":[],"bundled_items":[],"bundle_sell_ids":[],"acf":[],"_links":{"self":[{"href":"https:\/\/hi-techwonder.com\/es\/wp-json\/wp\/v2\/product\/20082","targetHints":{"allow":["GET"]}}],"collection":[{"href":"https:\/\/hi-techwonder.com\/es\/wp-json\/wp\/v2\/product"}],"about":[{"href":"https:\/\/hi-techwonder.com\/es\/wp-json\/wp\/v2\/types\/product"}],"replies":[{"embeddable":true,"href":"https:\/\/hi-techwonder.com\/es\/wp-json\/wp\/v2\/comments?post=20082"}],"wp:featuredmedia":[{"embeddable":true,"href":"https:\/\/hi-techwonder.com\/es\/wp-json\/wp\/v2\/media\/20083"}],"wp:attachment":[{"href":"https:\/\/hi-techwonder.com\/es\/wp-json\/wp\/v2\/media?parent=20082"}],"wp:term":[{"taxonomy":"product_brand","embeddable":true,"href":"https:\/\/hi-techwonder.com\/es\/wp-json\/wp\/v2\/product_brand?post=20082"},{"taxonomy":"product_cat","embeddable":true,"href":"https:\/\/hi-techwonder.com\/es\/wp-json\/wp\/v2\/product_cat?post=20082"},{"taxonomy":"product_tag","embeddable":true,"href":"https:\/\/hi-techwonder.com\/es\/wp-json\/wp\/v2\/product_tag?post=20082"}],"curies":[{"name":"wp","href":"https:\/\/api.w.org\/{rel}","templated":true}]}}