{"id":20102,"date":"2025-07-24T09:12:42","date_gmt":"2025-07-24T09:12:42","guid":{"rendered":"https:\/\/fv6qoy3ls0.wpdns.site\/produto\/viltrox-tnp-fw50-1030mah-bateria-para-sony\/"},"modified":"2026-04-27T12:19:12","modified_gmt":"2026-04-27T11:19:12","slug":"viltrox-np-fw50-1030mah-bateria-sony","status":"publish","type":"product","link":"https:\/\/hi-techwonder.com\/es\/producto\/viltrox-np-fw50-1030mah-bateria-sony\/","title":{"rendered":"Viltrox TNP-FW50 1030mAh Bater\u00eda para Sony"},"content":{"rendered":"<h3>Viltrox TNP-FW50 1030mAh Bater\u00eda para Sony<\/h3>\n<p>La bater\u00eda TNP-FW50 1030mAh es una bater\u00eda de repuesto para la NP-FW50, para c\u00e1maras Sony compatibles.<\/p>\n<p>Esta bater\u00eda tiene un voltaje de 7,4V y 7,6Wh.<\/p>\n<p>Compatible con carga USB-C, a trav\u00e9s de una entrada en la bater\u00eda.<\/p>\n","protected":false},"excerpt":{"rendered":"<ul>\n<li>Bater\u00eda de repuesto para c\u00e1maras Sony compatibles<\/li>\n<li>1030mAh, 7.4V y 7.6Wh<\/li>\n<li>Dispone de puerto USB-C<\/li>\n<\/ul>\n","protected":false},"featured_media":14930,"comment_status":"closed","ping_status":"closed","template":"","meta":{"_acf_changed":false},"product_brand":[2544],"product_cat":[864],"product_tag":[],"class_list":{"0":"post-20102","1":"product","2":"type-product","3":"status-publish","4":"has-post-thumbnail","6":"product_brand-viltrox-es","7":"product_cat-sony-es","9":"first","10":"pre-order","11":"taxable","12":"shipping-taxable","13":"purchasable","14":"product-type-simple"},"bundled_by":[],"bundle_stock_status":"pre-order","bundle_stock_quantity":null,"bundle_virtual":false,"bundle_layout":"","bundle_add_to_cart_form_location":"","bundle_editable_in_cart":false,"bundle_sold_individually_context":"","bundle_item_grouping":"","bundle_min_size":"","bundle_max_size":"","bundle_price":[],"bundled_items":[],"bundle_sell_ids":[],"acf":[],"_links":{"self":[{"href":"https:\/\/hi-techwonder.com\/es\/wp-json\/wp\/v2\/product\/20102","targetHints":{"allow":["GET"]}}],"collection":[{"href":"https:\/\/hi-techwonder.com\/es\/wp-json\/wp\/v2\/product"}],"about":[{"href":"https:\/\/hi-techwonder.com\/es\/wp-json\/wp\/v2\/types\/product"}],"replies":[{"embeddable":true,"href":"https:\/\/hi-techwonder.com\/es\/wp-json\/wp\/v2\/comments?post=20102"}],"wp:featuredmedia":[{"embeddable":true,"href":"https:\/\/hi-techwonder.com\/es\/wp-json\/wp\/v2\/media\/14930"}],"wp:attachment":[{"href":"https:\/\/hi-techwonder.com\/es\/wp-json\/wp\/v2\/media?parent=20102"}],"wp:term":[{"taxonomy":"product_brand","embeddable":true,"href":"https:\/\/hi-techwonder.com\/es\/wp-json\/wp\/v2\/product_brand?post=20102"},{"taxonomy":"product_cat","embeddable":true,"href":"https:\/\/hi-techwonder.com\/es\/wp-json\/wp\/v2\/product_cat?post=20102"},{"taxonomy":"product_tag","embeddable":true,"href":"https:\/\/hi-techwonder.com\/es\/wp-json\/wp\/v2\/product_tag?post=20102"}],"curies":[{"name":"wp","href":"https:\/\/api.w.org\/{rel}","templated":true}]}}