{"id":20105,"date":"2025-07-24T09:12:42","date_gmt":"2025-07-24T09:12:42","guid":{"rendered":"https:\/\/fv6qoy3ls0.wpdns.site\/produto\/viltrox-tlp-e6-2400mah-bateria-p-canon\/"},"modified":"2026-04-27T12:19:11","modified_gmt":"2026-04-27T11:19:11","slug":"viltrox-tlp-e6-2400mah-bateria-canon","status":"publish","type":"product","link":"https:\/\/hi-techwonder.com\/es\/producto\/viltrox-tlp-e6-2400mah-bateria-canon\/","title":{"rendered":"Viltrox TLP-E6 2400mAh Bater\u00eda p\/Canon"},"content":{"rendered":"<h3><strong>Viltrox TLP-E6 2400mAh <\/strong><strong>Bater\u00eda <\/strong><strong>p\/Canon<\/strong><\/h3>\n<p>La bater\u00eda TLP-E6 2400mAh es una bater\u00eda de repuesto para la LP-E6, para c\u00e1maras Canon compatibles.<\/p>\n<p>Esta bater\u00eda tiene un voltaje de 7,4V y 16.8Wh.<\/p>\n<p>Compatible con carga USB-C, a trav\u00e9s de una entrada en la bater\u00eda.<\/p>\n","protected":false},"excerpt":{"rendered":"<ul>\n<li>Bater\u00eda de repuesto para c\u00e1maras Canon compatibles<\/li>\n<li>1030mAh, 7.4V y 16.8Wh<\/li>\n<li>Dispone de puerto USB-C<\/li>\n<\/ul>\n","protected":false},"featured_media":14933,"comment_status":"closed","ping_status":"closed","template":"","meta":{"_acf_changed":false},"product_brand":[2544],"product_cat":[856],"product_tag":[],"class_list":{"0":"post-20105","1":"product","2":"type-product","3":"status-publish","4":"has-post-thumbnail","6":"product_brand-viltrox-es","7":"product_cat-canon-es","9":"first","10":"instock","11":"taxable","12":"shipping-taxable","13":"purchasable","14":"product-type-simple"},"bundled_by":[],"bundle_stock_status":"instock","bundle_stock_quantity":1,"bundle_virtual":false,"bundle_layout":"","bundle_add_to_cart_form_location":"","bundle_editable_in_cart":false,"bundle_sold_individually_context":"","bundle_item_grouping":"","bundle_min_size":"","bundle_max_size":"","bundle_price":[],"bundled_items":[],"bundle_sell_ids":[],"acf":[],"_links":{"self":[{"href":"https:\/\/hi-techwonder.com\/es\/wp-json\/wp\/v2\/product\/20105","targetHints":{"allow":["GET"]}}],"collection":[{"href":"https:\/\/hi-techwonder.com\/es\/wp-json\/wp\/v2\/product"}],"about":[{"href":"https:\/\/hi-techwonder.com\/es\/wp-json\/wp\/v2\/types\/product"}],"replies":[{"embeddable":true,"href":"https:\/\/hi-techwonder.com\/es\/wp-json\/wp\/v2\/comments?post=20105"}],"wp:featuredmedia":[{"embeddable":true,"href":"https:\/\/hi-techwonder.com\/es\/wp-json\/wp\/v2\/media\/14933"}],"wp:attachment":[{"href":"https:\/\/hi-techwonder.com\/es\/wp-json\/wp\/v2\/media?parent=20105"}],"wp:term":[{"taxonomy":"product_brand","embeddable":true,"href":"https:\/\/hi-techwonder.com\/es\/wp-json\/wp\/v2\/product_brand?post=20105"},{"taxonomy":"product_cat","embeddable":true,"href":"https:\/\/hi-techwonder.com\/es\/wp-json\/wp\/v2\/product_cat?post=20105"},{"taxonomy":"product_tag","embeddable":true,"href":"https:\/\/hi-techwonder.com\/es\/wp-json\/wp\/v2\/product_tag?post=20105"}],"curies":[{"name":"wp","href":"https:\/\/api.w.org\/{rel}","templated":true}]}}