{"id":20115,"date":"2025-07-24T09:08:31","date_gmt":"2025-07-24T09:08:31","guid":{"rendered":"https:\/\/fv6qoy3ls0.wpdns.site\/produto\/viltrox-vl-s192t-panel-led-bicolor\/"},"modified":"2026-02-19T16:36:24","modified_gmt":"2026-02-19T16:36:24","slug":"viltrox-vl-s192t-panel-led-bicolor","status":"publish","type":"product","link":"https:\/\/hi-techwonder.com\/es\/producto\/viltrox-vl-s192t-panel-led-bicolor\/","title":{"rendered":"Viltrox VL-S192T Panel LED Bicolor"},"content":{"rendered":"<h3><strong>Viltrox VL-S192T Panel LED Bicolor<\/strong><\/h3>\n<p>El econ\u00f3mico panel LED bicolor VL-S192T de 28,6 x 19 x 3,2 cm de Viltrox es una gran elecci\u00f3n para v\u00eddeo, retratos, productos y comercio electr\u00f3nico. La temperatura de color de la luz puede variar de 3300 a 5600K de forma continua para adaptarse a las condiciones de luz ambiental, combinarse con otros iluminadores o simplemente para la expresi\u00f3n creativa. Tiene un \u00edndice CRI de 95, lo que indica precisi\u00f3n en la reproducci\u00f3n del color. La intensidad de la luz tambi\u00e9n es variable y puedes ajustar el color o la intensidad en el panel, pero tambi\u00e9n puedes hacerlo a distancia mediante el mando a distancia inal\u00e1mbrico incluido.<\/p>\n<p>El panel VL-192T est\u00e1 listo para su uso en todo el mundo gracias al adaptador de 100 a 240 VCA incluido, pero tambi\u00e9n puede funcionar con dos bater\u00edas NP-F compradas por separado cuando no hay energ\u00eda el\u00e9ctrica disponible.<\/p>\n<p><em>150% Incremento a corto plazo<\/em><\/p>\n<p>El panel tiene una funci\u00f3n a corto plazo en la que proporciona una salida del 150 % (75 W\/5400 lm). Esto es fant\u00e1stico para fotos o videos cortos en los que necesita un poco de luz adicional durante 15 a 20 segundos. Si bien no es \u00fatil para una entrevista, cuando est\u00e1 filmando material secundario o en c\u00e1mara lenta, \u00a1todo lo que necesita son 15 a 20 segundos!<\/p>\n<p><img loading=\"lazy\" decoding=\"async\" class=\"alignnone wp-image-30408\" src=\"https:\/\/hi-techwonder.com\/wp-content\/themes\/woodmart\/images\/lazy.svg\" data-src=\"https:\/\/viltrox.pt\/wp-content\/uploads\/2023\/09\/Viltrox-VL-S192T-Painel-LED-Kit-Duo-2-1024x1024.jpg\" alt=\"\" width=\"600\" height=\"600\"><\/p>\n<h5>En la caja:<\/h5>\n<ul>\n<li>Panel LED Viltrox VL-S192T<\/li>\n<li>Difusor Blanco Transl\u00facido<\/li>\n<li>Soporte con adaptador de espiga<\/li>\n<li>Cables de alimentaci\u00f3n (AC100-240V~50\/60Hz)<\/li>\n<li>Control remoto<\/li>\n<\/ul>\n<h5>Especificaciones:<\/h5>\n<p><em>L\u00e1mpara<\/em><\/p>\n<table width=\"633\">\n<tbody>\n<tr>\n<td width=\"246\"><strong>Tipo de Art\u00edculo<\/strong><\/td>\n<td width=\"388\"><strong>1 x\u00a0 <\/strong>Panel de luz LED<\/td>\n<\/tr>\n<tr>\n<td width=\"246\"><strong>Caja de Almacenamiento Incluida<\/strong><\/td>\n<td width=\"388\">Ninguno<\/td>\n<\/tr>\n<tr>\n<td width=\"246\"><strong>L\u00famenes<\/strong><\/td>\n<td width=\"388\">4700 (a 4400K)<\/td>\n<\/tr>\n<tr>\n<td width=\"246\"><strong>Fotometr\u00eda<\/strong><\/td>\n<td width=\"388\">325\u00a0fc \/ 3500\u00a0Lux a 1 m*<\/p>\n<p><em>*<\/em> <em>Medidas est\u00e1ndar proporcionadas por el fabricante.<\/em><\/td>\n<\/tr>\n<tr>\n<td width=\"246\"><strong>Temperatura del Color<\/strong><\/td>\n<td width=\"388\">3300K a 5600K<\/td>\n<\/tr>\n<tr>\n<td width=\"246\"><strong>Est\u00e1ndar de Precisi\u00f3n de Color<\/strong><\/td>\n<td width=\"388\">CRI 95<\/td>\n<\/tr>\n<tr>\n<td width=\"246\"><strong>Sistema de Refrigeraci\u00f3n<\/strong><\/td>\n<td width=\"388\">Pasivo<\/td>\n<\/tr>\n<tr>\n<td width=\"246\"><strong>Oscurecimiento<\/strong><\/td>\n<td width=\"388\">Si, Dimmer Incorporado<\/p>\n<p>20 to 100%<\/td>\n<\/tr>\n<tr>\n<td width=\"246\"><strong>Flash Incorporado<\/strong><\/td>\n<td width=\"388\">No<\/td>\n<\/tr>\n<tr>\n<td width=\"246\"><strong>Montura para Paragua<\/strong><\/td>\n<td width=\"388\">No<\/td>\n<\/tr>\n<tr>\n<td width=\"246\"><strong>Montura de Accesorios Delanteros<\/strong><\/td>\n<td width=\"388\">Proprietario<\/td>\n<\/tr>\n<\/tbody>\n<\/table>\n<p><em>\u00a0<\/em><em>Conectividad<\/em><\/p>\n<table width=\"636\">\n<tbody>\n<tr>\n<td width=\"246\"><strong>Tipo de Control Remoto<\/strong><\/td>\n<td width=\"390\">Radio\/RF (Comando Remoto Incluido)<\/td>\n<\/tr>\n<\/tbody>\n<\/table>\n<p><em>\u00a0<\/em><em>Energ\u00eda, E\/S<\/em><\/p>\n<table width=\"633\">\n<tbody>\n<tr>\n<td width=\"246\"><strong>Fuente de Energ\u00eda<\/strong><\/td>\n<td width=\"388\">Adaptador AC para DC (Incluido)<\/p>\n<p>Bater\u00eda (no incluida)<\/td>\n<\/tr>\n<tr>\n<td width=\"246\"><strong>Entradas\/Salidas<\/strong><\/td>\n<td width=\"388\"><strong>1 x\u00a0<\/strong>Entrada de alimentaci\u00f3n cil\u00edndrica\/coaxial (18 VDC a 3.5 A)<\/td>\n<\/tr>\n<tr>\n<td width=\"246\"><strong>Tipo de placa de bater\u00eda<\/strong><\/td>\n<td width=\"388\">2 x Sony L-Series \/ NP-F (integrado)<\/td>\n<\/tr>\n<tr>\n<td width=\"246\"><strong>Bater\u00eda<\/strong><\/td>\n<td width=\"388\"><strong>2 x<\/strong> recargables (no incluidas)<\/td>\n<\/tr>\n<tr>\n<td width=\"246\"><strong>Entrada de Energia AC<\/strong><\/td>\n<td width=\"388\">100 hasta 240 VAC, 50 \/ 60 Hz<\/td>\n<\/tr>\n<tr>\n<td width=\"246\"><strong>Entrada de Energ\u00eda DC <\/strong><\/td>\n<td width=\"388\">18 VDC a 2 A<\/td>\n<\/tr>\n<tr>\n<td width=\"246\"><strong>Adaptador\/ Cable Incluido<\/strong><\/td>\n<td width=\"388\"><strong>1 x\u00a0 <\/strong>Enchufe Edison para Adaptador cil\u00edndrica\/coaxial AC<\/p>\n<p>para DC<\/td>\n<\/tr>\n<tr>\n<td width=\"246\"><strong>Interruptor en L\u00ednea<\/strong><\/td>\n<td width=\"388\">No<\/td>\n<\/tr>\n<tr>\n<td width=\"246\"><strong>Power Pass-Thru<\/strong><\/td>\n<td width=\"388\">No<\/td>\n<\/tr>\n<\/tbody>\n<\/table>\n<p><em>\u00a0<\/em><em>Montura<\/em><\/p>\n<table width=\"631\">\n<tbody>\n<tr>\n<td width=\"246\"><strong>Montura da Fijaci\u00f3n<\/strong><\/td>\n<td width=\"386\"><strong>1 x <\/strong>Rosca hembra de 5\/8&#8243; (en el adaptador de soporte)<\/td>\n<\/tr>\n<\/tbody>\n<\/table>\n<p><em>\u00a0<\/em><em>General<\/em><\/p>\n<table width=\"635\">\n<tbody>\n<tr>\n<td width=\"246\"><strong>Display<\/strong><\/td>\n<td width=\"389\">LCD<\/td>\n<\/tr>\n<tr>\n<td width=\"246\"><strong>Dimensiones<\/strong><\/td>\n<td width=\"389\">28.6 x 19 x 3.2 cm<\/td>\n<\/tr>\n<tr>\n<td width=\"246\"><strong>Peso<\/strong><\/td>\n<td width=\"389\">0,77 kg<\/td>\n<\/tr>\n<\/tbody>\n<\/table>\n","protected":false},"excerpt":{"rendered":"<ul>\n<li>Medidas 28,6 x 19 x 3,2 cm<\/li>\n<li>Temperatura de color 3300-5600K, CRI 95<\/li>\n<li>20-100% atenuaci\u00f3n, panel flexible<\/li>\n<li>Incluye adaptador de 100-240 VCA<\/li>\n<li>2 bater\u00edas NP-F opcionales<\/li>\n<li>Control remoto inal\u00e1mbrico de 2,4 GHz<\/li>\n<\/ul>\n","protected":false},"featured_media":14153,"comment_status":"closed","ping_status":"closed","template":"","meta":{"_acf_changed":false},"product_brand":[2544],"product_cat":[998],"product_tag":[],"class_list":{"0":"post-20115","1":"product","2":"type-product","3":"status-publish","4":"has-post-thumbnail","6":"product_brand-viltrox-es","7":"product_cat-paneles-es","9":"first","10":"instock","11":"taxable","12":"shipping-taxable","13":"purchasable","14":"product-type-simple"},"bundled_by":[],"bundle_stock_status":"instock","bundle_stock_quantity":3,"bundle_virtual":false,"bundle_layout":"","bundle_add_to_cart_form_location":"","bundle_editable_in_cart":false,"bundle_sold_individually_context":"","bundle_item_grouping":"","bundle_min_size":"","bundle_max_size":"","bundle_price":[],"bundled_items":[],"bundle_sell_ids":[],"acf":[],"_links":{"self":[{"href":"https:\/\/hi-techwonder.com\/es\/wp-json\/wp\/v2\/product\/20115","targetHints":{"allow":["GET"]}}],"collection":[{"href":"https:\/\/hi-techwonder.com\/es\/wp-json\/wp\/v2\/product"}],"about":[{"href":"https:\/\/hi-techwonder.com\/es\/wp-json\/wp\/v2\/types\/product"}],"replies":[{"embeddable":true,"href":"https:\/\/hi-techwonder.com\/es\/wp-json\/wp\/v2\/comments?post=20115"}],"wp:featuredmedia":[{"embeddable":true,"href":"https:\/\/hi-techwonder.com\/es\/wp-json\/wp\/v2\/media\/14153"}],"wp:attachment":[{"href":"https:\/\/hi-techwonder.com\/es\/wp-json\/wp\/v2\/media?parent=20115"}],"wp:term":[{"taxonomy":"product_brand","embeddable":true,"href":"https:\/\/hi-techwonder.com\/es\/wp-json\/wp\/v2\/product_brand?post=20115"},{"taxonomy":"product_cat","embeddable":true,"href":"https:\/\/hi-techwonder.com\/es\/wp-json\/wp\/v2\/product_cat?post=20115"},{"taxonomy":"product_tag","embeddable":true,"href":"https:\/\/hi-techwonder.com\/es\/wp-json\/wp\/v2\/product_tag?post=20115"}],"curies":[{"name":"wp","href":"https:\/\/api.w.org\/{rel}","templated":true}]}}