{"id":20152,"date":"2025-07-24T09:13:55","date_gmt":"2025-07-24T09:13:55","guid":{"rendered":"https:\/\/fv6qoy3ls0.wpdns.site\/produto\/viltrox-bateria-np-f970-6600mah\/"},"modified":"2026-04-21T08:33:18","modified_gmt":"2026-04-21T07:33:18","slug":"viltrox-bateria-np-f970-6600mah","status":"publish","type":"product","link":"https:\/\/hi-techwonder.com\/es\/producto\/viltrox-bateria-np-f970-6600mah\/","title":{"rendered":"Viltrox Bater\u00eda NP-F970 6600mAh"},"content":{"rendered":"<h3><strong>Viltrox Bater\u00eda NP-F970 6600mAh<\/strong><\/h3>\n<p>Alimente sus luces y accesorios con esta bater\u00eda de iones de litio blanca NP-F970 serie L de Viltrox. Esta bater\u00eda de iones de litio NP-F970 serie L proporciona una carga de larga duraci\u00f3n que se puede recargar en aproximadamente 7 horas. La bater\u00eda se carga en un cargador est\u00e1ndar de la serie L o utilizando la entrada USB de 5 V y 2 A. Dispone de un indicador de estado LED brillante para mostrar cu\u00e1ndo la bater\u00eda se est\u00e1 cargando o est\u00e1 llena.<\/p>\n<p>Esta bater\u00eda de repuesto de alta calidad est\u00e1 dise\u00f1ada para ser una fuente de alimentaci\u00f3n fiable y eficiente para sus bater\u00edas Sony NP-F550 F570 F750 F770 F950 F960 F970, garantizando que su equipo de iluminaci\u00f3n permanezca iluminado durante todo el rodaje. Tiene una capacidad total de 48,84 Wh.<\/p>\n<p><img loading=\"lazy\" decoding=\"async\" class=\"alignnone wp-image-30494\" src=\"https:\/\/hi-techwonder.com\/wp-content\/themes\/woodmart\/images\/lazy.svg\" data-src=\"https:\/\/viltrox.pt\/wp-content\/uploads\/2024\/01\/Viltrox-Bateria-NP-F550.jpg\" alt=\"\" width=\"600\" height=\"600\"><\/p>\n<h5>Especificaciones:<\/h5>\n<div class=\"a-column a-span6\">\n<table class=\"a-bordered a-horizontal-stripes aplus-tech-spec-table\" style=\"height: 169px;\" width=\"397\">\n<tbody>\n<tr>\n<td class=\"a-text-bold\">Modelo<\/td>\n<td>NF-F970<\/td>\n<\/tr>\n<tr>\n<td class=\"a-text-bold\">Capacidad<\/td>\n<td>6600mAh<\/p>\n<p>48,84 Wh<\/td>\n<\/tr>\n<tr>\n<td class=\"a-text-bold\">Tensi\u00f3n<\/td>\n<td>7.4V<\/td>\n<\/tr>\n<tr>\n<td class=\"a-text-bold\">Entrada tipo C<\/td>\n<td>5V\/2A<\/td>\n<\/tr>\n<tr>\n<td class=\"a-text-bold\">Cargador Tensi\u00f3n de carga<\/td>\n<td>8.4V<\/td>\n<\/tr>\n<\/tbody>\n<\/table>\n<\/div>\n<div class=\"a-column a-span6 a-span-last\">\n<table class=\"a-bordered a-horizontal-stripes aplus-tech-spec-table\" style=\"height: 151px;\" width=\"396\">\n<tbody>\n<tr>\n<td class=\"a-text-bold\">Material<\/td>\n<td>ABS<\/td>\n<\/tr>\n<tr>\n<td class=\"a-text-bold\">Temperatura de carga<\/td>\n<td>0~45\u00b0<\/td>\n<\/tr>\n<tr>\n<td class=\"a-text-bold\">Temperatura de descarga<\/td>\n<td>-20~60\u00b0<\/td>\n<\/tr>\n<tr>\n<td class=\"a-text-bold\">Dimensiones<\/td>\n<td>62.5&#215;38.5x71mm<\/td>\n<\/tr>\n<tr>\n<td class=\"a-text-bold\">Peso<\/td>\n<td>~290g<\/td>\n<\/tr>\n<\/tbody>\n<\/table>\n<\/div>\n","protected":false},"excerpt":{"rendered":"<ul>\n<li>Bater\u00eda tipo NP-F para luces\/accesorios<\/li>\n<li>Bater\u00eda ligera de iones de litio de la serie L<\/li>\n<li>Se carga en aproximadamente 7 horas<\/li>\n<li>Entrada USB de 5 V para la carga<\/li>\n<li>Indicador LED de carga<\/li>\n<\/ul>\n","protected":false},"featured_media":14984,"comment_status":"closed","ping_status":"closed","template":"","meta":{"_acf_changed":false},"product_brand":[2544],"product_cat":[864],"product_tag":[],"class_list":{"0":"post-20152","1":"product","2":"type-product","3":"status-publish","4":"has-post-thumbnail","6":"product_brand-viltrox-es","7":"product_cat-sony-es","9":"first","10":"instock","11":"taxable","12":"shipping-taxable","13":"purchasable","14":"product-type-simple"},"bundled_by":[],"bundle_stock_status":"instock","bundle_stock_quantity":2,"bundle_virtual":false,"bundle_layout":"","bundle_add_to_cart_form_location":"","bundle_editable_in_cart":false,"bundle_sold_individually_context":"","bundle_item_grouping":"","bundle_min_size":"","bundle_max_size":"","bundle_price":[],"bundled_items":[],"bundle_sell_ids":[],"acf":[],"_links":{"self":[{"href":"https:\/\/hi-techwonder.com\/es\/wp-json\/wp\/v2\/product\/20152","targetHints":{"allow":["GET"]}}],"collection":[{"href":"https:\/\/hi-techwonder.com\/es\/wp-json\/wp\/v2\/product"}],"about":[{"href":"https:\/\/hi-techwonder.com\/es\/wp-json\/wp\/v2\/types\/product"}],"replies":[{"embeddable":true,"href":"https:\/\/hi-techwonder.com\/es\/wp-json\/wp\/v2\/comments?post=20152"}],"wp:featuredmedia":[{"embeddable":true,"href":"https:\/\/hi-techwonder.com\/es\/wp-json\/wp\/v2\/media\/14984"}],"wp:attachment":[{"href":"https:\/\/hi-techwonder.com\/es\/wp-json\/wp\/v2\/media?parent=20152"}],"wp:term":[{"taxonomy":"product_brand","embeddable":true,"href":"https:\/\/hi-techwonder.com\/es\/wp-json\/wp\/v2\/product_brand?post=20152"},{"taxonomy":"product_cat","embeddable":true,"href":"https:\/\/hi-techwonder.com\/es\/wp-json\/wp\/v2\/product_cat?post=20152"},{"taxonomy":"product_tag","embeddable":true,"href":"https:\/\/hi-techwonder.com\/es\/wp-json\/wp\/v2\/product_tag?post=20152"}],"curies":[{"name":"wp","href":"https:\/\/api.w.org\/{rel}","templated":true}]}}