{"id":20551,"date":"2025-07-24T09:23:48","date_gmt":"2025-07-24T09:23:48","guid":{"rendered":"https:\/\/fv6qoy3ls0.wpdns.site\/produto\/viltrox-af-56mm-f-1-7-air-e-z-xf\/"},"modified":"2026-04-29T15:55:40","modified_gmt":"2026-04-29T14:55:40","slug":"viltrox-af-56mm-f-1-7-air-e-z-xf","status":"publish","type":"product","link":"https:\/\/hi-techwonder.com\/es\/producto\/viltrox-af-56mm-f-1-7-air-e-z-xf\/","title":{"rendered":"Viltrox AF 56mm f\/1.7 Air"},"content":{"rendered":"<h3>Viltrox AF 56mm f\/1.7 Air E | Z | XF<\/h3>\n<figure id=\"attachment_31088\" class=\"wp-caption alignnone\" aria-describedby=\"caption-attachment-31088\"><img loading=\"lazy\" decoding=\"async\" class=\"wp-image-31088\" src=\"https:\/\/hi-techwonder.com\/wp-content\/themes\/woodmart\/images\/lazy.svg\" data-src=\"https:\/\/viltrox.pt\/wp-content\/uploads\/2024\/04\/DSCF3205-1024x683.jpeg\" sizes=\"auto, (max-width: 752px) 100vw, 752px\" srcset=\"\" data-srcset=\"https:\/\/viltrox.es\/wp-content\/uploads\/2024\/04\/DSCF3205-1024x683.jpeg 1024w, https:\/\/viltrox.es\/wp-content\/uploads\/2024\/04\/DSCF3205-300x200.jpeg 300w, https:\/\/viltrox.es\/wp-content\/uploads\/2024\/04\/DSCF3205-768x512.jpeg 768w, https:\/\/viltrox.es\/wp-content\/uploads\/2024\/04\/DSCF3205-1536x1024.jpeg 1536w, https:\/\/viltrox.es\/wp-content\/uploads\/2024\/04\/DSCF3205-2048x1365.jpeg 2048w, https:\/\/viltrox.es\/wp-content\/uploads\/2024\/04\/DSCF3205-270x180.jpeg 270w, https:\/\/viltrox.es\/wp-content\/uploads\/2024\/04\/DSCF3205-600x400.jpeg 600w\" alt=\"\" width=\"752\" height=\"501\"><\/figure>\n<p>Presentamos el nuevo objetivo Viltrox AF 56mm f\/1.7 XF | Z | E, dise\u00f1ado para c\u00e1maras con sensores APS-C y Montura Fuji X, Nikon Z o Sony E. El objetivo es compatible con el enfoque autom\u00e1tico adecuado para la montura X, Z o E, con un silencioso y preciso motor STM que permite un enfoque r\u00e1pido y suave, y tiene una r\u00e1pida apertura de f\/1,7 que permite trabajar en situaciones de poca luz y aislar perfectamente el sujeto del fondo.<\/p>\n<p>Tiene un dise\u00f1o \u00f3ptico con 11 elementos en 9 grupos, de los cuales 4 lentes ED y 3 lentes de alto \u00edndice de refracci\u00f3n, para reducir las aberraciones crom\u00e1ticas y mantener una alta fidelidad del color. Su peque\u00f1o tama\u00f1o y su peso ligero hacen de este objetivo el compa\u00f1ero de viaje perfecto. Adem\u00e1s, tiene una distancia m\u00ednima de enfoque de 55 cm.<\/p>\n<p><img loading=\"lazy\" decoding=\"async\" class=\"alignnone wp-image-99690\" src=\"https:\/\/hi-techwonder.com\/wp-content\/themes\/woodmart\/images\/lazy.svg\" data-src=\"https:\/\/hi-techwonder.com\/wp-content\/uploads\/2025\/07\/DSC3658-scaled.jpeg\" alt=\"\" width=\"752\" height=\"501\" srcset=\"\" data-srcset=\"https:\/\/hi-techwonder.com\/wp-content\/uploads\/2025\/07\/DSC3658-scaled.jpeg 2560w, https:\/\/hi-techwonder.com\/wp-content\/uploads\/2025\/07\/DSC3658-300x200.jpeg 300w, https:\/\/hi-techwonder.com\/wp-content\/uploads\/2025\/07\/DSC3658-1024x683.jpeg 1024w, https:\/\/hi-techwonder.com\/wp-content\/uploads\/2025\/07\/DSC3658-768x512.jpeg 768w, https:\/\/hi-techwonder.com\/wp-content\/uploads\/2025\/07\/DSC3658-1536x1024.jpeg 1536w, https:\/\/hi-techwonder.com\/wp-content\/uploads\/2025\/07\/DSC3658-2048x1365.jpeg 2048w, https:\/\/hi-techwonder.com\/wp-content\/uploads\/2025\/07\/DSC3658-1200x800.jpeg 1200w, https:\/\/hi-techwonder.com\/wp-content\/uploads\/2025\/07\/DSC3658-150x100.jpeg 150w\" sizes=\"auto, (max-width: 752px) 100vw, 752px\" \/><\/p>\n<h4>Caracter\u00edsticas principales<\/h4>\n<ul>\n<li>Objetivo de focal fija dise\u00f1ado para c\u00e1maras con sensor APS-C y montura Fuji X, Nikon Z o Sony E<\/li>\n<li>La luminosa abertura m\u00e1xima de f\/1,7 favorece el trabajo en condiciones de iluminaci\u00f3n dif\u00edciles y tambi\u00e9n ofrece un amplio control sobre la posici\u00f3n de enfoque cuando se utilizan t\u00e9cnicas de poca profundidad de campo.<\/li>\n<li>Cuatro elementos de dispersi\u00f3n extrabaja y tres elementos de alto \u00edndice de refracci\u00f3n ayudan a reducir diversas aberraciones para producir im\u00e1genes bien corregidas con colores precisos y sin franjas de color.<\/li>\n<li>Con un revestimiento del objetivo que garantiza la protecci\u00f3n contra el polvo y la humedad en el elemento frontal<\/li>\n<li>El motor de enfoque autom\u00e1tico STM ofrece un rendimiento de enfoque preciso y silencioso y una distancia m\u00ednima de enfoque de 55 cm.<\/li>\n<li>Los contactos electr\u00f3nicos transmiten datos Exif, adem\u00e1s de permitir la selecci\u00f3n del diafragma basada en la c\u00e1mara. Adem\u00e1s, un puerto USB-C integrado permite actualizar el firmware del objetivo.<\/li>\n<li>El diafragma de nueve Hojas contribuye a una agradable calidad bokeh.<\/li>\n<li>El parasol incluido protege el elemento frontal de la luz par\u00e1sita que provoca reflejos y tambi\u00e9n ofrece cierta protecci\u00f3n f\u00edsica adicional.<\/li>\n<\/ul>\n<figure id=\"attachment_31130\" class=\"wp-caption alignnone\" aria-describedby=\"caption-attachment-31130\"><img loading=\"lazy\" decoding=\"async\" class=\"wp-image-31130\" src=\"https:\/\/hi-techwonder.com\/wp-content\/themes\/woodmart\/images\/lazy.svg\" data-src=\"https:\/\/viltrox.pt\/wp-content\/uploads\/2024\/04\/WechatIMG305-1024x576.jpg\" sizes=\"auto, (max-width: 752px) 100vw, 752px\" srcset=\"\" data-srcset=\"https:\/\/viltrox.es\/wp-content\/uploads\/2024\/04\/WechatIMG305-1024x576.jpg 1024w, https:\/\/viltrox.es\/wp-content\/uploads\/2024\/04\/WechatIMG305-300x169.jpg 300w, https:\/\/viltrox.es\/wp-content\/uploads\/2024\/04\/WechatIMG305-768x432.jpg 768w, https:\/\/viltrox.es\/wp-content\/uploads\/2024\/04\/WechatIMG305-1536x864.jpg 1536w, https:\/\/viltrox.es\/wp-content\/uploads\/2024\/04\/WechatIMG305-2048x1152.jpg 2048w, https:\/\/viltrox.es\/wp-content\/uploads\/2024\/04\/WechatIMG305-600x337.jpg 600w\" alt=\"\" width=\"752\" height=\"423\"><\/figure>\n<h4>Especificaciones:<\/h4>\n<table width=\"677\">\n<tbody>\n<tr>\n<td width=\"292\">Distancia focal<\/td>\n<td width=\"292\">56 mm (equivalente en Full Frame: 84 mm)<\/td>\n<\/tr>\n<tr>\n<td width=\"292\">Apertura m\u00e1xima<\/td>\n<td width=\"292\">f\/1.7<\/td>\n<\/tr>\n<tr>\n<td width=\"292\">Apertura M\u00ednima<\/td>\n<td width=\"292\">f\/16<\/td>\n<\/tr>\n<tr>\n<td width=\"292\">Montura<\/td>\n<td width=\"292\">Fuji X | Nikon Z | Sony E<\/td>\n<\/tr>\n<tr>\n<td width=\"292\">Cobertura del formato del objetivo<\/td>\n<td width=\"292\">APS-C<\/td>\n<\/tr>\n<tr>\n<td width=\"292\">\u00c1ngulo de visi\u00f3n<\/td>\n<td width=\"292\">29.8\u00b0<\/td>\n<\/tr>\n<tr>\n<td width=\"292\">Distancia m\u00ednima de enfoque<\/td>\n<td width=\"292\">55 cm<\/td>\n<\/tr>\n<tr>\n<td width=\"292\">Amplia\u00e7\u00e3o m\u00e1xima<\/td>\n<td width=\"292\">0,11x<\/td>\n<\/tr>\n<tr>\n<td width=\"292\">Dise\u00f1o \u00f3ptico<\/td>\n<td width=\"292\">11 elementos en 9 grupos<\/td>\n<\/tr>\n<tr>\n<td width=\"292\">Hojas de diafragma<\/td>\n<td width=\"292\">9<\/td>\n<\/tr>\n<tr>\n<td width=\"292\">Tipo de enfoque<\/td>\n<td width=\"292\">Autoenfoque<\/td>\n<\/tr>\n<tr>\n<td width=\"292\">Estabilizaci\u00f3n de la imagen<\/td>\n<td width=\"292\">No<\/td>\n<\/tr>\n<tr>\n<td width=\"292\">Tama\u00f1o del filtro<\/td>\n<td width=\"292\">52 mm (Frente)<\/td>\n<\/tr>\n<tr>\n<td width=\"292\">Dimensiones (\u00f8 x L)<\/td>\n<td width=\"292\">65 x 54.7mm (Fuji X) | 68 x 55.9mm (Nikon Z) | 65 x 54.3mm (Sony E)<\/td>\n<\/tr>\n<tr>\n<td width=\"292\">Peso<\/td>\n<td width=\"292\">171 g (Fuji X) | 187 g (Nikon Z) | 170g (Sony E)<\/td>\n<\/tr>\n<\/tbody>\n<\/table>\n","protected":false},"excerpt":{"rendered":"<ul>\n<li>Formato APS-C| Montura Fuji X<\/li>\n<li>Distancia focal de 56 mm (equivalente en Full Frame: 84 mm)<\/li>\n<li>Luminoso diafragma de f\/1,7<\/li>\n<li>9 grupos de 11 elementos de construcci\u00f3n \u00f3ptica, incluyendo 4 lentes ED y 3 lentes de alto \u00edndice de refracci\u00f3n<\/li>\n<li>Apertura electr\u00f3nica, enfoque interno, longitud de objetivo constante<\/li>\n<li>Motor de enfoque STM silencioso<\/li>\n<li>Bayoneta de precisi\u00f3n de aleaci\u00f3n de aluminio endurecido<\/li>\n<li>Pr\u00e1ctico y ligero<\/li>\n<\/ul>\n","protected":false},"featured_media":15693,"comment_status":"closed","ping_status":"closed","template":"","meta":{"_acf_changed":false},"product_brand":[2544],"product_cat":[1062],"product_tag":[],"class_list":{"0":"post-20551","1":"product","2":"type-product","3":"status-publish","4":"has-post-thumbnail","6":"product_brand-viltrox-es","7":"product_cat-mirrorless-objectivos","8":"pa_abertura-maxima-f-1-7-es","9":"pa_cor-negro","10":"pa_cor-plata","11":"pa_diametro-52mm-es","12":"pa_estabilizacao-de-imagem-no","13":"pa_montagem-da-objetiva-fujifilm-x-es","14":"pa_montagem-da-objetiva-nikon-z-es","15":"pa_montagem-da-objetiva-sony-e-es","16":"pa_sensor-aps-c-es","17":"pa_tipo-de-foco-enfoque-automatico","18":"pa_tipo-de-objetiva-teleobjetivo","19":"pa_zoom-fixa-fijo","21":"first","22":"instock","23":"sale","24":"taxable","25":"shipping-taxable","26":"purchasable","27":"product-type-variable"},"bundled_by":[],"bundle_stock_status":"instock","bundle_stock_quantity":null,"bundle_virtual":false,"bundle_layout":"","bundle_add_to_cart_form_location":"","bundle_editable_in_cart":false,"bundle_sold_individually_context":"","bundle_item_grouping":"","bundle_min_size":"","bundle_max_size":"","bundle_price":[],"bundled_items":[],"bundle_sell_ids":[],"acf":[],"_links":{"self":[{"href":"https:\/\/hi-techwonder.com\/es\/wp-json\/wp\/v2\/product\/20551","targetHints":{"allow":["GET"]}}],"collection":[{"href":"https:\/\/hi-techwonder.com\/es\/wp-json\/wp\/v2\/product"}],"about":[{"href":"https:\/\/hi-techwonder.com\/es\/wp-json\/wp\/v2\/types\/product"}],"replies":[{"embeddable":true,"href":"https:\/\/hi-techwonder.com\/es\/wp-json\/wp\/v2\/comments?post=20551"}],"wp:featuredmedia":[{"embeddable":true,"href":"https:\/\/hi-techwonder.com\/es\/wp-json\/wp\/v2\/media\/15693"}],"wp:attachment":[{"href":"https:\/\/hi-techwonder.com\/es\/wp-json\/wp\/v2\/media?parent=20551"}],"wp:term":[{"taxonomy":"product_brand","embeddable":true,"href":"https:\/\/hi-techwonder.com\/es\/wp-json\/wp\/v2\/product_brand?post=20551"},{"taxonomy":"product_cat","embeddable":true,"href":"https:\/\/hi-techwonder.com\/es\/wp-json\/wp\/v2\/product_cat?post=20551"},{"taxonomy":"product_tag","embeddable":true,"href":"https:\/\/hi-techwonder.com\/es\/wp-json\/wp\/v2\/product_tag?post=20551"}],"curies":[{"name":"wp","href":"https:\/\/api.w.org\/{rel}","templated":true}]}}