{"id":20592,"date":"2025-07-24T09:25:34","date_gmt":"2025-07-24T09:25:34","guid":{"rendered":"https:\/\/fv6qoy3ls0.wpdns.site\/produto\/viltrox-af-40mm-f-2-5-air-fe-z\/"},"modified":"2026-04-08T17:41:47","modified_gmt":"2026-04-08T16:41:47","slug":"viltrox-af-40mm-f-2-5-air-fe-z","status":"publish","type":"product","link":"https:\/\/hi-techwonder.com\/es\/producto\/viltrox-af-40mm-f-2-5-air-fe-z\/","title":{"rendered":"Viltrox AF 40mm f\/2.5 Air FE | Z"},"content":{"rendered":"<h3><strong>Viltrox AF 40mm f\/2.5\u00a0<\/strong><strong>Air FE | Z<\/strong><\/h3>\n<p>El Viltrox AF 40mm f\/2,5 es un gran angular de focal fija dise\u00f1ado para las c\u00e1maras sin espejo. La distancia focal del objetivo se combina con el luminoso dise\u00f1o f\/2,5 para adaptarse al trabajo en diversas condiciones de iluminaci\u00f3n y tambi\u00e9n para controlar la profundidad de campo y aislar el sujeto.<\/p>\n<p>El dise\u00f1o \u00f3ptico incluye un elemento de dispersi\u00f3n extrabaja y tres elementos de alto \u00edndice de refracci\u00f3n, as\u00ed como un elemento asf\u00e9rico, que ayudan a reducir las aberraciones crom\u00e1ticas para conseguir una gran nitidez y colores precisos. Su peque\u00f1o tama\u00f1o y su peso pluma permiten utilizarlo en cualquier lugar y lo convierten en el mejor compa\u00f1ero para el vlogger. Adem\u00e1s, el objetivo incorpora un motor STM para un rendimiento de autoenfoque r\u00e1pido y silencioso, junto con una distancia m\u00ednima de enfoque de 34 cm para trabajar con sujetos en primer plano.<\/p>\n<p><img loading=\"lazy\" decoding=\"async\" class=\"alignnone wp-image-31163\" src=\"https:\/\/hi-techwonder.com\/wp-content\/themes\/woodmart\/images\/lazy.svg\" data-src=\"https:\/\/viltrox.pt\/wp-content\/uploads\/2024\/04\/DSC2791-1024x681.jpeg\" sizes=\"auto, (max-width: 752px) 100vw, 752px\" srcset=\"\" data-srcset=\"https:\/\/viltrox.es\/wp-content\/uploads\/2024\/04\/DSC2791-1024x681.jpeg 1024w, https:\/\/viltrox.es\/wp-content\/uploads\/2024\/04\/DSC2791-300x200.jpeg 300w, https:\/\/viltrox.es\/wp-content\/uploads\/2024\/04\/DSC2791-768x511.jpeg 768w, https:\/\/viltrox.es\/wp-content\/uploads\/2024\/04\/DSC2791-1536x1022.jpeg 1536w, https:\/\/viltrox.es\/wp-content\/uploads\/2024\/04\/DSC2791-2048x1363.jpeg 2048w, https:\/\/viltrox.es\/wp-content\/uploads\/2024\/04\/DSC2791-270x180.jpeg 270w, https:\/\/viltrox.es\/wp-content\/uploads\/2024\/04\/DSC2791-600x399.jpeg 600w\" alt=\"\" width=\"752\" height=\"500\"><\/p>\n<h4>Caracter\u00edsticas principales<\/h4>\n<ul>\n<li>Este objetivo de focal fija compacto se ha dise\u00f1ado para c\u00e1maras sin espejo de formato Full Frame, aunque tambi\u00e9n se puede utilizar con modelos APS-C, con los que ofrece una distancia focal equivalente a 60 mm.<\/li>\n<li>La luminosa abertura m\u00e1xima de f\/2,5 facilita el trabajo en condiciones de iluminaci\u00f3n dif\u00edciles y tambi\u00e9n ofrece un amplio control sobre la posici\u00f3n de enfoque cuando se utilizan t\u00e9cnicas de poca profundidad de campo.<\/li>\n<li>Un elemento de dispersi\u00f3n extrabaja y tres elementos de alto \u00edndice de refracci\u00f3n ayudan a reducir diversas aberraciones para producir im\u00e1genes bien corregidas con colores precisos y sin franjas de color.<\/li>\n<li>El motor de enfoque autom\u00e1tico STM ofrece un rendimiento de enfoque preciso y silencioso y una distancia m\u00ednima de enfoque de 34 cm.<\/li>\n<li>Los contactos electr\u00f3nicos transmiten datos Exif, adem\u00e1s de permitir la selecci\u00f3n del diafragma basada en la c\u00e1mara. Adem\u00e1s, un puerto USB-C integrado permite actualizar el firmware del objetivo.<\/li>\n<li>El diafragma de siete Hojas contribuye a una agradable calidad bokeh.<\/li>\n<li>El parasol incluido protege el elemento frontal de la luz par\u00e1sita que provoca reflejos y tambi\u00e9n ofrece cierta protecci\u00f3n f\u00edsica adicional.<\/li>\n<\/ul>\n<h5><img loading=\"lazy\" decoding=\"async\" class=\"alignnone wp-image-31165\" src=\"https:\/\/hi-techwonder.com\/wp-content\/themes\/woodmart\/images\/lazy.svg\" data-src=\"https:\/\/viltrox.pt\/wp-content\/uploads\/2024\/04\/DSC9900.jpeg\" sizes=\"auto, (max-width: 752px) 100vw, 752px\" srcset=\"\" data-srcset=\"https:\/\/viltrox.es\/wp-content\/uploads\/2024\/04\/DSC9900.jpeg 9504w, https:\/\/viltrox.es\/wp-content\/uploads\/2024\/04\/DSC9900-300x200.jpeg 300w, https:\/\/viltrox.es\/wp-content\/uploads\/2024\/04\/DSC9900-768x512.jpeg 768w, https:\/\/viltrox.es\/wp-content\/uploads\/2024\/04\/DSC9900-600x400.jpeg 600w\" alt=\"\" width=\"752\" height=\"501\"><\/h5>\n<h4>Especificaciones:<\/h4>\n<table width=\"584\">\n<tbody>\n<tr>\n<td width=\"292\">Longitud focal<\/td>\n<td width=\"292\">40mm<\/td>\n<\/tr>\n<tr>\n<td width=\"292\">Apertura M\u00e1xima<\/td>\n<td width=\"292\">f\/2.5<\/td>\n<\/tr>\n<tr>\n<td width=\"292\">Apertura M\u00ednima<\/td>\n<td width=\"292\">f\/16<\/td>\n<\/tr>\n<tr>\n<td width=\"292\">Montura<\/td>\n<td width=\"292\">Nikon Z | Sony E<\/td>\n<\/tr>\n<tr>\n<td width=\"292\">Cobertura de formato de lente<\/td>\n<td width=\"292\">Fotograma Completo<\/td>\n<\/tr>\n<tr>\n<td width=\"292\">\u00c1ngulo de visi\u00f3n<\/td>\n<td width=\"292\">57.8\u00b0<\/td>\n<\/tr>\n<tr>\n<td width=\"292\">Distancia m\u00ednima de enfoque<\/td>\n<td width=\"292\">\u00a034 cm<\/td>\n<\/tr>\n<tr>\n<td width=\"292\">Ampliaci\u00f3n m\u00e1xima<\/td>\n<td width=\"292\">0,14x<\/td>\n<\/tr>\n<tr>\n<td width=\"292\">Dise\u00f1o \u00f3ptico<\/td>\n<td width=\"292\">10 elementos en 6 grupos<\/td>\n<\/tr>\n<tr>\n<td width=\"292\">Hojas de diafragma<\/td>\n<td width=\"292\">7<\/td>\n<\/tr>\n<tr>\n<td width=\"292\">Tipo de enfoque<\/td>\n<td width=\"292\">Enfoque autom\u00e1tico<\/td>\n<\/tr>\n<tr>\n<td width=\"292\">Estabilizaci\u00f3n de imagen<\/td>\n<td width=\"292\">No<\/td>\n<\/tr>\n<tr>\n<td width=\"292\">Tama\u00f1o del filtro<\/td>\n<td width=\"292\">52 mm (Frente)<\/td>\n<\/tr>\n<tr>\n<td width=\"292\">Dimensiones (\u00f8 x L)<\/td>\n<td width=\"292\">68 x 55.9 mm | 65 x 59.5 mm (Sony E)<\/td>\n<\/tr>\n<tr>\n<td width=\"292\">Peso<\/td>\n<td width=\"292\">180 g | 167 g (Sony E)<\/td>\n<\/tr>\n<\/tbody>\n<\/table>\n","protected":false},"excerpt":{"rendered":"<ul>\n<li>Formato Full Frame | Nikon Z o Sony E<\/li>\n<li>Distancia focal de 40mm, apertura F2.5<\/li>\n<li>6 grupos de 10 elementos de construcci\u00f3n \u00f3ptica, incluyendo 1 lente ED, 3 lentes de alto \u00edndice de refracci\u00f3n<\/li>\n<li>Diafragma electr\u00f3nico, enfoque interno, longitud de objetivo constante<\/li>\n<li>Motor de enfoque STM silencioso<\/li>\n<li>Bayoneta de precisi\u00f3n de aleaci\u00f3n de aluminio endurecido<\/li>\n<li>Pr\u00e1ctico y ligero<\/li>\n<\/ul>\n","protected":false},"featured_media":15772,"comment_status":"closed","ping_status":"closed","template":"","meta":{"_acf_changed":false},"product_brand":[2544],"product_cat":[1062],"product_tag":[],"class_list":{"0":"post-20592","1":"product","2":"type-product","3":"status-publish","4":"has-post-thumbnail","6":"product_brand-viltrox-es","7":"product_cat-mirrorless-objectivos","8":"pa_abertura-maxima-f-2-5-es","9":"pa_cor-negro","10":"pa_diametro-52mm-es","11":"pa_estabilizacao-de-imagem-no","12":"pa_montagem-da-objetiva-nikon-z-es","13":"pa_montagem-da-objetiva-sony-e-es","14":"pa_sensor-fotograma-completo","15":"pa_tipo-de-foco-enfoque-automatico","16":"pa_tipo-de-objetiva-estandar","17":"pa_zoom-fixa-fijo","19":"first","20":"instock","21":"sale","22":"taxable","23":"shipping-taxable","24":"purchasable","25":"product-type-variable"},"bundled_by":[],"bundle_stock_status":"instock","bundle_stock_quantity":null,"bundle_virtual":false,"bundle_layout":"","bundle_add_to_cart_form_location":"","bundle_editable_in_cart":false,"bundle_sold_individually_context":"","bundle_item_grouping":"","bundle_min_size":"","bundle_max_size":"","bundle_price":[],"bundled_items":[],"bundle_sell_ids":[],"acf":[],"_links":{"self":[{"href":"https:\/\/hi-techwonder.com\/es\/wp-json\/wp\/v2\/product\/20592","targetHints":{"allow":["GET"]}}],"collection":[{"href":"https:\/\/hi-techwonder.com\/es\/wp-json\/wp\/v2\/product"}],"about":[{"href":"https:\/\/hi-techwonder.com\/es\/wp-json\/wp\/v2\/types\/product"}],"replies":[{"embeddable":true,"href":"https:\/\/hi-techwonder.com\/es\/wp-json\/wp\/v2\/comments?post=20592"}],"wp:featuredmedia":[{"embeddable":true,"href":"https:\/\/hi-techwonder.com\/es\/wp-json\/wp\/v2\/media\/15772"}],"wp:attachment":[{"href":"https:\/\/hi-techwonder.com\/es\/wp-json\/wp\/v2\/media?parent=20592"}],"wp:term":[{"taxonomy":"product_brand","embeddable":true,"href":"https:\/\/hi-techwonder.com\/es\/wp-json\/wp\/v2\/product_brand?post=20592"},{"taxonomy":"product_cat","embeddable":true,"href":"https:\/\/hi-techwonder.com\/es\/wp-json\/wp\/v2\/product_cat?post=20592"},{"taxonomy":"product_tag","embeddable":true,"href":"https:\/\/hi-techwonder.com\/es\/wp-json\/wp\/v2\/product_tag?post=20592"}],"curies":[{"name":"wp","href":"https:\/\/api.w.org\/{rel}","templated":true}]}}