{"id":20648,"date":"2025-07-24T09:26:11","date_gmt":"2025-07-24T09:26:11","guid":{"rendered":"https:\/\/fv6qoy3ls0.wpdns.site\/produto\/viltrox-weeylite-k60-tubo-led-rgb-bicolor\/"},"modified":"2026-05-08T16:42:37","modified_gmt":"2026-05-08T15:42:37","slug":"viltrox-weeylite-k60-tubo-led-rgb-bicolor","status":"publish","type":"product","link":"https:\/\/hi-techwonder.com\/es\/producto\/viltrox-weeylite-k60-tubo-led-rgb-bicolor\/","title":{"rendered":"VILTROX Weeylite K60 Tubo LED RGB Bicolor"},"content":{"rendered":"<h3><strong>VILTROX Weeylite K60 Tubo LED RGB Bicolor<\/strong><\/h3>\n<p><iframe loading=\"lazy\" title=\"Viltrox Weeylite K60 Tubo LED RGB Bicolor\" width=\"500\" height=\"281\" src=\"https:\/\/www.youtube.com\/embed\/bw72ZVlreRg?feature=oembed\" frameborder=\"0\" allow=\"accelerometer; autoplay; clipboard-write; encrypted-media; gyroscope; picture-in-picture; web-share\" referrerpolicy=\"strict-origin-when-cross-origin\" allowfullscreen><\/iframe><\/p>\n<h4>Caracter\u00edsticas:<\/h4>\n<ul>\n<li>Viltrox K60 es un tubo de luz RGB port\u00e1til de 57,8 cm de longitud con una potencia m\u00e1xima de 20 W, que puede ajustarse desde la luz blanca est\u00e1ndar hasta cualquier color del arco iris.<\/li>\n<li>El tubo de luz tiene controles independientes para el color y la salida de luz, lo que le permite crear un aspecto \u00fanico que puede establecer el estado de \u00e1nimo de cualquier escena.<\/li>\n<li>Los 26 efectos de iluminaci\u00f3n FX simulan escenas reales y ampl\u00edan a\u00fan m\u00e1s las posibilidades de iluminaci\u00f3n creativa.<\/li>\n<li>Con una gran potencia luminosa, una temperatura de color precisa y una reproducci\u00f3n crom\u00e1tica de alta calidad, esta barra de luces est\u00e1 dise\u00f1ada para iluminaci\u00f3n adicional, como fotograf\u00eda de productos, retransmisiones en directo o filmaciones creativas.<\/li>\n<\/ul>\n<p><img loading=\"lazy\" decoding=\"async\" class=\"alignnone wp-image-31407\" src=\"https:\/\/hi-techwonder.com\/wp-content\/themes\/woodmart\/images\/lazy.svg\" data-src=\"https:\/\/viltrox.pt\/wp-content\/uploads\/2024\/07\/DSC0709.png\" alt=\"\" width=\"752\" height=\"501\"><\/p>\n<p>Ideal para redes como TikTok y otras, v\u00eddeo, juegos, fotograf\u00eda, selfies y mucho m\u00e1s, este tubo LED Viltrox Weeylite K60 RGB y Bicolor es un tubo de luz \u00fanico que mide aproximadamente 58 cent\u00edmetros y cuenta con un amplio control del color. Puede utilizarse como luz lateral, luz principal espectacular o para iluminar espacios de dif\u00edcil acceso. La luz tiene una amplia gama de colores CCT de 2500 a 8500K para hacer frente a la luz ambiente, combinar con otros iluminadores o simplemente para producir efectos creativos. Tambi\u00e9n dispone de un modo RGB con control de tono, saturaci\u00f3n e intensidad que permite acceder a millones de colores personalizados.<\/p>\n<p><img loading=\"lazy\" decoding=\"async\" class=\"alignnone wp-image-31409\" src=\"https:\/\/hi-techwonder.com\/wp-content\/themes\/woodmart\/images\/lazy.svg\" data-src=\"https:\/\/viltrox.pt\/wp-content\/uploads\/2024\/07\/DSC2406.png\" alt=\"\" width=\"752\" height=\"501\"><\/p>\n<p>El tubo K60 puede regularse de 0 a 100% y, aunque puedes ajustar estos par\u00e1metros localmente en el equipo, tambi\u00e9n puedes hacerlo a distancias de hasta 20 metros utilizando un smartphone y la aplicaci\u00f3n gratuita Weeylite. El tubo LED tambi\u00e9n cuenta con 26 efectos especiales. La luz cuenta con una bater\u00eda interna que te proporcionar\u00e1 90 minutos de autonom\u00eda a plena potencia.<\/p>\n<p><img loading=\"lazy\" decoding=\"async\" class=\"alignnone wp-image-31411\" src=\"https:\/\/hi-techwonder.com\/wp-content\/themes\/woodmart\/images\/lazy.svg\" data-src=\"https:\/\/viltrox.pt\/wp-content\/uploads\/2024\/07\/DSC2425.png\" alt=\"\" width=\"752\" height=\"501\"><\/p>\n<ul>\n<li>Ajuste completo del color 0~360\u00b0, se pueden ajustar 36.000 colores e incluso se pueden identificar con precisi\u00f3n cambios milim\u00e9tricos en el valor del color, lo que permite cambiar f\u00e1cilmente el color deseado y enriquecer su inspiraci\u00f3n para combinar colores.<\/li>\n<li>El modo CCT admite el ajuste de temperatura de color de 2500K a 8500K, lo que te permite crear efectos de temperatura de color incluyendo l\u00e1mparas de tungsteno, l\u00e1mparas fluorescentes, luz solar de mediod\u00eda o de noche, etc., d\u00e1ndote m\u00e1s espacio para la creatividad.<\/li>\n<li>El brillo se puede ajustar libremente de 0 a 100 por ciento, lo que es adecuado para disparar en m\u00e1s escenas. El \u00edndice de reproducci\u00f3n del color es de 95 o superior, lo que restaura el color del sujeto y hace que los colores de la imagen sean m\u00e1s realistas.<\/li>\n<li>El brillo se puede ajustar libremente de 0 a 100 por ciento, lo que es adecuado para fotografiar m\u00e1s escenas. El \u00edndice de reproducci\u00f3n del color es de 95 o superior, lo que restaura el color del sujeto y hace que los colores de la imagen sean m\u00e1s realistas.<\/li>\n<li>La pantalla de visualizaci\u00f3n tiene una interfaz sencilla y es f\u00e1cil de usar. Muestra los datos en tiempo real y los valores son claros de un vistazo, lo que facilita y agiliza el ajuste de los par\u00e1metros.<\/li>\n<li>Ambos extremos de la l\u00e1mpara est\u00e1n dise\u00f1ados con orificios para tornillos de 1\/4, que se pueden utilizar con un soporte de l\u00e1mpara\/tr\u00edpode, etc. Es ampliamente compatible y adecuado para m\u00e1s escenarios diferentes.<\/li>\n<\/ul>\n<p><img loading=\"lazy\" decoding=\"async\" class=\"alignnone wp-image-31413\" src=\"https:\/\/hi-techwonder.com\/wp-content\/themes\/woodmart\/images\/lazy.svg\" data-src=\"https:\/\/viltrox.pt\/wp-content\/uploads\/2024\/07\/DSC2558.png\" alt=\"\" width=\"752\" height=\"501\"><\/p>\n<p><strong>Especificaciones:<\/strong><\/p>\n<div class=\"electro-description clearfix\">\n<table width=\"652\">\n<tbody>\n<tr>\n<td width=\"236\">Tipo de Item<\/td>\n<td width=\"416\">Tubo de luz LED<\/td>\n<\/tr>\n<tr>\n<td width=\"236\">Caja de almacenamiento incluida<\/td>\n<td width=\"416\">Ninguno<\/td>\n<\/tr>\n<tr>\n<td width=\"236\">Lumens<\/td>\n<td width=\"416\">1950 (a 5500K)<\/td>\n<\/tr>\n<tr>\n<td width=\"236\">Fotometr\u00eda<\/td>\n<td width=\"416\">5600K:<\/p>\n<p>167 fc \/ 1800 Lux a 0.5 m*<\/p>\n<p><em>*Medidas normalizadas suministradas por el fabricante<\/em><\/td>\n<\/tr>\n<tr>\n<td width=\"236\">Temperatura de color<\/td>\n<td width=\"416\">2500K a 8500K<\/td>\n<\/tr>\n<tr>\n<td width=\"236\">Modos de color<\/td>\n<td width=\"416\">RGB<\/td>\n<\/tr>\n<tr>\n<td width=\"236\">Norma de precisi\u00f3n del color<\/td>\n<td width=\"416\">CRI 95<\/p>\n<p>TLCI 97<\/td>\n<\/tr>\n<tr>\n<td width=\"236\">Oscurecimiento<\/td>\n<td width=\"416\">Sim, Dimmer Embutido<\/p>\n<p>0 a 100%<\/td>\n<\/tr>\n<tr>\n<td width=\"236\"><\/td>\n<td width=\"416\"><\/td>\n<\/tr>\n<tr>\n<td width=\"236\">Flash Incluido<\/td>\n<td width=\"416\">No<\/td>\n<\/tr>\n<tr>\n<td width=\"236\">Soporte para sombrilla<\/td>\n<td width=\"416\">No<\/td>\n<\/tr>\n<tr>\n<td width=\"236\">Soporte frontal para accesorios<\/td>\n<td width=\"416\">Propietario<\/td>\n<\/tr>\n<\/tbody>\n<\/table>\n<p><em>\u00a0<\/em><em>Conectividade<\/em><\/p>\n<table width=\"651\">\n<tbody>\n<tr>\n<td width=\"236\">Tipo de mando a distancia<\/td>\n<td width=\"415\">Bluetooth<\/td>\n<\/tr>\n<tr>\n<td width=\"236\">Aplicaci\u00f3n m\u00f3vil compatible<\/td>\n<td width=\"415\">S\u00ed: Android &amp; iOS<\/p>\n<p>Nombre de la aplicaci\u00f3n: Weeylite Pro<\/td>\n<\/tr>\n<tr>\n<td width=\"236\">Distancia inal\u00e1mbrica<\/td>\n<td width=\"415\">20 metros<\/td>\n<\/tr>\n<\/tbody>\n<\/table>\n<p><em>\u00a0<\/em><em>Energ\u00eda, E\/S<\/em><\/p>\n<table width=\"653\">\n<tbody>\n<tr>\n<td width=\"236\">Fuente de energ\u00eda<\/td>\n<td width=\"416\">Cabo USB (Inclu\u00eddo)<\/p>\n<p>Bateria (Interna)<\/td>\n<\/tr>\n<tr>\n<td width=\"236\">Entradas\/salidas<\/td>\n<td width=\"416\">1 x Entrada USB-C (hembra)<\/td>\n<\/tr>\n<tr>\n<td width=\"236\">Bater\u00eda<\/td>\n<td width=\"416\">1 x Recarreg\u00e1vel (Imbuida)<\/p>\n<p>90 minutos a 100%<\/td>\n<\/tr>\n<tr>\n<td width=\"236\">Carga de la bater\u00eda<\/td>\n<td width=\"416\">Cable de carga (incluido)<\/td>\n<\/tr>\n<tr>\n<td width=\"236\">Adaptador\/cable incluido<\/td>\n<td width=\"416\">1 x Cable USB<\/td>\n<\/tr>\n<tr>\n<td width=\"236\">Consumo de energ\u00eda<\/td>\n<td width=\"416\">20 W<\/td>\n<\/tr>\n<\/tbody>\n<\/table>\n<p><em>\u00a0<\/em><em>Montura<\/em><\/p>\n<table width=\"654\">\n<tbody>\n<tr>\n<td width=\"236\">Montaje de fijaci\u00f3n<\/td>\n<td width=\"418\">2 x rosca hembra 1\/4\u2033-20<\/td>\n<\/tr>\n<\/tbody>\n<\/table>\n<p><em>\u00a0<\/em><em>Ambiental<\/em><\/p>\n<table width=\"655\">\n<tbody>\n<tr>\n<td width=\"236\">Temperatura Operacional<\/td>\n<td width=\"418\">0 a 40\u00b0C<\/td>\n<\/tr>\n<\/tbody>\n<\/table>\n<p><em>\u00a0<\/em><em>General<\/em><\/p>\n<table width=\"655\">\n<tbody>\n<tr>\n<td width=\"236\">Dimensiones<\/td>\n<td width=\"418\">57.8 x 4.05 x 3.92 cm<\/td>\n<\/tr>\n<tr>\n<td width=\"236\">Peso<\/td>\n<td width=\"418\">569,5 g<\/td>\n<\/tr>\n<tr>\n<td width=\"236\"><\/td>\n<td width=\"418\"><\/td>\n<\/tr>\n<\/tbody>\n<\/table>\n<p><strong>Contenido del paquete:<\/strong><\/p>\n<ul>\n<li>1 x Malet\u00edn de transporte<\/li>\n<li>1 x Tubo LED K60 VILTROX WEEYLITE<\/li>\n<li>1 x Cable de tipo C<\/li>\n<li>1 x Manual de instrucciones<\/li>\n<\/ul>\n<\/div>\n","protected":false},"excerpt":{"rendered":"<ul>\n<li>Gama de colores RGB 0-360\u00ba<\/li>\n<li>1950 l\u00famenes a 20 W<\/li>\n<li>Gama de temperaturas de 2500 K a 8500 K<\/li>\n<li>RA \u2265 95 y TLCI\u226597<\/li>\n<li>26 efectos de iluminaci\u00f3n<\/li>\n<li>Controlable mediante aplicaci\u00f3n m\u00f3vil<\/li>\n<\/ul>\n","protected":false},"featured_media":15833,"comment_status":"closed","ping_status":"closed","template":"","meta":{"_acf_changed":false},"product_brand":[1776],"product_cat":[382],"product_tag":[],"class_list":{"0":"post-20648","1":"product","2":"type-product","3":"status-publish","4":"has-post-thumbnail","6":"product_brand-viltrox","7":"product_cat-tubulares","9":"first","10":"instock","11":"taxable","12":"shipping-taxable","13":"purchasable","14":"product-type-simple"},"bundled_by":[],"bundle_stock_status":"instock","bundle_stock_quantity":2,"bundle_virtual":false,"bundle_layout":"","bundle_add_to_cart_form_location":"","bundle_editable_in_cart":false,"bundle_sold_individually_context":"","bundle_item_grouping":"","bundle_min_size":"","bundle_max_size":"","bundle_price":[],"bundled_items":[],"bundle_sell_ids":[],"acf":[],"_links":{"self":[{"href":"https:\/\/hi-techwonder.com\/es\/wp-json\/wp\/v2\/product\/20648","targetHints":{"allow":["GET"]}}],"collection":[{"href":"https:\/\/hi-techwonder.com\/es\/wp-json\/wp\/v2\/product"}],"about":[{"href":"https:\/\/hi-techwonder.com\/es\/wp-json\/wp\/v2\/types\/product"}],"replies":[{"embeddable":true,"href":"https:\/\/hi-techwonder.com\/es\/wp-json\/wp\/v2\/comments?post=20648"}],"wp:featuredmedia":[{"embeddable":true,"href":"https:\/\/hi-techwonder.com\/es\/wp-json\/wp\/v2\/media\/15833"}],"wp:attachment":[{"href":"https:\/\/hi-techwonder.com\/es\/wp-json\/wp\/v2\/media?parent=20648"}],"wp:term":[{"taxonomy":"product_brand","embeddable":true,"href":"https:\/\/hi-techwonder.com\/es\/wp-json\/wp\/v2\/product_brand?post=20648"},{"taxonomy":"product_cat","embeddable":true,"href":"https:\/\/hi-techwonder.com\/es\/wp-json\/wp\/v2\/product_cat?post=20648"},{"taxonomy":"product_tag","embeddable":true,"href":"https:\/\/hi-techwonder.com\/es\/wp-json\/wp\/v2\/product_tag?post=20648"}],"curies":[{"name":"wp","href":"https:\/\/api.w.org\/{rel}","templated":true}]}}