{"id":20666,"date":"2025-07-24T09:28:42","date_gmt":"2025-07-24T09:28:42","guid":{"rendered":"https:\/\/fv6qoy3ls0.wpdns.site\/produto\/viltrox-rb-v40-panel-led-rgb\/"},"modified":"2025-11-19T10:32:17","modified_gmt":"2025-11-19T10:32:17","slug":"viltrox-rb-v40-panel-led-rgb","status":"publish","type":"product","link":"https:\/\/hi-techwonder.com\/es\/producto\/viltrox-rb-v40-panel-led-rgb\/","title":{"rendered":"Viltrox RB-V40 Panel LED RGB"},"content":{"rendered":"<div class=\"vc_row wpb_row vc_row-fluid\">\n<div class=\"wpb_column vc_column_container vc_col-sm-12\">\n<div class=\"vc_column-inner\">\n<div class=\"wpb_wrapper\">\n<div class=\"wpb_text_column wpb_content_element\">\n<div class=\"wpb_wrapper\">\n<div class=\"vc_row wpb_row vc_row-fluid\">\n<div class=\"wpb_column vc_column_container vc_col-sm-12\">\n<div class=\"vc_column-inner\">\n<div class=\"wpb_wrapper\">\n<div class=\"wpb_text_column wpb_content_element\">\n<div class=\"wpb_wrapper\">\n<h3><strong>Viltrox RB-V40 Panel LED RGB\u00a0<\/strong><\/h3>\n<\/div>\n<\/div>\n<\/div>\n<\/div>\n<\/div>\n<\/div>\n<div class=\"vc_row wpb_row vc_row-fluid\">\n<div class=\"wpb_column vc_column_container vc_col-sm-12\">\n<div class=\"vc_column-inner\">\n<div class=\"wpb_wrapper\">\n<div class=\"wpb_video_widget wpb_content_element vc_clearfix   vc_video-aspect-ratio-169 vc_video-el-width-100 vc_video-align-left\">\n<div class=\"wpb_wrapper\">\n<div class=\"wpb_video_wrapper\"><iframe loading=\"lazy\" title=\"Viltrox RB-V40 Panel LED RGB\" src=\"https:\/\/www.youtube.com\/embed\/NSLZZ3pwZdw?feature=oembed\" width=\"500\" height=\"281\" frameborder=\"0\" allowfullscreen=\"allowfullscreen\" data-mce-fragment=\"1\"><\/iframe><\/div>\n<\/div>\n<\/div>\n<\/div>\n<\/div>\n<\/div>\n<\/div>\n<div class=\"vc_row wpb_row vc_row-fluid\">\n<div class=\"wpb_column vc_column_container vc_col-sm-12\">\n<div class=\"vc_column-inner\">\n<div class=\"wpb_wrapper\">\n<div class=\"wpb_text_column wpb_content_element\">\n<div class=\"wpb_wrapper\">\n<p>El panel LED RGB Viltrox RB-V40 es un panel multifunci\u00f3n de alto brillo para fotograf\u00eda y v\u00eddeo en grandes espacios. Con una potencia m\u00e1xima ajustable de 40 W y un brillo m\u00e1ximo de 4000 l\u00famenes, este iluminador permite ajustar el brillo, la temperatura entre 2500K y 10000 K y el color RGB (36000 colores) para garantizar la m\u00e1xima versatilidad.<\/p>\n<p>El panel Viltrox RB-V40 se puede controlar directamente en el cuerpo o mediante la aplicaci\u00f3n m\u00f3vil WeeylitePro, disponible para Android e iOS, a trav\u00e9s de Bluetooth. Las ranuras para tornillos de 3 1\/4\u00bb en cada lado del panel (excepto en la parte superior, con un total de 9 ranuras) permiten montar el panel con mayor versatilidad, ya sea solo o acoplado a otros paneles y accesorios.<\/p>\n<\/div>\n<\/div>\n<\/div>\n<\/div>\n<\/div>\n<\/div>\n<div class=\"vc_row wpb_row vc_row-fluid\">\n<div class=\"wpb_column vc_column_container vc_col-sm-12\">\n<div class=\"vc_column-inner\">\n<div class=\"wpb_wrapper\">\n<div class=\"wpb_single_image wpb_content_element vc_align_left wpb_content_element\">\n<figure class=\"wpb_wrapper vc_figure\">\n<div class=\"vc_single_image-wrapper   vc_box_border_grey\"><img loading=\"lazy\" decoding=\"async\" class=\"vc_single_image-img \" title=\"Sequence 02.00_18_20_01.Still004\" src=\"https:\/\/viltrox.es\/wp-content\/uploads\/2024\/07\/Sequence-02.00_18_20_01.Still004-752x502.png\" alt=\"Sequence 02.00_18_20_01.Still004\" width=\"752\" height=\"502\" \/><\/div>\n<\/figure>\n<\/div>\n<\/div>\n<\/div>\n<\/div>\n<\/div>\n<div class=\"vc_row wpb_row vc_row-fluid\">\n<div class=\"wpb_column vc_column_container vc_col-sm-12\">\n<div class=\"vc_column-inner\">\n<div class=\"wpb_wrapper\">\n<div class=\"wpb_text_column wpb_content_element\">\n<div class=\"wpb_wrapper\">\n<p><strong>Caracter\u00edsticas principales<\/strong><\/p>\n<ul>\n<li>4 modos de funcionamiento: HSI \/RGBWY \/ coordenadas X, Y \/ COL<\/li>\n<li>0\u00ba-360\u00ba a todo color, para satisfacer los distintos requisitos de color de la luz<\/li>\n<li>0-100% de luz de relleno de alto brillo<\/li>\n<li>Amplia gama de temperaturas de color: 2500K-10000K<\/li>\n<li>Efecto especial de 26 tipos de escena Cumple los requisitos de grabaci\u00f3n de v\u00eddeo m\u00e1s creativos<\/li>\n<li>232 LED de alta calidad<\/li>\n<li>Puertos de rosca de 9 1\/4<\/li>\n<li>Control de temperatura mediante ventilador integrado<\/li>\n<li>M\u00faltiples m\u00e9todos de control: panel de control, aplicaci\u00f3n m\u00f3vil, mando a distancia (se vende por separado)<\/li>\n<\/ul>\n<\/div>\n<\/div>\n<\/div>\n<\/div>\n<\/div>\n<\/div>\n<div class=\"vc_row wpb_row vc_row-fluid\">\n<div class=\"wpb_column vc_column_container vc_col-sm-12\">\n<div class=\"vc_column-inner\">\n<div class=\"wpb_wrapper\">\n<div class=\"wpb_single_image wpb_content_element vc_align_left wpb_content_element\">\n<figure class=\"wpb_wrapper vc_figure\">\n<div class=\"vc_single_image-wrapper   vc_box_border_grey\"><img loading=\"lazy\" decoding=\"async\" class=\"vc_single_image-img \" title=\"Sequence 02.02_07_59_42.Still118\" src=\"https:\/\/viltrox.es\/wp-content\/uploads\/2024\/07\/Sequence-02.02_07_59_42.Still118-752x502.png\" alt=\"Sequence 02.02_07_59_42.Still118\" width=\"752\" height=\"502\" \/><\/div>\n<\/figure>\n<\/div>\n<\/div>\n<\/div>\n<\/div>\n<\/div>\n<div class=\"vc_row wpb_row vc_row-fluid\">\n<div class=\"wpb_column vc_column_container vc_col-sm-12\">\n<div class=\"vc_column-inner\">\n<div class=\"wpb_wrapper\">\n<div class=\"wpb_text_column wpb_content_element\">\n<div class=\"wpb_wrapper\">\n<h4>Especificaciones<\/h4>\n<table width=\"663\">\n<tbody>\n<tr>\n<td width=\"283\">Gama de temperaturas de color<\/td>\n<td width=\"283\">2500K-10000K (ajustable)<\/td>\n<\/tr>\n<tr>\n<td width=\"283\">Gama de brillo<\/td>\n<td width=\"283\">0%-100% (ajustable)<\/td>\n<\/tr>\n<tr>\n<td width=\"283\">Gama de fases crom\u00e1ticas<\/td>\n<td width=\"283\">0\u00ba-360\u00ba (ajustable)<\/td>\n<\/tr>\n<tr>\n<td width=\"283\">Flujo luminoso m\u00e1ximo<\/td>\n<td width=\"283\">4000lm<\/td>\n<\/tr>\n<tr>\n<td width=\"283\">Iluminancia m\u00e1xima<\/td>\n<td width=\"283\">5530 lux (100%, 5600K a 1m)<\/td>\n<\/tr>\n<tr>\n<td width=\"283\">Potencia m\u00e1xima<\/td>\n<td width=\"283\">40W<\/td>\n<\/tr>\n<tr>\n<td width=\"283\">N\u00famero de LEDs<\/td>\n<td width=\"283\">Blanco c\u00e1lido + blanco fr\u00edo:160&nbsp;<\/p>\n<p>RGB: 72<\/td>\n<\/tr>\n<tr>\n<td width=\"283\">Grupos \/ Canales<\/td>\n<td width=\"283\">A, B, C, D, E, F \/ 1-19<\/td>\n<\/tr>\n<tr>\n<td width=\"283\">CRI<\/td>\n<td width=\"283\">RA \u2265 95%&nbsp;<\/p>\n<p>TLCI \u2265 95%<\/td>\n<\/tr>\n<tr>\n<td width=\"283\">\u00c1ngulo de iluminaci\u00f3n<\/td>\n<td width=\"283\">60\u00ba<\/td>\n<\/tr>\n<tr>\n<td width=\"283\">Interfaz de alimentaci\u00f3n<\/td>\n<td width=\"283\">USB-C 12V\/4.2A, 15V\/3.5A, 20V\/2.5A<\/td>\n<\/tr>\n<tr>\n<td width=\"283\"><\/td>\n<td width=\"283\"><\/td>\n<\/tr>\n<tr>\n<td width=\"283\">Tipo de bater\u00eda<\/td>\n<td width=\"283\">NP-F550\/F750\/F970 (pilas no incluidas, se necesitan 2 de la misma serie)<\/td>\n<\/tr>\n<tr>\n<td width=\"283\">Autonom\u00eda (a 100%)<\/td>\n<td width=\"283\">NP-F550: ~10 minutos&nbsp;<\/p>\n<p>NP-F750: ~50 minutos<\/p>\n<p>NP-F970: ~2 horas<\/td>\n<\/tr>\n<tr>\n<td width=\"283\">Mando a distancia<\/td>\n<td width=\"283\">RC-11 (no incluido)&nbsp;<\/p>\n<p>Bluetooth: aplicaci\u00f3n WeeylitePro<\/td>\n<\/tr>\n<tr>\n<td width=\"283\">Dimensiones<\/td>\n<td width=\"283\">210mm x 148.5mm x 46.7mm<\/td>\n<\/tr>\n<tr>\n<td width=\"283\">Peso<\/td>\n<td width=\"283\">912 g (Iluminador)<\/td>\n<\/tr>\n<\/tbody>\n<\/table>\n<\/div>\n<\/div>\n<\/div>\n<\/div>\n<\/div>\n<\/div>\n<\/div>\n<\/div>\n<\/div>\n<\/div>\n<\/div>\n<\/div>\n","protected":false},"excerpt":{"rendered":"<ul>\n<li>Con el RB-V40, ba\u00f1e su espacio de trabajo o sus proyectos creativos con un brillo excepcional gracias a sus 40 W de potencia y 4000 lm de luminosidad.<\/li>\n<li>Disfrute de una amplia gama de temperaturas de color de 2500K a 10000K, lo que le permite crear el ambiente perfecto para cualquier tarea.<\/li>\n<li>Ajuste f\u00e1cilmente el \u00e1ngulo de la luz con los accesorios incluidos, garantizando una iluminaci\u00f3n \u00f3ptima desde cualquier posici\u00f3n.<\/li>\n<li>Elija entre dos bater\u00edas NP-F o alimentaci\u00f3n USB-C, lo que proporciona opciones de alimentaci\u00f3n flexibles y pr\u00e1cticas.<\/li>\n<li>Compatible con control APP. Tome el control de su configuraci\u00f3n de iluminaci\u00f3n con control inal\u00e1mbrico y m\u00faltiples capacidades de conexi\u00f3n de luz.<\/li>\n<\/ul>\n","protected":false},"featured_media":15962,"comment_status":"closed","ping_status":"closed","template":"","meta":{"_acf_changed":false},"product_brand":[2544],"product_cat":[994],"product_tag":[],"class_list":{"0":"post-20666","1":"product","2":"type-product","3":"status-publish","4":"has-post-thumbnail","6":"product_brand-viltrox-es","7":"product_cat-compactos-es","9":"first","10":"pre-order","11":"taxable","12":"shipping-taxable","13":"purchasable","14":"product-type-simple"},"bundled_by":[],"bundle_stock_status":"pre-order","bundle_stock_quantity":null,"bundle_virtual":false,"bundle_layout":"","bundle_add_to_cart_form_location":"","bundle_editable_in_cart":false,"bundle_sold_individually_context":"","bundle_item_grouping":"","bundle_min_size":"","bundle_max_size":"","bundle_price":[],"bundled_items":[],"bundle_sell_ids":[],"acf":[],"_links":{"self":[{"href":"https:\/\/hi-techwonder.com\/es\/wp-json\/wp\/v2\/product\/20666","targetHints":{"allow":["GET"]}}],"collection":[{"href":"https:\/\/hi-techwonder.com\/es\/wp-json\/wp\/v2\/product"}],"about":[{"href":"https:\/\/hi-techwonder.com\/es\/wp-json\/wp\/v2\/types\/product"}],"replies":[{"embeddable":true,"href":"https:\/\/hi-techwonder.com\/es\/wp-json\/wp\/v2\/comments?post=20666"}],"wp:featuredmedia":[{"embeddable":true,"href":"https:\/\/hi-techwonder.com\/es\/wp-json\/wp\/v2\/media\/15962"}],"wp:attachment":[{"href":"https:\/\/hi-techwonder.com\/es\/wp-json\/wp\/v2\/media?parent=20666"}],"wp:term":[{"taxonomy":"product_brand","embeddable":true,"href":"https:\/\/hi-techwonder.com\/es\/wp-json\/wp\/v2\/product_brand?post=20666"},{"taxonomy":"product_cat","embeddable":true,"href":"https:\/\/hi-techwonder.com\/es\/wp-json\/wp\/v2\/product_cat?post=20666"},{"taxonomy":"product_tag","embeddable":true,"href":"https:\/\/hi-techwonder.com\/es\/wp-json\/wp\/v2\/product_tag?post=20666"}],"curies":[{"name":"wp","href":"https:\/\/api.w.org\/{rel}","templated":true}]}}