{"id":20692,"date":"2025-07-24T09:33:03","date_gmt":"2025-07-24T09:33:03","guid":{"rendered":"https:\/\/fv6qoy3ls0.wpdns.site\/produto\/viltrox-dc-v1-monitor-tactil-hd-de-55\/"},"modified":"2026-04-08T17:37:03","modified_gmt":"2026-04-08T16:37:03","slug":"viltrox-dc-v1-monitor-tactil-hd-de-55","status":"publish","type":"product","link":"https:\/\/hi-techwonder.com\/es\/producto\/viltrox-dc-v1-monitor-tactil-hd-de-55\/","title":{"rendered":"Viltrox DC-V1 Monitor t\u00e1ctil HD de 5,5&#8243;"},"content":{"rendered":"<div class=\"vc_row wpb_row vc_row-fluid\">\n<div class=\"wpb_column vc_column_container vc_col-sm-12\">\n<div class=\"vc_column-inner\">\n<div class=\"wpb_wrapper\">\n<div class=\"wpb_text_column wpb_content_element\">\n<div class=\"wpb_wrapper\">\n<h3>Viltrox DC-V1 Monitor t\u00e1ctil HD de 5,5\u2033<\/h3>\n<\/div>\n<\/div>\n<\/div>\n<\/div>\n<\/div>\n<\/div>\n<div class=\"vc_row wpb_row vc_row-fluid\">\n<div class=\"wpb_column vc_column_container vc_col-sm-12\">\n<div class=\"vc_column-inner\">\n<div class=\"wpb_wrapper\">\n<div class=\"wpb_text_column wpb_content_element\">\n<div class=\"wpb_wrapper\">\n<p>El monitor para c\u00e1mara DC-V1 de 5,5\u2033 de Viltrox es una herramienta esencial para cineastas y fot\u00f3grafos que deseen monitorizar sus grabaciones con precisi\u00f3n. Con una pantalla de alta definici\u00f3n y m\u00faltiples herramientas de visualizaci\u00f3n, este monitor facilita la captura de im\u00e1genes de calidad profesional. Su ligereza y dise\u00f1o compacto lo hacen ideal para el transporte, mientras que las vers\u00e1tiles opciones de alimentaci\u00f3n garantizan que siempre est\u00e9 listo para su uso, ya sea en el estudio o en exteriores.<\/p>\n<\/div>\n<\/div>\n<\/div>\n<\/div>\n<\/div>\n<\/div>\n<div class=\"vc_row wpb_row vc_row-fluid\">\n<div class=\"wpb_column vc_column_container vc_col-sm-6\">\n<div class=\"vc_column-inner\">\n<div class=\"wpb_wrapper\">\n<div class=\"wpb_single_image wpb_content_element vc_align_left wpb_content_element\">\n<figure class=\"wpb_wrapper vc_figure\">\n<div class=\"vc_single_image-wrapper   vc_box_border_grey\"><img loading=\"lazy\" decoding=\"async\" class=\"vc_single_image-img \" title=\"DSC07177\" src=\"https:\/\/viltrox.es\/wp-content\/uploads\/2024\/10\/DSC07177-752x501.jpg\" alt=\"DSC07177\" width=\"752\" height=\"501\" \/><img loading=\"lazy\" decoding=\"async\" class=\"vc_single_image-img \" title=\"DSC07133\" src=\"https:\/\/viltrox.es\/wp-content\/uploads\/2024\/10\/DSC07133-752x502.jpg\" alt=\"DSC07133\" width=\"752\" height=\"502\" \/><\/div>\n<\/figure>\n<\/div>\n<\/div>\n<\/div>\n<\/div>\n<\/div>\n<div class=\"vc_row wpb_row vc_row-fluid\">\n<div class=\"wpb_column vc_column_container vc_col-sm-12\">\n<div class=\"vc_column-inner\">\n<div class=\"wpb_wrapper\">\n<div class=\"wpb_text_column wpb_content_element\">\n<div class=\"wpb_wrapper\">\n<p><strong>Caracter\u00edsticas Principales<\/strong><\/p>\n<ul>\n<li>Monitor LCD de 5,5\u2033 con resoluci\u00f3n de 1920 x 1080 p\u00edxeles, ideal para ver en interiores y exteriores.<\/li>\n<li>Brillo de 400 cd\/m\u00b2, que permite una visualizaci\u00f3n n\u00edtida a la luz del d\u00eda.<\/li>\n<li>Entrada HDMI de tama\u00f1o completo y salida HDMI en bucle para conectar otros dispositivos.<\/li>\n<li>Admite se\u00f1ales de v\u00eddeo de hasta DCI\/UHD 4K30, lo que garantiza una calidad de imagen superior.<\/li>\n<li>Monitor alimentado mediante bater\u00eda de la serie L (no incluida) o adaptadores de barril de CC y USB-C disponibles por separado.<\/li>\n<li>Ranura para tarjetas SD para importar LUT 3D personalizadas y actualizaciones de firmware.<\/li>\n<li>Herramientas de imagen integradas, incluidos histograma y forma de onda.<\/li>\n<\/ul>\n<\/div>\n<\/div>\n<\/div>\n<\/div>\n<\/div>\n<\/div>\n<div class=\"vc_row wpb_row vc_row-fluid\">\n<div class=\"wpb_column vc_column_container vc_col-sm-12\">\n<div class=\"vc_column-inner\">\n<div class=\"wpb_wrapper\">\n<div class=\"wpb_gallery wpb_content_element vc_clearfix wpb_content_element\">\n<div class=\"wpb_wrapper\">\n<div class=\"wpb_gallery_slides wpb_image_grid\" data-interval=\"3\">\n<p><a class=\"\" href=\"https:\/\/viltrox.es\/wp-content\/uploads\/2024\/10\/DSC02128-1024x683.jpeg\" data-lightbox=\"lightbox[rel-31626-1350664145]\" target=\"_blank\" rel=\"noopener\"><picture class=\"attachment-thumbnail\" title=\"DSC02128\"><source srcset=\"https:\/\/viltrox.es\/wp-content\/uploads\/2024\/10\/DSC02128-150x150.jpeg.avif 150w, https:\/\/viltrox.es\/wp-content\/uploads\/2024\/10\/DSC02128-300x300.jpeg.avif 300w, https:\/\/viltrox.es\/wp-content\/uploads\/2024\/10\/DSC02128-100x100.jpeg.avif 100w\" type=\"image\/avif\" sizes=\"auto, (max-width: 150px) 100vw, 150px\" \/><img loading=\"lazy\" decoding=\"async\" src=\"https:\/\/viltrox.es\/wp-content\/uploads\/2024\/10\/DSC02128-150x150.jpeg\" sizes=\"auto, (max-width: 150px) 100vw, 150px\" srcset=\"https:\/\/viltrox.es\/wp-content\/uploads\/2024\/10\/DSC02128-150x150.jpeg 150w, https:\/\/viltrox.es\/wp-content\/uploads\/2024\/10\/DSC02128-300x300.jpeg 300w, https:\/\/viltrox.es\/wp-content\/uploads\/2024\/10\/DSC02128-100x100.jpeg 100w\" alt=\"\" width=\"150\" height=\"150\"><\/picture><\/a><a class=\"\" href=\"https:\/\/viltrox.es\/wp-content\/uploads\/2024\/10\/DSC02163-1024x683.jpeg\" data-lightbox=\"lightbox[rel-31626-1350664145]\" target=\"_blank\" rel=\"noopener\"><picture class=\"attachment-thumbnail\" title=\"DSC02163\"><source srcset=\"https:\/\/viltrox.es\/wp-content\/uploads\/2024\/10\/DSC02163-150x150.jpeg.avif 150w, https:\/\/viltrox.es\/wp-content\/uploads\/2024\/10\/DSC02163-300x300.jpeg.avif 300w, https:\/\/viltrox.es\/wp-content\/uploads\/2024\/10\/DSC02163-100x100.jpeg.avif 100w\" type=\"image\/avif\" sizes=\"auto, (max-width: 150px) 100vw, 150px\" \/><img loading=\"lazy\" decoding=\"async\" src=\"https:\/\/viltrox.es\/wp-content\/uploads\/2024\/10\/DSC02163-150x150.jpeg\" sizes=\"auto, (max-width: 150px) 100vw, 150px\" srcset=\"https:\/\/viltrox.es\/wp-content\/uploads\/2024\/10\/DSC02163-150x150.jpeg 150w, https:\/\/viltrox.es\/wp-content\/uploads\/2024\/10\/DSC02163-300x300.jpeg 300w, https:\/\/viltrox.es\/wp-content\/uploads\/2024\/10\/DSC02163-100x100.jpeg 100w\" alt=\"\" width=\"150\" height=\"150\"><\/picture><\/a><a class=\"\" href=\"https:\/\/viltrox.es\/wp-content\/uploads\/2024\/10\/DSC02357-1024x683.jpeg\" data-lightbox=\"lightbox[rel-31626-1350664145]\" target=\"_blank\" rel=\"noopener\"><picture class=\"attachment-thumbnail\" title=\"DSC02357\"><source srcset=\"https:\/\/viltrox.es\/wp-content\/uploads\/2024\/10\/DSC02357-150x150.jpeg.avif 150w, https:\/\/viltrox.es\/wp-content\/uploads\/2024\/10\/DSC02357-300x300.jpeg.avif 300w, https:\/\/viltrox.es\/wp-content\/uploads\/2024\/10\/DSC02357-100x100.jpeg.avif 100w\" type=\"image\/avif\" sizes=\"auto, (max-width: 150px) 100vw, 150px\" \/><img loading=\"lazy\" decoding=\"async\" src=\"https:\/\/viltrox.es\/wp-content\/uploads\/2024\/10\/DSC02357-150x150.jpeg\" sizes=\"auto, (max-width: 150px) 100vw, 150px\" srcset=\"https:\/\/viltrox.es\/wp-content\/uploads\/2024\/10\/DSC02357-150x150.jpeg 150w, https:\/\/viltrox.es\/wp-content\/uploads\/2024\/10\/DSC02357-300x300.jpeg 300w, https:\/\/viltrox.es\/wp-content\/uploads\/2024\/10\/DSC02357-100x100.jpeg 100w\" alt=\"\" width=\"150\" height=\"150\"><\/picture><\/a><a class=\"\" href=\"https:\/\/viltrox.es\/wp-content\/uploads\/2024\/10\/DSC02473-1024x683.jpeg\" data-lightbox=\"lightbox[rel-31626-1350664145]\" target=\"_blank\" rel=\"noopener\"><picture class=\"attachment-thumbnail\" title=\"DSC02473\"><source srcset=\"https:\/\/viltrox.es\/wp-content\/uploads\/2024\/10\/DSC02473-150x150.jpeg.avif 150w, https:\/\/viltrox.es\/wp-content\/uploads\/2024\/10\/DSC02473-300x300.jpeg.avif 300w, https:\/\/viltrox.es\/wp-content\/uploads\/2024\/10\/DSC02473-100x100.jpeg.avif 100w\" type=\"image\/avif\" sizes=\"auto, (max-width: 150px) 100vw, 150px\" \/><img loading=\"lazy\" decoding=\"async\" src=\"https:\/\/viltrox.es\/wp-content\/uploads\/2024\/10\/DSC02473-150x150.jpeg\" sizes=\"auto, (max-width: 150px) 100vw, 150px\" srcset=\"https:\/\/viltrox.es\/wp-content\/uploads\/2024\/10\/DSC02473-150x150.jpeg 150w, https:\/\/viltrox.es\/wp-content\/uploads\/2024\/10\/DSC02473-300x300.jpeg 300w, https:\/\/viltrox.es\/wp-content\/uploads\/2024\/10\/DSC02473-100x100.jpeg 100w\" alt=\"\" width=\"150\" height=\"150\"><\/picture><\/a><a class=\"\" href=\"https:\/\/viltrox.es\/wp-content\/uploads\/2024\/10\/DSC02496-683x1024.jpeg\" data-lightbox=\"lightbox[rel-31626-1350664145]\" target=\"_blank\" rel=\"noopener\"><picture class=\"attachment-thumbnail\" title=\"DSC02496\"><source srcset=\"https:\/\/viltrox.es\/wp-content\/uploads\/2024\/10\/DSC02496-150x150.jpeg.avif 150w, https:\/\/viltrox.es\/wp-content\/uploads\/2024\/10\/DSC02496-300x300.jpeg.avif 300w, https:\/\/viltrox.es\/wp-content\/uploads\/2024\/10\/DSC02496-100x100.jpeg.avif 100w\" type=\"image\/avif\" sizes=\"auto, (max-width: 150px) 100vw, 150px\" \/><img loading=\"lazy\" decoding=\"async\" src=\"https:\/\/viltrox.es\/wp-content\/uploads\/2024\/10\/DSC02496-150x150.jpeg\" sizes=\"auto, (max-width: 150px) 100vw, 150px\" srcset=\"https:\/\/viltrox.es\/wp-content\/uploads\/2024\/10\/DSC02496-150x150.jpeg 150w, https:\/\/viltrox.es\/wp-content\/uploads\/2024\/10\/DSC02496-300x300.jpeg 300w, https:\/\/viltrox.es\/wp-content\/uploads\/2024\/10\/DSC02496-100x100.jpeg 100w\" alt=\"\" width=\"150\" height=\"150\"><\/picture><\/a><a class=\"\" href=\"https:\/\/viltrox.es\/wp-content\/uploads\/2024\/10\/DSC02693-1024x683.jpeg\" data-lightbox=\"lightbox[rel-31626-1350664145]\" target=\"_blank\" rel=\"noopener\"><picture class=\"attachment-thumbnail\" title=\"DSC02693\"><source srcset=\"https:\/\/viltrox.es\/wp-content\/uploads\/2024\/10\/DSC02693-150x150.jpeg.avif 150w, https:\/\/viltrox.es\/wp-content\/uploads\/2024\/10\/DSC02693-300x300.jpeg.avif 300w, https:\/\/viltrox.es\/wp-content\/uploads\/2024\/10\/DSC02693-100x100.jpeg.avif 100w\" type=\"image\/avif\" sizes=\"auto, (max-width: 150px) 100vw, 150px\" \/><img loading=\"lazy\" decoding=\"async\" src=\"https:\/\/viltrox.es\/wp-content\/uploads\/2024\/10\/DSC02693-150x150.jpeg\" sizes=\"auto, (max-width: 150px) 100vw, 150px\" srcset=\"https:\/\/viltrox.es\/wp-content\/uploads\/2024\/10\/DSC02693-150x150.jpeg 150w, https:\/\/viltrox.es\/wp-content\/uploads\/2024\/10\/DSC02693-300x300.jpeg 300w, https:\/\/viltrox.es\/wp-content\/uploads\/2024\/10\/DSC02693-100x100.jpeg 100w\" alt=\"\" width=\"150\" height=\"150\"><\/picture><\/a><\/p>\n<\/div>\n<\/div>\n<\/div>\n<\/div>\n<\/div>\n<\/div>\n<\/div>\n<div class=\"vc_row wpb_row vc_row-fluid\">\n<div class=\"wpb_column vc_column_container vc_col-sm-12\">\n<div class=\"vc_column-inner\">\n<div class=\"wpb_wrapper\">\n<div class=\"wpb_text_column wpb_content_element\">\n<div class=\"wpb_wrapper\">\n<p><strong>Contenido del paquete<\/strong><\/p>\n<ul>\n<li>1 Monitor de c\u00e1mara Viltrox DC-V1<\/li>\n<li>1 Adaptador para zapata de montaje<\/li>\n<li>1 Parasol extra\u00edble<\/li>\n<li>1 Manual del usuario<\/li>\n<\/ul>\n<\/div>\n<\/div>\n<\/div>\n<\/div>\n<\/div>\n<\/div>\n<div class=\"vc_row wpb_row vc_row-fluid\">\n<div class=\"wpb_column vc_column_container vc_col-sm-12\">\n<div class=\"vc_column-inner\">\n<div class=\"wpb_wrapper\">\n<div class=\"wpb_text_column wpb_content_element\">\n<div class=\"wpb_wrapper\">\n<p><strong>Especificaciones t\u00e9cnicas<\/strong><\/p>\n<p><strong>Modelo:<\/strong>\u00a0DC-V1<br \/>\n<strong>Tipo de panel:<\/strong>\u00a0LCD<br \/>\n<strong>Tama\u00f1o de pantalla:<\/strong>\u00a05,5\u2033 \/ 14,0 cm<br \/>\n<strong>Resoluci\u00f3n nativa:<\/strong>\u00a01920 x 1080<br \/>\n<strong>Relaci\u00f3n de aspecto:<\/strong>\u00a016:9<br \/>\n<strong>Brillo m\u00e1ximo:<\/strong>\u00a0400 nits \/ cd\/m\u00b2 (pico)<br \/>\n<strong>Soporte HDR:<\/strong>\u00a0No<br \/>\n<strong>Control de imagen:<\/strong>\u00a0Falso color, Histograma, Volteo de imagen, Zoom p\u00edxel a p\u00edxel, Desfile RGB, Forma de onda<br \/>\n<strong>Entradas\/Salidas:<\/strong><br \/>\n1x HDMI 1.4 (entrada)<br \/>\n1x HDMI 1.4 (salida)<br \/>\n1x Salida de auriculares de 3,5 mm<br \/>\n1x entrada de barril (2 A \/ 12 V CC)<br \/>\n1x entrada USB-C (3 A \/ 5 VDC)<br \/>\n<strong>Compatibilidad de formatos:<\/strong><br \/>\nDCI 4K: 30\/25\/24<br \/>\nUHD 4K: 30\/25\/24<br \/>\n1080p<br \/>\n<strong>Tipo de bater\u00eda:<\/strong>\u00a01x L-Series<br \/>\n<strong>Dimensiones:<\/strong>\u00a016,5 x 9,1 x 2,9 cm<br \/>\n<strong>Peso:<\/strong>\u00a0223 g<\/p>\n<p><strong>Embalaje<\/strong><\/p>\n<p><strong>Peso del embalaje:<\/strong>\u00a0680 g<br \/>\n<strong>Dimensiones del embalaje:<\/strong>\u00a020,3 x 12,7 x 9,5 cm<\/p>\n<p><strong>Informaci\u00f3n adicional<\/strong><\/p>\n<p><strong>Nota:<\/strong>\u00a0Im\u00e1genes ilustrativas. Equipo ilustrativo no incluido. Consulte el contenido y las especificaciones del paquete para obtener m\u00e1s detalles.<\/p>\n<\/div>\n<\/div>\n<\/div>\n<\/div>\n<\/div>\n<\/div>\n","protected":false},"excerpt":{"rendered":"<ul>\n<li>Monitor para c\u00e1mara DC-V1 de 5,5\u2033 de Viltrox<\/li>\n<li>Resoluci\u00f3n de 1920 x 1080 para im\u00e1genes n\u00edtidas<\/li>\n<li>Brillo de 400 cd\/m\u00b2, ideal para luz diurna<\/li>\n<li>Compatible con DCI\/UHD 4K30 a trav\u00e9s de HDMI<\/li>\n<li>Herramientas de imagen: histograma, forma de onda<\/li>\n<li>Fuente de alimentaci\u00f3n vers\u00e1til: bater\u00eda de la serie L o adaptadores USB-C<\/li>\n<li>Dise\u00f1o ligero y compacto para facilitar su transporte<\/li>\n<li>Perfecto para cineastas y fot\u00f3grafos en el estudio o en exteriores<\/li>\n<\/ul>\n","protected":false},"featured_media":16005,"comment_status":"closed","ping_status":"closed","template":"","meta":{"_acf_changed":false},"product_brand":[2544],"product_cat":[1117],"product_tag":[],"class_list":{"0":"post-20692","1":"product","2":"type-product","3":"status-publish","4":"has-post-thumbnail","6":"product_brand-viltrox-es","7":"product_cat-monitores-grabadores","8":"pa_resolucao-de-video-4k-es","10":"first","11":"instock","12":"sale","13":"taxable","14":"shipping-taxable","15":"purchasable","16":"product-type-simple"},"bundled_by":[],"bundle_stock_status":"instock","bundle_stock_quantity":3,"bundle_virtual":false,"bundle_layout":"","bundle_add_to_cart_form_location":"","bundle_editable_in_cart":false,"bundle_sold_individually_context":"","bundle_item_grouping":"","bundle_min_size":"","bundle_max_size":"","bundle_price":[],"bundled_items":[],"bundle_sell_ids":[],"acf":[],"_links":{"self":[{"href":"https:\/\/hi-techwonder.com\/es\/wp-json\/wp\/v2\/product\/20692","targetHints":{"allow":["GET"]}}],"collection":[{"href":"https:\/\/hi-techwonder.com\/es\/wp-json\/wp\/v2\/product"}],"about":[{"href":"https:\/\/hi-techwonder.com\/es\/wp-json\/wp\/v2\/types\/product"}],"replies":[{"embeddable":true,"href":"https:\/\/hi-techwonder.com\/es\/wp-json\/wp\/v2\/comments?post=20692"}],"wp:featuredmedia":[{"embeddable":true,"href":"https:\/\/hi-techwonder.com\/es\/wp-json\/wp\/v2\/media\/16005"}],"wp:attachment":[{"href":"https:\/\/hi-techwonder.com\/es\/wp-json\/wp\/v2\/media?parent=20692"}],"wp:term":[{"taxonomy":"product_brand","embeddable":true,"href":"https:\/\/hi-techwonder.com\/es\/wp-json\/wp\/v2\/product_brand?post=20692"},{"taxonomy":"product_cat","embeddable":true,"href":"https:\/\/hi-techwonder.com\/es\/wp-json\/wp\/v2\/product_cat?post=20692"},{"taxonomy":"product_tag","embeddable":true,"href":"https:\/\/hi-techwonder.com\/es\/wp-json\/wp\/v2\/product_tag?post=20692"}],"curies":[{"name":"wp","href":"https:\/\/api.w.org\/{rel}","templated":true}]}}