{"id":20707,"date":"2025-07-24T09:33:39","date_gmt":"2025-07-24T09:33:39","guid":{"rendered":"https:\/\/fv6qoy3ls0.wpdns.site\/produto\/viltrox-af-28mm-f4-5-chip-fe-xf-z\/"},"modified":"2026-04-11T20:19:55","modified_gmt":"2026-04-11T19:19:55","slug":"viltrox-af-28mm-f4-5-chip-fe-xf-z","status":"publish","type":"product","link":"https:\/\/hi-techwonder.com\/es\/producto\/viltrox-af-28mm-f4-5-chip-fe-xf-z\/","title":{"rendered":"Viltrox AF 28mm F4.5 \u00abChip\u00bb FE | XF | Z"},"content":{"rendered":"<div class=\"vc_row wpb_row vc_row-fluid\">\n<div class=\"wpb_column vc_column_container vc_col-sm-12\">\n<div class=\"vc_column-inner\">\n<div class=\"wpb_wrapper\">\n<div class=\"wpb_text_column wpb_content_element\">\n<div class=\"wpb_wrapper\">\n<h3>Viltrox AF 28mm F4.5 \u201cChip\u201d E | XF | Z<\/h3>\n<\/div>\n<\/div>\n<\/div>\n<\/div>\n<\/div>\n<\/div>\n<div class=\"vc_row wpb_row vc_row-fluid\">\n<div class=\"wpb_column vc_column_container vc_col-sm-12\">\n<div class=\"vc_column-inner\">\n<div class=\"wpb_wrapper\">\n<div class=\"wpb_text_column wpb_content_element\">\n<div class=\"wpb_wrapper\">\n<p>Aunque estamos acostumbrados a buscar equipos fotogr\u00e1ficos m\u00e1s grandes y profesionales, tambi\u00e9n deseamos una forma de capturar momentos de manera sencilla y en cualquier lugar. El objetivo AF 28mm F4.5 \u201cChip\u201d de Viltrox est\u00e1 dise\u00f1ado precisamente para este prop\u00f3sito. Con un dise\u00f1o compacto que integra tecnolog\u00eda de autofoco, ofrece a los fot\u00f3grafos mayor libertad creativa, permitiendo que incluso las c\u00e1maras mirrorless profesionales se lleven f\u00e1cilmente en el bolsillo. Usa la \u201cChip\u201d para hacer que la fotograf\u00eda sea una experiencia emocionante.<\/p>\n<\/div>\n<\/div>\n<\/div>\n<\/div>\n<\/div>\n<\/div>\n<div class=\"vc_row wpb_row vc_row-fluid\">\n<div class=\"wpb_column vc_column_container vc_col-sm-12\">\n<div class=\"vc_column-inner\">\n<div class=\"wpb_wrapper\">\n<div class=\"wpb_gallery wpb_content_element vc_clearfix wpb_content_element\">\n<div class=\"wpb_wrapper\">\n<div class=\"wpb_gallery_slides wpb_image_grid\" data-interval=\"3\">\n<p><a class=\"\" href=\"https:\/\/viltrox.es\/wp-content\/uploads\/2024\/10\/DSC08734-%E6%8B%B7%E8%B4%9D.jpg\" data-lightbox=\"lightbox[rel-31708-3628799188]\" target=\"_blank\" rel=\"noopener\"><picture class=\"attachment-medium\" title=\"DSC08734 \u62f7\u8d1d\"><source srcset=\"https:\/\/viltrox.es\/wp-content\/uploads\/2024\/10\/DSC08734-\u62f7\u8d1d-300x235.jpg.avif 300w, https:\/\/viltrox.es\/wp-content\/uploads\/2024\/10\/DSC08734-\u62f7\u8d1d-768x601.jpg.avif 768w, https:\/\/viltrox.es\/wp-content\/uploads\/2024\/10\/DSC08734-\u62f7\u8d1d-600x469.jpg.avif 600w, https:\/\/viltrox.es\/wp-content\/uploads\/2024\/10\/DSC08734-\u62f7\u8d1d.jpg.avif 1000w\" type=\"image\/avif\" sizes=\"auto, (max-width: 300px) 100vw, 300px\" \/><img loading=\"lazy\" decoding=\"async\" src=\"https:\/\/viltrox.es\/wp-content\/uploads\/2024\/10\/DSC08734-%E6%8B%B7%E8%B4%9D-300x235.jpg\" sizes=\"auto, (max-width: 300px) 100vw, 300px\" srcset=\"https:\/\/viltrox.es\/wp-content\/uploads\/2024\/10\/DSC08734-\u62f7\u8d1d-300x235.jpg 300w, https:\/\/viltrox.es\/wp-content\/uploads\/2024\/10\/DSC08734-\u62f7\u8d1d-768x601.jpg 768w, https:\/\/viltrox.es\/wp-content\/uploads\/2024\/10\/DSC08734-\u62f7\u8d1d-600x469.jpg 600w, https:\/\/viltrox.es\/wp-content\/uploads\/2024\/10\/DSC08734-\u62f7\u8d1d.jpg 1000w\" alt=\"\" width=\"300\" height=\"235\"><\/picture><\/a><a class=\"\" href=\"https:\/\/viltrox.es\/wp-content\/uploads\/2024\/10\/DSC04504-1024x683.jpeg\" data-lightbox=\"lightbox[rel-31708-3628799188]\" target=\"_blank\" rel=\"noopener\"><picture class=\"attachment-medium\" title=\"DSC04504\"><source srcset=\"https:\/\/viltrox.es\/wp-content\/uploads\/2024\/10\/DSC04504-300x200.jpeg.avif 300w, https:\/\/viltrox.es\/wp-content\/uploads\/2024\/10\/DSC04504-1024x683.jpeg.avif 1024w, https:\/\/viltrox.es\/wp-content\/uploads\/2024\/10\/DSC04504-768x512.jpeg.avif 768w, https:\/\/viltrox.es\/wp-content\/uploads\/2024\/10\/DSC04504-1536x1024.jpeg.avif 1536w, https:\/\/viltrox.es\/wp-content\/uploads\/2024\/10\/DSC04504-scaled.jpeg.avif 2048w, https:\/\/viltrox.es\/wp-content\/uploads\/2024\/10\/DSC04504-270x180.jpeg.avif 270w, https:\/\/viltrox.es\/wp-content\/uploads\/2024\/10\/DSC04504-600x400.jpeg.avif 600w\" type=\"image\/avif\" sizes=\"auto, (max-width: 300px) 100vw, 300px\" \/><img loading=\"lazy\" decoding=\"async\" src=\"https:\/\/viltrox.es\/wp-content\/uploads\/2024\/10\/DSC04504-300x200.jpeg\" sizes=\"auto, (max-width: 300px) 100vw, 300px\" srcset=\"https:\/\/viltrox.es\/wp-content\/uploads\/2024\/10\/DSC04504-300x200.jpeg 300w, https:\/\/viltrox.es\/wp-content\/uploads\/2024\/10\/DSC04504-1024x683.jpeg 1024w, https:\/\/viltrox.es\/wp-content\/uploads\/2024\/10\/DSC04504-768x512.jpeg 768w, https:\/\/viltrox.es\/wp-content\/uploads\/2024\/10\/DSC04504-1536x1024.jpeg 1536w, https:\/\/viltrox.es\/wp-content\/uploads\/2024\/10\/DSC04504-scaled.jpeg 2048w, https:\/\/viltrox.es\/wp-content\/uploads\/2024\/10\/DSC04504-270x180.jpeg 270w, https:\/\/viltrox.es\/wp-content\/uploads\/2024\/10\/DSC04504-600x400.jpeg 600w\" alt=\"\" width=\"300\" height=\"200\"><\/picture><\/a><a class=\"\" href=\"https:\/\/viltrox.es\/wp-content\/uploads\/2024\/10\/DSC04360-1024x683.jpeg\" data-lightbox=\"lightbox[rel-31708-3628799188]\" target=\"_blank\" rel=\"noopener\"><picture class=\"attachment-medium\" title=\"DSC04360\"><source srcset=\"https:\/\/viltrox.es\/wp-content\/uploads\/2024\/10\/DSC04360-300x200.jpeg.avif 300w, https:\/\/viltrox.es\/wp-content\/uploads\/2024\/10\/DSC04360-1024x683.jpeg.avif 1024w, https:\/\/viltrox.es\/wp-content\/uploads\/2024\/10\/DSC04360-768x512.jpeg.avif 768w, https:\/\/viltrox.es\/wp-content\/uploads\/2024\/10\/DSC04360-1536x1024.jpeg.avif 1536w, https:\/\/viltrox.es\/wp-content\/uploads\/2024\/10\/DSC04360-scaled.jpeg.avif 2048w, https:\/\/viltrox.es\/wp-content\/uploads\/2024\/10\/DSC04360-270x180.jpeg.avif 270w, https:\/\/viltrox.es\/wp-content\/uploads\/2024\/10\/DSC04360-600x400.jpeg.avif 600w\" type=\"image\/avif\" sizes=\"auto, (max-width: 300px) 100vw, 300px\" \/><img loading=\"lazy\" decoding=\"async\" src=\"https:\/\/viltrox.es\/wp-content\/uploads\/2024\/10\/DSC04360-300x200.jpeg\" sizes=\"auto, (max-width: 300px) 100vw, 300px\" srcset=\"https:\/\/viltrox.es\/wp-content\/uploads\/2024\/10\/DSC04360-300x200.jpeg 300w, https:\/\/viltrox.es\/wp-content\/uploads\/2024\/10\/DSC04360-1024x683.jpeg 1024w, https:\/\/viltrox.es\/wp-content\/uploads\/2024\/10\/DSC04360-768x512.jpeg 768w, https:\/\/viltrox.es\/wp-content\/uploads\/2024\/10\/DSC04360-1536x1024.jpeg 1536w, https:\/\/viltrox.es\/wp-content\/uploads\/2024\/10\/DSC04360-scaled.jpeg 2048w, https:\/\/viltrox.es\/wp-content\/uploads\/2024\/10\/DSC04360-270x180.jpeg 270w, https:\/\/viltrox.es\/wp-content\/uploads\/2024\/10\/DSC04360-600x400.jpeg 600w\" alt=\"\" width=\"300\" height=\"200\"><\/picture><\/a><\/p>\n<\/div>\n<\/div>\n<\/div>\n<\/div>\n<\/div>\n<\/div>\n<\/div>\n<div class=\"vc_row wpb_row vc_row-fluid\">\n<div class=\"wpb_column vc_column_container vc_col-sm-12\">\n<div class=\"vc_column-inner\">\n<div class=\"wpb_wrapper\">\n<div class=\"wpb_text_column wpb_content_element\">\n<div class=\"wpb_wrapper\">\n<p><strong>Caracter\u00edsticas principales:<\/strong><\/p>\n<ul>\n<li><strong>Ultra-delgada y ligera:<\/strong>\u00a0Con un dise\u00f1o compacto de solo 60g y dimensiones de \u0424 60.3\u00d715.3 mm, ofrece una experiencia fotogr\u00e1fica \u00e1gil, perfecta para llevar a cualquier lugar.<\/li>\n<li><strong>Autofoco eficiente:<\/strong>\u00a0El sistema de autofoco preciso de Viltrox garantiza tomas n\u00edtidas sin esfuerzo, eliminando procedimientos complicados.<\/li>\n<li><strong>Compatible con Full Frame:<\/strong>\u00a0A pesar de su tama\u00f1o reducido, este objetivo es compatible con una amplia gama de c\u00e1maras Full Frame.<\/li>\n<li><strong>Dise\u00f1o cl\u00e1sico:<\/strong>\u00a0Su cuerpo con l\u00edneas suaves y superficies refinadas combina el estilo cl\u00e1sico con toques modernos.<\/li>\n<li><strong>Tapa deslizante innovadora:<\/strong>\u00a0Un mecanismo de palanca que transforma la tapa del cuerpo del objetivo en una lente, proporcionando protecci\u00f3n contra el polvo y la suciedad.<\/li>\n<li><strong>Longitud focal de 28mm:<\/strong>\u00a0Preferida por los fot\u00f3grafos callejeros, ofrece una perspectiva amplia y din\u00e1mica, ideal para contar historias visuales impactantes.<\/li>\n<li><strong>Calidad de imagen impresionante:<\/strong>\u00a0Con elementos \u00f3pticos de alta precisi\u00f3n (2 lentes ED y 2 asf\u00e9ricas), proporciona im\u00e1genes detalladas y vibrantes.<\/li>\n<li><strong>Efecto de estrella:<\/strong>\u00a0Produce un efecto estrella \u00fanico al fotografiar con luz de fondo.<\/li>\n<li><strong>Revestimientos avanzados:<\/strong>\u00a0Revestimiento HD nano multicapa con protecci\u00f3n contra agua y suciedad en el elemento frontal.<\/li>\n<\/ul>\n<\/div>\n<\/div>\n<\/div>\n<\/div>\n<\/div>\n<\/div>\n<div class=\"vc_row wpb_row vc_row-fluid\">\n<div class=\"wpb_column vc_column_container vc_col-sm-12\">\n<div class=\"vc_column-inner\">\n<div class=\"wpb_wrapper\">\n<div class=\"wpb_gallery wpb_content_element vc_clearfix wpb_content_element\">\n<div class=\"wpb_wrapper\">\n<div class=\"wpb_gallery_slides wpb_image_grid\" data-interval=\"3\">\n<p><a class=\"\" href=\"https:\/\/viltrox.es\/wp-content\/uploads\/2024\/10\/DSC3426-1024x683.jpeg\" data-lightbox=\"lightbox[rel-31708-689634039]\" target=\"_blank\" rel=\"noopener\"><picture class=\"attachment-medium\" title=\"_DSC3426\"><source srcset=\"https:\/\/viltrox.es\/wp-content\/uploads\/2024\/10\/DSC3426-300x200.jpeg.avif 300w, https:\/\/viltrox.es\/wp-content\/uploads\/2024\/10\/DSC3426-1024x683.jpeg.avif 1024w, https:\/\/viltrox.es\/wp-content\/uploads\/2024\/10\/DSC3426-768x512.jpeg.avif 768w, https:\/\/viltrox.es\/wp-content\/uploads\/2024\/10\/DSC3426-1536x1024.jpeg.avif 1536w, https:\/\/viltrox.es\/wp-content\/uploads\/2024\/10\/DSC3426-scaled.jpeg.avif 2048w, https:\/\/viltrox.es\/wp-content\/uploads\/2024\/10\/DSC3426-270x180.jpeg.avif 270w, https:\/\/viltrox.es\/wp-content\/uploads\/2024\/10\/DSC3426-600x400.jpeg.avif 600w\" type=\"image\/avif\" sizes=\"auto, (max-width: 300px) 100vw, 300px\" \/><img loading=\"lazy\" decoding=\"async\" src=\"https:\/\/viltrox.es\/wp-content\/uploads\/2024\/10\/DSC3426-300x200.jpeg\" sizes=\"auto, (max-width: 300px) 100vw, 300px\" srcset=\"https:\/\/viltrox.es\/wp-content\/uploads\/2024\/10\/DSC3426-300x200.jpeg 300w, https:\/\/viltrox.es\/wp-content\/uploads\/2024\/10\/DSC3426-1024x683.jpeg 1024w, https:\/\/viltrox.es\/wp-content\/uploads\/2024\/10\/DSC3426-768x512.jpeg 768w, https:\/\/viltrox.es\/wp-content\/uploads\/2024\/10\/DSC3426-1536x1024.jpeg 1536w, https:\/\/viltrox.es\/wp-content\/uploads\/2024\/10\/DSC3426-scaled.jpeg 2048w, https:\/\/viltrox.es\/wp-content\/uploads\/2024\/10\/DSC3426-270x180.jpeg 270w, https:\/\/viltrox.es\/wp-content\/uploads\/2024\/10\/DSC3426-600x400.jpeg 600w\" alt=\"\" width=\"300\" height=\"200\"><\/picture><\/a><a class=\"\" href=\"https:\/\/viltrox.es\/wp-content\/uploads\/2024\/10\/DSC3353-1024x683.jpeg\" data-lightbox=\"lightbox[rel-31708-689634039]\" target=\"_blank\" rel=\"noopener\"><picture class=\"attachment-medium\" title=\"_DSC3353\"><source srcset=\"https:\/\/viltrox.es\/wp-content\/uploads\/2024\/10\/DSC3353-300x200.jpeg.avif 300w, https:\/\/viltrox.es\/wp-content\/uploads\/2024\/10\/DSC3353-1024x683.jpeg.avif 1024w, https:\/\/viltrox.es\/wp-content\/uploads\/2024\/10\/DSC3353-768x512.jpeg.avif 768w, https:\/\/viltrox.es\/wp-content\/uploads\/2024\/10\/DSC3353-1536x1024.jpeg.avif 1536w, https:\/\/viltrox.es\/wp-content\/uploads\/2024\/10\/DSC3353-scaled.jpeg.avif 2048w, https:\/\/viltrox.es\/wp-content\/uploads\/2024\/10\/DSC3353-270x180.jpeg.avif 270w, https:\/\/viltrox.es\/wp-content\/uploads\/2024\/10\/DSC3353-600x400.jpeg.avif 600w\" type=\"image\/avif\" sizes=\"auto, (max-width: 300px) 100vw, 300px\" \/><img loading=\"lazy\" decoding=\"async\" src=\"https:\/\/viltrox.es\/wp-content\/uploads\/2024\/10\/DSC3353-300x200.jpeg\" sizes=\"auto, (max-width: 300px) 100vw, 300px\" srcset=\"https:\/\/viltrox.es\/wp-content\/uploads\/2024\/10\/DSC3353-300x200.jpeg 300w, https:\/\/viltrox.es\/wp-content\/uploads\/2024\/10\/DSC3353-1024x683.jpeg 1024w, https:\/\/viltrox.es\/wp-content\/uploads\/2024\/10\/DSC3353-768x512.jpeg 768w, https:\/\/viltrox.es\/wp-content\/uploads\/2024\/10\/DSC3353-1536x1024.jpeg 1536w, https:\/\/viltrox.es\/wp-content\/uploads\/2024\/10\/DSC3353-scaled.jpeg 2048w, https:\/\/viltrox.es\/wp-content\/uploads\/2024\/10\/DSC3353-270x180.jpeg 270w, https:\/\/viltrox.es\/wp-content\/uploads\/2024\/10\/DSC3353-600x400.jpeg 600w\" alt=\"\" width=\"300\" height=\"200\"><\/picture><\/a><a class=\"\" href=\"https:\/\/viltrox.es\/wp-content\/uploads\/2024\/10\/DSC3306.jpg\" data-lightbox=\"lightbox[rel-31708-689634039]\" target=\"_blank\" rel=\"noopener\"><picture class=\"attachment-medium\" title=\"_DSC3306\"><source srcset=\"https:\/\/viltrox.es\/wp-content\/uploads\/2024\/10\/DSC3306-300x200.jpg.avif 300w, https:\/\/viltrox.es\/wp-content\/uploads\/2024\/10\/DSC3306-768x511.jpg.avif 768w, https:\/\/viltrox.es\/wp-content\/uploads\/2024\/10\/DSC3306-270x180.jpg.avif 270w, https:\/\/viltrox.es\/wp-content\/uploads\/2024\/10\/DSC3306-600x400.jpg.avif 600w, https:\/\/viltrox.es\/wp-content\/uploads\/2024\/10\/DSC3306.jpg.avif 1000w\" type=\"image\/avif\" sizes=\"auto, (max-width: 300px) 100vw, 300px\" \/><img loading=\"lazy\" decoding=\"async\" src=\"https:\/\/viltrox.es\/wp-content\/uploads\/2024\/10\/DSC3306-300x200.jpg\" sizes=\"auto, (max-width: 300px) 100vw, 300px\" srcset=\"https:\/\/viltrox.es\/wp-content\/uploads\/2024\/10\/DSC3306-300x200.jpg 300w, https:\/\/viltrox.es\/wp-content\/uploads\/2024\/10\/DSC3306-768x511.jpg 768w, https:\/\/viltrox.es\/wp-content\/uploads\/2024\/10\/DSC3306-270x180.jpg 270w, https:\/\/viltrox.es\/wp-content\/uploads\/2024\/10\/DSC3306-600x400.jpg 600w, https:\/\/viltrox.es\/wp-content\/uploads\/2024\/10\/DSC3306.jpg 1000w\" alt=\"\" width=\"300\" height=\"200\"><\/picture><\/a><\/p>\n<\/div>\n<\/div>\n<\/div>\n<\/div>\n<\/div>\n<\/div>\n<\/div>\n<div class=\"vc_row wpb_row vc_row-fluid\">\n<div class=\"wpb_column vc_column_container vc_col-sm-12\">\n<div class=\"vc_column-inner\">\n<div class=\"wpb_wrapper\">\n<div class=\"wpb_text_column wpb_content_element\">\n<div class=\"wpb_wrapper\">\n<h4>Especificaciones:<\/h4>\n<table width=\"584\">\n<tbody>\n<tr>\n<td width=\"292\">Longitud focal<\/td>\n<td width=\"292\">28mm<\/td>\n<\/tr>\n<tr>\n<td width=\"292\">Apertura constante<\/td>\n<td width=\"292\">f\/4.5<\/td>\n<\/tr>\n<tr>\n<td width=\"292\">Montura<\/td>\n<td width=\"292\">Sony E | Fuji X | Nikon Z<\/td>\n<\/tr>\n<tr>\n<td width=\"292\">Cobertura de formato de lente<\/td>\n<td width=\"292\">Fotograma Completo<\/td>\n<\/tr>\n<tr>\n<td width=\"292\">\u00c1ngulo de visi\u00f3n<\/td>\n<td width=\"292\">73.42\u00ba<\/td>\n<\/tr>\n<tr>\n<td width=\"292\">Distancia m\u00ednima de enfoque<\/td>\n<td width=\"292\">32cm<\/td>\n<\/tr>\n<tr>\n<td width=\"292\">Ampliaci\u00f3n m\u00e1xima<\/td>\n<td width=\"292\">0.11x<\/td>\n<\/tr>\n<tr>\n<td width=\"292\">Dise\u00f1o \u00f3ptico<\/td>\n<td width=\"292\">6 elementos en 6 grupos<\/td>\n<\/tr>\n<tr>\n<td width=\"292\">Tipo de enfoque<\/td>\n<td width=\"292\">Enfoque autom\u00e1tico<\/td>\n<\/tr>\n<tr>\n<td width=\"292\">Motor de enfoque<\/td>\n<td width=\"292\">VCM<\/td>\n<\/tr>\n<tr>\n<td width=\"292\">Estabilizaci\u00f3n de imagen<\/td>\n<td width=\"292\">No<\/td>\n<\/tr>\n<tr>\n<td width=\"292\">Tama\u00f1o del filtro<\/td>\n<td width=\"292\">Ninguno<\/td>\n<\/tr>\n<tr>\n<td width=\"292\">Dimensiones (\u00f8 x L)<\/td>\n<td width=\"292\">60.3 x 15.3mm<\/td>\n<\/tr>\n<tr>\n<td width=\"292\">Peso<\/td>\n<td width=\"292\">~60g<\/td>\n<\/tr>\n<\/tbody>\n<\/table>\n<\/div>\n<\/div>\n<\/div>\n<\/div>\n<\/div>\n<\/div>\n","protected":false},"excerpt":{"rendered":"<ul>\n<li>Lente ultra-delgada y ultra-ligera para c\u00e1maras mirrorless<\/li>\n<li>Tecnolog\u00eda de autofoco precisa y eficiente<\/li>\n<li>Dise\u00f1o vintage cl\u00e1sico con detalles modernos<\/li>\n<li>Longitud focal de 28mm, ideal para fotograf\u00eda callejera<\/li>\n<li>Elementos \u00f3pticos de alta calidad con revestimiento HD nano multicapa<\/li>\n<li>Efecto de estrella \u00fanico en contraluz<\/li>\n<\/ul>\n","protected":false},"featured_media":16028,"comment_status":"closed","ping_status":"closed","template":"","meta":{"_acf_changed":false},"product_brand":[2544],"product_cat":[1062],"product_tag":[],"class_list":{"0":"post-20707","1":"product","2":"type-product","3":"status-publish","4":"has-post-thumbnail","6":"product_brand-viltrox-es","7":"product_cat-mirrorless-objectivos","8":"pa_montagem-da-objetiva-fujifilm-x-es","9":"pa_montagem-da-objetiva-nikon-z-es","10":"pa_montagem-da-objetiva-sony-e-es","12":"first","13":"instock","14":"taxable","15":"shipping-taxable","16":"purchasable","17":"product-type-variable"},"bundled_by":[],"bundle_stock_status":"instock","bundle_stock_quantity":null,"bundle_virtual":false,"bundle_layout":"","bundle_add_to_cart_form_location":"","bundle_editable_in_cart":false,"bundle_sold_individually_context":"","bundle_item_grouping":"","bundle_min_size":"","bundle_max_size":"","bundle_price":[],"bundled_items":[],"bundle_sell_ids":[],"acf":[],"_links":{"self":[{"href":"https:\/\/hi-techwonder.com\/es\/wp-json\/wp\/v2\/product\/20707","targetHints":{"allow":["GET"]}}],"collection":[{"href":"https:\/\/hi-techwonder.com\/es\/wp-json\/wp\/v2\/product"}],"about":[{"href":"https:\/\/hi-techwonder.com\/es\/wp-json\/wp\/v2\/types\/product"}],"replies":[{"embeddable":true,"href":"https:\/\/hi-techwonder.com\/es\/wp-json\/wp\/v2\/comments?post=20707"}],"wp:featuredmedia":[{"embeddable":true,"href":"https:\/\/hi-techwonder.com\/es\/wp-json\/wp\/v2\/media\/16028"}],"wp:attachment":[{"href":"https:\/\/hi-techwonder.com\/es\/wp-json\/wp\/v2\/media?parent=20707"}],"wp:term":[{"taxonomy":"product_brand","embeddable":true,"href":"https:\/\/hi-techwonder.com\/es\/wp-json\/wp\/v2\/product_brand?post=20707"},{"taxonomy":"product_cat","embeddable":true,"href":"https:\/\/hi-techwonder.com\/es\/wp-json\/wp\/v2\/product_cat?post=20707"},{"taxonomy":"product_tag","embeddable":true,"href":"https:\/\/hi-techwonder.com\/es\/wp-json\/wp\/v2\/product_tag?post=20707"}],"curies":[{"name":"wp","href":"https:\/\/api.w.org\/{rel}","templated":true}]}}