{"id":20755,"date":"2025-07-24T09:33:39","date_gmt":"2025-07-24T09:33:39","guid":{"rendered":"https:\/\/fv6qoy3ls0.wpdns.site\/produto\/viltrox-dc-x3-monitor-hdmi-sdi-pantalla-tactil-de-6\/"},"modified":"2026-04-09T16:24:10","modified_gmt":"2026-04-09T15:24:10","slug":"viltrox-dc-x3-monitor-hdmi-sdi-pantalla-tactil-de-6","status":"publish","type":"product","link":"https:\/\/hi-techwonder.com\/es\/producto\/viltrox-dc-x3-monitor-hdmi-sdi-pantalla-tactil-de-6\/","title":{"rendered":"Viltrox DC-X3 Monitor HDMI\/SDI Pantalla T\u00e1ctil de 6&#8243;"},"content":{"rendered":"<div class=\"vc_row wpb_row vc_row-fluid\">\n<div class=\"wpb_column vc_column_container vc_col-sm-12\">\n<div class=\"vc_column-inner\">\n<div class=\"wpb_wrapper\">\n<div class=\"wpb_text_column wpb_content_element\">\n<div class=\"wpb_wrapper\">\n<h3>Viltrox DC-X3 Monitor HDMI\/SDI Pantalla T\u00e1ctil de 6\u2033<\/h3>\n<\/div>\n<\/div>\n<\/div>\n<\/div>\n<\/div>\n<\/div>\n<div class=\"vc_row wpb_row vc_row-fluid\">\n<div class=\"wpb_column vc_column_container vc_col-sm-12\">\n<div class=\"vc_column-inner\">\n<div class=\"wpb_wrapper\">\n<div class=\"wpb_text_column wpb_content_element\">\n<div class=\"wpb_wrapper\">\n<p>El monitor Viltrox DC-X3 de 6\u2033 con pantalla t\u00e1ctil HDMI\/SDI ofrece una visualizaci\u00f3n clara y brillante de las im\u00e1genes de tu c\u00e1mara. Este monitor soporta hasta DCI\/UHD 4K30 a trav\u00e9s de las entradas HDMI y 3G-SDI, y permite la transmisi\u00f3n de se\u00f1ales a otros monitores a trav\u00e9s de las salidas de loop-through HDMI y SDI. Con herramientas como histograma y forma de onda, y brillo de 2000 cd\/m\u00b2, el DC-X3 es ideal tanto para interiores como exteriores. El monitor puede ser alimentado por bater\u00edas L-Series, o a trav\u00e9s de adaptadores DC o USB-C, proporcionando gran versatilidad.<\/p>\n<\/div>\n<\/div>\n<\/div>\n<\/div>\n<\/div>\n<\/div>\n<div class=\"vc_row wpb_row vc_row-fluid\">\n<div class=\"wpb_column vc_column_container vc_col-sm-12\">\n<div class=\"vc_column-inner\">\n<div class=\"wpb_wrapper\">\n<div class=\"wpb_single_image wpb_content_element vc_align_left wpb_content_element\">\n<figure class=\"wpb_wrapper vc_figure\">\n<div class=\"vc_single_image-wrapper   vc_box_border_grey\"><img loading=\"lazy\" decoding=\"async\" class=\"vc_single_image-img \" title=\"DC-X3 10\" src=\"https:\/\/viltrox.es\/wp-content\/uploads\/2024\/10\/DC-X3-10-752x501.png\" alt=\"DC-X3 10\" width=\"752\" height=\"501\" \/><\/div>\n<\/figure>\n<\/div>\n<\/div>\n<\/div>\n<\/div>\n<\/div>\n<div class=\"vc_row wpb_row vc_row-fluid\">\n<div class=\"wpb_column vc_column_container vc_col-sm-12\">\n<div class=\"vc_column-inner\">\n<div class=\"wpb_wrapper\">\n<div class=\"wpb_text_column wpb_content_element\">\n<div class=\"wpb_wrapper\">\n<p><strong>Caracter\u00edsticas principales:<\/strong><\/p>\n<ul>\n<li><strong>Monitor HD de 6\u2033 para c\u00e1maras:<\/strong>\u00a0Pantalla t\u00e1ctil con resoluci\u00f3n de 1920 x 1080.<\/li>\n<li><strong>Brillo de 2000 cd\/m\u00b2:<\/strong>\u00a0Ideal para uso en interiores y exteriores.<\/li>\n<li><strong>Conectividad HDMI y SDI:<\/strong>\u00a0Entradas HDMI y 3G-SDI, con salidas de loop-through para conexi\u00f3n a otros monitores.<\/li>\n<li><strong>Soporte 4K:<\/strong>\u00a0Soporta entrada y salida de v\u00eddeo hasta DCI\/UHD 4K30.<\/li>\n<li><strong>Versatilidad de alimentaci\u00f3n:<\/strong>\u00a0Puede ser alimentado mediante bater\u00edas L-Series o adaptadores DC o USB-C.<\/li>\n<li><strong>Personalizaci\u00f3n de imagen:<\/strong>\u00a0Importaci\u00f3n de 3D LUTs personalizados mediante tarjeta SD o USB, con soporte para actualizaciones de firmware.<\/li>\n<li><strong>Dise\u00f1o port\u00e1til y silencioso:<\/strong>\u00a0Incluye ventilador de refrigeraci\u00f3n silencioso, protecci\u00f3n solar y soporte de montaje con adaptador de zapata.<\/li>\n<\/ul>\n<\/div>\n<\/div>\n<\/div>\n<\/div>\n<\/div>\n<\/div>\n<div class=\"vc_row wpb_row vc_row-fluid\">\n<div class=\"wpb_column vc_column_container vc_col-sm-12\">\n<div class=\"vc_column-inner\">\n<div class=\"wpb_wrapper\">\n<div class=\"wpb_single_image wpb_content_element vc_align_left wpb_content_element\">\n<figure class=\"wpb_wrapper vc_figure\">\n<div class=\"vc_single_image-wrapper   vc_box_border_grey\"><img loading=\"lazy\" decoding=\"async\" class=\"vc_single_image-img \" title=\"3\" src=\"https:\/\/viltrox.es\/wp-content\/uploads\/2024\/10\/3-752x501.png\" alt=\"3\" width=\"752\" height=\"501\" \/><\/div>\n<\/figure>\n<\/div>\n<\/div>\n<\/div>\n<\/div>\n<\/div>\n<div class=\"vc_row wpb_row vc_row-fluid\">\n<div class=\"wpb_column vc_column_container vc_col-sm-12\">\n<div class=\"vc_column-inner\">\n<div class=\"wpb_wrapper\">\n<div class=\"wpb_text_column wpb_content_element\">\n<div class=\"wpb_wrapper\">\n<p><strong>Contenido del paquete<\/strong><\/p>\n<ul>\n<li>1 Monitor VILTROX DC-X3<\/li>\n<li>1 Estuche de transporte<\/li>\n<li>1 R\u00f3tula personalizada<\/li>\n<li>1 Bater\u00eda NP-F550<\/li>\n<li>1 Parasol de liberaci\u00f3n r\u00e1pida<\/li>\n<li>1 Protector de pantalla personalizado<\/li>\n<li>1 Cable HDMI<\/li>\n<li>1 Cable Mini HDMI<\/li>\n<li>1 Cable de alimentaci\u00f3n USB-C<\/li>\n<li>1 Manual electr\u00f3nico\/tarjeta de garant\u00eda<\/li>\n<\/ul>\n<\/div>\n<\/div>\n<\/div>\n<\/div>\n<\/div>\n<\/div>\n<div class=\"vc_row wpb_row vc_row-fluid\">\n<div class=\"wpb_column vc_column_container vc_col-sm-12\">\n<div class=\"vc_column-inner\">\n<div class=\"wpb_wrapper\">\n<div class=\"wpb_single_image wpb_content_element vc_align_left wpb_content_element\">\n<figure class=\"wpb_wrapper vc_figure\">\n<div class=\"vc_single_image-wrapper   vc_box_border_grey\"><img loading=\"lazy\" decoding=\"async\" class=\"vc_single_image-img \" title=\"TVC\u622a\u56fe(74)\" src=\"https:\/\/viltrox.es\/wp-content\/uploads\/2024\/10\/TVC%E6%88%AA%E5%9B%BE74-1-752x501.png\" alt=\"TVC\u622a\u56fe(74)\" width=\"752\" height=\"501\" \/><\/div>\n<\/figure>\n<\/div>\n<\/div>\n<\/div>\n<\/div>\n<\/div>\n<div class=\"vc_row wpb_row vc_row-fluid\">\n<div class=\"wpb_column vc_column_container vc_col-sm-12\">\n<div class=\"vc_column-inner\">\n<div class=\"wpb_wrapper\">\n<div class=\"wpb_text_column wpb_content_element\">\n<div class=\"wpb_wrapper\">\n<p><strong>Especificaciones T\u00e9cnicas:<\/strong><\/p>\n<ul>\n<li><strong>Tipo de panel:<\/strong>\u00a0LCD<\/li>\n<li><strong>Tama\u00f1o de la pantalla:<\/strong>\u00a06.0\u2033 \/ 15.2 cm<\/li>\n<li><strong>Resoluci\u00f3n nativa:<\/strong>\u00a01920 x 1080<\/li>\n<li><strong>Relaci\u00f3n de aspecto:<\/strong>\u00a016:9<\/li>\n<li><strong>\u00c1ngulo de visi\u00f3n:<\/strong>\u00a0160\u00b0<\/li>\n<li><strong>Pantalla t\u00e1ctil:<\/strong>\u00a0S\u00ed<\/li>\n<li><strong>Brillo m\u00e1ximo:<\/strong>\u00a02000 nits \/ cd\/m\u00b2 (Pico)<\/li>\n<li><strong>Relaci\u00f3n de contraste:<\/strong>\u00a01000:1<\/li>\n<li><strong>Soporte de colores:<\/strong>\u00a016.7 millones de colores (8-Bit)<\/li>\n<li><strong>Soporte HDR:<\/strong>\u00a0No<\/li>\n<li><strong>P\u00edxeles por pulgada (ppi):<\/strong>\u00a0360 ppi<\/li>\n<li><strong>Gama de colores:<\/strong>\u00a0100% Rec. 709, 100% sRGB<\/li>\n<li><strong>Soporte LUT:<\/strong>\u00a0No<\/li>\n<li><strong>Controles de imagen:<\/strong>\u00a0Falso Color, Histograma, Inversi\u00f3n de Imagen, Zoom Pixel-a-Pixel, RGB Parade, Forma de Onda<\/li>\n<li><strong>Entrada\/Salida de v\u00eddeo:<\/strong>\u00a01x HDMI 1.4 Entrada, 1x BNC (3G-SDI) Entrada, 1x HDMI 1.4 Salida, 1x BNC (3G-SDI) Salida<\/li>\n<li><strong>Entrada\/Salida de audio:<\/strong>\u00a0Salida para auriculares de 3.5 mm<\/li>\n<li><strong>Alimentaci\u00f3n:<\/strong>\u00a0Entrada Barril (2 A \/ 12 VDC), USB-C (3 A \/ 5 VDC)<\/li>\n<li><strong>Tipo de bater\u00eda:<\/strong>\u00a01x L-Series<\/li>\n<li><strong>Condiciones de operaci\u00f3n:<\/strong>\u00a00 a 65\u00b0C<\/li>\n<li><strong>Material de construcci\u00f3n:<\/strong>\u00a0Aluminio<\/li>\n<li><strong>Dimensiones:<\/strong>\u00a015.54 x 9.84 x 3 cm<\/li>\n<li><strong>Peso:<\/strong>\u00a0350 g<\/li>\n<\/ul>\n<\/div>\n<\/div>\n<\/div>\n<\/div>\n<\/div>\n<\/div>\n","protected":false},"excerpt":{"rendered":"<ul>\n<li>Monitor para c\u00e1mara con pantalla t\u00e1ctil de 6\u2033 DC-X3<\/li>\n<li>Resoluci\u00f3n 1920 x 1080, brillo de 2000 cd\/m\u00b2, 3D LUTs<\/li>\n<li>Entradas y salidas HDMI y 3G-SDI<\/li>\n<li>Herramientas integradas de gesti\u00f3n de imagen, ideal para uso en interiores y exteriores<\/li>\n<li>Placa de bater\u00eda L-Series, entrada USB-C y ventilador de refrigeraci\u00f3n silencioso<\/li>\n<\/ul>\n","protected":false},"featured_media":16059,"comment_status":"closed","ping_status":"closed","template":"","meta":{"_acf_changed":false},"product_brand":[2544],"product_cat":[1117],"product_tag":[],"class_list":{"0":"post-20755","1":"product","2":"type-product","3":"status-publish","4":"has-post-thumbnail","6":"product_brand-viltrox-es","7":"product_cat-monitores-grabadores","8":"pa_resolucao-de-video-4k-es","10":"first","11":"instock","12":"taxable","13":"shipping-taxable","14":"purchasable","15":"product-type-variable"},"bundled_by":[],"bundle_stock_status":"instock","bundle_stock_quantity":null,"bundle_virtual":false,"bundle_layout":"","bundle_add_to_cart_form_location":"","bundle_editable_in_cart":false,"bundle_sold_individually_context":"","bundle_item_grouping":"","bundle_min_size":"","bundle_max_size":"","bundle_price":[],"bundled_items":[],"bundle_sell_ids":[],"acf":[],"_links":{"self":[{"href":"https:\/\/hi-techwonder.com\/es\/wp-json\/wp\/v2\/product\/20755","targetHints":{"allow":["GET"]}}],"collection":[{"href":"https:\/\/hi-techwonder.com\/es\/wp-json\/wp\/v2\/product"}],"about":[{"href":"https:\/\/hi-techwonder.com\/es\/wp-json\/wp\/v2\/types\/product"}],"replies":[{"embeddable":true,"href":"https:\/\/hi-techwonder.com\/es\/wp-json\/wp\/v2\/comments?post=20755"}],"wp:featuredmedia":[{"embeddable":true,"href":"https:\/\/hi-techwonder.com\/es\/wp-json\/wp\/v2\/media\/16059"}],"wp:attachment":[{"href":"https:\/\/hi-techwonder.com\/es\/wp-json\/wp\/v2\/media?parent=20755"}],"wp:term":[{"taxonomy":"product_brand","embeddable":true,"href":"https:\/\/hi-techwonder.com\/es\/wp-json\/wp\/v2\/product_brand?post=20755"},{"taxonomy":"product_cat","embeddable":true,"href":"https:\/\/hi-techwonder.com\/es\/wp-json\/wp\/v2\/product_cat?post=20755"},{"taxonomy":"product_tag","embeddable":true,"href":"https:\/\/hi-techwonder.com\/es\/wp-json\/wp\/v2\/product_tag?post=20755"}],"curies":[{"name":"wp","href":"https:\/\/api.w.org\/{rel}","templated":true}]}}