{"id":20796,"date":"2025-07-24T09:35:06","date_gmt":"2025-07-24T09:35:06","guid":{"rendered":"https:\/\/fv6qoy3ls0.wpdns.site\/produto\/viltrox-adaptador-ef-m1-pro-canon-ef-micro-4-3\/"},"modified":"2026-01-30T15:37:15","modified_gmt":"2026-01-30T15:37:15","slug":"viltrox-adaptador-ef-m1-pro-canon-ef-micro-4-3","status":"publish","type":"product","link":"https:\/\/hi-techwonder.com\/es\/producto\/viltrox-adaptador-ef-m1-pro-canon-ef-micro-4-3\/","title":{"rendered":"Viltrox Adaptador EF-M1 Pro Canon EF &#8211; Micro 4\/3"},"content":{"rendered":"<div class=\"vc_row wpb_row vc_row-fluid\">\n<div class=\"wpb_column vc_column_container vc_col-sm-12\">\n<div class=\"vc_column-inner\">\n<div class=\"wpb_wrapper\">\n<div class=\"wpb_text_column wpb_content_element\">\n<div class=\"wpb_wrapper\">\n<h3><strong>Viltrox Adaptador EF-M1 Pro Canon EF \u2013 Micro 4\/3<\/strong><\/h3>\n<\/div>\n<\/div>\n<\/div>\n<\/div>\n<\/div>\n<\/div>\n<div class=\"vc_row wpb_row vc_row-fluid\">\n<div class=\"wpb_column vc_column_container vc_col-sm-12\">\n<div class=\"vc_column-inner\">\n<div class=\"wpb_wrapper\">\n<div class=\"wpb_text_column wpb_content_element\">\n<div class=\"wpb_wrapper\">\n<p>El Adaptador Viltrox EF-M1 Pro es la soluci\u00f3n ideal para fot\u00f3grafos profesionales que buscan optimizar la estabilidad de disparo y mantener la funcionalidad de estabilizaci\u00f3n de sus lentes. Con un dise\u00f1o robusto en aleaci\u00f3n de metal, contactos electr\u00f3nicos ba\u00f1ados en oro y un mecanismo de bloqueo rotativo, este adaptador facilita el ajuste preciso de la lente para capturas n\u00edtidas y de alta calidad. Adem\u00e1s, la transmisi\u00f3n de datos EXIF y la interfaz Type-C aseguran compatibilidad y soporte para actualizaciones de firmware.<\/p>\n<\/div>\n<\/div>\n<\/div>\n<\/div>\n<\/div>\n<\/div>\n<div class=\"vc_row wpb_row vc_row-fluid\">\n<div class=\"wpb_column vc_column_container vc_col-sm-12\">\n<div class=\"vc_column-inner\">\n<div class=\"wpb_wrapper\">\n<div class=\"wpb_gallery wpb_content_element vc_clearfix wpb_content_element\">\n<div class=\"wpb_wrapper\">\n<div class=\"wpb_gallery_slides wpb_image_grid\" data-interval=\"3\">\n<p><a class=\"\" href=\"https:\/\/viltrox.es\/wp-content\/uploads\/2024\/10\/DSC01312-1024x683.jpeg\" data-lightbox=\"lightbox[rel-31861-1179102450]\" target=\"_blank\" rel=\"noopener\"><picture class=\"attachment-medium\" title=\"DSC01312\"><source srcset=\"https:\/\/viltrox.es\/wp-content\/uploads\/2024\/10\/DSC01312-300x200.jpeg.avif 300w, https:\/\/viltrox.es\/wp-content\/uploads\/2024\/10\/DSC01312-1024x683.jpeg.avif 1024w, https:\/\/viltrox.es\/wp-content\/uploads\/2024\/10\/DSC01312-768x512.jpeg.avif 768w, https:\/\/viltrox.es\/wp-content\/uploads\/2024\/10\/DSC01312-1536x1024.jpeg.avif 1536w, https:\/\/viltrox.es\/wp-content\/uploads\/2024\/10\/DSC01312-scaled.jpeg.avif 2048w, https:\/\/viltrox.es\/wp-content\/uploads\/2024\/10\/DSC01312-270x180.jpeg.avif 270w, https:\/\/viltrox.es\/wp-content\/uploads\/2024\/10\/DSC01312-600x400.jpeg.avif 600w\" type=\"image\/avif\" sizes=\"auto, (max-width: 300px) 100vw, 300px\" \/><img loading=\"lazy\" decoding=\"async\" src=\"https:\/\/viltrox.es\/wp-content\/uploads\/2024\/10\/DSC01312-300x200.jpeg\" sizes=\"auto, (max-width: 300px) 100vw, 300px\" srcset=\"https:\/\/viltrox.es\/wp-content\/uploads\/2024\/10\/DSC01312-300x200.jpeg 300w, https:\/\/viltrox.es\/wp-content\/uploads\/2024\/10\/DSC01312-1024x683.jpeg 1024w, https:\/\/viltrox.es\/wp-content\/uploads\/2024\/10\/DSC01312-768x512.jpeg 768w, https:\/\/viltrox.es\/wp-content\/uploads\/2024\/10\/DSC01312-1536x1024.jpeg 1536w, https:\/\/viltrox.es\/wp-content\/uploads\/2024\/10\/DSC01312-scaled.jpeg 2048w, https:\/\/viltrox.es\/wp-content\/uploads\/2024\/10\/DSC01312-270x180.jpeg 270w, https:\/\/viltrox.es\/wp-content\/uploads\/2024\/10\/DSC01312-600x400.jpeg 600w\" alt=\"\" width=\"300\" height=\"200\"><\/picture><\/a><a class=\"\" href=\"https:\/\/viltrox.es\/wp-content\/uploads\/2024\/10\/DSC01342-1024x683.jpeg\" data-lightbox=\"lightbox[rel-31861-1179102450]\" target=\"_blank\" rel=\"noopener\"><picture class=\"attachment-medium\" title=\"DSC01342\"><source srcset=\"https:\/\/viltrox.es\/wp-content\/uploads\/2024\/10\/DSC01342-300x200.jpeg.avif 300w, https:\/\/viltrox.es\/wp-content\/uploads\/2024\/10\/DSC01342-1024x683.jpeg.avif 1024w, https:\/\/viltrox.es\/wp-content\/uploads\/2024\/10\/DSC01342-768x512.jpeg.avif 768w, https:\/\/viltrox.es\/wp-content\/uploads\/2024\/10\/DSC01342-1536x1024.jpeg.avif 1536w, https:\/\/viltrox.es\/wp-content\/uploads\/2024\/10\/DSC01342-scaled.jpeg.avif 2048w, https:\/\/viltrox.es\/wp-content\/uploads\/2024\/10\/DSC01342-270x180.jpeg.avif 270w, https:\/\/viltrox.es\/wp-content\/uploads\/2024\/10\/DSC01342-600x400.jpeg.avif 600w\" type=\"image\/avif\" sizes=\"auto, (max-width: 300px) 100vw, 300px\" \/><img loading=\"lazy\" decoding=\"async\" src=\"https:\/\/viltrox.es\/wp-content\/uploads\/2024\/10\/DSC01342-300x200.jpeg\" sizes=\"auto, (max-width: 300px) 100vw, 300px\" srcset=\"https:\/\/viltrox.es\/wp-content\/uploads\/2024\/10\/DSC01342-300x200.jpeg 300w, https:\/\/viltrox.es\/wp-content\/uploads\/2024\/10\/DSC01342-1024x683.jpeg 1024w, https:\/\/viltrox.es\/wp-content\/uploads\/2024\/10\/DSC01342-768x512.jpeg 768w, https:\/\/viltrox.es\/wp-content\/uploads\/2024\/10\/DSC01342-1536x1024.jpeg 1536w, https:\/\/viltrox.es\/wp-content\/uploads\/2024\/10\/DSC01342-scaled.jpeg 2048w, https:\/\/viltrox.es\/wp-content\/uploads\/2024\/10\/DSC01342-270x180.jpeg 270w, https:\/\/viltrox.es\/wp-content\/uploads\/2024\/10\/DSC01342-600x400.jpeg 600w\" alt=\"\" width=\"300\" height=\"200\"><\/picture><\/a><\/p>\n<\/div>\n<\/div>\n<\/div>\n<\/div>\n<\/div>\n<\/div>\n<\/div>\n<div class=\"vc_row wpb_row vc_row-fluid\">\n<div class=\"wpb_column vc_column_container vc_col-sm-12\">\n<div class=\"vc_column-inner\">\n<div class=\"wpb_wrapper\">\n<div class=\"wpb_text_column wpb_content_element\">\n<div class=\"wpb_wrapper\">\n<p><strong>Caracter\u00edsticas Principales<\/strong><\/p>\n<ul>\n<li><strong>Soporte de Estabilizaci\u00f3n<\/strong>: Mantiene la estabilizaci\u00f3n de lentes con sistema propio, mejorando la estabilidad de disparo.<\/li>\n<li><strong>Dise\u00f1o de Bloqueo Rotativo<\/strong>: Bloqueo sin esfuerzo, con distribuci\u00f3n de presi\u00f3n para una conexi\u00f3n estable.<\/li>\n<li><strong>Autofoco Suave y Preciso<\/strong>: El sistema de autofoco permite ajustes r\u00e1pidos y silenciosos.<\/li>\n<li><strong>Transmisi\u00f3n de Datos EXIF<\/strong>: Transmite datos de apertura, velocidad de obturaci\u00f3n, ISO y m\u00e1s.<\/li>\n<li><strong>Interfaz de Actualizaci\u00f3n Type-C<\/strong>: Soporta actualizaciones de firmware para mejoras continuas de rendimiento.<\/li>\n<li><strong>Contactos Electr\u00f3nicos Ba\u00f1ados en Oro<\/strong>: Mayor durabilidad y resistencia con contactos de alta calidad.<\/li>\n<\/ul>\n<\/div>\n<\/div>\n<\/div>\n<\/div>\n<\/div>\n<\/div>\n<div class=\"vc_row wpb_row vc_row-fluid\">\n<div class=\"wpb_column vc_column_container vc_col-sm-12\">\n<div class=\"vc_column-inner\">\n<div class=\"wpb_wrapper\">\n<div class=\"wpb_gallery wpb_content_element vc_clearfix wpb_content_element\">\n<div class=\"wpb_wrapper\">\n<div class=\"wpb_gallery_slides wpb_image_grid\" data-interval=\"3\">\n<p><a class=\"\" href=\"https:\/\/viltrox.es\/wp-content\/uploads\/2024\/10\/DSC07647-1024x683.jpeg\" data-lightbox=\"lightbox[rel-31861-645160886]\" target=\"_blank\" rel=\"noopener\"><picture class=\"attachment-medium\" title=\"DSC07647\"><source srcset=\"https:\/\/viltrox.es\/wp-content\/uploads\/2024\/10\/DSC07647-300x200.jpeg.avif 300w, https:\/\/viltrox.es\/wp-content\/uploads\/2024\/10\/DSC07647-1024x683.jpeg.avif 1024w, https:\/\/viltrox.es\/wp-content\/uploads\/2024\/10\/DSC07647-768x512.jpeg.avif 768w, https:\/\/viltrox.es\/wp-content\/uploads\/2024\/10\/DSC07647-1536x1024.jpeg.avif 1536w, https:\/\/viltrox.es\/wp-content\/uploads\/2024\/10\/DSC07647-scaled.jpeg.avif 2048w, https:\/\/viltrox.es\/wp-content\/uploads\/2024\/10\/DSC07647-270x180.jpeg.avif 270w, https:\/\/viltrox.es\/wp-content\/uploads\/2024\/10\/DSC07647-600x400.jpeg.avif 600w\" type=\"image\/avif\" sizes=\"auto, (max-width: 300px) 100vw, 300px\" \/><img loading=\"lazy\" decoding=\"async\" src=\"https:\/\/viltrox.es\/wp-content\/uploads\/2024\/10\/DSC07647-300x200.jpeg\" sizes=\"auto, (max-width: 300px) 100vw, 300px\" srcset=\"https:\/\/viltrox.es\/wp-content\/uploads\/2024\/10\/DSC07647-300x200.jpeg 300w, https:\/\/viltrox.es\/wp-content\/uploads\/2024\/10\/DSC07647-1024x683.jpeg 1024w, https:\/\/viltrox.es\/wp-content\/uploads\/2024\/10\/DSC07647-768x512.jpeg 768w, https:\/\/viltrox.es\/wp-content\/uploads\/2024\/10\/DSC07647-1536x1024.jpeg 1536w, https:\/\/viltrox.es\/wp-content\/uploads\/2024\/10\/DSC07647-scaled.jpeg 2048w, https:\/\/viltrox.es\/wp-content\/uploads\/2024\/10\/DSC07647-270x180.jpeg 270w, https:\/\/viltrox.es\/wp-content\/uploads\/2024\/10\/DSC07647-600x400.jpeg 600w\" alt=\"\" width=\"300\" height=\"200\"><\/picture><\/a><a class=\"\" href=\"https:\/\/viltrox.es\/wp-content\/uploads\/2024\/10\/DSC07662-683x1024.jpeg\" data-lightbox=\"lightbox[rel-31861-645160886]\" target=\"_blank\" rel=\"noopener\"><picture class=\"attachment-medium\" title=\"DSC07662\"><source srcset=\"https:\/\/viltrox.es\/wp-content\/uploads\/2024\/10\/DSC07662-200x300.jpeg.avif 200w, https:\/\/viltrox.es\/wp-content\/uploads\/2024\/10\/DSC07662-683x1024.jpeg.avif 683w, https:\/\/viltrox.es\/wp-content\/uploads\/2024\/10\/DSC07662-768x1152.jpeg.avif 768w, https:\/\/viltrox.es\/wp-content\/uploads\/2024\/10\/DSC07662-1024x1536.jpeg.avif 1024w, https:\/\/viltrox.es\/wp-content\/uploads\/2024\/10\/DSC07662-scaled.jpeg.avif 1365w, https:\/\/viltrox.es\/wp-content\/uploads\/2024\/10\/DSC07662-600x900.jpeg.avif 600w\" type=\"image\/avif\" sizes=\"auto, (max-width: 200px) 100vw, 200px\" \/><img loading=\"lazy\" decoding=\"async\" src=\"https:\/\/viltrox.es\/wp-content\/uploads\/2024\/10\/DSC07662-200x300.jpeg\" sizes=\"auto, (max-width: 200px) 100vw, 200px\" srcset=\"https:\/\/viltrox.es\/wp-content\/uploads\/2024\/10\/DSC07662-200x300.jpeg 200w, https:\/\/viltrox.es\/wp-content\/uploads\/2024\/10\/DSC07662-683x1024.jpeg 683w, https:\/\/viltrox.es\/wp-content\/uploads\/2024\/10\/DSC07662-768x1152.jpeg 768w, https:\/\/viltrox.es\/wp-content\/uploads\/2024\/10\/DSC07662-1024x1536.jpeg 1024w, https:\/\/viltrox.es\/wp-content\/uploads\/2024\/10\/DSC07662-scaled.jpeg 1365w, https:\/\/viltrox.es\/wp-content\/uploads\/2024\/10\/DSC07662-600x900.jpeg 600w\" alt=\"\" width=\"200\" height=\"300\"><\/picture><\/a><\/p>\n<\/div>\n<\/div>\n<\/div>\n<\/div>\n<\/div>\n<\/div>\n<\/div>\n<div class=\"vc_row wpb_row vc_row-fluid\">\n<div class=\"wpb_column vc_column_container vc_col-sm-12\">\n<div class=\"vc_column-inner\">\n<div class=\"wpb_wrapper\">\n<div class=\"wpb_text_column wpb_content_element\">\n<div class=\"wpb_wrapper\">\n<p><strong>Especificaciones<\/strong><\/p>\n<ul>\n<li><strong>Compatibilidad<\/strong>: Lentes EF\/EF-S con estabilizaci\u00f3n de imagen<\/li>\n<li><strong>Autofoco<\/strong>: Soporte de autofoco suave y preciso<\/li>\n<li><strong>Transmisi\u00f3n EXIF<\/strong>: Datos de apertura, ISO, velocidad de obturaci\u00f3n y m\u00e1s<\/li>\n<li><strong>Interfaz de Actualizaci\u00f3n<\/strong>: Type-C para actualizaciones de firmware<\/li>\n<li><strong>Material<\/strong>: Cuerpo de metal con contactos electr\u00f3nicos ba\u00f1ados en oro<\/li>\n<li><strong>Dimensiones<\/strong>: \u03a683\u00d729.8mm<\/li>\n<li><strong>Peso<\/strong>: 175.5g<\/li>\n<li><strong>Incluido en el Paquete<\/strong>: Adaptador EF-M1 Pro, tapa frontal y trasera, manual de instrucciones y caja de embalaje<\/li>\n<\/ul>\n<\/div>\n<\/div>\n<\/div>\n<\/div>\n<\/div>\n<\/div>\n","protected":false},"excerpt":{"rendered":"<ul>\n<li>Adaptador EF-M1<\/li>\n<li>Soporte de estabilizaci\u00f3n para lentes con funci\u00f3n de estabilizaci\u00f3n.<\/li>\n<li>Dise\u00f1o de bloqueo rotativo para una fijaci\u00f3n segura y sin esfuerzo.<\/li>\n<li>Transmisi\u00f3n de datos EXIF e interfaz de actualizaci\u00f3n Type-C.<\/li>\n<li>Contactos electr\u00f3nicos ba\u00f1ados en oro para una mayor durabilidad.<\/li>\n<\/ul>\n","protected":false},"featured_media":16104,"comment_status":"closed","ping_status":"closed","template":"","meta":{"_acf_changed":false},"product_brand":[2544],"product_cat":[1041],"product_tag":[],"class_list":{"0":"post-20796","1":"product","2":"type-product","3":"status-publish","4":"has-post-thumbnail","6":"product_brand-viltrox-es","7":"product_cat-adaptadores-es","8":"pa_montagem-micro-4-3","9":"pa_montagem-da-objetiva-canon-ef-es","10":"pa_tipo-de-foco-enfoque-automatico","12":"first","13":"instock","14":"taxable","15":"shipping-taxable","16":"purchasable","17":"product-type-simple"},"bundled_by":[],"bundle_stock_status":"instock","bundle_stock_quantity":2,"bundle_virtual":false,"bundle_layout":"","bundle_add_to_cart_form_location":"","bundle_editable_in_cart":false,"bundle_sold_individually_context":"","bundle_item_grouping":"","bundle_min_size":"","bundle_max_size":"","bundle_price":[],"bundled_items":[],"bundle_sell_ids":[],"acf":[],"_links":{"self":[{"href":"https:\/\/hi-techwonder.com\/es\/wp-json\/wp\/v2\/product\/20796","targetHints":{"allow":["GET"]}}],"collection":[{"href":"https:\/\/hi-techwonder.com\/es\/wp-json\/wp\/v2\/product"}],"about":[{"href":"https:\/\/hi-techwonder.com\/es\/wp-json\/wp\/v2\/types\/product"}],"replies":[{"embeddable":true,"href":"https:\/\/hi-techwonder.com\/es\/wp-json\/wp\/v2\/comments?post=20796"}],"wp:featuredmedia":[{"embeddable":true,"href":"https:\/\/hi-techwonder.com\/es\/wp-json\/wp\/v2\/media\/16104"}],"wp:attachment":[{"href":"https:\/\/hi-techwonder.com\/es\/wp-json\/wp\/v2\/media?parent=20796"}],"wp:term":[{"taxonomy":"product_brand","embeddable":true,"href":"https:\/\/hi-techwonder.com\/es\/wp-json\/wp\/v2\/product_brand?post=20796"},{"taxonomy":"product_cat","embeddable":true,"href":"https:\/\/hi-techwonder.com\/es\/wp-json\/wp\/v2\/product_cat?post=20796"},{"taxonomy":"product_tag","embeddable":true,"href":"https:\/\/hi-techwonder.com\/es\/wp-json\/wp\/v2\/product_tag?post=20796"}],"curies":[{"name":"wp","href":"https:\/\/api.w.org\/{rel}","templated":true}]}}