{"id":20817,"date":"2025-07-24T09:35:55","date_gmt":"2025-07-24T09:35:55","guid":{"rendered":"https:\/\/fv6qoy3ls0.wpdns.site\/produto\/viltrox-adaptador-ef-m2-pro-speed-booster-0-71x\/"},"modified":"2026-01-16T18:04:03","modified_gmt":"2026-01-16T18:04:03","slug":"viltrox-adaptador-ef-m2-pro-speed-booster-0-71x","status":"publish","type":"product","link":"https:\/\/hi-techwonder.com\/es\/producto\/viltrox-adaptador-ef-m2-pro-speed-booster-0-71x\/","title":{"rendered":"Viltrox Adaptador EF-M2 Pro Speed Booster 0.71x"},"content":{"rendered":"<div class=\"vc_row wpb_row vc_row-fluid\">\n<div class=\"wpb_column vc_column_container vc_col-sm-12\">\n<div class=\"vc_column-inner\">\n<div class=\"wpb_wrapper\">\n<div class=\"wpb_text_column wpb_content_element\">\n<div class=\"wpb_wrapper\">\n<h3>Viltrox Adaptador EF-M2 Pro Speed Booster 0.71x<\/h3>\n<\/div>\n<\/div>\n<\/div>\n<\/div>\n<\/div>\n<\/div>\n<div class=\"vc_row wpb_row vc_row-fluid\">\n<div class=\"wpb_column vc_column_container vc_col-sm-12\">\n<div class=\"vc_column-inner\">\n<div class=\"wpb_wrapper\">\n<div class=\"wpb_text_column wpb_content_element\">\n<div class=\"wpb_wrapper\">\n<p>El Adaptador Viltrox EF-M2 Pro es la elecci\u00f3n ideal para fot\u00f3grafos que buscan estabilidad y funcionalidad de primera calidad. Dise\u00f1ado en una aleaci\u00f3n met\u00e1lica duradera, cuenta con contactos electr\u00f3nicos dorados y un mecanismo de bloqueo giratorio que asegura un ajuste preciso de la lente para tomas de alta calidad. La transmisi\u00f3n de datos EXIF y el puerto Type-C para actualizaciones garantizan la m\u00e1xima compatibilidad y mejoras constantes en el rendimiento.<\/p>\n<\/div>\n<\/div>\n<\/div>\n<\/div>\n<\/div>\n<\/div>\n<div class=\"vc_row wpb_row vc_row-fluid\">\n<div class=\"wpb_column vc_column_container vc_col-sm-12\">\n<div class=\"vc_column-inner\">\n<div class=\"wpb_wrapper\">\n<div class=\"wpb_gallery wpb_content_element vc_clearfix wpb_content_element\">\n<div class=\"wpb_wrapper\">\n<div class=\"wpb_gallery_slides wpb_image_grid\" data-interval=\"3\">\n<p><a class=\"\" href=\"https:\/\/viltrox.es\/wp-content\/uploads\/2024\/10\/DSC01272-1024x683.jpeg\" data-lightbox=\"lightbox[rel-31896-4002348470]\" target=\"_blank\" rel=\"noopener\"><picture class=\"attachment-medium\" title=\"DSC01272\"><source srcset=\"https:\/\/viltrox.es\/wp-content\/uploads\/2024\/10\/DSC01272-300x200.jpeg.avif 300w, https:\/\/viltrox.es\/wp-content\/uploads\/2024\/10\/DSC01272-1024x683.jpeg.avif 1024w, https:\/\/viltrox.es\/wp-content\/uploads\/2024\/10\/DSC01272-768x512.jpeg.avif 768w, https:\/\/viltrox.es\/wp-content\/uploads\/2024\/10\/DSC01272-1536x1024.jpeg.avif 1536w, https:\/\/viltrox.es\/wp-content\/uploads\/2024\/10\/DSC01272-scaled.jpeg.avif 2048w, https:\/\/viltrox.es\/wp-content\/uploads\/2024\/10\/DSC01272-270x180.jpeg.avif 270w, https:\/\/viltrox.es\/wp-content\/uploads\/2024\/10\/DSC01272-600x400.jpeg.avif 600w\" type=\"image\/avif\" sizes=\"auto, (max-width: 300px) 100vw, 300px\" \/><img loading=\"lazy\" decoding=\"async\" src=\"https:\/\/viltrox.es\/wp-content\/uploads\/2024\/10\/DSC01272-300x200.jpeg\" sizes=\"auto, (max-width: 300px) 100vw, 300px\" srcset=\"https:\/\/viltrox.es\/wp-content\/uploads\/2024\/10\/DSC01272-300x200.jpeg 300w, https:\/\/viltrox.es\/wp-content\/uploads\/2024\/10\/DSC01272-1024x683.jpeg 1024w, https:\/\/viltrox.es\/wp-content\/uploads\/2024\/10\/DSC01272-768x512.jpeg 768w, https:\/\/viltrox.es\/wp-content\/uploads\/2024\/10\/DSC01272-1536x1024.jpeg 1536w, https:\/\/viltrox.es\/wp-content\/uploads\/2024\/10\/DSC01272-scaled.jpeg 2048w, https:\/\/viltrox.es\/wp-content\/uploads\/2024\/10\/DSC01272-270x180.jpeg 270w, https:\/\/viltrox.es\/wp-content\/uploads\/2024\/10\/DSC01272-600x400.jpeg 600w\" alt=\"\" width=\"300\" height=\"200\"><\/picture><\/a><a class=\"\" href=\"https:\/\/viltrox.es\/wp-content\/uploads\/2024\/10\/DSC01296-683x1024.jpeg\" data-lightbox=\"lightbox[rel-31896-4002348470]\" target=\"_blank\" rel=\"noopener\"><picture class=\"attachment-medium\" title=\"DSC01296\"><source srcset=\"https:\/\/viltrox.es\/wp-content\/uploads\/2024\/10\/DSC01296-200x300.jpeg.avif 200w, https:\/\/viltrox.es\/wp-content\/uploads\/2024\/10\/DSC01296-683x1024.jpeg.avif 683w, https:\/\/viltrox.es\/wp-content\/uploads\/2024\/10\/DSC01296-768x1152.jpeg.avif 768w, https:\/\/viltrox.es\/wp-content\/uploads\/2024\/10\/DSC01296-1024x1536.jpeg.avif 1024w, https:\/\/viltrox.es\/wp-content\/uploads\/2024\/10\/DSC01296-scaled.jpeg.avif 1365w, https:\/\/viltrox.es\/wp-content\/uploads\/2024\/10\/DSC01296-600x900.jpeg.avif 600w\" type=\"image\/avif\" sizes=\"auto, (max-width: 200px) 100vw, 200px\" \/><img loading=\"lazy\" decoding=\"async\" src=\"https:\/\/viltrox.es\/wp-content\/uploads\/2024\/10\/DSC01296-200x300.jpeg\" sizes=\"auto, (max-width: 200px) 100vw, 200px\" srcset=\"https:\/\/viltrox.es\/wp-content\/uploads\/2024\/10\/DSC01296-200x300.jpeg 200w, https:\/\/viltrox.es\/wp-content\/uploads\/2024\/10\/DSC01296-683x1024.jpeg 683w, https:\/\/viltrox.es\/wp-content\/uploads\/2024\/10\/DSC01296-768x1152.jpeg 768w, https:\/\/viltrox.es\/wp-content\/uploads\/2024\/10\/DSC01296-1024x1536.jpeg 1024w, https:\/\/viltrox.es\/wp-content\/uploads\/2024\/10\/DSC01296-scaled.jpeg 1365w, https:\/\/viltrox.es\/wp-content\/uploads\/2024\/10\/DSC01296-600x900.jpeg 600w\" alt=\"\" width=\"200\" height=\"300\"><\/picture><\/a><\/p>\n<\/div>\n<\/div>\n<\/div>\n<\/div>\n<\/div>\n<\/div>\n<\/div>\n<div class=\"vc_row wpb_row vc_row-fluid\">\n<div class=\"wpb_column vc_column_container vc_col-sm-12\">\n<div class=\"vc_column-inner\">\n<div class=\"wpb_wrapper\">\n<div class=\"wpb_text_column wpb_content_element\">\n<div class=\"wpb_wrapper\">\n<p><strong>Caracter\u00edsticas Principales<\/strong><\/p>\n<ul>\n<li>Use objetivos Canon EF en su c\u00e1mara con montura Micro 4\/3.<\/li>\n<li><strong>Compatibilidad con Estabilizaci\u00f3n<\/strong>: Mantiene la estabilizaci\u00f3n en lentes compatibles, optimizando la estabilidad de la toma.<\/li>\n<li><strong>Dise\u00f1o de Bloqueo Giratorio<\/strong>: Fijaci\u00f3n sin esfuerzo, distribuyendo la presi\u00f3n para una conexi\u00f3n firme.<\/li>\n<li><strong>Estructura \u00d3ptica Avanzada<\/strong>: 4 grupos y 5 elementos para precisi\u00f3n \u00f3ptica superior.<\/li>\n<li><strong>Enfoque Autom\u00e1tico Suave<\/strong>: Enfoque autom\u00e1tico preciso y sin ruido.<\/li>\n<li><strong>Transmisi\u00f3n de Datos EXIF<\/strong>: Captura datos de apertura, velocidad, ISO y otros par\u00e1metros.<\/li>\n<li><strong>Interfaz de Actualizaci\u00f3n Type-C<\/strong>: Compatible con actualizaciones de firmware para rendimiento mejorado.<\/li>\n<li><strong>Contactos Electr\u00f3nicos Dorados<\/strong>: Resistencia y durabilidad con contactos de alta calidad.<\/li>\n<\/ul>\n<\/div>\n<\/div>\n<\/div>\n<\/div>\n<\/div>\n<\/div>\n<div class=\"vc_row wpb_row vc_row-fluid\">\n<div class=\"wpb_column vc_column_container vc_col-sm-12\">\n<div class=\"vc_column-inner\">\n<div class=\"wpb_wrapper\">\n<div class=\"wpb_gallery wpb_content_element vc_clearfix wpb_content_element\">\n<div class=\"wpb_wrapper\">\n<div class=\"wpb_gallery_slides wpb_image_grid\" data-interval=\"3\">\n<p><a class=\"\" href=\"https:\/\/viltrox.es\/wp-content\/uploads\/2024\/10\/DSC07621-1024x683.jpeg\" data-lightbox=\"lightbox[rel-31896-2169504045]\" target=\"_blank\" rel=\"noopener\"><picture class=\"attachment-medium\" title=\"DSC07621\"><source srcset=\"https:\/\/viltrox.es\/wp-content\/uploads\/2024\/10\/DSC07621-300x200.jpeg.avif 300w, https:\/\/viltrox.es\/wp-content\/uploads\/2024\/10\/DSC07621-1024x683.jpeg.avif 1024w, https:\/\/viltrox.es\/wp-content\/uploads\/2024\/10\/DSC07621-768x512.jpeg.avif 768w, https:\/\/viltrox.es\/wp-content\/uploads\/2024\/10\/DSC07621-1536x1024.jpeg.avif 1536w, https:\/\/viltrox.es\/wp-content\/uploads\/2024\/10\/DSC07621-scaled.jpeg.avif 2048w, https:\/\/viltrox.es\/wp-content\/uploads\/2024\/10\/DSC07621-270x180.jpeg.avif 270w, https:\/\/viltrox.es\/wp-content\/uploads\/2024\/10\/DSC07621-600x400.jpeg.avif 600w\" type=\"image\/avif\" sizes=\"auto, (max-width: 300px) 100vw, 300px\" \/><img loading=\"lazy\" decoding=\"async\" src=\"https:\/\/viltrox.es\/wp-content\/uploads\/2024\/10\/DSC07621-300x200.jpeg\" sizes=\"auto, (max-width: 300px) 100vw, 300px\" srcset=\"https:\/\/viltrox.es\/wp-content\/uploads\/2024\/10\/DSC07621-300x200.jpeg 300w, https:\/\/viltrox.es\/wp-content\/uploads\/2024\/10\/DSC07621-1024x683.jpeg 1024w, https:\/\/viltrox.es\/wp-content\/uploads\/2024\/10\/DSC07621-768x512.jpeg 768w, https:\/\/viltrox.es\/wp-content\/uploads\/2024\/10\/DSC07621-1536x1024.jpeg 1536w, https:\/\/viltrox.es\/wp-content\/uploads\/2024\/10\/DSC07621-scaled.jpeg 2048w, https:\/\/viltrox.es\/wp-content\/uploads\/2024\/10\/DSC07621-270x180.jpeg 270w, https:\/\/viltrox.es\/wp-content\/uploads\/2024\/10\/DSC07621-600x400.jpeg 600w\" alt=\"\" width=\"300\" height=\"200\"><\/picture><\/a><a class=\"\" href=\"https:\/\/viltrox.es\/wp-content\/uploads\/2024\/10\/DSC07752-1024x683.jpeg\" data-lightbox=\"lightbox[rel-31896-2169504045]\" target=\"_blank\" rel=\"noopener\"><picture class=\"attachment-medium\" title=\"DSC07752\"><source srcset=\"https:\/\/viltrox.es\/wp-content\/uploads\/2024\/10\/DSC07752-300x200.jpeg.avif 300w, https:\/\/viltrox.es\/wp-content\/uploads\/2024\/10\/DSC07752-1024x683.jpeg.avif 1024w, https:\/\/viltrox.es\/wp-content\/uploads\/2024\/10\/DSC07752-768x512.jpeg.avif 768w, https:\/\/viltrox.es\/wp-content\/uploads\/2024\/10\/DSC07752-1536x1024.jpeg.avif 1536w, https:\/\/viltrox.es\/wp-content\/uploads\/2024\/10\/DSC07752-scaled.jpeg.avif 2048w, https:\/\/viltrox.es\/wp-content\/uploads\/2024\/10\/DSC07752-270x180.jpeg.avif 270w, https:\/\/viltrox.es\/wp-content\/uploads\/2024\/10\/DSC07752-600x400.jpeg.avif 600w\" type=\"image\/avif\" sizes=\"auto, (max-width: 300px) 100vw, 300px\" \/><img loading=\"lazy\" decoding=\"async\" src=\"https:\/\/viltrox.es\/wp-content\/uploads\/2024\/10\/DSC07752-300x200.jpeg\" sizes=\"auto, (max-width: 300px) 100vw, 300px\" srcset=\"https:\/\/viltrox.es\/wp-content\/uploads\/2024\/10\/DSC07752-300x200.jpeg 300w, https:\/\/viltrox.es\/wp-content\/uploads\/2024\/10\/DSC07752-1024x683.jpeg 1024w, https:\/\/viltrox.es\/wp-content\/uploads\/2024\/10\/DSC07752-768x512.jpeg 768w, https:\/\/viltrox.es\/wp-content\/uploads\/2024\/10\/DSC07752-1536x1024.jpeg 1536w, https:\/\/viltrox.es\/wp-content\/uploads\/2024\/10\/DSC07752-scaled.jpeg 2048w, https:\/\/viltrox.es\/wp-content\/uploads\/2024\/10\/DSC07752-270x180.jpeg 270w, https:\/\/viltrox.es\/wp-content\/uploads\/2024\/10\/DSC07752-600x400.jpeg 600w\" alt=\"\" width=\"300\" height=\"200\"><\/picture><\/a><\/p>\n<\/div>\n<\/div>\n<\/div>\n<\/div>\n<\/div>\n<\/div>\n<\/div>\n<div class=\"vc_row wpb_row vc_row-fluid\">\n<div class=\"wpb_column vc_column_container vc_col-sm-12\">\n<div class=\"vc_column-inner\">\n<div class=\"wpb_wrapper\">\n<div class=\"wpb_text_column wpb_content_element\">\n<div class=\"wpb_wrapper\">\n<p><strong>Especificaciones<\/strong><\/p>\n<ul>\n<li><strong>Compatibilidad<\/strong>: Lentes EF con estabilizaci\u00f3n de imagen<\/li>\n<li><strong>Construcci\u00f3n \u00d3ptica<\/strong>: 4 grupos, 5 elementos<\/li>\n<li><strong>Enfoque Autom\u00e1tico<\/strong>: Enfoque suave y preciso<\/li>\n<li><strong>Transmisi\u00f3n de EXIF<\/strong>: Datos de apertura, ISO, velocidad de obturaci\u00f3n y m\u00e1s<\/li>\n<li><strong>Interfaz de Actualizaci\u00f3n<\/strong>: Type-C para actualizaciones de firmware<\/li>\n<li><strong>Material<\/strong>: Cuerpo met\u00e1lico con contactos electr\u00f3nicos dorados<\/li>\n<li><strong>Dimensiones:<\/strong>\u00a0\u03a683x25mm<\/li>\n<li><strong>Peso:<\/strong>\u00a0\u2248181g<\/li>\n<li><strong>Contenido de la Caja<\/strong>: Adaptador EF-M2 Pro, tapa frontal y trasera, manual de instrucciones y caja de embalaje<\/li>\n<\/ul>\n<\/div>\n<\/div>\n<\/div>\n<\/div>\n<\/div>\n<\/div>\n","protected":false},"excerpt":{"rendered":"<ul>\n<li>Speed Booster EF-M2 Pro<\/li>\n<li>Compatibilidad con lentes estabilizadas para mantener la funcionalidad.<\/li>\n<li>Dise\u00f1o de bloqueo giratorio para una fijaci\u00f3n estable y sin esfuerzo.<\/li>\n<li>Estructura \u00f3ptica de 4 grupos y 5 elementos.<\/li>\n<li>Transmisi\u00f3n de datos EXIF y puerto Type-C para actualizaciones.<\/li>\n<li>Contactos electr\u00f3nicos dorados para mayor durabilidad.<\/li>\n<\/ul>\n","protected":false},"featured_media":16137,"comment_status":"closed","ping_status":"closed","template":"","meta":{"_acf_changed":false},"product_brand":[2544],"product_cat":[1041],"product_tag":[],"class_list":{"0":"post-20817","1":"product","2":"type-product","3":"status-publish","4":"has-post-thumbnail","6":"product_brand-viltrox-es","7":"product_cat-adaptadores-es","8":"pa_montagem-micro-4-3","9":"pa_montagem-da-objetiva-canon-ef-es","10":"pa_tipo-de-foco-enfoque-automatico","12":"first","13":"instock","14":"taxable","15":"shipping-taxable","16":"purchasable","17":"product-type-simple"},"bundled_by":[],"bundle_stock_status":"instock","bundle_stock_quantity":1,"bundle_virtual":false,"bundle_layout":"","bundle_add_to_cart_form_location":"","bundle_editable_in_cart":false,"bundle_sold_individually_context":"","bundle_item_grouping":"","bundle_min_size":"","bundle_max_size":"","bundle_price":[],"bundled_items":[],"bundle_sell_ids":[],"acf":[],"_links":{"self":[{"href":"https:\/\/hi-techwonder.com\/es\/wp-json\/wp\/v2\/product\/20817","targetHints":{"allow":["GET"]}}],"collection":[{"href":"https:\/\/hi-techwonder.com\/es\/wp-json\/wp\/v2\/product"}],"about":[{"href":"https:\/\/hi-techwonder.com\/es\/wp-json\/wp\/v2\/types\/product"}],"replies":[{"embeddable":true,"href":"https:\/\/hi-techwonder.com\/es\/wp-json\/wp\/v2\/comments?post=20817"}],"wp:featuredmedia":[{"embeddable":true,"href":"https:\/\/hi-techwonder.com\/es\/wp-json\/wp\/v2\/media\/16137"}],"wp:attachment":[{"href":"https:\/\/hi-techwonder.com\/es\/wp-json\/wp\/v2\/media?parent=20817"}],"wp:term":[{"taxonomy":"product_brand","embeddable":true,"href":"https:\/\/hi-techwonder.com\/es\/wp-json\/wp\/v2\/product_brand?post=20817"},{"taxonomy":"product_cat","embeddable":true,"href":"https:\/\/hi-techwonder.com\/es\/wp-json\/wp\/v2\/product_cat?post=20817"},{"taxonomy":"product_tag","embeddable":true,"href":"https:\/\/hi-techwonder.com\/es\/wp-json\/wp\/v2\/product_tag?post=20817"}],"curies":[{"name":"wp","href":"https:\/\/api.w.org\/{rel}","templated":true}]}}