{"id":20869,"date":"2025-07-24T09:37:34","date_gmt":"2025-07-24T09:37:34","guid":{"rendered":"https:\/\/fv6qoy3ls0.wpdns.site\/produto\/viltrox-af-135mm-f-1-8-lab-fe-z\/"},"modified":"2026-04-08T17:41:50","modified_gmt":"2026-04-08T16:41:50","slug":"viltrox-af-135mm-f-1-8-lab-fe-z","status":"publish","type":"product","link":"https:\/\/hi-techwonder.com\/es\/producto\/viltrox-af-135mm-f-1-8-lab-fe-z\/","title":{"rendered":"Viltrox AF 135mm f\/1.8 LAB FE | Z"},"content":{"rendered":"<div class=\"vc_row wpb_row vc_row-fluid\">\n<div class=\"wpb_column vc_column_container vc_col-sm-12\">\n<div class=\"vc_column-inner\">\n<div class=\"wpb_wrapper\">\n<div class=\"wpb_text_column wpb_content_element\">\n<div class=\"wpb_wrapper\">\n<h3><strong>Viltrox AF 135mm f\/1.8 LAB FE | Z<\/strong><\/h3>\n<\/div>\n<\/div>\n<\/div>\n<\/div>\n<\/div>\n<\/div>\n<div class=\"vc_row wpb_row vc_row-fluid\">\n<div class=\"wpb_column vc_column_container vc_col-sm-12\">\n<div class=\"vc_column-inner\">\n<div class=\"wpb_wrapper\">\n<div class=\"wpb_video_widget wpb_content_element vc_clearfix   vc_video-aspect-ratio-169 vc_video-el-width-100 vc_video-align-left\">\n<div class=\"wpb_wrapper\">\n<div class=\"wpb_video_wrapper\"><iframe loading=\"lazy\" title=\"Viltrox AF 135mm F1 8 LAB\" src=\"https:\/\/www.youtube.com\/embed\/FkdDp-IvGBA?feature=oembed\" width=\"500\" height=\"281\" frameborder=\"0\" allowfullscreen=\"allowfullscreen\" data-mce-fragment=\"1\"><\/iframe><\/div>\n<\/div>\n<\/div>\n<\/div>\n<\/div>\n<\/div>\n<\/div>\n<div class=\"vc_row wpb_row vc_row-fluid\">\n<div class=\"wpb_column vc_column_container vc_col-sm-12\">\n<div class=\"vc_column-inner\">\n<div class=\"wpb_wrapper\">\n<div class=\"wpb_text_column wpb_content_element\">\n<div class=\"wpb_wrapper\">\n<p>El objetivo Viltrox AF 135mm f\/1.8 LAB FE | Z es la opci\u00f3n perfecta para fot\u00f3grafos que buscan una lente de retrato con compresi\u00f3n \u00f3ptima, nitidez superior y un enfoque autom\u00e1tico de alto rendimiento. Su apertura m\u00e1xima de f\/1.8 permite trabajar en condiciones de poca luz y crear un fondo suave con bokeh de ensue\u00f1o. El mecanismo de enfoque VCM garantiza sesiones de grabaci\u00f3n fluidas y silenciosas. El revestimiento multicapa protege contra el polvo y la humedad, asegurando un rendimiento constante en cualquier entorno.<\/p>\n<\/div>\n<\/div>\n<\/div>\n<\/div>\n<\/div>\n<\/div>\n<div class=\"vc_row wpb_row vc_row-fluid\">\n<div class=\"wpb_column vc_column_container vc_col-sm-12\">\n<div class=\"vc_column-inner\">\n<div class=\"wpb_wrapper\">\n<div class=\"wpb_gallery wpb_content_element vc_clearfix wpb_content_element\">\n<div class=\"wpb_wrapper\">\n<div class=\"wpb_gallery_slides wpb_image_grid\" data-interval=\"3\">\n<p><a class=\"\" href=\"https:\/\/viltrox.es\/wp-content\/uploads\/2024\/11\/BAI05768.jpg\" data-lightbox=\"lightbox[rel-32001-2394210188]\" target=\"_blank\" rel=\"noopener\"><picture class=\"attachment-medium\" title=\"BAI05768\"><source srcset=\"https:\/\/viltrox.es\/wp-content\/uploads\/2024\/11\/BAI05768-300x200.jpg.avif 300w, https:\/\/viltrox.es\/wp-content\/uploads\/2024\/11\/BAI05768-768x511.jpg.avif 768w, https:\/\/viltrox.es\/wp-content\/uploads\/2024\/11\/BAI05768-270x180.jpg.avif 270w, https:\/\/viltrox.es\/wp-content\/uploads\/2024\/11\/BAI05768-600x400.jpg.avif 600w, https:\/\/viltrox.es\/wp-content\/uploads\/2024\/11\/BAI05768.jpg.avif 1000w\" type=\"image\/avif\" sizes=\"auto, (max-width: 300px) 100vw, 300px\" \/><img loading=\"lazy\" decoding=\"async\" src=\"https:\/\/viltrox.es\/wp-content\/uploads\/2024\/11\/BAI05768-300x200.jpg\" sizes=\"auto, (max-width: 300px) 100vw, 300px\" srcset=\"https:\/\/viltrox.es\/wp-content\/uploads\/2024\/11\/BAI05768-300x200.jpg 300w, https:\/\/viltrox.es\/wp-content\/uploads\/2024\/11\/BAI05768-768x511.jpg 768w, https:\/\/viltrox.es\/wp-content\/uploads\/2024\/11\/BAI05768-270x180.jpg 270w, https:\/\/viltrox.es\/wp-content\/uploads\/2024\/11\/BAI05768-600x400.jpg 600w, https:\/\/viltrox.es\/wp-content\/uploads\/2024\/11\/BAI05768.jpg 1000w\" alt=\"\" width=\"300\" height=\"200\"><\/picture><\/a><a class=\"\" href=\"https:\/\/viltrox.es\/wp-content\/uploads\/2024\/11\/BAI05779.jpg\" data-lightbox=\"lightbox[rel-32001-2394210188]\" target=\"_blank\" rel=\"noopener\"><picture class=\"attachment-medium\" title=\"BAI05779\"><source srcset=\"https:\/\/viltrox.es\/wp-content\/uploads\/2024\/11\/BAI05779-300x200.jpg.avif 300w, https:\/\/viltrox.es\/wp-content\/uploads\/2024\/11\/BAI05779-768x512.jpg.avif 768w, https:\/\/viltrox.es\/wp-content\/uploads\/2024\/11\/BAI05779-270x180.jpg.avif 270w, https:\/\/viltrox.es\/wp-content\/uploads\/2024\/11\/BAI05779-600x400.jpg.avif 600w, https:\/\/viltrox.es\/wp-content\/uploads\/2024\/11\/BAI05779.jpg.avif 1000w\" type=\"image\/avif\" sizes=\"auto, (max-width: 300px) 100vw, 300px\" \/><img loading=\"lazy\" decoding=\"async\" src=\"https:\/\/viltrox.es\/wp-content\/uploads\/2024\/11\/BAI05779-300x200.jpg\" sizes=\"auto, (max-width: 300px) 100vw, 300px\" srcset=\"https:\/\/viltrox.es\/wp-content\/uploads\/2024\/11\/BAI05779-300x200.jpg 300w, https:\/\/viltrox.es\/wp-content\/uploads\/2024\/11\/BAI05779-768x512.jpg 768w, https:\/\/viltrox.es\/wp-content\/uploads\/2024\/11\/BAI05779-270x180.jpg 270w, https:\/\/viltrox.es\/wp-content\/uploads\/2024\/11\/BAI05779-600x400.jpg 600w, https:\/\/viltrox.es\/wp-content\/uploads\/2024\/11\/BAI05779.jpg 1000w\" alt=\"\" width=\"300\" height=\"200\"><\/picture><\/a><a class=\"\" href=\"https:\/\/viltrox.es\/wp-content\/uploads\/2024\/11\/BAI05816.jpg\" data-lightbox=\"lightbox[rel-32001-2394210188]\" target=\"_blank\" rel=\"noopener\"><picture class=\"attachment-medium\" title=\"BAI05816\"><source srcset=\"https:\/\/viltrox.es\/wp-content\/uploads\/2024\/11\/BAI05816-300x200.jpg.avif 300w, https:\/\/viltrox.es\/wp-content\/uploads\/2024\/11\/BAI05816-768x512.jpg.avif 768w, https:\/\/viltrox.es\/wp-content\/uploads\/2024\/11\/BAI05816-270x180.jpg.avif 270w, https:\/\/viltrox.es\/wp-content\/uploads\/2024\/11\/BAI05816-600x400.jpg.avif 600w, https:\/\/viltrox.es\/wp-content\/uploads\/2024\/11\/BAI05816.jpg.avif 1000w\" type=\"image\/avif\" sizes=\"auto, (max-width: 300px) 100vw, 300px\" \/><img loading=\"lazy\" decoding=\"async\" src=\"https:\/\/viltrox.es\/wp-content\/uploads\/2024\/11\/BAI05816-300x200.jpg\" sizes=\"auto, (max-width: 300px) 100vw, 300px\" srcset=\"https:\/\/viltrox.es\/wp-content\/uploads\/2024\/11\/BAI05816-300x200.jpg 300w, https:\/\/viltrox.es\/wp-content\/uploads\/2024\/11\/BAI05816-768x512.jpg 768w, https:\/\/viltrox.es\/wp-content\/uploads\/2024\/11\/BAI05816-270x180.jpg 270w, https:\/\/viltrox.es\/wp-content\/uploads\/2024\/11\/BAI05816-600x400.jpg 600w, https:\/\/viltrox.es\/wp-content\/uploads\/2024\/11\/BAI05816.jpg 1000w\" alt=\"\" width=\"300\" height=\"200\"><\/picture><\/a><\/p>\n<\/div>\n<\/div>\n<\/div>\n<\/div>\n<\/div>\n<\/div>\n<\/div>\n<div class=\"vc_row wpb_row vc_row-fluid\">\n<div class=\"wpb_column vc_column_container vc_col-sm-12\">\n<div class=\"vc_column-inner\">\n<div class=\"wpb_wrapper\">\n<div class=\"wpb_text_column wpb_content_element\">\n<div class=\"wpb_wrapper\">\n<p><strong>Caracter\u00edsticas Principales<\/strong><\/p>\n<ul>\n<li><strong>Apertura f\/1.8 y Bokeh So\u00f1ado<\/strong>: Crea fondos suaves con un efecto bokeh circular gracias a sus 11 hojas de diafragma.<\/li>\n<li><strong>Enfoque Eficiente<\/strong>: Enfoque autom\u00e1tico r\u00e1pido y preciso gracias al motor HyperVCM.<\/li>\n<li><strong>Dise\u00f1o Robusto<\/strong>: Revestimiento protector contra polvo y salpicaduras; estructura de aleaci\u00f3n de magnesio y aluminio.<\/li>\n<li><strong>Macro y Detalles<\/strong>: Distancia m\u00ednima de enfoque de 0.72 m con un aumento m\u00e1ximo de 0.25x.<\/li>\n<li><strong>Funciones Personalizables<\/strong>: Botones Fn y anillo multifuncional para ajustes r\u00e1pidos.<\/li>\n<li><strong>Actualizaci\u00f3n F\u00e1cil<\/strong>: Puerto USB-C para actualizaciones de firmware.<\/li>\n<\/ul>\n<\/div>\n<\/div>\n<\/div>\n<\/div>\n<\/div>\n<\/div>\n<div class=\"vc_row wpb_row vc_row-fluid\">\n<div class=\"wpb_column vc_column_container vc_col-sm-12\">\n<div class=\"vc_column-inner\">\n<div class=\"wpb_wrapper\">\n<div class=\"wpb_gallery wpb_content_element vc_clearfix wpb_content_element\">\n<div class=\"wpb_wrapper\">\n<div class=\"wpb_gallery_slides wpb_image_grid\" data-interval=\"3\">\n<p><a class=\"\" href=\"https:\/\/viltrox.es\/wp-content\/uploads\/2024\/11\/5.jpg\" data-lightbox=\"lightbox[rel-32001-1556025581]\" target=\"_blank\" rel=\"noopener\"><picture class=\"attachment-medium\" title=\"5\"><source srcset=\"https:\/\/viltrox.es\/wp-content\/uploads\/2024\/11\/5-300x200.jpg.avif 300w, https:\/\/viltrox.es\/wp-content\/uploads\/2024\/11\/5-768x511.jpg.avif 768w, https:\/\/viltrox.es\/wp-content\/uploads\/2024\/11\/5-270x180.jpg.avif 270w, https:\/\/viltrox.es\/wp-content\/uploads\/2024\/11\/5-600x400.jpg.avif 600w, https:\/\/viltrox.es\/wp-content\/uploads\/2024\/11\/5.jpg.avif 1000w\" type=\"image\/avif\" sizes=\"auto, (max-width: 300px) 100vw, 300px\" \/><img loading=\"lazy\" decoding=\"async\" src=\"https:\/\/viltrox.es\/wp-content\/uploads\/2024\/11\/5-300x200.jpg\" sizes=\"auto, (max-width: 300px) 100vw, 300px\" srcset=\"https:\/\/viltrox.es\/wp-content\/uploads\/2024\/11\/5-300x200.jpg 300w, https:\/\/viltrox.es\/wp-content\/uploads\/2024\/11\/5-768x511.jpg 768w, https:\/\/viltrox.es\/wp-content\/uploads\/2024\/11\/5-270x180.jpg 270w, https:\/\/viltrox.es\/wp-content\/uploads\/2024\/11\/5-600x400.jpg 600w, https:\/\/viltrox.es\/wp-content\/uploads\/2024\/11\/5.jpg 1000w\" alt=\"\" width=\"300\" height=\"200\"><\/picture><\/a><a class=\"\" href=\"https:\/\/viltrox.es\/wp-content\/uploads\/2024\/11\/4.jpg\" data-lightbox=\"lightbox[rel-32001-1556025581]\" target=\"_blank\" rel=\"noopener\"><picture class=\"attachment-medium\" title=\"4\"><source srcset=\"https:\/\/viltrox.es\/wp-content\/uploads\/2024\/11\/4-300x200.jpg.avif 300w, https:\/\/viltrox.es\/wp-content\/uploads\/2024\/11\/4-768x511.jpg.avif 768w, https:\/\/viltrox.es\/wp-content\/uploads\/2024\/11\/4-270x180.jpg.avif 270w, https:\/\/viltrox.es\/wp-content\/uploads\/2024\/11\/4-600x400.jpg.avif 600w, https:\/\/viltrox.es\/wp-content\/uploads\/2024\/11\/4.jpg.avif 1000w\" type=\"image\/avif\" sizes=\"auto, (max-width: 300px) 100vw, 300px\" \/><img loading=\"lazy\" decoding=\"async\" src=\"https:\/\/viltrox.es\/wp-content\/uploads\/2024\/11\/4-300x200.jpg\" sizes=\"auto, (max-width: 300px) 100vw, 300px\" srcset=\"https:\/\/viltrox.es\/wp-content\/uploads\/2024\/11\/4-300x200.jpg 300w, https:\/\/viltrox.es\/wp-content\/uploads\/2024\/11\/4-768x511.jpg 768w, https:\/\/viltrox.es\/wp-content\/uploads\/2024\/11\/4-270x180.jpg 270w, https:\/\/viltrox.es\/wp-content\/uploads\/2024\/11\/4-600x400.jpg 600w, https:\/\/viltrox.es\/wp-content\/uploads\/2024\/11\/4.jpg 1000w\" alt=\"\" width=\"300\" height=\"200\"><\/picture><\/a><a class=\"\" href=\"https:\/\/viltrox.es\/wp-content\/uploads\/2024\/11\/2.jpg\" data-lightbox=\"lightbox[rel-32001-1556025581]\" target=\"_blank\" rel=\"noopener\"><picture class=\"attachment-medium\" title=\"2\"><source srcset=\"https:\/\/viltrox.es\/wp-content\/uploads\/2024\/11\/2-300x169.jpg.avif 300w, https:\/\/viltrox.es\/wp-content\/uploads\/2024\/11\/2-768x432.jpg.avif 768w, https:\/\/viltrox.es\/wp-content\/uploads\/2024\/11\/2-600x337.jpg.avif 600w, https:\/\/viltrox.es\/wp-content\/uploads\/2024\/11\/2.jpg.avif 1000w\" type=\"image\/avif\" sizes=\"auto, (max-width: 300px) 100vw, 300px\" \/><img loading=\"lazy\" decoding=\"async\" src=\"https:\/\/viltrox.es\/wp-content\/uploads\/2024\/11\/2-300x169.jpg\" sizes=\"auto, (max-width: 300px) 100vw, 300px\" srcset=\"https:\/\/viltrox.es\/wp-content\/uploads\/2024\/11\/2-300x169.jpg 300w, https:\/\/viltrox.es\/wp-content\/uploads\/2024\/11\/2-768x432.jpg 768w, https:\/\/viltrox.es\/wp-content\/uploads\/2024\/11\/2-600x337.jpg 600w, https:\/\/viltrox.es\/wp-content\/uploads\/2024\/11\/2.jpg 1000w\" alt=\"\" width=\"300\" height=\"169\"><\/picture><\/a><a class=\"\" href=\"https:\/\/viltrox.es\/wp-content\/uploads\/2024\/11\/DSC_0032-1024x683.jpeg\" data-lightbox=\"lightbox[rel-32001-1556025581]\" target=\"_blank\" rel=\"noopener\"><picture class=\"attachment-medium\" title=\"DSC_0032\"><source srcset=\"https:\/\/viltrox.es\/wp-content\/uploads\/2024\/11\/DSC_0032-300x200.jpeg.avif 300w, https:\/\/viltrox.es\/wp-content\/uploads\/2024\/11\/DSC_0032-1024x683.jpeg.avif 1024w, https:\/\/viltrox.es\/wp-content\/uploads\/2024\/11\/DSC_0032-768x512.jpeg.avif 768w, https:\/\/viltrox.es\/wp-content\/uploads\/2024\/11\/DSC_0032-1536x1024.jpeg.avif 1536w, https:\/\/viltrox.es\/wp-content\/uploads\/2024\/11\/DSC_0032-scaled.jpeg.avif 2048w, https:\/\/viltrox.es\/wp-content\/uploads\/2024\/11\/DSC_0032-270x180.jpeg.avif 270w, https:\/\/viltrox.es\/wp-content\/uploads\/2024\/11\/DSC_0032-600x400.jpeg.avif 600w\" type=\"image\/avif\" sizes=\"auto, (max-width: 300px) 100vw, 300px\" \/><img loading=\"lazy\" decoding=\"async\" src=\"https:\/\/viltrox.es\/wp-content\/uploads\/2024\/11\/DSC_0032-300x200.jpeg\" sizes=\"auto, (max-width: 300px) 100vw, 300px\" srcset=\"https:\/\/viltrox.es\/wp-content\/uploads\/2024\/11\/DSC_0032-300x200.jpeg 300w, https:\/\/viltrox.es\/wp-content\/uploads\/2024\/11\/DSC_0032-1024x683.jpeg 1024w, https:\/\/viltrox.es\/wp-content\/uploads\/2024\/11\/DSC_0032-768x512.jpeg 768w, https:\/\/viltrox.es\/wp-content\/uploads\/2024\/11\/DSC_0032-1536x1024.jpeg 1536w, https:\/\/viltrox.es\/wp-content\/uploads\/2024\/11\/DSC_0032-scaled.jpeg 2048w, https:\/\/viltrox.es\/wp-content\/uploads\/2024\/11\/DSC_0032-270x180.jpeg 270w, https:\/\/viltrox.es\/wp-content\/uploads\/2024\/11\/DSC_0032-600x400.jpeg 600w\" alt=\"\" width=\"300\" height=\"200\"><\/picture><\/a><a class=\"\" href=\"https:\/\/viltrox.es\/wp-content\/uploads\/2024\/11\/DSC02266-1024x683.jpg\" data-lightbox=\"lightbox[rel-32001-1556025581]\" target=\"_blank\" rel=\"noopener\"><picture class=\"attachment-medium\" title=\"DSC02266\"><source srcset=\"https:\/\/viltrox.es\/wp-content\/uploads\/2024\/11\/DSC02266-300x200.jpg.avif 300w, https:\/\/viltrox.es\/wp-content\/uploads\/2024\/11\/DSC02266-1024x683.jpg.avif 1024w, https:\/\/viltrox.es\/wp-content\/uploads\/2024\/11\/DSC02266-768x512.jpg.avif 768w, https:\/\/viltrox.es\/wp-content\/uploads\/2024\/11\/DSC02266-1536x1024.jpg.avif 1536w, https:\/\/viltrox.es\/wp-content\/uploads\/2024\/11\/DSC02266-scaled.jpg.avif 2048w, https:\/\/viltrox.es\/wp-content\/uploads\/2024\/11\/DSC02266-270x180.jpg.avif 270w, https:\/\/viltrox.es\/wp-content\/uploads\/2024\/11\/DSC02266-600x400.jpg.avif 600w\" type=\"image\/avif\" sizes=\"auto, (max-width: 300px) 100vw, 300px\" \/><img loading=\"lazy\" decoding=\"async\" src=\"https:\/\/viltrox.es\/wp-content\/uploads\/2024\/11\/DSC02266-300x200.jpg\" sizes=\"auto, (max-width: 300px) 100vw, 300px\" srcset=\"https:\/\/viltrox.es\/wp-content\/uploads\/2024\/11\/DSC02266-300x200.jpg 300w, https:\/\/viltrox.es\/wp-content\/uploads\/2024\/11\/DSC02266-1024x683.jpg 1024w, https:\/\/viltrox.es\/wp-content\/uploads\/2024\/11\/DSC02266-768x512.jpg 768w, https:\/\/viltrox.es\/wp-content\/uploads\/2024\/11\/DSC02266-1536x1024.jpg 1536w, https:\/\/viltrox.es\/wp-content\/uploads\/2024\/11\/DSC02266-scaled.jpg 2048w, https:\/\/viltrox.es\/wp-content\/uploads\/2024\/11\/DSC02266-270x180.jpg 270w, https:\/\/viltrox.es\/wp-content\/uploads\/2024\/11\/DSC02266-600x400.jpg 600w\" alt=\"\" width=\"300\" height=\"200\"><\/picture><\/a><\/p>\n<\/div>\n<\/div>\n<\/div>\n<\/div>\n<\/div>\n<\/div>\n<\/div>\n<div class=\"vc_row wpb_row vc_row-fluid\">\n<div class=\"wpb_column vc_column_container vc_col-sm-12\">\n<div class=\"vc_column-inner\">\n<div class=\"wpb_wrapper\">\n<div class=\"wpb_text_column wpb_content_element\">\n<div class=\"wpb_wrapper\">\n<div class=\"flex max-w-full flex-col flex-grow\">\n<div class=\"min-h-8 text-message flex w-full flex-col items-end gap-2 whitespace-normal break-words [.text-message+&amp;]:mt-5\" dir=\"auto\" data-message-author-role=\"assistant\" data-message-id=\"97978d18-bf31-4709-8037-23fec1b2b6b6\" data-message-model-slug=\"gpt-4o\">\n<div class=\"flex w-full flex-col gap-1 empty:hidden first:pt-[3px]\">\n<div class=\"markdown prose w-full break-words dark:prose-invert dark\">\n<p><strong>Especificaciones<\/strong><\/p>\n<ul>\n<li><strong>Montura<\/strong>: Sony E | Nikon Z<\/li>\n<li><strong>Cobertura de Formato<\/strong>: Full-Frame<\/li>\n<li><strong>Apertura M\u00e1xima\/M\u00ednima<\/strong>: f\/1.8 \u2013 f\/16<\/li>\n<li><strong>Distancia de Enfoque M\u00ednima<\/strong>: 0.72 m<\/li>\n<li><strong>Ampliaci\u00f3n M\u00e1xima<\/strong>: 0.25x<\/li>\n<li><strong>Dise\u00f1o \u00d3ptico<\/strong>: 14 elementos en 9 grupos<\/li>\n<li><strong>Hojas de Diafragma<\/strong>: 11<\/li>\n<li><strong>Tipo de Enfoque<\/strong>: Enfoque autom\u00e1tico<\/li>\n<li><strong>Tama\u00f1o del Filtro<\/strong>: 82 mm<\/li>\n<li><strong>Dimensiones (\u00f8 x L)<\/strong>: 93 x 145.7 mm (Sony E) | 93 x 147,6 mm (Nikon Z)<\/li>\n<li><strong>Peso<\/strong>: 1235 g (Sony E) | 1265 g (Nikon Z)<\/li>\n<\/ul>\n<\/div>\n<\/div>\n<\/div>\n<\/div>\n<\/div>\n<\/div>\n<\/div>\n<\/div>\n<\/div>\n<\/div>\n","protected":false},"excerpt":{"rendered":"<ul>\n<li>Objetivo de distancia media de 135mm con apertura f\/1.8.<\/li>\n<li>Motor HyperVCM para enfoque autom\u00e1tico r\u00e1pido y silencioso.<\/li>\n<li>Dise\u00f1o resistente al polvo y salpicaduras con revestimiento multicapa.<\/li>\n<li>Capacidad macro con aumento m\u00e1ximo de 0.25x.<\/li>\n<li>Botones Fn personalizables y anillo multifuncional.<\/li>\n<\/ul>\n","protected":false},"featured_media":16205,"comment_status":"closed","ping_status":"closed","template":"","meta":{"_acf_changed":false},"product_brand":[2544],"product_cat":[1062],"product_tag":[],"class_list":{"0":"post-20869","1":"product","2":"type-product","3":"status-publish","4":"has-post-thumbnail","6":"product_brand-viltrox-es","7":"product_cat-mirrorless-objectivos","8":"pa_abertura-maxima-f-1-8-es","9":"pa_cor-negro","10":"pa_diametro-82mm-es","11":"pa_estabilizacao-de-imagem-no","12":"pa_montagem-da-objetiva-nikon-z-es","13":"pa_montagem-da-objetiva-sony-e-es","14":"pa_sensor-fotograma-completo","15":"pa_tipo-de-foco-enfoque-automatico","16":"pa_tipo-de-objetiva-teleobjetivo","17":"pa_zoom-fixa-fijo","19":"first","20":"instock","21":"sale","22":"taxable","23":"shipping-taxable","24":"purchasable","25":"product-type-variable"},"bundled_by":[],"bundle_stock_status":"instock","bundle_stock_quantity":null,"bundle_virtual":false,"bundle_layout":"","bundle_add_to_cart_form_location":"","bundle_editable_in_cart":false,"bundle_sold_individually_context":"","bundle_item_grouping":"","bundle_min_size":"","bundle_max_size":"","bundle_price":[],"bundled_items":[],"bundle_sell_ids":[],"acf":[],"_links":{"self":[{"href":"https:\/\/hi-techwonder.com\/es\/wp-json\/wp\/v2\/product\/20869","targetHints":{"allow":["GET"]}}],"collection":[{"href":"https:\/\/hi-techwonder.com\/es\/wp-json\/wp\/v2\/product"}],"about":[{"href":"https:\/\/hi-techwonder.com\/es\/wp-json\/wp\/v2\/types\/product"}],"replies":[{"embeddable":true,"href":"https:\/\/hi-techwonder.com\/es\/wp-json\/wp\/v2\/comments?post=20869"}],"wp:featuredmedia":[{"embeddable":true,"href":"https:\/\/hi-techwonder.com\/es\/wp-json\/wp\/v2\/media\/16205"}],"wp:attachment":[{"href":"https:\/\/hi-techwonder.com\/es\/wp-json\/wp\/v2\/media?parent=20869"}],"wp:term":[{"taxonomy":"product_brand","embeddable":true,"href":"https:\/\/hi-techwonder.com\/es\/wp-json\/wp\/v2\/product_brand?post=20869"},{"taxonomy":"product_cat","embeddable":true,"href":"https:\/\/hi-techwonder.com\/es\/wp-json\/wp\/v2\/product_cat?post=20869"},{"taxonomy":"product_tag","embeddable":true,"href":"https:\/\/hi-techwonder.com\/es\/wp-json\/wp\/v2\/product_tag?post=20869"}],"curies":[{"name":"wp","href":"https:\/\/api.w.org\/{rel}","templated":true}]}}