{"id":20890,"date":"2025-07-24T11:23:06","date_gmt":"2025-07-24T11:23:06","guid":{"rendered":"https:\/\/fv6qoy3ls0.wpdns.site\/produto\/viltrox-p12-tubo-led-rgb-bicolor\/"},"modified":"2025-11-19T10:32:43","modified_gmt":"2025-11-19T10:32:43","slug":"viltrox-p12-tubo-led-rgb-bicolor","status":"publish","type":"product","link":"https:\/\/hi-techwonder.com\/es\/producto\/viltrox-p12-tubo-led-rgb-bicolor\/","title":{"rendered":"Viltrox P12 Tubo LED RGB Bicolor"},"content":{"rendered":"<div class=\"vc_row wpb_row vc_row-fluid\">\n<div class=\"wpb_column vc_column_container vc_col-sm-12\">\n<div class=\"vc_column-inner\">\n<div class=\"wpb_wrapper\">\n<div class=\"wpb_text_column wpb_content_element\">\n<div class=\"wpb_wrapper\">\n<h3><strong>Viltrox P12 Tubo LED RGB Bicolor<\/strong><\/h3>\n<\/div>\n<\/div>\n<\/div>\n<\/div>\n<\/div>\n<\/div>\n<div class=\"vc_row wpb_row vc_row-fluid\">\n<div class=\"wpb_column vc_column_container vc_col-sm-12\">\n<div class=\"vc_column-inner\">\n<div class=\"wpb_wrapper\">\n<div class=\"wpb_text_column wpb_content_element\">\n<div class=\"wpb_wrapper\">\n<p>Descubre la luz de relleno port\u00e1til m\u00e1s avanzada y vers\u00e1til del mercado: la\u00a0<strong>Viltrox P12<\/strong>. Esta innovadora luz RGB full-color ofrece un control absoluto con 12 \u00e1reas de iluminaci\u00f3n configurables, dise\u00f1adas para satisfacer tanto a profesionales como a entusiastas. Con una potencia de 10W y un amplio rango de temperatura de color de 2500K a 8500K, la P12 proporciona una soluci\u00f3n completa para fotograf\u00eda y videograf\u00eda, desde estudios hasta sesiones en exteriores.<\/p>\n<p>Con soporte para\u00a0<strong>26 efectos de escenario<\/strong>\u00a0y control a trav\u00e9s de\u00a0<strong>Link App<\/strong>, la P12 ofrece libertad creativa sin precedentes, permitiendo ajustar la iluminaci\u00f3n en tiempo real o sincronizar m\u00faltiples luces para crear composiciones cinematogr\u00e1ficas impactantes. El dise\u00f1o magn\u00e9tico integrado en ambos extremos facilita la instalaci\u00f3n r\u00e1pida y segura en superficies met\u00e1licas, mientras que la bater\u00eda recargable con soporte para carga r\u00e1pida garantiza un rendimiento continuo incluso en proyectos exigentes.<\/p>\n<p>Compacta, ligera y potente, la Viltrox P12 combina portabilidad y funcionalidad de vanguardia, siendo ideal para creadores que buscan superar los l\u00edmites de la creatividad.<\/p>\n<\/div>\n<\/div>\n<\/div>\n<\/div>\n<\/div>\n<\/div>\n<div class=\"vc_row wpb_row vc_row-fluid\">\n<div class=\"wpb_column vc_column_container vc_col-sm-12\">\n<div class=\"vc_column-inner\">\n<div class=\"wpb_wrapper\">\n<div class=\"wpb_gallery wpb_content_element vc_clearfix wpb_content_element\">\n<div class=\"wpb_wrapper\">\n<div class=\"wpb_gallery_slides wpb_image_grid\" data-interval=\"3\">\n<p><a class=\"\" href=\"https:\/\/viltrox.es\/wp-content\/uploads\/2024\/11\/DSC08724.jpg\" data-lightbox=\"lightbox[rel-32108-2189566259]\" target=\"_blank\" rel=\"noopener\"><picture class=\"attachment-medium\" title=\"DSC08724\"><source srcset=\"https:\/\/viltrox.es\/wp-content\/uploads\/2024\/11\/DSC08724-300x169.jpg.avif 300w, https:\/\/viltrox.es\/wp-content\/uploads\/2024\/11\/DSC08724-768x432.jpg.avif 768w, https:\/\/viltrox.es\/wp-content\/uploads\/2024\/11\/DSC08724-600x337.jpg.avif 600w, https:\/\/viltrox.es\/wp-content\/uploads\/2024\/11\/DSC08724.jpg.avif 1000w\" type=\"image\/avif\" sizes=\"auto, (max-width: 300px) 100vw, 300px\" \/><img loading=\"lazy\" decoding=\"async\" src=\"https:\/\/viltrox.es\/wp-content\/uploads\/2024\/11\/DSC08724-300x169.jpg\" sizes=\"auto, (max-width: 300px) 100vw, 300px\" srcset=\"https:\/\/viltrox.es\/wp-content\/uploads\/2024\/11\/DSC08724-300x169.jpg 300w, https:\/\/viltrox.es\/wp-content\/uploads\/2024\/11\/DSC08724-768x432.jpg 768w, https:\/\/viltrox.es\/wp-content\/uploads\/2024\/11\/DSC08724-600x337.jpg 600w, https:\/\/viltrox.es\/wp-content\/uploads\/2024\/11\/DSC08724.jpg 1000w\" alt=\"\" width=\"300\" height=\"169\"><\/picture><\/a><a class=\"\" href=\"https:\/\/viltrox.es\/wp-content\/uploads\/2024\/11\/DSC08765.jpg\" data-lightbox=\"lightbox[rel-32108-2189566259]\" target=\"_blank\" rel=\"noopener\"><picture class=\"attachment-medium\" title=\"DSC08765\"><source srcset=\"https:\/\/viltrox.es\/wp-content\/uploads\/2024\/11\/DSC08765-300x169.jpg.avif 300w, https:\/\/viltrox.es\/wp-content\/uploads\/2024\/11\/DSC08765-768x432.jpg.avif 768w, https:\/\/viltrox.es\/wp-content\/uploads\/2024\/11\/DSC08765-600x337.jpg.avif 600w, https:\/\/viltrox.es\/wp-content\/uploads\/2024\/11\/DSC08765.jpg.avif 1000w\" type=\"image\/avif\" sizes=\"auto, (max-width: 300px) 100vw, 300px\" \/><img loading=\"lazy\" decoding=\"async\" src=\"https:\/\/viltrox.es\/wp-content\/uploads\/2024\/11\/DSC08765-300x169.jpg\" sizes=\"auto, (max-width: 300px) 100vw, 300px\" srcset=\"https:\/\/viltrox.es\/wp-content\/uploads\/2024\/11\/DSC08765-300x169.jpg 300w, https:\/\/viltrox.es\/wp-content\/uploads\/2024\/11\/DSC08765-768x432.jpg 768w, https:\/\/viltrox.es\/wp-content\/uploads\/2024\/11\/DSC08765-600x337.jpg 600w, https:\/\/viltrox.es\/wp-content\/uploads\/2024\/11\/DSC08765.jpg 1000w\" alt=\"\" width=\"300\" height=\"169\"><\/picture><\/a><\/p>\n<\/div>\n<\/div>\n<\/div>\n<\/div>\n<\/div>\n<\/div>\n<\/div>\n<div class=\"vc_row wpb_row vc_row-fluid\">\n<div class=\"wpb_column vc_column_container vc_col-sm-12\">\n<div class=\"vc_column-inner\">\n<div class=\"wpb_wrapper\">\n<div class=\"wpb_text_column wpb_content_element\">\n<div class=\"wpb_wrapper\">\n<p><strong>Caracter\u00edsticas Principales<\/strong><\/p>\n<ul>\n<li><strong>RGB Full-Color y Control de 12 Zonas<\/strong>: Personaliza 12 \u00e1reas de iluminaci\u00f3n para efectos \u00fanicos.<\/li>\n<li><strong>Amplio Rango de Temperatura de Color<\/strong>: 2500K-8500K, ideal para luz c\u00e1lida y fr\u00eda.<\/li>\n<li><strong>Soporte para Efectos de Escenario<\/strong>: 26 efectos disponibles en el dispositivo y m\u00e1s opciones en la aplicaci\u00f3n.<\/li>\n<li><strong>Dise\u00f1o Magn\u00e9tico Integrado<\/strong>: Fijaci\u00f3n r\u00e1pida y sencilla en superficies met\u00e1licas.<\/li>\n<li><strong>Control Avanzado<\/strong>: Mediante panel, remoto o Link App con funcionalidad multi-luz.<\/li>\n<li><strong>Bater\u00eda Recargable de Larga Duraci\u00f3n<\/strong>: Hasta 2,75 horas de uso continuo con carga r\u00e1pida PD\/QC.<\/li>\n<li><strong>Construcci\u00f3n Robusta y Compacta<\/strong>: Ligera, port\u00e1til y perfecta para trabajos de campo o estudio.<\/li>\n<\/ul>\n<\/div>\n<\/div>\n<\/div>\n<\/div>\n<\/div>\n<\/div>\n<div class=\"vc_row wpb_row vc_row-fluid\">\n<div class=\"wpb_column vc_column_container vc_col-sm-12\">\n<div class=\"vc_column-inner\">\n<div class=\"wpb_wrapper\">\n<div class=\"wpb_gallery wpb_content_element vc_clearfix wpb_content_element\">\n<div class=\"wpb_wrapper\">\n<div class=\"wpb_gallery_slides wpb_image_grid\" data-interval=\"3\">\n<p><a class=\"\" href=\"https:\/\/viltrox.es\/wp-content\/uploads\/2024\/11\/DSC06438-683x1024.jpeg\" data-lightbox=\"lightbox[rel-32108-3956508383]\" target=\"_blank\" rel=\"noopener\"><picture class=\"attachment-medium\" title=\"DSC06438\"><source srcset=\"https:\/\/viltrox.es\/wp-content\/uploads\/2024\/11\/DSC06438-200x300.jpeg.avif 200w, https:\/\/viltrox.es\/wp-content\/uploads\/2024\/11\/DSC06438-683x1024.jpeg.avif 683w, https:\/\/viltrox.es\/wp-content\/uploads\/2024\/11\/DSC06438-768x1152.jpeg.avif 768w, https:\/\/viltrox.es\/wp-content\/uploads\/2024\/11\/DSC06438-1024x1536.jpeg.avif 1024w, https:\/\/viltrox.es\/wp-content\/uploads\/2024\/11\/DSC06438-scaled.jpeg.avif 1365w, https:\/\/viltrox.es\/wp-content\/uploads\/2024\/11\/DSC06438-600x900.jpeg.avif 600w\" type=\"image\/avif\" sizes=\"auto, (max-width: 200px) 100vw, 200px\" \/><img loading=\"lazy\" decoding=\"async\" src=\"https:\/\/viltrox.es\/wp-content\/uploads\/2024\/11\/DSC06438-200x300.jpeg\" sizes=\"auto, (max-width: 200px) 100vw, 200px\" srcset=\"https:\/\/viltrox.es\/wp-content\/uploads\/2024\/11\/DSC06438-200x300.jpeg 200w, https:\/\/viltrox.es\/wp-content\/uploads\/2024\/11\/DSC06438-683x1024.jpeg 683w, https:\/\/viltrox.es\/wp-content\/uploads\/2024\/11\/DSC06438-768x1152.jpeg 768w, https:\/\/viltrox.es\/wp-content\/uploads\/2024\/11\/DSC06438-1024x1536.jpeg 1024w, https:\/\/viltrox.es\/wp-content\/uploads\/2024\/11\/DSC06438-scaled.jpeg 1365w, https:\/\/viltrox.es\/wp-content\/uploads\/2024\/11\/DSC06438-600x900.jpeg 600w\" alt=\"\" width=\"200\" height=\"300\"><\/picture><\/a><a class=\"\" href=\"https:\/\/viltrox.es\/wp-content\/uploads\/2024\/11\/DSC06448-683x1024.jpeg\" data-lightbox=\"lightbox[rel-32108-3956508383]\" target=\"_blank\" rel=\"noopener\"><picture class=\"attachment-medium\" title=\"DSC06448\"><source srcset=\"https:\/\/viltrox.es\/wp-content\/uploads\/2024\/11\/DSC06448-200x300.jpeg.avif 200w, https:\/\/viltrox.es\/wp-content\/uploads\/2024\/11\/DSC06448-683x1024.jpeg.avif 683w, https:\/\/viltrox.es\/wp-content\/uploads\/2024\/11\/DSC06448-768x1152.jpeg.avif 768w, https:\/\/viltrox.es\/wp-content\/uploads\/2024\/11\/DSC06448-1024x1536.jpeg.avif 1024w, https:\/\/viltrox.es\/wp-content\/uploads\/2024\/11\/DSC06448-scaled.jpeg.avif 1365w, https:\/\/viltrox.es\/wp-content\/uploads\/2024\/11\/DSC06448-600x900.jpeg.avif 600w\" type=\"image\/avif\" sizes=\"auto, (max-width: 200px) 100vw, 200px\" \/><img loading=\"lazy\" decoding=\"async\" src=\"https:\/\/viltrox.es\/wp-content\/uploads\/2024\/11\/DSC06448-200x300.jpeg\" sizes=\"auto, (max-width: 200px) 100vw, 200px\" srcset=\"https:\/\/viltrox.es\/wp-content\/uploads\/2024\/11\/DSC06448-200x300.jpeg 200w, https:\/\/viltrox.es\/wp-content\/uploads\/2024\/11\/DSC06448-683x1024.jpeg 683w, https:\/\/viltrox.es\/wp-content\/uploads\/2024\/11\/DSC06448-768x1152.jpeg 768w, https:\/\/viltrox.es\/wp-content\/uploads\/2024\/11\/DSC06448-1024x1536.jpeg 1024w, https:\/\/viltrox.es\/wp-content\/uploads\/2024\/11\/DSC06448-scaled.jpeg 1365w, https:\/\/viltrox.es\/wp-content\/uploads\/2024\/11\/DSC06448-600x900.jpeg 600w\" alt=\"\" width=\"200\" height=\"300\"><\/picture><\/a><\/p>\n<\/div>\n<\/div>\n<\/div>\n<\/div>\n<\/div>\n<\/div>\n<\/div>\n<div class=\"vc_row wpb_row vc_row-fluid\">\n<div class=\"wpb_column vc_column_container vc_col-sm-12\">\n<div class=\"vc_column-inner\">\n<div class=\"wpb_wrapper\">\n<div class=\"wpb_text_column wpb_content_element\">\n<div class=\"wpb_wrapper\">\n<p><strong>Especificaciones<\/strong><\/p>\n<ul>\n<li><strong>Potencia M\u00e1xima<\/strong>: 10W<\/li>\n<li><strong>Temperatura de Color<\/strong>: 2500K-8500K (ajustable)<\/li>\n<li><strong>Brillo<\/strong>: 0-100% (ajustable)<\/li>\n<li><strong>Color RGB<\/strong>: 0-360\u00b0 (ajustable)<\/li>\n<li><strong>Flujo Luminoso M\u00e1ximo<\/strong>: 408lm<\/li>\n<li><strong>Iluminancia m\u00e1xima:<\/strong>\u00a0473Lux (100%, 5500K a 0.5m)<\/li>\n<li><strong>Bater\u00eda<\/strong>: 7.4V\/2500mAh de litio integrada<\/li>\n<li><strong>Tiempo de Bater\u00eda<\/strong>: Hasta 2,75 horas<\/li>\n<li><strong>Tiempo de Carga<\/strong>: Aproximadamente 2h (12V\/2A)<\/li>\n<li><strong>Conexi\u00f3n<\/strong>: USB-C PD\/QC<\/li>\n<li><strong>Dimensiones<\/strong>: 40.8mm x 39.3mm x 755.8mm<\/li>\n<li><strong>Peso<\/strong>: 405.5g (sin accesorios)<\/li>\n<\/ul>\n<\/div>\n<\/div>\n<\/div>\n<\/div>\n<\/div>\n<\/div>\n","protected":false},"excerpt":{"rendered":"<ul>\n<li>Luz RGB port\u00e1til con 12 zonas de control independientes y potencia de 10W.<\/li>\n<li>Controles avanzados mediante panel, control remoto y App Link App.<\/li>\n<li>Soporte para 26 efectos de escenario y amplia gama de temperatura de color (2500K-8500K).<\/li>\n<li>Dise\u00f1o magn\u00e9tico integrado para montaje r\u00e1pido y pr\u00e1ctico.<\/li>\n<li>Bater\u00eda recargable de larga duraci\u00f3n con carga r\u00e1pida PD\/QC.<\/li>\n<\/ul>\n","protected":false},"featured_media":16302,"comment_status":"closed","ping_status":"closed","template":"","meta":{"_acf_changed":false},"product_brand":[2544],"product_cat":[999],"product_tag":[],"class_list":{"0":"post-20890","1":"product","2":"type-product","3":"status-publish","4":"has-post-thumbnail","6":"product_brand-viltrox-es","7":"product_cat-tubulares-es","9":"first","10":"pre-order","11":"taxable","12":"shipping-taxable","13":"purchasable","14":"product-type-simple"},"bundled_by":[],"bundle_stock_status":"pre-order","bundle_stock_quantity":null,"bundle_virtual":false,"bundle_layout":"","bundle_add_to_cart_form_location":"","bundle_editable_in_cart":false,"bundle_sold_individually_context":"","bundle_item_grouping":"","bundle_min_size":"","bundle_max_size":"","bundle_price":[],"bundled_items":[],"bundle_sell_ids":[],"acf":[],"_links":{"self":[{"href":"https:\/\/hi-techwonder.com\/es\/wp-json\/wp\/v2\/product\/20890","targetHints":{"allow":["GET"]}}],"collection":[{"href":"https:\/\/hi-techwonder.com\/es\/wp-json\/wp\/v2\/product"}],"about":[{"href":"https:\/\/hi-techwonder.com\/es\/wp-json\/wp\/v2\/types\/product"}],"replies":[{"embeddable":true,"href":"https:\/\/hi-techwonder.com\/es\/wp-json\/wp\/v2\/comments?post=20890"}],"wp:featuredmedia":[{"embeddable":true,"href":"https:\/\/hi-techwonder.com\/es\/wp-json\/wp\/v2\/media\/16302"}],"wp:attachment":[{"href":"https:\/\/hi-techwonder.com\/es\/wp-json\/wp\/v2\/media?parent=20890"}],"wp:term":[{"taxonomy":"product_brand","embeddable":true,"href":"https:\/\/hi-techwonder.com\/es\/wp-json\/wp\/v2\/product_brand?post=20890"},{"taxonomy":"product_cat","embeddable":true,"href":"https:\/\/hi-techwonder.com\/es\/wp-json\/wp\/v2\/product_cat?post=20890"},{"taxonomy":"product_tag","embeddable":true,"href":"https:\/\/hi-techwonder.com\/es\/wp-json\/wp\/v2\/product_tag?post=20890"}],"curies":[{"name":"wp","href":"https:\/\/api.w.org\/{rel}","templated":true}]}}