{"id":20916,"date":"2025-07-24T11:23:36","date_gmt":"2025-07-24T11:23:36","guid":{"rendered":"https:\/\/fv6qoy3ls0.wpdns.site\/produto\/viltrox-af-35mm-f1-7-air-e-z-xf\/"},"modified":"2026-04-27T12:58:44","modified_gmt":"2026-04-27T11:58:44","slug":"viltrox-af-35mm-f1-7-air-e-z-xf","status":"publish","type":"product","link":"https:\/\/hi-techwonder.com\/es\/producto\/viltrox-af-35mm-f1-7-air-e-z-xf\/","title":{"rendered":"Viltrox AF 35mm F1.7 Air E | Z | XF"},"content":{"rendered":"<div class=\"vc_row wpb_row vc_row-fluid\">\n<div class=\"wpb_column vc_column_container vc_col-sm-12\">\n<div class=\"vc_column-inner\">\n<div class=\"wpb_wrapper\">\n<div class=\"wpb_text_column wpb_content_element\">\n<div class=\"wpb_wrapper\">\n<h3>Viltrox AF 35mm F1.7 Air E | Z | XF<\/h3>\n<\/div>\n<\/div>\n<\/div>\n<\/div>\n<\/div>\n<\/div>\n<div class=\"vc_row wpb_row vc_row-fluid\">\n<div class=\"wpb_column vc_column_container vc_col-sm-12\">\n<div class=\"vc_column-inner\">\n<div class=\"wpb_wrapper\">\n<div class=\"wpb_text_column wpb_content_element\">\n<div class=\"wpb_wrapper\">\n<p>Descubre un nuevo nivel de creatividad con el\u00a0<strong>Viltrox AF 35mm F1.7 Air<\/strong>, un objetivo que redefine el est\u00e1ndar de lentes prime ligeras y vers\u00e1tiles. Con una apertura de f\/1.7 y dise\u00f1o ultracompacto, este objetivo combina portabilidad y alto rendimiento. Con un peso de tan solo 170g y un tama\u00f1o que cabe en la palma de tu mano, es la elecci\u00f3n ideal para capturar momentos espont\u00e1neos en cualquier lugar.<\/p>\n<p>Dise\u00f1ado tanto para principiantes como para fot\u00f3grafos avanzados, este objetivo destaca por su enfoque autom\u00e1tico r\u00e1pido y preciso gracias al motor STM silencioso, garantizando im\u00e1genes n\u00edtidas y un bokeh so\u00f1ado. Ya sea para capturar paisajes, retratos o escenas del d\u00eda a d\u00eda, su versatilidad es insuperable. Adem\u00e1s, su construcci\u00f3n robusta con recubrimiento anti-rayaduras y resistente al agua en el elemento frontal lo convierte en una herramienta confiable en cualquier entorno.<\/p>\n<p>Con elementos \u00f3pticos de alta refracci\u00f3n, recubrimiento multicapa HD Nano y una distancia m\u00ednima de enfoque de solo 33cm, el\u00a0<strong>Viltrox AF 35mm F1.7 Air<\/strong>\u00a0ofrece im\u00e1genes vibrantes, colores realistas y una experiencia de disparo incomparable, tanto en fotograf\u00eda como en videograf\u00eda.<\/p>\n<\/div>\n<\/div>\n<\/div>\n<\/div>\n<\/div>\n<\/div>\n<div class=\"vc_row wpb_row vc_row-fluid\">\n<div class=\"wpb_column vc_column_container vc_col-sm-12\">\n<div class=\"vc_column-inner\">\n<div class=\"wpb_wrapper\">\n<div class=\"wpb_gallery wpb_content_element vc_clearfix wpb_content_element\">\n<div class=\"wpb_wrapper\">\n<div class=\"wpb_gallery_slides wpb_image_grid\" data-interval=\"3\">\n<p><a class=\"\" href=\"https:\/\/viltrox.es\/wp-content\/uploads\/2024\/12\/DSC09244-%E6%8B%B7%E8%B4%9D-683x1024.jpg\" data-lightbox=\"lightbox[rel-32163-1834093821]\" target=\"_blank\" rel=\"noopener\"><picture class=\"attachment-thumbnail\" title=\"DSC09244 \u62f7\u8d1d\"><source srcset=\"https:\/\/viltrox.es\/wp-content\/uploads\/2024\/12\/DSC09244-\u62f7\u8d1d-150x150.jpg.avif 150w, https:\/\/viltrox.es\/wp-content\/uploads\/2024\/12\/DSC09244-\u62f7\u8d1d-300x300.jpg.avif 300w, https:\/\/viltrox.es\/wp-content\/uploads\/2024\/12\/DSC09244-\u62f7\u8d1d-100x100.jpg.avif 100w\" type=\"image\/avif\" sizes=\"auto, (max-width: 150px) 100vw, 150px\" \/><img loading=\"lazy\" decoding=\"async\" src=\"https:\/\/viltrox.es\/wp-content\/uploads\/2024\/12\/DSC09244-%E6%8B%B7%E8%B4%9D-150x150.jpg\" sizes=\"auto, (max-width: 150px) 100vw, 150px\" srcset=\"https:\/\/viltrox.es\/wp-content\/uploads\/2024\/12\/DSC09244-\u62f7\u8d1d-150x150.jpg 150w, https:\/\/viltrox.es\/wp-content\/uploads\/2024\/12\/DSC09244-\u62f7\u8d1d-300x300.jpg 300w, https:\/\/viltrox.es\/wp-content\/uploads\/2024\/12\/DSC09244-\u62f7\u8d1d-100x100.jpg 100w\" alt=\"\" width=\"150\" height=\"150\"><\/picture><\/a><a class=\"\" href=\"https:\/\/viltrox.es\/wp-content\/uploads\/2024\/12\/DSC09247-%E6%8B%B7%E8%B4%9D-1024x683.jpg\" data-lightbox=\"lightbox[rel-32163-1834093821]\" target=\"_blank\" rel=\"noopener\"><picture class=\"attachment-thumbnail\" title=\"DSC09247 \u62f7\u8d1d\"><source srcset=\"https:\/\/viltrox.es\/wp-content\/uploads\/2024\/12\/DSC09247-\u62f7\u8d1d-150x150.jpg.avif 150w, https:\/\/viltrox.es\/wp-content\/uploads\/2024\/12\/DSC09247-\u62f7\u8d1d-300x300.jpg.avif 300w, https:\/\/viltrox.es\/wp-content\/uploads\/2024\/12\/DSC09247-\u62f7\u8d1d-100x100.jpg.avif 100w\" type=\"image\/avif\" sizes=\"auto, (max-width: 150px) 100vw, 150px\" \/><img loading=\"lazy\" decoding=\"async\" src=\"https:\/\/viltrox.es\/wp-content\/uploads\/2024\/12\/DSC09247-%E6%8B%B7%E8%B4%9D-150x150.jpg\" sizes=\"auto, (max-width: 150px) 100vw, 150px\" srcset=\"https:\/\/viltrox.es\/wp-content\/uploads\/2024\/12\/DSC09247-\u62f7\u8d1d-150x150.jpg 150w, https:\/\/viltrox.es\/wp-content\/uploads\/2024\/12\/DSC09247-\u62f7\u8d1d-300x300.jpg 300w, https:\/\/viltrox.es\/wp-content\/uploads\/2024\/12\/DSC09247-\u62f7\u8d1d-100x100.jpg 100w\" alt=\"\" width=\"150\" height=\"150\"><\/picture><\/a><a class=\"\" href=\"https:\/\/viltrox.es\/wp-content\/uploads\/2024\/12\/DSC09251-%E6%8B%B7%E8%B4%9D-1024x683.jpg\" data-lightbox=\"lightbox[rel-32163-1834093821]\" target=\"_blank\" rel=\"noopener\"><picture class=\"attachment-thumbnail\" title=\"DSC09251 \u62f7\u8d1d\"><source srcset=\"https:\/\/viltrox.es\/wp-content\/uploads\/2024\/12\/DSC09251-\u62f7\u8d1d-150x150.jpg.avif 150w, https:\/\/viltrox.es\/wp-content\/uploads\/2024\/12\/DSC09251-\u62f7\u8d1d-300x300.jpg.avif 300w\" type=\"image\/avif\" sizes=\"auto, (max-width: 150px) 100vw, 150px\" \/><img loading=\"lazy\" decoding=\"async\" src=\"https:\/\/viltrox.es\/wp-content\/uploads\/2024\/12\/DSC09251-%E6%8B%B7%E8%B4%9D-150x150.jpg\" sizes=\"auto, (max-width: 150px) 100vw, 150px\" srcset=\"https:\/\/viltrox.es\/wp-content\/uploads\/2024\/12\/DSC09251-\u62f7\u8d1d-150x150.jpg 150w, https:\/\/viltrox.es\/wp-content\/uploads\/2024\/12\/DSC09251-\u62f7\u8d1d-300x300.jpg 300w, https:\/\/viltrox.es\/wp-content\/uploads\/2024\/12\/DSC09251-\u62f7\u8d1d-100x100.jpg 100w\" alt=\"\" width=\"150\" height=\"150\"><\/picture><\/a><a class=\"\" href=\"https:\/\/viltrox.es\/wp-content\/uploads\/2024\/12\/DSC09253-%E6%8B%B7%E8%B4%9D-1024x683.jpg\" data-lightbox=\"lightbox[rel-32163-1834093821]\" target=\"_blank\" rel=\"noopener\"><picture class=\"attachment-thumbnail\" title=\"DSC09253 \u62f7\u8d1d\"><source srcset=\"https:\/\/viltrox.es\/wp-content\/uploads\/2024\/12\/DSC09253-\u62f7\u8d1d-150x150.jpg.avif 150w, https:\/\/viltrox.es\/wp-content\/uploads\/2024\/12\/DSC09253-\u62f7\u8d1d-300x300.jpg.avif 300w\" type=\"image\/avif\" sizes=\"auto, (max-width: 150px) 100vw, 150px\" \/><img loading=\"lazy\" decoding=\"async\" src=\"https:\/\/viltrox.es\/wp-content\/uploads\/2024\/12\/DSC09253-%E6%8B%B7%E8%B4%9D-150x150.jpg\" sizes=\"auto, (max-width: 150px) 100vw, 150px\" srcset=\"https:\/\/viltrox.es\/wp-content\/uploads\/2024\/12\/DSC09253-\u62f7\u8d1d-150x150.jpg 150w, https:\/\/viltrox.es\/wp-content\/uploads\/2024\/12\/DSC09253-\u62f7\u8d1d-300x300.jpg 300w, https:\/\/viltrox.es\/wp-content\/uploads\/2024\/12\/DSC09253-\u62f7\u8d1d-100x100.jpg 100w\" alt=\"\" width=\"150\" height=\"150\"><\/picture><\/a><\/p>\n<\/div>\n<\/div>\n<\/div>\n<\/div>\n<\/div>\n<\/div>\n<\/div>\n<div class=\"vc_row wpb_row vc_row-fluid\">\n<div class=\"wpb_column vc_column_container vc_col-sm-12\">\n<div class=\"vc_column-inner\">\n<div class=\"wpb_wrapper\">\n<div class=\"wpb_text_column wpb_content_element\">\n<div class=\"wpb_wrapper\">\n<p><strong>Caracter\u00edsticas Principales<\/strong><\/p>\n<ul>\n<li><strong>Enfoque Autom\u00e1tico Eficiente<\/strong>: Motor STM silencioso con soporte para detecci\u00f3n de ojos\/rostros en c\u00e1maras compatibles.<\/li>\n<li><strong>Dise\u00f1o Compacto y Ligero<\/strong>: Solo 170g y dimensiones reducidas (\u0424 64\u00d754.3 mm), ideal para transporte diario.<\/li>\n<li><strong>Apertura Amplia de F1.7<\/strong>: Bokeh suave y desenfoque art\u00edstico con 9 hojas de diafragma.<\/li>\n<li><strong>\u00d3ptica de Alta Calidad<\/strong>: 1 elemento ED, 2 de alta refracci\u00f3n y 1 asf\u00e9rico para im\u00e1genes n\u00edtidas y colores vivos.<\/li>\n<li><strong>Versatilidad para Todos los Estilos<\/strong>: Perspectiva est\u00e1ndar (52mm equivalente en full-frame) ideal para retratos, paisajes y m\u00e1s.<\/li>\n<li><strong>Distancia M\u00ednima de Enfoque<\/strong>: Solo 33cm, ideal para capturas en primer plano detalladas.<\/li>\n<li><strong>Desempe\u00f1o en Videos<\/strong>: M\u00ednimo \u201cfocus breathing\u201d para transiciones de enfoque suaves y narrativas cautivadoras.<\/li>\n<li><strong>Construcci\u00f3n Resistente<\/strong>: Montura met\u00e1lica duradera con revestimiento anti-fouling y resistencia al agua en el elemento frontal.<\/li>\n<li><strong>Interfaz USB-C<\/strong>: Actualizaciones de firmware sencillas para mejoras continuas.<\/li>\n<\/ul>\n<\/div>\n<\/div>\n<\/div>\n<\/div>\n<\/div>\n<\/div>\n<div class=\"vc_row wpb_row vc_row-fluid\">\n<div class=\"wpb_column vc_column_container vc_col-sm-12\">\n<div class=\"vc_column-inner\">\n<div class=\"wpb_wrapper\">\n<div class=\"wpb_gallery wpb_content_element vc_clearfix wpb_content_element\">\n<div class=\"wpb_wrapper\">\n<div class=\"wpb_gallery_slides wpb_image_grid\" data-interval=\"3\">\n<p><a class=\"\" href=\"https:\/\/viltrox.es\/wp-content\/uploads\/2024\/12\/DSC08231-1024x683.jpeg\" data-lightbox=\"lightbox[rel-32163-1539438697]\" target=\"_blank\" rel=\"noopener\"><picture class=\"attachment-medium\" title=\"DSC08231\"><source srcset=\"https:\/\/viltrox.es\/wp-content\/uploads\/2024\/12\/DSC08231-300x200.jpeg.avif 300w, https:\/\/viltrox.es\/wp-content\/uploads\/2024\/12\/DSC08231-1024x683.jpeg.avif 1024w, https:\/\/viltrox.es\/wp-content\/uploads\/2024\/12\/DSC08231-768x512.jpeg.avif 768w, https:\/\/viltrox.es\/wp-content\/uploads\/2024\/12\/DSC08231-1536x1024.jpeg.avif 1536w, https:\/\/viltrox.es\/wp-content\/uploads\/2024\/12\/DSC08231-scaled.jpeg.avif 2048w, https:\/\/viltrox.es\/wp-content\/uploads\/2024\/12\/DSC08231-270x180.jpeg.avif 270w, https:\/\/viltrox.es\/wp-content\/uploads\/2024\/12\/DSC08231-600x400.jpeg.avif 600w\" type=\"image\/avif\" sizes=\"auto, (max-width: 300px) 100vw, 300px\" \/><img loading=\"lazy\" decoding=\"async\" src=\"https:\/\/viltrox.es\/wp-content\/uploads\/2024\/12\/DSC08231-300x200.jpeg\" sizes=\"auto, (max-width: 300px) 100vw, 300px\" srcset=\"https:\/\/viltrox.es\/wp-content\/uploads\/2024\/12\/DSC08231-300x200.jpeg 300w, https:\/\/viltrox.es\/wp-content\/uploads\/2024\/12\/DSC08231-1024x683.jpeg 1024w, https:\/\/viltrox.es\/wp-content\/uploads\/2024\/12\/DSC08231-768x512.jpeg 768w, https:\/\/viltrox.es\/wp-content\/uploads\/2024\/12\/DSC08231-1536x1024.jpeg 1536w, https:\/\/viltrox.es\/wp-content\/uploads\/2024\/12\/DSC08231-scaled.jpeg 2048w, https:\/\/viltrox.es\/wp-content\/uploads\/2024\/12\/DSC08231-270x180.jpeg 270w, https:\/\/viltrox.es\/wp-content\/uploads\/2024\/12\/DSC08231-600x400.jpeg 600w\" alt=\"\" width=\"300\" height=\"200\"><\/picture><\/a><a class=\"\" href=\"https:\/\/viltrox.es\/wp-content\/uploads\/2024\/12\/DSCF5826-1024x683.jpg\" data-lightbox=\"lightbox[rel-32163-1539438697]\" target=\"_blank\" rel=\"noopener\"><picture class=\"attachment-medium\" title=\"DSCF5826\"><source srcset=\"https:\/\/viltrox.es\/wp-content\/uploads\/2024\/12\/DSCF5826-300x200.jpg.avif 300w, https:\/\/viltrox.es\/wp-content\/uploads\/2024\/12\/DSCF5826-1024x683.jpg.avif 1024w, https:\/\/viltrox.es\/wp-content\/uploads\/2024\/12\/DSCF5826-768x512.jpg.avif 768w, https:\/\/viltrox.es\/wp-content\/uploads\/2024\/12\/DSCF5826-1536x1024.jpg.avif 1536w, https:\/\/viltrox.es\/wp-content\/uploads\/2024\/12\/DSCF5826-scaled.jpg.avif 2048w, https:\/\/viltrox.es\/wp-content\/uploads\/2024\/12\/DSCF5826-270x180.jpg.avif 270w, https:\/\/viltrox.es\/wp-content\/uploads\/2024\/12\/DSCF5826-600x400.jpg.avif 600w\" type=\"image\/avif\" sizes=\"auto, (max-width: 300px) 100vw, 300px\" \/><img loading=\"lazy\" decoding=\"async\" src=\"https:\/\/viltrox.es\/wp-content\/uploads\/2024\/12\/DSCF5826-300x200.jpg\" sizes=\"auto, (max-width: 300px) 100vw, 300px\" srcset=\"https:\/\/viltrox.es\/wp-content\/uploads\/2024\/12\/DSCF5826-300x200.jpg 300w, https:\/\/viltrox.es\/wp-content\/uploads\/2024\/12\/DSCF5826-1024x683.jpg 1024w, https:\/\/viltrox.es\/wp-content\/uploads\/2024\/12\/DSCF5826-768x512.jpg 768w, https:\/\/viltrox.es\/wp-content\/uploads\/2024\/12\/DSCF5826-1536x1024.jpg 1536w, https:\/\/viltrox.es\/wp-content\/uploads\/2024\/12\/DSCF5826-scaled.jpg 2048w, https:\/\/viltrox.es\/wp-content\/uploads\/2024\/12\/DSCF5826-270x180.jpg 270w, https:\/\/viltrox.es\/wp-content\/uploads\/2024\/12\/DSCF5826-600x400.jpg 600w\" alt=\"\" width=\"300\" height=\"200\"><\/picture><\/a><a class=\"\" href=\"https:\/\/viltrox.es\/wp-content\/uploads\/2024\/12\/DSC08234-1024x683.jpeg\" data-lightbox=\"lightbox[rel-32163-1539438697]\" target=\"_blank\" rel=\"noopener\"><picture class=\"attachment-medium\" title=\"DSC08234\"><source srcset=\"https:\/\/viltrox.es\/wp-content\/uploads\/2024\/12\/DSC08234-300x200.jpeg.avif 300w, https:\/\/viltrox.es\/wp-content\/uploads\/2024\/12\/DSC08234-1024x683.jpeg.avif 1024w, https:\/\/viltrox.es\/wp-content\/uploads\/2024\/12\/DSC08234-768x512.jpeg.avif 768w, https:\/\/viltrox.es\/wp-content\/uploads\/2024\/12\/DSC08234-1536x1024.jpeg.avif 1536w, https:\/\/viltrox.es\/wp-content\/uploads\/2024\/12\/DSC08234-scaled.jpeg.avif 2048w, https:\/\/viltrox.es\/wp-content\/uploads\/2024\/12\/DSC08234-270x180.jpeg.avif 270w, https:\/\/viltrox.es\/wp-content\/uploads\/2024\/12\/DSC08234-600x400.jpeg.avif 600w\" type=\"image\/avif\" sizes=\"auto, (max-width: 300px) 100vw, 300px\" \/><img loading=\"lazy\" decoding=\"async\" src=\"https:\/\/viltrox.es\/wp-content\/uploads\/2024\/12\/DSC08234-300x200.jpeg\" sizes=\"auto, (max-width: 300px) 100vw, 300px\" srcset=\"https:\/\/viltrox.es\/wp-content\/uploads\/2024\/12\/DSC08234-300x200.jpeg 300w, https:\/\/viltrox.es\/wp-content\/uploads\/2024\/12\/DSC08234-1024x683.jpeg 1024w, https:\/\/viltrox.es\/wp-content\/uploads\/2024\/12\/DSC08234-768x512.jpeg 768w, https:\/\/viltrox.es\/wp-content\/uploads\/2024\/12\/DSC08234-1536x1024.jpeg 1536w, https:\/\/viltrox.es\/wp-content\/uploads\/2024\/12\/DSC08234-scaled.jpeg 2048w, https:\/\/viltrox.es\/wp-content\/uploads\/2024\/12\/DSC08234-270x180.jpeg 270w, https:\/\/viltrox.es\/wp-content\/uploads\/2024\/12\/DSC08234-600x400.jpeg 600w\" alt=\"\" width=\"300\" height=\"200\"><\/picture><picture class=\"attachment-medium\" title=\"DSC08234\"><\/picture><picture class=\"attachment-medium\" title=\"DSC08234\"><\/picture><\/a><img loading=\"lazy\" decoding=\"async\" class=\"alignnone wp-image-99698 size-medium\" src=\"https:\/\/hi-techwonder.com\/wp-content\/themes\/woodmart\/images\/lazy.svg\" data-src=\"https:\/\/hi-techwonder.com\/wp-content\/uploads\/2025\/07\/DSC3736-300x200.jpeg\" alt=\"\" width=\"300\" height=\"200\" srcset=\"\" data-srcset=\"https:\/\/hi-techwonder.com\/wp-content\/uploads\/2025\/07\/DSC3736-300x200.jpeg 300w, https:\/\/hi-techwonder.com\/wp-content\/uploads\/2025\/07\/DSC3736-1024x683.jpeg 1024w, https:\/\/hi-techwonder.com\/wp-content\/uploads\/2025\/07\/DSC3736-768x512.jpeg 768w, https:\/\/hi-techwonder.com\/wp-content\/uploads\/2025\/07\/DSC3736-1536x1024.jpeg 1536w, https:\/\/hi-techwonder.com\/wp-content\/uploads\/2025\/07\/DSC3736-2048x1365.jpeg 2048w, https:\/\/hi-techwonder.com\/wp-content\/uploads\/2025\/07\/DSC3736-1200x800.jpeg 1200w, https:\/\/hi-techwonder.com\/wp-content\/uploads\/2025\/07\/DSC3736-150x100.jpeg 150w\" sizes=\"auto, (max-width: 300px) 100vw, 300px\" \/><\/p>\n<\/div>\n<\/div>\n<\/div>\n<\/div>\n<\/div>\n<\/div>\n<\/div>\n<div class=\"vc_row wpb_row vc_row-fluid\">\n<div class=\"wpb_column vc_column_container vc_col-sm-12\">\n<div class=\"vc_column-inner\">\n<div class=\"wpb_wrapper\">\n<div class=\"wpb_text_column wpb_content_element\">\n<div class=\"wpb_wrapper\">\n<p><strong>Especificaciones<\/strong><\/p>\n<ul>\n<li><strong>Montura<\/strong>: Sony E | Nikon Z | Fuji XF<\/li>\n<li><strong>Distancia Focal<\/strong>: 35mm (equivalente a 52mm en full-frame)<\/li>\n<li><strong>Apertura M\u00e1xima\/M\u00ednima<\/strong>: f\/1.7 \u2013 f\/16<\/li>\n<li><strong>Dise\u00f1o \u00d3ptico<\/strong>: 11 elementos en 9 grupos<\/li>\n<li><strong>Hojas de Diafragma<\/strong>: 9<\/li>\n<li><strong>Distancia M\u00ednima de Enfoque<\/strong>: 33cm<\/li>\n<li><strong>Motor de Enfoque<\/strong>: STM con tornillo de avance<\/li>\n<li><strong>Tama\u00f1o de Filtro<\/strong>: 52mm<\/li>\n<li><strong>Peso<\/strong>: \u2248170g<\/li>\n<li><strong>Dimensiones<\/strong>: \u0424 64\u00d754,3 mm (Sony E) | \u0424 64\u00d754,7 mm (Fuji X) | \u0424 64\u00d756,4 mm (Nikon Z)<\/li>\n<li><strong>Conexi\u00f3n<\/strong>: USB-C para actualizaciones<\/li>\n<\/ul>\n<\/div>\n<\/div>\n<\/div>\n<\/div>\n<\/div>\n<\/div>\n","protected":false},"excerpt":{"rendered":"<ul>\n<li>Objetivo compacto y ligero de 35mm con montura E\/Z\/XF y apertura f\/1.7.<\/li>\n<li>Enfoque autom\u00e1tico silencioso con motor STM para fotos y videos precisos.<\/li>\n<li>\u00d3ptica de alta calidad con revestimiento HD Nano para im\u00e1genes claras.<\/li>\n<li>Ideal para retratos, paisajes, fotograf\u00eda callejera y m\u00e1s.<\/li>\n<li>Dise\u00f1o resistente con montura met\u00e1lica e interfaz USB-C para actualizaciones.<\/li>\n<\/ul>\n","protected":false},"featured_media":16327,"comment_status":"closed","ping_status":"closed","template":"","meta":{"_acf_changed":false},"product_brand":[2544],"product_cat":[1062],"product_tag":[],"class_list":{"0":"post-20916","1":"product","2":"type-product","3":"status-publish","4":"has-post-thumbnail","6":"product_brand-viltrox-es","7":"product_cat-mirrorless-objectivos","8":"pa_abertura-maxima-f-1-7-es","9":"pa_cor-negro","10":"pa_cor-plata","11":"pa_diametro-52mm-es","12":"pa_estabilizacao-de-imagem-no","13":"pa_montagem-da-objetiva-fujifilm-x-es","14":"pa_montagem-da-objetiva-nikon-z-es","15":"pa_montagem-da-objetiva-sony-e-es","16":"pa_sensor-aps-c-es","17":"pa_tipo-de-foco-enfoque-automatico","18":"pa_tipo-de-objetiva-estandar","19":"pa_zoom-fixa-fijo","21":"first","22":"instock","23":"sale","24":"taxable","25":"shipping-taxable","26":"purchasable","27":"product-type-variable"},"bundled_by":[],"bundle_stock_status":"instock","bundle_stock_quantity":null,"bundle_virtual":false,"bundle_layout":"","bundle_add_to_cart_form_location":"","bundle_editable_in_cart":false,"bundle_sold_individually_context":"","bundle_item_grouping":"","bundle_min_size":"","bundle_max_size":"","bundle_price":[],"bundled_items":[],"bundle_sell_ids":[],"acf":[],"_links":{"self":[{"href":"https:\/\/hi-techwonder.com\/es\/wp-json\/wp\/v2\/product\/20916","targetHints":{"allow":["GET"]}}],"collection":[{"href":"https:\/\/hi-techwonder.com\/es\/wp-json\/wp\/v2\/product"}],"about":[{"href":"https:\/\/hi-techwonder.com\/es\/wp-json\/wp\/v2\/types\/product"}],"replies":[{"embeddable":true,"href":"https:\/\/hi-techwonder.com\/es\/wp-json\/wp\/v2\/comments?post=20916"}],"wp:featuredmedia":[{"embeddable":true,"href":"https:\/\/hi-techwonder.com\/es\/wp-json\/wp\/v2\/media\/16327"}],"wp:attachment":[{"href":"https:\/\/hi-techwonder.com\/es\/wp-json\/wp\/v2\/media?parent=20916"}],"wp:term":[{"taxonomy":"product_brand","embeddable":true,"href":"https:\/\/hi-techwonder.com\/es\/wp-json\/wp\/v2\/product_brand?post=20916"},{"taxonomy":"product_cat","embeddable":true,"href":"https:\/\/hi-techwonder.com\/es\/wp-json\/wp\/v2\/product_cat?post=20916"},{"taxonomy":"product_tag","embeddable":true,"href":"https:\/\/hi-techwonder.com\/es\/wp-json\/wp\/v2\/product_tag?post=20916"}],"curies":[{"name":"wp","href":"https:\/\/api.w.org\/{rel}","templated":true}]}}