{"id":20954,"date":"2025-07-24T11:26:15","date_gmt":"2025-07-24T11:26:15","guid":{"rendered":"https:\/\/fv6qoy3ls0.wpdns.site\/produto\/viltrox-adaptador-e-z\/"},"modified":"2026-04-14T14:44:41","modified_gmt":"2026-04-14T13:44:41","slug":"viltrox-adaptador-e-z","status":"publish","type":"product","link":"https:\/\/hi-techwonder.com\/es\/producto\/viltrox-adaptador-e-z\/","title":{"rendered":"Viltrox Adaptador E-Z"},"content":{"rendered":"<div class=\"vc_row wpb_row vc_row-fluid\">\n<div class=\"wpb_column vc_column_container vc_col-sm-12\">\n<div class=\"vc_column-inner\">\n<div class=\"wpb_wrapper\">\n<div class=\"wpb_text_column wpb_content_element\">\n<div class=\"wpb_wrapper\">\n<h3><strong>Viltrox Adaptador E-Z<\/strong><\/h3>\n<\/div>\n<\/div>\n<\/div>\n<\/div>\n<\/div>\n<\/div>\n<div class=\"vc_row wpb_row vc_row-fluid\">\n<div class=\"wpb_column vc_column_container vc_col-sm-12\">\n<div class=\"vc_column-inner\">\n<div class=\"wpb_wrapper\">\n<div class=\"wpb_text_column wpb_content_element\">\n<div class=\"wpb_wrapper\">\n<p data-start=\"130\" data-end=\"560\"><strong data-start=\"130\" data-end=\"215\">Expande tus posibilidades fotogr\u00e1ficas con el adaptador de montura Viltrox E-Z AF<\/strong>, un adaptador avanzado que permite montar objetivos Sony E en c\u00e1maras Nikon Z sin comprometer el rendimiento. Dise\u00f1ado para mantener la funcionalidad electr\u00f3nica completa, este adaptador es compatible con <strong data-start=\"421\" data-end=\"510\">autofoco r\u00e1pido y preciso, estabilizaci\u00f3n de imagen y control electr\u00f3nico de apertura<\/strong>, garantizando una experiencia fluida e intuitiva.<\/p>\n<p data-start=\"562\" data-end=\"953\">Con una construcci\u00f3n ultrafina de <strong data-start=\"596\" data-end=\"609\">solo 4\u202fmm<\/strong>, fabricado en cobre de alta precisi\u00f3n, el <strong data-start=\"652\" data-end=\"667\">Viltrox E-Z<\/strong> ofrece un montaje firme y sin holguras, asegurando una transmisi\u00f3n de luz \u00f3ptima y evitando vi\u00f1eteos. Adem\u00e1s, <strong data-start=\"778\" data-end=\"800\">soporta datos EXIF<\/strong>, lo que permite que los ajustes del objetivo se registren directamente en la c\u00e1mara, facilitando un flujo de trabajo m\u00e1s eficiente en la postproducci\u00f3n.<\/p>\n<p data-start=\"955\" data-end=\"1249\">Tanto para fotograf\u00eda como para v\u00eddeo, este adaptador <strong data-start=\"1009\" data-end=\"1059\">integra funciones personalizables del objetivo<\/strong> (cuando est\u00e9n disponibles), es compatible con diversos modos de enfoque y permite <strong data-start=\"1142\" data-end=\"1173\">actualizaciones de firmware<\/strong>, asegurando que tu equipo est\u00e9 siempre al d\u00eda con las \u00faltimas innovaciones.<\/p>\n<\/div>\n<\/div>\n<\/div>\n<\/div>\n<\/div>\n<\/div>\n<div class=\"vc_row wpb_row vc_row-fluid\">\n<div class=\"wpb_column vc_column_container vc_col-sm-12\">\n<div class=\"vc_column-inner\">\n<div class=\"wpb_wrapper\">\n<div class=\"wpb_gallery wpb_content_element vc_clearfix wpb_content_element\">\n<div class=\"wpb_wrapper\">\n<div class=\"wpb_gallery_slides wpb_image_grid\" data-interval=\"3\">\n<p><a class=\"\" href=\"https:\/\/viltrox.es\/wp-content\/uploads\/2025\/01\/DSC00094-%E6%8B%B7%E8%B4%9D.jpg\" data-lightbox=\"lightbox[rel-32341-736731111]\" target=\"_blank\" rel=\"noopener\"><picture class=\"attachment-medium\" title=\"DSC00094 \u62f7\u8d1d\"><source srcset=\"https:\/\/viltrox.es\/wp-content\/uploads\/2025\/01\/DSC00094-\u62f7\u8d1d-300x200.jpg.avif 300w, https:\/\/viltrox.es\/wp-content\/uploads\/2025\/01\/DSC00094-\u62f7\u8d1d-768x511.jpg.avif 768w, https:\/\/viltrox.es\/wp-content\/uploads\/2025\/01\/DSC00094-\u62f7\u8d1d-270x180.jpg.avif 270w, https:\/\/viltrox.es\/wp-content\/uploads\/2025\/01\/DSC00094-\u62f7\u8d1d-600x400.jpg.avif 600w, https:\/\/viltrox.es\/wp-content\/uploads\/2025\/01\/DSC00094-\u62f7\u8d1d.jpg.avif 1000w\" type=\"image\/avif\" sizes=\"auto, (max-width: 300px) 100vw, 300px\" \/><img loading=\"lazy\" decoding=\"async\" src=\"https:\/\/viltrox.es\/wp-content\/uploads\/2025\/01\/DSC00094-%E6%8B%B7%E8%B4%9D-300x200.jpg\" sizes=\"auto, (max-width: 300px) 100vw, 300px\" srcset=\"https:\/\/viltrox.es\/wp-content\/uploads\/2025\/01\/DSC00094-\u62f7\u8d1d-300x200.jpg 300w, https:\/\/viltrox.es\/wp-content\/uploads\/2025\/01\/DSC00094-\u62f7\u8d1d-768x511.jpg 768w, https:\/\/viltrox.es\/wp-content\/uploads\/2025\/01\/DSC00094-\u62f7\u8d1d-270x180.jpg 270w, https:\/\/viltrox.es\/wp-content\/uploads\/2025\/01\/DSC00094-\u62f7\u8d1d-600x400.jpg 600w, https:\/\/viltrox.es\/wp-content\/uploads\/2025\/01\/DSC00094-\u62f7\u8d1d.jpg 1000w\" alt=\"\" width=\"300\" height=\"200\"><\/picture><\/a><a class=\"\" href=\"https:\/\/viltrox.es\/wp-content\/uploads\/2025\/01\/DSC00245-1024x683.jpeg\" data-lightbox=\"lightbox[rel-32341-736731111]\" target=\"_blank\" rel=\"noopener\"><picture class=\"attachment-medium\" title=\"DSC00245\"><source srcset=\"https:\/\/viltrox.es\/wp-content\/uploads\/2025\/01\/DSC00245-300x200.jpeg.avif 300w, https:\/\/viltrox.es\/wp-content\/uploads\/2025\/01\/DSC00245-1024x683.jpeg.avif 1024w, https:\/\/viltrox.es\/wp-content\/uploads\/2025\/01\/DSC00245-768x512.jpeg.avif 768w, https:\/\/viltrox.es\/wp-content\/uploads\/2025\/01\/DSC00245-1536x1024.jpeg.avif 1536w, https:\/\/viltrox.es\/wp-content\/uploads\/2025\/01\/DSC00245-scaled.jpeg.avif 2048w, https:\/\/viltrox.es\/wp-content\/uploads\/2025\/01\/DSC00245-270x180.jpeg.avif 270w, https:\/\/viltrox.es\/wp-content\/uploads\/2025\/01\/DSC00245-600x400.jpeg.avif 600w\" type=\"image\/avif\" sizes=\"auto, (max-width: 300px) 100vw, 300px\" \/><img loading=\"lazy\" decoding=\"async\" src=\"https:\/\/viltrox.es\/wp-content\/uploads\/2025\/01\/DSC00245-300x200.jpeg\" sizes=\"auto, (max-width: 300px) 100vw, 300px\" srcset=\"https:\/\/viltrox.es\/wp-content\/uploads\/2025\/01\/DSC00245-300x200.jpeg 300w, https:\/\/viltrox.es\/wp-content\/uploads\/2025\/01\/DSC00245-1024x683.jpeg 1024w, https:\/\/viltrox.es\/wp-content\/uploads\/2025\/01\/DSC00245-768x512.jpeg 768w, https:\/\/viltrox.es\/wp-content\/uploads\/2025\/01\/DSC00245-1536x1024.jpeg 1536w, https:\/\/viltrox.es\/wp-content\/uploads\/2025\/01\/DSC00245-scaled.jpeg 2048w, https:\/\/viltrox.es\/wp-content\/uploads\/2025\/01\/DSC00245-270x180.jpeg 270w, https:\/\/viltrox.es\/wp-content\/uploads\/2025\/01\/DSC00245-600x400.jpeg 600w\" alt=\"\" width=\"300\" height=\"200\"><\/picture><\/a><a class=\"\" href=\"https:\/\/viltrox.es\/wp-content\/uploads\/2025\/01\/DSC00255-1024x683.jpeg\" data-lightbox=\"lightbox[rel-32341-736731111]\" target=\"_blank\" rel=\"noopener\"><picture class=\"attachment-medium\" title=\"DSC00255\"><source srcset=\"https:\/\/viltrox.es\/wp-content\/uploads\/2025\/01\/DSC00255-300x200.jpeg.avif 300w, https:\/\/viltrox.es\/wp-content\/uploads\/2025\/01\/DSC00255-1024x683.jpeg.avif 1024w, https:\/\/viltrox.es\/wp-content\/uploads\/2025\/01\/DSC00255-768x512.jpeg.avif 768w, https:\/\/viltrox.es\/wp-content\/uploads\/2025\/01\/DSC00255-1536x1024.jpeg.avif 1536w, https:\/\/viltrox.es\/wp-content\/uploads\/2025\/01\/DSC00255-scaled.jpeg.avif 2048w, https:\/\/viltrox.es\/wp-content\/uploads\/2025\/01\/DSC00255-270x180.jpeg.avif 270w, https:\/\/viltrox.es\/wp-content\/uploads\/2025\/01\/DSC00255-600x400.jpeg.avif 600w\" type=\"image\/avif\" sizes=\"auto, (max-width: 300px) 100vw, 300px\" \/><img loading=\"lazy\" decoding=\"async\" src=\"https:\/\/viltrox.es\/wp-content\/uploads\/2025\/01\/DSC00255-300x200.jpeg\" sizes=\"auto, (max-width: 300px) 100vw, 300px\" srcset=\"https:\/\/viltrox.es\/wp-content\/uploads\/2025\/01\/DSC00255-300x200.jpeg 300w, https:\/\/viltrox.es\/wp-content\/uploads\/2025\/01\/DSC00255-1024x683.jpeg 1024w, https:\/\/viltrox.es\/wp-content\/uploads\/2025\/01\/DSC00255-768x512.jpeg 768w, https:\/\/viltrox.es\/wp-content\/uploads\/2025\/01\/DSC00255-1536x1024.jpeg 1536w, https:\/\/viltrox.es\/wp-content\/uploads\/2025\/01\/DSC00255-scaled.jpeg 2048w, https:\/\/viltrox.es\/wp-content\/uploads\/2025\/01\/DSC00255-270x180.jpeg 270w, https:\/\/viltrox.es\/wp-content\/uploads\/2025\/01\/DSC00255-600x400.jpeg 600w\" alt=\"\" width=\"300\" height=\"200\"><\/picture><\/a><\/p>\n<\/div>\n<\/div>\n<\/div>\n<\/div>\n<\/div>\n<\/div>\n<\/div>\n<div class=\"vc_row wpb_row vc_row-fluid\">\n<div class=\"wpb_column vc_column_container vc_col-sm-12\">\n<div class=\"vc_column-inner\">\n<div class=\"wpb_wrapper\">\n<div class=\"wpb_text_column wpb_content_element\">\n<div class=\"wpb_wrapper\">\n<h4 data-start=\"129\" data-end=\"164\"><strong data-start=\"133\" data-end=\"164\">Caracter\u00edsticas principales<\/strong><\/h4>\n<ul>\n<li data-start=\"168\" data-end=\"234\"><strong data-start=\"168\" data-end=\"192\">Compatibilidad total<\/strong> con objetivos Sony E y c\u00e1maras Nikon Z.<\/li>\n<li data-start=\"237\" data-end=\"329\"><strong data-start=\"237\" data-end=\"276\">Enfoque autom\u00e1tico r\u00e1pido y preciso<\/strong>, compatible con los modos AF-S, AF-A, AF-C y AF-F.<\/li>\n<li data-start=\"332\" data-end=\"425\"><strong data-start=\"332\" data-end=\"360\">Estabilizaci\u00f3n de imagen<\/strong> soportada tanto en el objetivo como en el cuerpo de la c\u00e1mara.<\/li>\n<li data-start=\"428\" data-end=\"523\"><strong data-start=\"428\" data-end=\"451\">Control de apertura<\/strong> desde la c\u00e1mara o mediante el anillo de apertura manual del objetivo.<\/li>\n<li data-start=\"526\" data-end=\"616\"><strong data-start=\"526\" data-end=\"555\">Transmisi\u00f3n de datos EXIF<\/strong>, para facilitar la organizaci\u00f3n y edici\u00f3n de las im\u00e1genes.<\/li>\n<li data-start=\"619\" data-end=\"689\"><strong data-start=\"619\" data-end=\"652\">Construcci\u00f3n robusta y ligera<\/strong> en cobre, con solo 4\u202fmm de grosor.<\/li>\n<li data-start=\"692\" data-end=\"769\"><strong data-start=\"692\" data-end=\"715\">Dise\u00f1o anti-vi\u00f1eteo<\/strong>, para asegurar una cobertura completa de la imagen.<\/li>\n<li data-start=\"772\" data-end=\"855\"><strong data-start=\"772\" data-end=\"797\">Firmware actualizable<\/strong> a trav\u00e9s de puerto dedicado, para futuras optimizaciones.<\/li>\n<\/ul>\n<h4><strong data-start=\"866\" data-end=\"886\">Especificaciones<\/strong><\/h4>\n<ul>\n<li><strong data-start=\"890\" data-end=\"922\">Compatibilidad de objetivos:<\/strong> Montura Sony E<\/li>\n<li><strong data-start=\"942\" data-end=\"972\">Compatibilidad de c\u00e1maras:<\/strong> Montura Nikon Z<\/li>\n<li><strong data-start=\"993\" data-end=\"1026\">Modos de enfoque compatibles:<\/strong> AF-S, AF-A, AF-C, AF-F, MF<\/li>\n<li><strong data-start=\"1058\" data-end=\"1077\">Estabilizaci\u00f3n:<\/strong> Compatible con estabilizaci\u00f3n \u00f3ptica en el objetivo o IBIS en la c\u00e1mara<\/li>\n<li><strong data-start=\"1154\" data-end=\"1184\">Transmisi\u00f3n de datos EXIF:<\/strong> S\u00ed<\/li>\n<li><strong data-start=\"1192\" data-end=\"1222\">Actualizaci\u00f3n de firmware:<\/strong> S\u00ed, mediante cable dedicado<\/li>\n<li><strong data-start=\"1255\" data-end=\"1268\">Material:<\/strong> Cobre resistente a la corrosi\u00f3n<\/li>\n<li><strong data-start=\"1305\" data-end=\"1321\">Dimensiones:<\/strong> 68,9\u202fmm \u00d7 68\u202fmm \u00d7 12,1\u202fmm<\/li>\n<li><strong data-start=\"1352\" data-end=\"1361\">Peso:<\/strong> 52,3\u202fg (sin tapas)<\/li>\n<li><strong data-start=\"1385\" data-end=\"1397\">Incluye:<\/strong> Tapa frontal, tapa trasera<\/li>\n<\/ul>\n<\/div>\n<\/div>\n<\/div>\n<\/div>\n<\/div>\n<\/div>\n","protected":false},"excerpt":{"rendered":"<ul>\n<li>Permite utilizar objetivos Sony E en c\u00e1maras mirrorless Nikon Z (E-Z) con total compatibilidad.<\/li>\n<li>Soporte para\u00a0<strong>autofoco r\u00e1pido y preciso<\/strong>\u00a0y estabilizaci\u00f3n de imagen.<\/li>\n<li>Transmisi\u00f3n de\u00a0<strong>datos EXIF<\/strong>\u00a0para registrar par\u00e1metros de captura.<\/li>\n<li>Control de\u00a0<strong>apertura desde la c\u00e1mara o directamente en el objetivo<\/strong>.<\/li>\n<li><strong>Firmware actualizable<\/strong>\u00a0para futuras mejoras.<\/li>\n<\/ul>\n","protected":false},"featured_media":16365,"comment_status":"closed","ping_status":"closed","template":"","meta":{"_acf_changed":false},"product_brand":[2544],"product_cat":[1041],"product_tag":[],"class_list":{"0":"post-20954","1":"product","2":"type-product","3":"status-publish","4":"has-post-thumbnail","6":"product_brand-viltrox-es","7":"product_cat-adaptadores-es","8":"pa_montagem-nikon-z-es","9":"pa_montagem-da-objetiva-sony-e-es","10":"pa_tipo-de-foco-enfoque-automatico","12":"first","13":"instock","14":"taxable","15":"shipping-taxable","16":"purchasable","17":"product-type-simple"},"bundled_by":[],"bundle_stock_status":"instock","bundle_stock_quantity":2,"bundle_virtual":false,"bundle_layout":"","bundle_add_to_cart_form_location":"","bundle_editable_in_cart":false,"bundle_sold_individually_context":"","bundle_item_grouping":"","bundle_min_size":"","bundle_max_size":"","bundle_price":[],"bundled_items":[],"bundle_sell_ids":[],"acf":[],"_links":{"self":[{"href":"https:\/\/hi-techwonder.com\/es\/wp-json\/wp\/v2\/product\/20954","targetHints":{"allow":["GET"]}}],"collection":[{"href":"https:\/\/hi-techwonder.com\/es\/wp-json\/wp\/v2\/product"}],"about":[{"href":"https:\/\/hi-techwonder.com\/es\/wp-json\/wp\/v2\/types\/product"}],"replies":[{"embeddable":true,"href":"https:\/\/hi-techwonder.com\/es\/wp-json\/wp\/v2\/comments?post=20954"}],"wp:featuredmedia":[{"embeddable":true,"href":"https:\/\/hi-techwonder.com\/es\/wp-json\/wp\/v2\/media\/16365"}],"wp:attachment":[{"href":"https:\/\/hi-techwonder.com\/es\/wp-json\/wp\/v2\/media?parent=20954"}],"wp:term":[{"taxonomy":"product_brand","embeddable":true,"href":"https:\/\/hi-techwonder.com\/es\/wp-json\/wp\/v2\/product_brand?post=20954"},{"taxonomy":"product_cat","embeddable":true,"href":"https:\/\/hi-techwonder.com\/es\/wp-json\/wp\/v2\/product_cat?post=20954"},{"taxonomy":"product_tag","embeddable":true,"href":"https:\/\/hi-techwonder.com\/es\/wp-json\/wp\/v2\/product_tag?post=20954"}],"curies":[{"name":"wp","href":"https:\/\/api.w.org\/{rel}","templated":true}]}}