{"id":20979,"date":"2025-07-24T11:26:59","date_gmt":"2025-07-24T11:26:59","guid":{"rendered":"https:\/\/fv6qoy3ls0.wpdns.site\/produto\/viltrox-adaptador-pl-rf-montura-pl-canon-rf\/"},"modified":"2025-11-19T10:32:50","modified_gmt":"2025-11-19T10:32:50","slug":"viltrox-adaptador-pl-rf-montura-pl-canon-rf","status":"publish","type":"product","link":"https:\/\/hi-techwonder.com\/es\/producto\/viltrox-adaptador-pl-rf-montura-pl-canon-rf\/","title":{"rendered":"Viltrox Adaptador PL-RF Montura PL &#8211; Canon RF"},"content":{"rendered":"<div class=\"vc_row wpb_row vc_row-fluid\">\n<div class=\"wpb_column vc_column_container vc_col-sm-12\">\n<div class=\"vc_column-inner\">\n<div class=\"wpb_wrapper\">\n<div class=\"wpb_text_column wpb_content_element\">\n<div class=\"wpb_wrapper\">\n<h3><strong>Viltrox Adaptador PL-RF Montura PL \u2013 Canon RF<\/strong><\/h3>\n<\/div>\n<\/div>\n<\/div>\n<\/div>\n<\/div>\n<\/div>\n<div class=\"vc_row wpb_row vc_row-fluid\">\n<div class=\"wpb_column vc_column_container vc_col-sm-12\">\n<div class=\"vc_column-inner\">\n<div class=\"wpb_wrapper\">\n<div class=\"wpb_text_column wpb_content_element\">\n<div class=\"wpb_wrapper\">\n<p data-start=\"3661\" data-end=\"4091\">Descubre nuevas posibilidades creativas con el\u00a0<strong data-start=\"3727\" data-end=\"3766\">Adaptador de Objetivo Viltrox PL-RF<\/strong>, dise\u00f1ado para montar objetivos de cine con montura PL en c\u00e1maras Canon RF como las series EOS R, R5, R6, R7, R8 y R10. Este adaptador te permite aprovechar las cualidades \u00f3pticas de las lentes PL, ampliamente utilizadas en la industria cinematogr\u00e1fica, llevando la calidad visual de tus producciones a un nivel profesional.<\/p>\n<p data-start=\"4093\" data-end=\"4364\">Su\u00a0<strong data-start=\"4096\" data-end=\"4121\">construcci\u00f3n met\u00e1lica<\/strong>\u00a0garantiza un montaje seguro y estable, evitando movimientos no deseados durante la grabaci\u00f3n. El interior cuenta con un\u00a0<strong data-start=\"4242\" data-end=\"4265\">dise\u00f1o antirreflejo<\/strong>\u00a0que minimiza flares e interferencias lum\u00ednicas, asegurando im\u00e1genes limpias y con mayor contraste.<\/p>\n<p data-start=\"4366\" data-end=\"4718\">El adaptador no dispone de conexiones electr\u00f3nicas, por lo que tanto el enfoque como el control de apertura deben realizarse manualmente, dependiendo de las especificaciones de la lente utilizada. Esta soluci\u00f3n es ideal para cineastas y fot\u00f3grafos que desean combinar la versatilidad de las c\u00e1maras RF con la calidad superior de las \u00f3pticas de cine PL.<\/p>\n<\/div>\n<\/div>\n<\/div>\n<\/div>\n<\/div>\n<\/div>\n<div class=\"vc_row wpb_row vc_row-fluid\">\n<div class=\"wpb_column vc_column_container vc_col-sm-12\">\n<div class=\"vc_column-inner\">\n<div class=\"wpb_wrapper\">\n<div class=\"wpb_gallery wpb_content_element vc_clearfix wpb_content_element\">\n<div class=\"wpb_wrapper\">\n<div class=\"wpb_gallery_slides wpb_image_grid\" data-interval=\"3\">\n<p><a class=\"\" href=\"https:\/\/viltrox.es\/wp-content\/uploads\/2025\/02\/DSC7071-683x1024.jpeg\" data-lightbox=\"lightbox[rel-32432-1042152588]\" target=\"_blank\" rel=\"noopener\"><picture class=\"attachment-medium\" title=\"_DSC7071\"><source srcset=\"https:\/\/viltrox.es\/wp-content\/uploads\/2025\/02\/DSC7071-200x300.jpeg.avif 200w, https:\/\/viltrox.es\/wp-content\/uploads\/2025\/02\/DSC7071-683x1024.jpeg.avif 683w, https:\/\/viltrox.es\/wp-content\/uploads\/2025\/02\/DSC7071-768x1152.jpeg.avif 768w, https:\/\/viltrox.es\/wp-content\/uploads\/2025\/02\/DSC7071-1024x1536.jpeg.avif 1024w, https:\/\/viltrox.es\/wp-content\/uploads\/2025\/02\/DSC7071-scaled.jpeg.avif 1365w, https:\/\/viltrox.es\/wp-content\/uploads\/2025\/02\/DSC7071-600x900.jpeg.avif 600w\" type=\"image\/avif\" sizes=\"auto, (max-width: 200px) 100vw, 200px\" \/><img loading=\"lazy\" decoding=\"async\" src=\"https:\/\/viltrox.es\/wp-content\/uploads\/2025\/02\/DSC7071-200x300.jpeg\" sizes=\"auto, (max-width: 200px) 100vw, 200px\" srcset=\"https:\/\/viltrox.es\/wp-content\/uploads\/2025\/02\/DSC7071-200x300.jpeg 200w, https:\/\/viltrox.es\/wp-content\/uploads\/2025\/02\/DSC7071-683x1024.jpeg 683w, https:\/\/viltrox.es\/wp-content\/uploads\/2025\/02\/DSC7071-768x1152.jpeg 768w, https:\/\/viltrox.es\/wp-content\/uploads\/2025\/02\/DSC7071-1024x1536.jpeg 1024w, https:\/\/viltrox.es\/wp-content\/uploads\/2025\/02\/DSC7071-scaled.jpeg 1365w, https:\/\/viltrox.es\/wp-content\/uploads\/2025\/02\/DSC7071-600x900.jpeg 600w\" alt=\"\" width=\"200\" height=\"300\"><\/picture><\/a><a class=\"\" href=\"https:\/\/viltrox.es\/wp-content\/uploads\/2025\/02\/DSC7073-683x1024.jpeg\" data-lightbox=\"lightbox[rel-32432-1042152588]\" target=\"_blank\" rel=\"noopener\"><picture class=\"attachment-medium\" title=\"_DSC7073\"><source srcset=\"https:\/\/viltrox.es\/wp-content\/uploads\/2025\/02\/DSC7073-200x300.jpeg.avif 200w, https:\/\/viltrox.es\/wp-content\/uploads\/2025\/02\/DSC7073-683x1024.jpeg.avif 683w, https:\/\/viltrox.es\/wp-content\/uploads\/2025\/02\/DSC7073-768x1152.jpeg.avif 768w, https:\/\/viltrox.es\/wp-content\/uploads\/2025\/02\/DSC7073-1024x1536.jpeg.avif 1024w, https:\/\/viltrox.es\/wp-content\/uploads\/2025\/02\/DSC7073-scaled.jpeg.avif 1365w, https:\/\/viltrox.es\/wp-content\/uploads\/2025\/02\/DSC7073-600x900.jpeg.avif 600w\" type=\"image\/avif\" sizes=\"auto, (max-width: 200px) 100vw, 200px\" \/><img loading=\"lazy\" decoding=\"async\" src=\"https:\/\/viltrox.es\/wp-content\/uploads\/2025\/02\/DSC7073-200x300.jpeg\" sizes=\"auto, (max-width: 200px) 100vw, 200px\" srcset=\"https:\/\/viltrox.es\/wp-content\/uploads\/2025\/02\/DSC7073-200x300.jpeg 200w, https:\/\/viltrox.es\/wp-content\/uploads\/2025\/02\/DSC7073-683x1024.jpeg 683w, https:\/\/viltrox.es\/wp-content\/uploads\/2025\/02\/DSC7073-768x1152.jpeg 768w, https:\/\/viltrox.es\/wp-content\/uploads\/2025\/02\/DSC7073-1024x1536.jpeg 1024w, https:\/\/viltrox.es\/wp-content\/uploads\/2025\/02\/DSC7073-scaled.jpeg 1365w, https:\/\/viltrox.es\/wp-content\/uploads\/2025\/02\/DSC7073-600x900.jpeg 600w\" alt=\"\" width=\"200\" height=\"300\"><\/picture><\/a><a class=\"\" href=\"https:\/\/viltrox.es\/wp-content\/uploads\/2025\/02\/DSC7080-683x1024.jpeg\" data-lightbox=\"lightbox[rel-32432-1042152588]\" target=\"_blank\" rel=\"noopener\"><picture class=\"attachment-medium\" title=\"_DSC7080\"><source srcset=\"https:\/\/viltrox.es\/wp-content\/uploads\/2025\/02\/DSC7080-200x300.jpeg.avif 200w, https:\/\/viltrox.es\/wp-content\/uploads\/2025\/02\/DSC7080-683x1024.jpeg.avif 683w, https:\/\/viltrox.es\/wp-content\/uploads\/2025\/02\/DSC7080-768x1152.jpeg.avif 768w, https:\/\/viltrox.es\/wp-content\/uploads\/2025\/02\/DSC7080-1024x1536.jpeg.avif 1024w, https:\/\/viltrox.es\/wp-content\/uploads\/2025\/02\/DSC7080-scaled.jpeg.avif 1365w, https:\/\/viltrox.es\/wp-content\/uploads\/2025\/02\/DSC7080-600x900.jpeg.avif 600w\" type=\"image\/avif\" sizes=\"auto, (max-width: 200px) 100vw, 200px\" \/><img loading=\"lazy\" decoding=\"async\" src=\"https:\/\/viltrox.es\/wp-content\/uploads\/2025\/02\/DSC7080-200x300.jpeg\" sizes=\"auto, (max-width: 200px) 100vw, 200px\" srcset=\"https:\/\/viltrox.es\/wp-content\/uploads\/2025\/02\/DSC7080-200x300.jpeg 200w, https:\/\/viltrox.es\/wp-content\/uploads\/2025\/02\/DSC7080-683x1024.jpeg 683w, https:\/\/viltrox.es\/wp-content\/uploads\/2025\/02\/DSC7080-768x1152.jpeg 768w, https:\/\/viltrox.es\/wp-content\/uploads\/2025\/02\/DSC7080-1024x1536.jpeg 1024w, https:\/\/viltrox.es\/wp-content\/uploads\/2025\/02\/DSC7080-scaled.jpeg 1365w, https:\/\/viltrox.es\/wp-content\/uploads\/2025\/02\/DSC7080-600x900.jpeg 600w\" alt=\"\" width=\"200\" height=\"300\"><\/picture><\/a><\/p>\n<\/div>\n<\/div>\n<\/div>\n<\/div>\n<\/div>\n<\/div>\n<\/div>\n<div class=\"vc_row wpb_row vc_row-fluid\">\n<div class=\"wpb_column vc_column_container vc_col-sm-12\">\n<div class=\"vc_column-inner\">\n<div class=\"wpb_wrapper\">\n<div class=\"wpb_text_column wpb_content_element\">\n<div class=\"wpb_wrapper\">\n<p data-start=\"4720\" data-end=\"4751\"><strong data-start=\"4720\" data-end=\"4751\">Caracter\u00edsticas Principales<\/strong><\/p>\n<ul data-start=\"4752\" data-end=\"5441\">\n<li data-start=\"4752\" data-end=\"4849\"><strong data-start=\"4754\" data-end=\"4782\">Compatibilidad Universal<\/strong>: Utiliza objetivos con montura PL en c\u00e1maras con montura Canon RF.<\/li>\n<li data-start=\"4850\" data-end=\"4955\"><strong data-start=\"4852\" data-end=\"4893\">Construcci\u00f3n Met\u00e1lica de Alta Calidad<\/strong>: Resistente y duradera, garantiza un montaje firme y estable.<\/li>\n<li data-start=\"4956\" data-end=\"5064\"><strong data-start=\"4958\" data-end=\"4987\">Control Manual Preservado<\/strong>: Enfoque y apertura manejados directamente en el objetivo (seg\u00fan el modelo).<\/li>\n<li data-start=\"5065\" data-end=\"5171\"><strong data-start=\"5067\" data-end=\"5098\">Dise\u00f1o Antirreflejo Interno<\/strong>: Reduce flares y reflejos no deseados para obtener im\u00e1genes m\u00e1s limpias.<\/li>\n<li data-start=\"5172\" data-end=\"5261\"><strong data-start=\"5174\" data-end=\"5191\">Ajuste Seguro<\/strong>: Evita holguras y vibraciones, esencial para tomas de v\u00eddeo estables.<\/li>\n<li data-start=\"5262\" data-end=\"5345\"><strong data-start=\"5264\" data-end=\"5289\">Compatibilidad Amplia<\/strong>: Compatible con Canon EOS R, R5, R6, R7, R8, R10 y m\u00e1s.<\/li>\n<li data-start=\"5346\" data-end=\"5441\"><strong data-start=\"5348\" data-end=\"5367\">Uso Recomendado<\/strong>: Perfecto para producciones cinematogr\u00e1ficas y grabaciones profesionales.<\/li>\n<\/ul>\n<\/div>\n<\/div>\n<\/div>\n<\/div>\n<\/div>\n<\/div>\n<div class=\"vc_row wpb_row vc_row-fluid\">\n<div class=\"wpb_column vc_column_container vc_col-sm-12\">\n<div class=\"vc_column-inner\">\n<div class=\"wpb_wrapper\">\n<div class=\"wpb_gallery wpb_content_element vc_clearfix wpb_content_element\">\n<div class=\"wpb_wrapper\">\n<div class=\"wpb_gallery_slides wpb_image_grid\" data-interval=\"3\">\n<p><a class=\"\" href=\"https:\/\/viltrox.es\/wp-content\/uploads\/2025\/02\/DSC7050.jpg\" data-lightbox=\"lightbox[rel-32432-3214545016]\" target=\"_blank\" rel=\"noopener\"><picture class=\"attachment-medium\" title=\"_DSC7050\"><source srcset=\"https:\/\/viltrox.es\/wp-content\/uploads\/2025\/02\/DSC7050-300x200.jpg.avif 300w, https:\/\/viltrox.es\/wp-content\/uploads\/2025\/02\/DSC7050-768x511.jpg.avif 768w, https:\/\/viltrox.es\/wp-content\/uploads\/2025\/02\/DSC7050-270x180.jpg.avif 270w, https:\/\/viltrox.es\/wp-content\/uploads\/2025\/02\/DSC7050-600x400.jpg.avif 600w, https:\/\/viltrox.es\/wp-content\/uploads\/2025\/02\/DSC7050.jpg.avif 1000w\" type=\"image\/avif\" sizes=\"auto, (max-width: 300px) 100vw, 300px\" \/><img loading=\"lazy\" decoding=\"async\" src=\"https:\/\/viltrox.es\/wp-content\/uploads\/2025\/02\/DSC7050-300x200.jpg\" sizes=\"auto, (max-width: 300px) 100vw, 300px\" srcset=\"https:\/\/viltrox.es\/wp-content\/uploads\/2025\/02\/DSC7050-300x200.jpg 300w, https:\/\/viltrox.es\/wp-content\/uploads\/2025\/02\/DSC7050-768x511.jpg 768w, https:\/\/viltrox.es\/wp-content\/uploads\/2025\/02\/DSC7050-270x180.jpg 270w, https:\/\/viltrox.es\/wp-content\/uploads\/2025\/02\/DSC7050-600x400.jpg 600w, https:\/\/viltrox.es\/wp-content\/uploads\/2025\/02\/DSC7050.jpg 1000w\" alt=\"\" width=\"300\" height=\"200\"><\/picture><\/a><a class=\"\" href=\"https:\/\/viltrox.es\/wp-content\/uploads\/2025\/02\/DSC7056.jpg\" data-lightbox=\"lightbox[rel-32432-3214545016]\" target=\"_blank\" rel=\"noopener\"><picture class=\"attachment-medium\" title=\"_DSC7056\"><source srcset=\"https:\/\/viltrox.es\/wp-content\/uploads\/2025\/02\/DSC7056-300x200.jpg.avif 300w, https:\/\/viltrox.es\/wp-content\/uploads\/2025\/02\/DSC7056-768x511.jpg.avif 768w, https:\/\/viltrox.es\/wp-content\/uploads\/2025\/02\/DSC7056-270x180.jpg.avif 270w, https:\/\/viltrox.es\/wp-content\/uploads\/2025\/02\/DSC7056-600x400.jpg.avif 600w, https:\/\/viltrox.es\/wp-content\/uploads\/2025\/02\/DSC7056.jpg.avif 1000w\" type=\"image\/avif\" sizes=\"auto, (max-width: 300px) 100vw, 300px\" \/><img loading=\"lazy\" decoding=\"async\" src=\"https:\/\/viltrox.es\/wp-content\/uploads\/2025\/02\/DSC7056-300x200.jpg\" sizes=\"auto, (max-width: 300px) 100vw, 300px\" srcset=\"https:\/\/viltrox.es\/wp-content\/uploads\/2025\/02\/DSC7056-300x200.jpg 300w, https:\/\/viltrox.es\/wp-content\/uploads\/2025\/02\/DSC7056-768x511.jpg 768w, https:\/\/viltrox.es\/wp-content\/uploads\/2025\/02\/DSC7056-270x180.jpg 270w, https:\/\/viltrox.es\/wp-content\/uploads\/2025\/02\/DSC7056-600x400.jpg 600w, https:\/\/viltrox.es\/wp-content\/uploads\/2025\/02\/DSC7056.jpg 1000w\" alt=\"\" width=\"300\" height=\"200\"><\/picture><\/a><a class=\"\" href=\"https:\/\/viltrox.es\/wp-content\/uploads\/2025\/02\/DSC7058.jpg\" data-lightbox=\"lightbox[rel-32432-3214545016]\" target=\"_blank\" rel=\"noopener\"><picture class=\"attachment-medium\" title=\"_DSC7058\"><source srcset=\"https:\/\/viltrox.es\/wp-content\/uploads\/2025\/02\/DSC7058-300x200.jpg.avif 300w, https:\/\/viltrox.es\/wp-content\/uploads\/2025\/02\/DSC7058-768x511.jpg.avif 768w, https:\/\/viltrox.es\/wp-content\/uploads\/2025\/02\/DSC7058-270x180.jpg.avif 270w, https:\/\/viltrox.es\/wp-content\/uploads\/2025\/02\/DSC7058-600x400.jpg.avif 600w, https:\/\/viltrox.es\/wp-content\/uploads\/2025\/02\/DSC7058.jpg.avif 1000w\" type=\"image\/avif\" sizes=\"auto, (max-width: 300px) 100vw, 300px\" \/><img loading=\"lazy\" decoding=\"async\" src=\"https:\/\/viltrox.es\/wp-content\/uploads\/2025\/02\/DSC7058-300x200.jpg\" sizes=\"auto, (max-width: 300px) 100vw, 300px\" srcset=\"https:\/\/viltrox.es\/wp-content\/uploads\/2025\/02\/DSC7058-300x200.jpg 300w, https:\/\/viltrox.es\/wp-content\/uploads\/2025\/02\/DSC7058-768x511.jpg 768w, https:\/\/viltrox.es\/wp-content\/uploads\/2025\/02\/DSC7058-270x180.jpg 270w, https:\/\/viltrox.es\/wp-content\/uploads\/2025\/02\/DSC7058-600x400.jpg 600w, https:\/\/viltrox.es\/wp-content\/uploads\/2025\/02\/DSC7058.jpg 1000w\" alt=\"\" width=\"300\" height=\"200\"><\/picture><\/a><\/p>\n<\/div>\n<\/div>\n<\/div>\n<\/div>\n<\/div>\n<\/div>\n<\/div>\n<div class=\"vc_row wpb_row vc_row-fluid\">\n<div class=\"wpb_column vc_column_container vc_col-sm-12\">\n<div class=\"vc_column-inner\">\n<div class=\"wpb_wrapper\">\n<div class=\"wpb_text_column wpb_content_element\">\n<div class=\"wpb_wrapper\">\n<p data-start=\"6018\" data-end=\"6043\"><strong data-start=\"6018\" data-end=\"6043\">Contenido del Paquete<\/strong><\/p>\n<ul data-start=\"6044\" data-end=\"6207\">\n<li data-start=\"6044\" data-end=\"6087\">1 \u00d7 Adaptador de Objetivo Viltrox PL-RF<\/li>\n<li data-start=\"6088\" data-end=\"6127\">1 \u00d7 Tapa de Protecci\u00f3n Frontal (PL)<\/li>\n<li data-start=\"6128\" data-end=\"6167\">1 \u00d7 Tapa de Protecci\u00f3n Trasera (RF)<\/li>\n<li data-start=\"6168\" data-end=\"6207\">1 \u00d7 Manual de Usuario \/ Gu\u00eda R\u00e1pida<\/li>\n<\/ul>\n<\/div>\n<\/div>\n<\/div>\n<\/div>\n<\/div>\n<\/div>\n<div class=\"vc_row wpb_row vc_row-fluid\">\n<div class=\"wpb_column vc_column_container vc_col-sm-12\">\n<div class=\"vc_column-inner\">\n<div class=\"wpb_wrapper\">\n<div class=\"wpb_text_column wpb_content_element\">\n<div class=\"wpb_wrapper\">\n<p data-start=\"5443\" data-end=\"5472\"><strong data-start=\"5443\" data-end=\"5472\">Especificaciones T\u00e9cnicas<\/strong><\/p>\n<ul data-start=\"5473\" data-end=\"6016\">\n<li data-start=\"5473\" data-end=\"5508\"><strong data-start=\"5475\" data-end=\"5491\">Marca\/Modelo<\/strong>: Viltrox PL-RF<\/li>\n<li data-start=\"5509\" data-end=\"5543\"><strong data-start=\"5511\" data-end=\"5531\">Montura de Lente<\/strong>: PL Mount<\/li>\n<li data-start=\"5544\" data-end=\"5579\"><strong data-start=\"5546\" data-end=\"5567\">Montura de C\u00e1mara<\/strong>: Canon RF<\/li>\n<li data-start=\"5580\" data-end=\"5663\"><strong data-start=\"5582\" data-end=\"5610\">Comunicaci\u00f3n Electr\u00f3nica<\/strong>: No dispone (control manual de enfoque y apertura)<\/li>\n<li data-start=\"5664\" data-end=\"5747\"><strong data-start=\"5666\" data-end=\"5694\">Material de Construcci\u00f3n<\/strong>: Aleaci\u00f3n met\u00e1lica (aluminio con anillos de lat\u00f3n)<\/li>\n<li data-start=\"5748\" data-end=\"5853\"><strong data-start=\"5750\" data-end=\"5779\">Compatibilidad de C\u00e1maras<\/strong>: Canon EOS R, R5, R6, R7, R8, R10 (verificar limitaciones seg\u00fan modelo)<\/li>\n<li data-start=\"5854\" data-end=\"5934\"><strong data-start=\"5856\" data-end=\"5875\">Uso Recomendado<\/strong>: Fotograf\u00eda y v\u00eddeo profesional con objetivos de cine PL<\/li>\n<li data-start=\"5935\" data-end=\"6016\"><strong data-start=\"5937\" data-end=\"5961\">Recomendaci\u00f3n de Uso<\/strong>: Se recomienda el uso de soporte para lentes pesadas<\/li>\n<\/ul>\n<\/div>\n<\/div>\n<\/div>\n<\/div>\n<\/div>\n<\/div>\n","protected":false},"excerpt":{"rendered":"<ul>\n<li data-start=\"3310\" data-end=\"3387\">Permite utilizar objetivos PL en c\u00e1maras Canon RF con total compatibilidad.<\/li>\n<li data-start=\"3388\" data-end=\"3454\">Construcci\u00f3n met\u00e1lica robusta para un ajuste estable y duradero.<\/li>\n<li data-start=\"3455\" data-end=\"3523\">Preserva el control manual de enfoque y apertura (seg\u00fan la lente).<\/li>\n<li data-start=\"3524\" data-end=\"3589\">Dise\u00f1o interno antirreflejo que mejora la calidad de la imagen.<\/li>\n<li data-start=\"3590\" data-end=\"3659\">Ideal para producciones cinematogr\u00e1ficas y videograf\u00eda profesional.<\/li>\n<\/ul>\n","protected":false},"featured_media":16391,"comment_status":"closed","ping_status":"closed","template":"","meta":{"_acf_changed":false},"product_brand":[2544],"product_cat":[1041],"product_tag":[],"class_list":{"0":"post-20979","1":"product","2":"type-product","3":"status-publish","4":"has-post-thumbnail","6":"product_brand-viltrox-es","7":"product_cat-adaptadores-es","8":"pa_montagem-canon-rf-es","9":"pa_montagem-da-objetiva-pl-mount-es","10":"pa_tipo-de-foco-enfoque-manual","12":"first","13":"instock","14":"taxable","15":"shipping-taxable","16":"purchasable","17":"product-type-simple"},"bundled_by":[],"bundle_stock_status":"instock","bundle_stock_quantity":3,"bundle_virtual":false,"bundle_layout":"","bundle_add_to_cart_form_location":"","bundle_editable_in_cart":false,"bundle_sold_individually_context":"","bundle_item_grouping":"","bundle_min_size":"","bundle_max_size":"","bundle_price":[],"bundled_items":[],"bundle_sell_ids":[],"acf":[],"_links":{"self":[{"href":"https:\/\/hi-techwonder.com\/es\/wp-json\/wp\/v2\/product\/20979","targetHints":{"allow":["GET"]}}],"collection":[{"href":"https:\/\/hi-techwonder.com\/es\/wp-json\/wp\/v2\/product"}],"about":[{"href":"https:\/\/hi-techwonder.com\/es\/wp-json\/wp\/v2\/types\/product"}],"replies":[{"embeddable":true,"href":"https:\/\/hi-techwonder.com\/es\/wp-json\/wp\/v2\/comments?post=20979"}],"wp:featuredmedia":[{"embeddable":true,"href":"https:\/\/hi-techwonder.com\/es\/wp-json\/wp\/v2\/media\/16391"}],"wp:attachment":[{"href":"https:\/\/hi-techwonder.com\/es\/wp-json\/wp\/v2\/media?parent=20979"}],"wp:term":[{"taxonomy":"product_brand","embeddable":true,"href":"https:\/\/hi-techwonder.com\/es\/wp-json\/wp\/v2\/product_brand?post=20979"},{"taxonomy":"product_cat","embeddable":true,"href":"https:\/\/hi-techwonder.com\/es\/wp-json\/wp\/v2\/product_cat?post=20979"},{"taxonomy":"product_tag","embeddable":true,"href":"https:\/\/hi-techwonder.com\/es\/wp-json\/wp\/v2\/product_tag?post=20979"}],"curies":[{"name":"wp","href":"https:\/\/api.w.org\/{rel}","templated":true}]}}