{"id":21006,"date":"2025-07-24T11:27:43","date_gmt":"2025-07-24T11:27:43","guid":{"rendered":"https:\/\/fv6qoy3ls0.wpdns.site\/produto\/viltrox-af-25mm-f-1-7-air-e-z-xf\/"},"modified":"2026-03-31T12:13:36","modified_gmt":"2026-03-31T11:13:36","slug":"viltrox-af-25mm-f-1-7-air-e-z-xf","status":"publish","type":"product","link":"https:\/\/hi-techwonder.com\/es\/producto\/viltrox-af-25mm-f-1-7-air-e-z-xf\/","title":{"rendered":"Viltrox AF 25mm f\/1.7 Air E | Z | XF"},"content":{"rendered":"<div class=\"vc_row wpb_row vc_row-fluid\">\n<div class=\"wpb_column vc_column_container vc_col-sm-12\">\n<div class=\"vc_column-inner\">\n<div class=\"wpb_wrapper\">\n<div class=\"wpb_text_column wpb_content_element\">\n<div class=\"wpb_wrapper\">\n<h3><strong>Viltrox AF 25mm f\/1.7 Air E | Z | XF<\/strong><\/h3>\n<\/div>\n<\/div>\n<\/div>\n<\/div>\n<\/div>\n<\/div>\n<div class=\"vc_row wpb_row vc_row-fluid\">\n<div class=\"wpb_column vc_column_container vc_col-sm-12\">\n<div class=\"vc_column-inner\">\n<div class=\"wpb_wrapper\">\n<div class=\"wpb_text_column wpb_content_element\">\n<div class=\"wpb_wrapper\">\n<p data-start=\"4502\" data-end=\"4872\">Descubre la libertad creativa con el\u00a0<strong data-start=\"4558\" data-end=\"4582\">Viltrox AF 25mm F1.7<\/strong>, un objetivo de nueva generaci\u00f3n de la serie ligera de Viltrox. Pensado para fot\u00f3grafos que buscan rendimiento excepcional en un cuerpo compacto y asequible, este objetivo es perfecto tanto para principiantes como para usuarios avanzados que desean un compa\u00f1ero vers\u00e1til para el d\u00eda a d\u00eda.<\/p>\n<p data-start=\"4874\" data-end=\"5235\">Con una\u00a0<strong data-start=\"4882\" data-end=\"4909\">distancia focal de 25mm<\/strong>\u00a0(equivalente a 38mm en formato completo), ofrece un campo de visi\u00f3n natural que lo hace ideal para fotograf\u00eda de calle, retratos ambientales, interiores y naturaleza muerta. Su\u00a0<strong data-start=\"5087\" data-end=\"5112\">gran apertura de F1.7<\/strong>\u00a0proporciona un hermoso bokeh y un excelente rendimiento en situaciones de poca luz, resaltando al sujeto con gran nitidez.<\/p>\n<p data-start=\"5237\" data-end=\"5543\">Gracias al motor STM, el enfoque autom\u00e1tico es\u00a0<strong data-start=\"5284\" data-end=\"5316\">r\u00e1pido, preciso y silencioso<\/strong>, facilitando tanto la captura de im\u00e1genes est\u00e1ticas como la grabaci\u00f3n de v\u00eddeo. El dise\u00f1o compacto y el peso de apenas\u00a0<strong>170g<\/strong>\u2013<strong data-start=\"5436\" data-end=\"5444\">180g<\/strong>\u00a0permiten llevarlo c\u00f3modamente a todas partes, estando siempre listo para capturar momentos \u00fanicos.<\/p>\n<p data-start=\"5545\" data-end=\"5885\">Su\u00a0<strong data-start=\"5548\" data-end=\"5578\">\u00f3ptica de alto rendimiento<\/strong>\u00a0cuenta con\u00a0<strong data-start=\"5590\" data-end=\"5619\">12 elementos en 10 grupos<\/strong>, incluyendo lentes ED, de alta refracci\u00f3n y asf\u00e9ricas, garantizando im\u00e1genes n\u00edtidas, colores vibrantes y m\u00ednima distorsi\u00f3n. El revestimiento nano multicapa reduce eficazmente reflejos y flares, manteniendo la calidad visual incluso en condiciones de luz dif\u00edciles.<\/p>\n<\/div>\n<\/div>\n<\/div>\n<\/div>\n<\/div>\n<\/div>\n<div class=\"vc_row wpb_row vc_row-fluid\">\n<div class=\"wpb_column vc_column_container vc_col-sm-12\">\n<div class=\"vc_column-inner\">\n<div class=\"wpb_wrapper\">\n<div class=\"wpb_gallery wpb_content_element vc_clearfix wpb_content_element\">\n<div class=\"wpb_wrapper\">\n<div class=\"wpb_gallery_slides wpb_image_grid\" data-interval=\"3\">\n<p><a class=\"\" href=\"https:\/\/viltrox.es\/wp-content\/uploads\/2025\/02\/DSC01338-1024x683.jpeg\" data-lightbox=\"lightbox[rel-32470-3881418135]\" target=\"_blank\" rel=\"noopener\"><picture class=\"attachment-medium\" title=\"DSC01338\"><source srcset=\"https:\/\/viltrox.es\/wp-content\/uploads\/2025\/02\/DSC01338-300x200.jpeg.avif 300w, https:\/\/viltrox.es\/wp-content\/uploads\/2025\/02\/DSC01338-1024x683.jpeg.avif 1024w, https:\/\/viltrox.es\/wp-content\/uploads\/2025\/02\/DSC01338-768x512.jpeg.avif 768w, https:\/\/viltrox.es\/wp-content\/uploads\/2025\/02\/DSC01338-1536x1024.jpeg.avif 1536w, https:\/\/viltrox.es\/wp-content\/uploads\/2025\/02\/DSC01338-scaled.jpeg.avif 2048w, https:\/\/viltrox.es\/wp-content\/uploads\/2025\/02\/DSC01338-270x180.jpeg.avif 270w, https:\/\/viltrox.es\/wp-content\/uploads\/2025\/02\/DSC01338-600x400.jpeg.avif 600w\" type=\"image\/avif\" sizes=\"auto, (max-width: 300px) 100vw, 300px\" \/><img loading=\"lazy\" decoding=\"async\" src=\"https:\/\/viltrox.es\/wp-content\/uploads\/2025\/02\/DSC01338-300x200.jpeg\" sizes=\"auto, (max-width: 300px) 100vw, 300px\" srcset=\"https:\/\/viltrox.es\/wp-content\/uploads\/2025\/02\/DSC01338-300x200.jpeg 300w, https:\/\/viltrox.es\/wp-content\/uploads\/2025\/02\/DSC01338-1024x683.jpeg 1024w, https:\/\/viltrox.es\/wp-content\/uploads\/2025\/02\/DSC01338-768x512.jpeg 768w, https:\/\/viltrox.es\/wp-content\/uploads\/2025\/02\/DSC01338-1536x1024.jpeg 1536w, https:\/\/viltrox.es\/wp-content\/uploads\/2025\/02\/DSC01338-scaled.jpeg 2048w, https:\/\/viltrox.es\/wp-content\/uploads\/2025\/02\/DSC01338-270x180.jpeg 270w, https:\/\/viltrox.es\/wp-content\/uploads\/2025\/02\/DSC01338-600x400.jpeg 600w\" alt=\"\" width=\"300\" height=\"200\"><\/picture><\/a><a class=\"\" href=\"https:\/\/viltrox.es\/wp-content\/uploads\/2025\/02\/DSC01223-1024x683.jpeg\" data-lightbox=\"lightbox[rel-32470-3881418135]\" target=\"_blank\" rel=\"noopener\"><picture class=\"attachment-medium\" title=\"DSC01223\"><source srcset=\"https:\/\/viltrox.es\/wp-content\/uploads\/2025\/02\/DSC01223-300x200.jpeg.avif 300w, https:\/\/viltrox.es\/wp-content\/uploads\/2025\/02\/DSC01223-1024x683.jpeg.avif 1024w, https:\/\/viltrox.es\/wp-content\/uploads\/2025\/02\/DSC01223-768x512.jpeg.avif 768w, https:\/\/viltrox.es\/wp-content\/uploads\/2025\/02\/DSC01223-1536x1024.jpeg.avif 1536w, https:\/\/viltrox.es\/wp-content\/uploads\/2025\/02\/DSC01223-scaled.jpeg.avif 2048w, https:\/\/viltrox.es\/wp-content\/uploads\/2025\/02\/DSC01223-270x180.jpeg.avif 270w, https:\/\/viltrox.es\/wp-content\/uploads\/2025\/02\/DSC01223-600x400.jpeg.avif 600w\" type=\"image\/avif\" sizes=\"auto, (max-width: 300px) 100vw, 300px\" \/><img loading=\"lazy\" decoding=\"async\" src=\"https:\/\/viltrox.es\/wp-content\/uploads\/2025\/02\/DSC01223-300x200.jpeg\" sizes=\"auto, (max-width: 300px) 100vw, 300px\" srcset=\"https:\/\/viltrox.es\/wp-content\/uploads\/2025\/02\/DSC01223-300x200.jpeg 300w, https:\/\/viltrox.es\/wp-content\/uploads\/2025\/02\/DSC01223-1024x683.jpeg 1024w, https:\/\/viltrox.es\/wp-content\/uploads\/2025\/02\/DSC01223-768x512.jpeg 768w, https:\/\/viltrox.es\/wp-content\/uploads\/2025\/02\/DSC01223-1536x1024.jpeg 1536w, https:\/\/viltrox.es\/wp-content\/uploads\/2025\/02\/DSC01223-scaled.jpeg 2048w, https:\/\/viltrox.es\/wp-content\/uploads\/2025\/02\/DSC01223-270x180.jpeg 270w, https:\/\/viltrox.es\/wp-content\/uploads\/2025\/02\/DSC01223-600x400.jpeg 600w\" alt=\"\" width=\"300\" height=\"200\"><\/picture><\/a><a class=\"\" href=\"https:\/\/viltrox.es\/wp-content\/uploads\/2025\/02\/DSC01124-1024x683.jpeg\" data-lightbox=\"lightbox[rel-32470-3881418135]\" target=\"_blank\" rel=\"noopener\"><picture class=\"attachment-medium\" title=\"DSC01124\"><source srcset=\"https:\/\/viltrox.es\/wp-content\/uploads\/2025\/02\/DSC01124-300x200.jpeg.avif 300w, https:\/\/viltrox.es\/wp-content\/uploads\/2025\/02\/DSC01124-1024x683.jpeg.avif 1024w, https:\/\/viltrox.es\/wp-content\/uploads\/2025\/02\/DSC01124-768x512.jpeg.avif 768w, https:\/\/viltrox.es\/wp-content\/uploads\/2025\/02\/DSC01124-1536x1024.jpeg.avif 1536w, https:\/\/viltrox.es\/wp-content\/uploads\/2025\/02\/DSC01124-scaled.jpeg.avif 2048w, https:\/\/viltrox.es\/wp-content\/uploads\/2025\/02\/DSC01124-270x180.jpeg.avif 270w, https:\/\/viltrox.es\/wp-content\/uploads\/2025\/02\/DSC01124-600x400.jpeg.avif 600w\" type=\"image\/avif\" sizes=\"auto, (max-width: 300px) 100vw, 300px\" \/><img loading=\"lazy\" decoding=\"async\" src=\"https:\/\/viltrox.es\/wp-content\/uploads\/2025\/02\/DSC01124-300x200.jpeg\" sizes=\"auto, (max-width: 300px) 100vw, 300px\" srcset=\"https:\/\/viltrox.es\/wp-content\/uploads\/2025\/02\/DSC01124-300x200.jpeg 300w, https:\/\/viltrox.es\/wp-content\/uploads\/2025\/02\/DSC01124-1024x683.jpeg 1024w, https:\/\/viltrox.es\/wp-content\/uploads\/2025\/02\/DSC01124-768x512.jpeg 768w, https:\/\/viltrox.es\/wp-content\/uploads\/2025\/02\/DSC01124-1536x1024.jpeg 1536w, https:\/\/viltrox.es\/wp-content\/uploads\/2025\/02\/DSC01124-scaled.jpeg 2048w, https:\/\/viltrox.es\/wp-content\/uploads\/2025\/02\/DSC01124-270x180.jpeg 270w, https:\/\/viltrox.es\/wp-content\/uploads\/2025\/02\/DSC01124-600x400.jpeg 600w\" alt=\"\" width=\"300\" height=\"200\"><\/picture><\/a><\/p>\n<\/div>\n<\/div>\n<\/div>\n<\/div>\n<\/div>\n<\/div>\n<\/div>\n<div class=\"vc_row wpb_row vc_row-fluid\">\n<div class=\"wpb_column vc_column_container vc_col-sm-12\">\n<div class=\"vc_column-inner\">\n<div class=\"wpb_wrapper\">\n<div class=\"wpb_text_column wpb_content_element\">\n<div class=\"wpb_wrapper\">\n<p data-start=\"5892\" data-end=\"5925\"><strong data-start=\"5892\" data-end=\"5923\">Caracter\u00edsticas Principales<\/strong><\/p>\n<ul data-start=\"5926\" data-end=\"6669\">\n<li data-start=\"5926\" data-end=\"5995\"><strong data-start=\"5928\" data-end=\"5967\">Enfoque autom\u00e1tico r\u00e1pido y preciso<\/strong>\u00a0con motor STM silencioso.<\/li>\n<li data-start=\"5996\" data-end=\"6071\"><strong data-start=\"5998\" data-end=\"6026\">Dise\u00f1o ligero y compacto<\/strong>\u00a0(170g \u2013 180g), perfecto para uso diario y viajes.<\/li>\n<li data-start=\"6072\" data-end=\"6137\"><strong data-start=\"6074\" data-end=\"6096\">Gran apertura F1.7<\/strong>\u00a0para im\u00e1genes luminosas y bokeh suave.<\/li>\n<li data-start=\"6138\" data-end=\"6216\"><strong data-start=\"6140\" data-end=\"6163\">Perspectiva natural<\/strong>\u00a0con distancia focal equivalente a 38mm full-frame.<\/li>\n<li data-start=\"6217\" data-end=\"6298\"><strong data-start=\"6219\" data-end=\"6245\">Calidad \u00f3ptica premium<\/strong>\u00a0con 12 elementos y tecnolog\u00eda de revestimiento HD.<\/li>\n<li data-start=\"6299\" data-end=\"6375\"><strong data-start=\"6301\" data-end=\"6340\">Distancia m\u00ednima de enfoque de 0.3m<\/strong>\u00a0para primeros planos detallados.<\/li>\n<li data-start=\"6376\" data-end=\"6446\"><strong data-start=\"6378\" data-end=\"6409\">Rendimiento de v\u00eddeo s\u00f3lido<\/strong>\u00a0con m\u00ednima respiraci\u00f3n de enfoque.<\/li>\n<li data-start=\"6447\" data-end=\"6532\"><strong data-start=\"6449\" data-end=\"6478\">Montura de metal duradera<\/strong>\u00a0y lente frontal resistente al agua y a las manchas.<\/li>\n<li data-start=\"6533\" data-end=\"6614\"><strong data-start=\"6535\" data-end=\"6569\">Compatible con filtros de 52mm<\/strong>\u00a0y equipado con parasol tipo flor mejorado.<\/li>\n<li data-start=\"6615\" data-end=\"6669\"><strong data-start=\"6617\" data-end=\"6633\">Puerto USB-C<\/strong>\u00a0para actualizaciones de firmware.<\/li>\n<\/ul>\n<\/div>\n<\/div>\n<\/div>\n<\/div>\n<\/div>\n<\/div>\n<div class=\"vc_row wpb_row vc_row-fluid\">\n<div class=\"wpb_column vc_column_container vc_col-sm-12\">\n<div class=\"vc_column-inner\">\n<div class=\"wpb_wrapper\">\n<div class=\"wpb_gallery wpb_content_element vc_clearfix wpb_content_element\">\n<div class=\"wpb_wrapper\">\n<div class=\"wpb_gallery_slides wpb_image_grid\" data-interval=\"3\">\n<p><a class=\"\" href=\"https:\/\/viltrox.es\/wp-content\/uploads\/2025\/02\/DSCF1876.jpg\" data-lightbox=\"lightbox[rel-32470-2025728225]\" target=\"_blank\" rel=\"noopener\"><picture class=\"attachment-medium\" title=\"DSCF1876\"><source srcset=\"https:\/\/viltrox.es\/wp-content\/uploads\/2025\/02\/DSCF1876-300x200.jpg.avif 300w, https:\/\/viltrox.es\/wp-content\/uploads\/2025\/02\/DSCF1876-768x511.jpg.avif 768w, https:\/\/viltrox.es\/wp-content\/uploads\/2025\/02\/DSCF1876-270x180.jpg.avif 270w, https:\/\/viltrox.es\/wp-content\/uploads\/2025\/02\/DSCF1876-600x400.jpg.avif 600w, https:\/\/viltrox.es\/wp-content\/uploads\/2025\/02\/DSCF1876.jpg.avif 1000w\" type=\"image\/avif\" sizes=\"auto, (max-width: 300px) 100vw, 300px\" \/><img loading=\"lazy\" decoding=\"async\" src=\"https:\/\/viltrox.es\/wp-content\/uploads\/2025\/02\/DSCF1876-300x200.jpg\" sizes=\"auto, (max-width: 300px) 100vw, 300px\" srcset=\"https:\/\/viltrox.es\/wp-content\/uploads\/2025\/02\/DSCF1876-300x200.jpg 300w, https:\/\/viltrox.es\/wp-content\/uploads\/2025\/02\/DSCF1876-768x511.jpg 768w, https:\/\/viltrox.es\/wp-content\/uploads\/2025\/02\/DSCF1876-270x180.jpg 270w, https:\/\/viltrox.es\/wp-content\/uploads\/2025\/02\/DSCF1876-600x400.jpg 600w, https:\/\/viltrox.es\/wp-content\/uploads\/2025\/02\/DSCF1876.jpg 1000w\" alt=\"\" width=\"300\" height=\"200\"><\/picture><\/a><a class=\"\" href=\"https:\/\/viltrox.es\/wp-content\/uploads\/2025\/02\/DSC2205.jpg\" data-lightbox=\"lightbox[rel-32470-2025728225]\" target=\"_blank\" rel=\"noopener\"><picture class=\"attachment-medium\" title=\"_DSC2205\"><source srcset=\"https:\/\/viltrox.es\/wp-content\/uploads\/2025\/02\/DSC2205-300x200.jpg.avif 300w, https:\/\/viltrox.es\/wp-content\/uploads\/2025\/02\/DSC2205-768x511.jpg.avif 768w, https:\/\/viltrox.es\/wp-content\/uploads\/2025\/02\/DSC2205-270x180.jpg.avif 270w, https:\/\/viltrox.es\/wp-content\/uploads\/2025\/02\/DSC2205-600x399.jpg.avif 600w, https:\/\/viltrox.es\/wp-content\/uploads\/2025\/02\/DSC2205.jpg.avif 1000w\" type=\"image\/avif\" sizes=\"auto, (max-width: 300px) 100vw, 300px\" \/><img loading=\"lazy\" decoding=\"async\" src=\"https:\/\/viltrox.es\/wp-content\/uploads\/2025\/02\/DSC2205-300x200.jpg\" sizes=\"auto, (max-width: 300px) 100vw, 300px\" srcset=\"https:\/\/viltrox.es\/wp-content\/uploads\/2025\/02\/DSC2205-300x200.jpg 300w, https:\/\/viltrox.es\/wp-content\/uploads\/2025\/02\/DSC2205-768x511.jpg 768w, https:\/\/viltrox.es\/wp-content\/uploads\/2025\/02\/DSC2205-270x180.jpg 270w, https:\/\/viltrox.es\/wp-content\/uploads\/2025\/02\/DSC2205-600x399.jpg 600w, https:\/\/viltrox.es\/wp-content\/uploads\/2025\/02\/DSC2205.jpg 1000w\" alt=\"\" width=\"300\" height=\"200\"><\/picture><\/a><a class=\"\" href=\"https:\/\/viltrox.es\/wp-content\/uploads\/2025\/02\/DSC_1103-%E6%8B%B7%E8%B4%9D.jpg\" data-lightbox=\"lightbox[rel-32470-2025728225]\" target=\"_blank\" rel=\"noopener\"><picture class=\"attachment-medium\" title=\"DSC_1103 \u62f7\u8d1d\"><source srcset=\"https:\/\/viltrox.es\/wp-content\/uploads\/2025\/02\/DSC_1103-\u62f7\u8d1d-300x200.jpg.avif 300w, https:\/\/viltrox.es\/wp-content\/uploads\/2025\/02\/DSC_1103-\u62f7\u8d1d-768x511.jpg.avif 768w, https:\/\/viltrox.es\/wp-content\/uploads\/2025\/02\/DSC_1103-\u62f7\u8d1d-270x180.jpg.avif 270w, https:\/\/viltrox.es\/wp-content\/uploads\/2025\/02\/DSC_1103-\u62f7\u8d1d-600x400.jpg.avif 600w, https:\/\/viltrox.es\/wp-content\/uploads\/2025\/02\/DSC_1103-\u62f7\u8d1d.jpg.avif 1000w\" type=\"image\/avif\" sizes=\"auto, (max-width: 300px) 100vw, 300px\" \/><img loading=\"lazy\" decoding=\"async\" src=\"https:\/\/viltrox.es\/wp-content\/uploads\/2025\/02\/DSC_1103-%E6%8B%B7%E8%B4%9D-300x200.jpg\" sizes=\"auto, (max-width: 300px) 100vw, 300px\" srcset=\"https:\/\/viltrox.es\/wp-content\/uploads\/2025\/02\/DSC_1103-\u62f7\u8d1d-300x200.jpg 300w, https:\/\/viltrox.es\/wp-content\/uploads\/2025\/02\/DSC_1103-\u62f7\u8d1d-768x511.jpg 768w, https:\/\/viltrox.es\/wp-content\/uploads\/2025\/02\/DSC_1103-\u62f7\u8d1d-270x180.jpg 270w, https:\/\/viltrox.es\/wp-content\/uploads\/2025\/02\/DSC_1103-\u62f7\u8d1d-600x400.jpg 600w, https:\/\/viltrox.es\/wp-content\/uploads\/2025\/02\/DSC_1103-\u62f7\u8d1d.jpg 1000w\" alt=\"\" width=\"300\" height=\"200\"><\/picture><\/a><\/p>\n<\/div>\n<\/div>\n<\/div>\n<\/div>\n<\/div>\n<\/div>\n<\/div>\n<div class=\"vc_row wpb_row vc_row-fluid\">\n<div class=\"wpb_column vc_column_container vc_col-sm-12\">\n<div class=\"vc_column-inner\">\n<div class=\"wpb_wrapper\">\n<div class=\"wpb_text_column wpb_content_element\">\n<div class=\"wpb_wrapper\">\n<p data-start=\"7356\" data-end=\"7383\"><strong data-start=\"7356\" data-end=\"7381\">Contenido del Paquete<\/strong><\/p>\n<ul data-start=\"7384\" data-end=\"7552\">\n<li data-start=\"7384\" data-end=\"7421\">1 \u00d7 Objetivo Viltrox AF 25mm F1.7<\/li>\n<li data-start=\"7422\" data-end=\"7456\">1 \u00d7 Parasol tipo flor mejorado<\/li>\n<li data-start=\"7457\" data-end=\"7477\">1 \u00d7 Tapa frontal<\/li>\n<li data-start=\"7478\" data-end=\"7498\">1 \u00d7 Tapa trasera<\/li>\n<li data-start=\"7499\" data-end=\"7524\">1 \u00d7 Manual de usuario<\/li>\n<li data-start=\"7525\" data-end=\"7552\">1 \u00d7 Tarjeta de garant\u00eda<\/li>\n<\/ul>\n<\/div>\n<\/div>\n<\/div>\n<\/div>\n<\/div>\n<\/div>\n<div class=\"vc_row wpb_row vc_row-fluid\">\n<div class=\"wpb_column vc_column_container vc_col-sm-12\">\n<div class=\"vc_column-inner\">\n<div class=\"wpb_wrapper\">\n<div class=\"wpb_text_column wpb_content_element\">\n<div class=\"wpb_wrapper\">\n<p data-start=\"6676\" data-end=\"6707\"><strong data-start=\"6676\" data-end=\"6705\">Especificaciones T\u00e9cnicas<\/strong><\/p>\n<ul data-start=\"6708\" data-end=\"7349\">\n<li data-start=\"6708\" data-end=\"6744\"><strong data-start=\"6710\" data-end=\"6720\">Modelo<\/strong>: Viltrox AF 25mm F1.7<\/li>\n<li data-start=\"6745\" data-end=\"6769\"><strong data-start=\"6747\" data-end=\"6758\">Montura<\/strong>: Z-mount<\/li>\n<li data-start=\"6770\" data-end=\"6831\"><strong data-start=\"6772\" data-end=\"6791\">Distancia Focal<\/strong>: 25mm (equivalente a 38mm full-frame)<\/li>\n<li data-start=\"6832\" data-end=\"6874\"><strong data-start=\"6834\" data-end=\"6860\">Apertura M\u00e1xima\/M\u00ednima<\/strong>: F1.7 \u2013 F16<\/li>\n<li data-start=\"6875\" data-end=\"6944\"><strong data-start=\"6877\" data-end=\"6898\">Elementos \u00d3pticos<\/strong>: 12 en 10 grupos (1 ED, 2 HRI, 2 asf\u00e9ricos)<\/li>\n<li data-start=\"6945\" data-end=\"6974\"><strong data-start=\"6947\" data-end=\"6969\">Hojas de Diafragma<\/strong>: 9<\/li>\n<li data-start=\"6975\" data-end=\"7016\"><strong data-start=\"6977\" data-end=\"7008\">Distancia M\u00ednima de Enfoque<\/strong>: 0.3m<\/li>\n<li data-start=\"7017\" data-end=\"7049\"><strong data-start=\"7019\" data-end=\"7040\">Ampliaci\u00f3n M\u00e1xima<\/strong>: 0.11\u00d7<\/li>\n<li data-start=\"7050\" data-end=\"7079\"><strong data-start=\"7052\" data-end=\"7072\">\u00c1ngulo de Visi\u00f3n<\/strong>: 60\u00b0<\/li>\n<li data-start=\"7080\" data-end=\"7131\"><strong data-start=\"7082\" data-end=\"7093\">Enfoque<\/strong>: Interno, motor STM + tornillo gu\u00eda<\/li>\n<li data-start=\"7132\" data-end=\"7206\"><strong data-start=\"7134\" data-end=\"7154\">Modos de Enfoque<\/strong>: AF\/MF con soporte de detecci\u00f3n de ojos y rostros<\/li>\n<li data-start=\"7207\" data-end=\"7242\"><strong data-start=\"7209\" data-end=\"7224\">Dimensiones<\/strong>: \u00d864mm \u00d7 54.4mm (Sony E) | \u00d864mm \u00d7 54.7mm (Fuji X) | \u00d864mm \u00d7 56.4mm (Nikon Z)<\/li>\n<li data-start=\"7243\" data-end=\"7261\"><strong data-start=\"7245\" data-end=\"7253\">Peso<\/strong>: 170g (Sony E e Fuji X) | 180g (Nikon Z)<\/li>\n<li data-start=\"7262\" data-end=\"7293\"><strong data-start=\"7264\" data-end=\"7285\">Tama\u00f1o del Filtro<\/strong>: 52mm<\/li>\n<li data-start=\"7294\" data-end=\"7349\"><strong data-start=\"7296\" data-end=\"7312\">Conectividad<\/strong>: Puerto USB-C para actualizaciones<\/li>\n<\/ul>\n<\/div>\n<\/div>\n<\/div>\n<\/div>\n<\/div>\n<\/div>\n","protected":false},"excerpt":{"rendered":"<ul>\n<li data-start=\"4037\" data-end=\"4131\">Objetivo prime ligero con\u00a0<strong data-start=\"4065\" data-end=\"4087\">gran apertura F1.7<\/strong>\u00a0y enfoque autom\u00e1tico r\u00e1pido y silencioso.<\/li>\n<li data-start=\"4132\" data-end=\"4237\">Distancia focal 25mm, equivalente a\u00a0<strong data-start=\"4164\" data-end=\"4183\">38mm full-frame<\/strong>, ideal para retratos, paisajes y fotograf\u00eda urbana.<\/li>\n<li data-start=\"4238\" data-end=\"4321\">Construcci\u00f3n compacta de solo\u00a0<strong data-start=\"4270\" data-end=\"4278\">170g \u2013 180g<\/strong>, perfecta para llevar a cualquier parte.<\/li>\n<li data-start=\"4322\" data-end=\"4421\"><strong data-start=\"4324\" data-end=\"4343\">\u00d3ptica avanzada<\/strong>\u00a0con 12 elementos y revestimiento HD para im\u00e1genes n\u00edtidas y colores reales.<\/li>\n<li data-start=\"4422\" data-end=\"4495\"><strong data-start=\"4424\" data-end=\"4458\">Excelente rendimiento en v\u00eddeo<\/strong>\u00a0con m\u00ednima respiraci\u00f3n de enfoque.<\/li>\n<\/ul>\n","protected":false},"featured_media":16418,"comment_status":"closed","ping_status":"closed","template":"","meta":{"_acf_changed":false},"product_brand":[2544],"product_cat":[1062],"product_tag":[],"class_list":{"0":"post-21006","1":"product","2":"type-product","3":"status-publish","4":"has-post-thumbnail","6":"product_brand-viltrox-es","7":"product_cat-mirrorless-objectivos","8":"pa_abertura-maxima-f-1-7-es","9":"pa_cor-negro","10":"pa_diametro-52mm-es","11":"pa_estabilizacao-de-imagem-no","12":"pa_montagem-da-objetiva-fujifilm-x-es","13":"pa_montagem-da-objetiva-nikon-z-es","14":"pa_montagem-da-objetiva-sony-e-es","15":"pa_sensor-aps-c-es","16":"pa_tipo-de-foco-enfoque-automatico","17":"pa_tipo-de-objetiva-estandar","18":"pa_zoom-fixa-fijo","20":"first","21":"instock","22":"taxable","23":"shipping-taxable","24":"purchasable","25":"product-type-variable"},"bundled_by":[],"bundle_stock_status":"instock","bundle_stock_quantity":null,"bundle_virtual":false,"bundle_layout":"","bundle_add_to_cart_form_location":"","bundle_editable_in_cart":false,"bundle_sold_individually_context":"","bundle_item_grouping":"","bundle_min_size":"","bundle_max_size":"","bundle_price":[],"bundled_items":[],"bundle_sell_ids":[],"acf":[],"_links":{"self":[{"href":"https:\/\/hi-techwonder.com\/es\/wp-json\/wp\/v2\/product\/21006","targetHints":{"allow":["GET"]}}],"collection":[{"href":"https:\/\/hi-techwonder.com\/es\/wp-json\/wp\/v2\/product"}],"about":[{"href":"https:\/\/hi-techwonder.com\/es\/wp-json\/wp\/v2\/types\/product"}],"replies":[{"embeddable":true,"href":"https:\/\/hi-techwonder.com\/es\/wp-json\/wp\/v2\/comments?post=21006"}],"wp:featuredmedia":[{"embeddable":true,"href":"https:\/\/hi-techwonder.com\/es\/wp-json\/wp\/v2\/media\/16418"}],"wp:attachment":[{"href":"https:\/\/hi-techwonder.com\/es\/wp-json\/wp\/v2\/media?parent=21006"}],"wp:term":[{"taxonomy":"product_brand","embeddable":true,"href":"https:\/\/hi-techwonder.com\/es\/wp-json\/wp\/v2\/product_brand?post=21006"},{"taxonomy":"product_cat","embeddable":true,"href":"https:\/\/hi-techwonder.com\/es\/wp-json\/wp\/v2\/product_cat?post=21006"},{"taxonomy":"product_tag","embeddable":true,"href":"https:\/\/hi-techwonder.com\/es\/wp-json\/wp\/v2\/product_tag?post=21006"}],"curies":[{"name":"wp","href":"https:\/\/api.w.org\/{rel}","templated":true}]}}