{"id":71384,"date":"2025-07-31T17:00:29","date_gmt":"2025-07-31T17:00:29","guid":{"rendered":"https:\/\/fv6qoy3ls0.wpdns.site\/?post_type=product&#038;p=71384"},"modified":"2026-04-25T00:36:45","modified_gmt":"2026-04-24T23:36:45","slug":"dji-osmo-360","status":"publish","type":"product","link":"https:\/\/hi-techwonder.com\/es\/producto\/dji-osmo-360\/","title":{"rendered":"DJI Osmo 360"},"content":{"rendered":"\n<h2 class=\"wp-block-heading\" id=\"dji-osmo-360\">DJI Osmo 360<\/h2>\n\n\n\n<div id=\"wd-a7f83bfc\" class=\"wp-block-wd-video wd-el-video wd-action-without wd-video-external wd-with-aspect-ratio wd-custom-width\"><iframe allowfullscreen allow=\"accelerometer; autoplay; encrypted-media; gyroscope; picture-in-picture\" width=\"100%\" height=\"100%\" loading=\"lazy\" src=\"https:\/\/www.youtube.com\/embed\/OklNVNKftJ8?feature=oembed&amp;controls=1\"><\/iframe><\/div>\n\n\n\n<div class=\"wp-block-rank-math-toc-block\" id=\"rank-math-toc\"><h4>Descubre todo sobre DJI Osmo 360<\/h4><nav><ul><li class=\"\"><a href=\"#descobre-o-dji-osmo-360\">Presentaci\u00f3n del DJI Osmo 360<\/a><\/li><li class=\"\"><a href=\"#caracteristicas\">Caracter\u00edsticas principales<\/a><\/li><li class=\"\"><a href=\"#es-criador-de-conteudos-fotografo-ou-videografo-amador-ou-profissional\">Ideal para Creadores y Aventureros<\/a><\/li><li class=\"\"><a href=\"#dji-osmo-360-standard-combo-conteudo-da-embalagem\">Qu\u00e9 incluye el Standard Combo<\/a><\/li><li class=\"\"><a href=\"#dji-osmo-360-adventure-combo-conteudo-da-embalagem\">Qu\u00e9 incluye el Adventure Combo<\/a><\/li><li class=\"\"><a href=\"#-1\">Especificaciones t\u00e9cnicas<\/a><\/li><\/ul><\/nav><\/div>\n\n\n\n<h4 class=\"wp-block-heading\" id=\"descobre-o-dji-osmo-360\">Presentaci\u00f3n del DJI Osmo 360<\/h4>\n\n\n\n<p id=\"wd-34040b4a\" class=\"wp-block-wd-paragraph\">El DJI Osmo 360 redefine los l\u00edmites de la creaci\u00f3n de contenido inmersivo, combinando una calidad de imagen superior con una flexibilidad sin precedentes. Es la primera c\u00e1mara 360\u00b0 de DJI con un sensor cuadrado de 1 pulgada, optimizado para capturar el mundo que te rodea con un detalle y nitidez excepcionales. Graba v\u00eddeos nativos en 8K a 30 fps y ofrece un rendimiento sobresaliente en condiciones de poca luz, gracias a su gran apertura f\/1.9 y la tecnolog\u00eda SuperNight.<br>Pero no solo brilla en 360\u00b0: con un simple toque, se transforma en una c\u00e1mara de acci\u00f3n ultra gran angular o en una herramienta potente para vlogging en movimiento, capturando im\u00e1genes con una fluidez y claridad que desaf\u00edan los l\u00edmites de la portabilidad. La estabilizaci\u00f3n HorizonSteady garantiza im\u00e1genes estables incluso en las condiciones m\u00e1s extremas, mientras que la compatibilidad con accesorios magn\u00e9ticos y palos invisibles ampl\u00eda las posibilidades creativas.<br>Incluye funciones profesionales de captura de audio con conexi\u00f3n directa a micr\u00f3fonos DJI, modos selfie con efecto de palo invisible, control por gestos y voz, grabaci\u00f3n est\u00e9reo e incluso paneles para ciclistas y motoristas. Ya sea en plena naturaleza, bajo el agua o a alta velocidad, el Osmo 360 est\u00e1 preparado para acompa\u00f1arte en cada momento con calidad de estudio.    <\/p>\n\n\n\n<div class=\"wp-block-media-text is-stacked-on-mobile\" style=\"grid-template-columns:45% auto\"><figure class=\"wp-block-media-text__media\"><img loading=\"lazy\" decoding=\"async\" width=\"1024\" height=\"683\" src=\"https:\/\/hi-techwonder.com\/wp-content\/themes\/woodmart\/images\/lazy.svg\" data-src=\"https:\/\/hi-techwonder.com\/wp-content\/uploads\/2025\/07\/OSMO-360_Mountaineering_01-1024x683.jpg\" alt=\"Dos hombres haciendo monta\u00f1ismo, sosteniendo un palo selfie con la c\u00e1mara DJI Osmo 360 montada, con un paisaje de monta\u00f1as y nieve de fondo.\" class=\"wp-image-71335 size-full\" srcset=\"\" data-srcset=\"https:\/\/hi-techwonder.com\/wp-content\/uploads\/2025\/07\/OSMO-360_Mountaineering_01-1024x683.jpg 1024w, https:\/\/hi-techwonder.com\/wp-content\/uploads\/2025\/07\/OSMO-360_Mountaineering_01-150x100.jpg 150w, https:\/\/hi-techwonder.com\/wp-content\/uploads\/2025\/07\/OSMO-360_Mountaineering_01-1200x800.jpg 1200w, https:\/\/hi-techwonder.com\/wp-content\/uploads\/2025\/07\/OSMO-360_Mountaineering_01-300x200.jpg 300w, https:\/\/hi-techwonder.com\/wp-content\/uploads\/2025\/07\/OSMO-360_Mountaineering_01-768x512.jpg 768w, https:\/\/hi-techwonder.com\/wp-content\/uploads\/2025\/07\/OSMO-360_Mountaineering_01.jpg 1500w\" sizes=\"auto, (max-width: 1024px) 100vw, 1024px\" \/><\/figure><div class=\"wp-block-media-text__content\">\n<h4 class=\"wp-block-heading\" id=\"caracteristicas\"><strong>Caracter\u00edsticas principales<\/strong><\/h4>\n\n\n\n<ul class=\"wp-block-list\">\n<li>Sensor cuadrado HDR de 1 pulgada optimizado para imagen 360\u00b0<\/li>\n\n\n\n<li>Grabaci\u00f3n en 8K\/30fps con p\u00edxeles de 2.4\u03bcm y 13.5 stops de rango din\u00e1mico<\/li>\n\n\n\n<li>Modo Boost con v\u00eddeo 4K\/120fps y \u00e1ngulo de 170\u00b0<\/li>\n\n\n\n<li>Fotograf\u00edas en 360\u00b0 con resoluci\u00f3n de hasta 120MP (16K)<\/li>\n\n\n\n<li>Estabilizaci\u00f3n HorizonSteady y RockSteady 3.0<\/li>\n\n\n\n<li>105GB de almacenamiento interno y transferencias de hasta 600MB\/s<\/li>\n\n\n\n<li>Compatible con palos invisibles y sistema de montaje magn\u00e9tico DJI<\/li>\n\n\n\n<li>Resistente al agua hasta 10 metros (IP68) y funcionamiento hasta -20\u00b0C<\/li>\n<\/ul>\n<\/div><\/div>\n\n\n\n<div class=\"wp-block-media-text has-media-on-the-right is-stacked-on-mobile\" style=\"grid-template-columns:auto 45%\"><div class=\"wp-block-media-text__content\">\n<h4 class=\"wp-block-heading\" id=\"es-criador-de-conteudos-fotografo-ou-videografo-amador-ou-profissional\"><strong><strong>Ideal para Creadores y Aventureros<\/strong><\/strong><\/h4>\n\n\n\n<p>La DJI Osmo 360 est\u00e1 dise\u00f1ada pensando en ti. Compacta, vers\u00e1til y con calidad cinematogr\u00e1fica, esta c\u00e1mara captura el mundo con un impacto visual impresionante.<br>Graba en 360\u00b0 o con lente ultra gran angular, crea planos imposibles con palos invisibles y consigue im\u00e1genes siempre estables gracias a la estabilizaci\u00f3n HorizonSteady y RockSteady 3.0. Ya sea en un vlog por la ciudad, una ruta en moto, una bajada por pistas o incluso volando por los cielos, la Osmo 360 te acompa\u00f1a en todo momento. Y s\u00ed, incluso en temperaturas bajo cero.<br>Incluso con poca luz, tus v\u00eddeos mantienen detalle y color, especialmente con el modo SuperNight. Adem\u00e1s, puedes explorar \u00e1ngulos creativos como tiny planet o top-down para darle un toque \u00fanico a tu contenido.<br>La captura de sonido es envolvente, con cuatro micr\u00f3fonos y reducci\u00f3n de ruido del viento (en modo lente \u00fanica), garantizando un audio limpio e inmersivo. Y el ecosistema de edici\u00f3n DJI facilita todo el proceso, desde la grabaci\u00f3n hasta la compartici\u00f3n.     <\/p>\n<\/div><figure class=\"wp-block-media-text__media\"><img loading=\"lazy\" decoding=\"async\" width=\"1024\" height=\"683\" src=\"https:\/\/hi-techwonder.com\/wp-content\/themes\/woodmart\/images\/lazy.svg\" data-src=\"https:\/\/hi-techwonder.com\/wp-content\/uploads\/2025\/07\/OSMO-360_CityVlog_1.2m-Invisible-Selfie-Stick_1.2-1024x683.jpg\" alt=\"Una mujer graba con una c\u00e1mara DJI Osmo 360 en un palo selfie, en un entorno urbano.\" class=\"wp-image-71337 size-full\" srcset=\"\" data-srcset=\"https:\/\/hi-techwonder.com\/wp-content\/uploads\/2025\/07\/OSMO-360_CityVlog_1.2m-Invisible-Selfie-Stick_1.2-1024x683.jpg 1024w, https:\/\/hi-techwonder.com\/wp-content\/uploads\/2025\/07\/OSMO-360_CityVlog_1.2m-Invisible-Selfie-Stick_1.2-150x100.jpg 150w, https:\/\/hi-techwonder.com\/wp-content\/uploads\/2025\/07\/OSMO-360_CityVlog_1.2m-Invisible-Selfie-Stick_1.2-1200x800.jpg 1200w, https:\/\/hi-techwonder.com\/wp-content\/uploads\/2025\/07\/OSMO-360_CityVlog_1.2m-Invisible-Selfie-Stick_1.2-300x200.jpg 300w, https:\/\/hi-techwonder.com\/wp-content\/uploads\/2025\/07\/OSMO-360_CityVlog_1.2m-Invisible-Selfie-Stick_1.2-768x512.jpg 768w, https:\/\/hi-techwonder.com\/wp-content\/uploads\/2025\/07\/OSMO-360_CityVlog_1.2m-Invisible-Selfie-Stick_1.2.jpg 1500w\" sizes=\"auto, (max-width: 1024px) 100vw, 1024px\" \/><\/figure><\/div>\n\n\n\n<div class=\"wp-block-media-text is-stacked-on-mobile\" style=\"grid-template-columns:30% auto\"><figure class=\"wp-block-media-text__media\"><img loading=\"lazy\" decoding=\"async\" width=\"1024\" height=\"1024\" src=\"https:\/\/hi-techwonder.com\/wp-content\/themes\/woodmart\/images\/lazy.svg\" data-src=\"https:\/\/hi-techwonder.com\/wp-content\/uploads\/2025\/07\/Osmo-360-Standard-Combo-Conteudo-da-Embalagem-1024x1024.jpg\" alt=\"C\u00e1mara DJI Osmo 360 con visor y lente destacada, acompa\u00f1ada del contenido del paquete Combo est\u00e1ndar: bater\u00eda Extreme Battery Plus, bolsa protectora y protector de lente.\" class=\"wp-image-71331 size-full\" srcset=\"\" data-srcset=\"https:\/\/hi-techwonder.com\/wp-content\/uploads\/2025\/07\/Osmo-360-Standard-Combo-Conteudo-da-Embalagem-1024x1024.jpg 1024w, https:\/\/hi-techwonder.com\/wp-content\/uploads\/2025\/07\/Osmo-360-Standard-Combo-Conteudo-da-Embalagem-600x600.jpg 600w, https:\/\/hi-techwonder.com\/wp-content\/uploads\/2025\/07\/Osmo-360-Standard-Combo-Conteudo-da-Embalagem-150x150.jpg 150w, https:\/\/hi-techwonder.com\/wp-content\/uploads\/2025\/07\/Osmo-360-Standard-Combo-Conteudo-da-Embalagem-1200x1200.jpg 1200w, https:\/\/hi-techwonder.com\/wp-content\/uploads\/2025\/07\/Osmo-360-Standard-Combo-Conteudo-da-Embalagem-300x300.jpg 300w, https:\/\/hi-techwonder.com\/wp-content\/uploads\/2025\/07\/Osmo-360-Standard-Combo-Conteudo-da-Embalagem-768x768.jpg 768w, https:\/\/hi-techwonder.com\/wp-content\/uploads\/2025\/07\/Osmo-360-Standard-Combo-Conteudo-da-Embalagem.jpg 1500w\" sizes=\"auto, (max-width: 1024px) 100vw, 1024px\" \/><\/figure><div class=\"wp-block-media-text__content\">\n<h4 class=\"wp-block-heading\" id=\"dji-osmo-360-standard-combo-conteudo-da-embalagem\"><strong>Qu\u00e9 incluye el Standard Combo<\/strong><\/h4>\n\n\n\n<ul class=\"wp-block-list\">\n<li>1 \u00d7 Protector de lente de goma para Osmo 360<\/li>\n\n\n\n<li>1 \u00d7 Osmo 360<\/li>\n\n\n\n<li>1 \u00d7 Bater\u00eda Osmo Action Extreme Battery Plus (1950 mAh)<\/li>\n\n\n\n<li>1 \u00d7 Funda de protecci\u00f3n para c\u00e1mara Osmo 360<\/li>\n\n\n\n<li>1 \u00d7 Pa\u00f1o de limpieza para lentes Osmo<\/li>\n\n\n\n<li>1 \u00d7 Cable USB-C a USB-C PD (USB 3.1)<\/li>\n<\/ul>\n<\/div><\/div>\n\n\n\n<div class=\"wp-block-media-text is-stacked-on-mobile\" style=\"grid-template-columns:30% auto\"><figure class=\"wp-block-media-text__media\"><img loading=\"lazy\" decoding=\"async\" width=\"1024\" height=\"1024\" src=\"https:\/\/hi-techwonder.com\/wp-content\/themes\/woodmart\/images\/lazy.svg\" data-src=\"https:\/\/hi-techwonder.com\/wp-content\/uploads\/2025\/07\/Osmo-360-Adventure-Combo-Conteudo-da-Emabalagem-1024x1024.jpg\" alt=\"Mano sosteniendo una c\u00e1mara DJI Osmo 360 montada en un palo selfie invisible de 1,2 m, con el contenido del paquete Adventure Combo visible: dos bater\u00edas Extreme Battery Plus, estuche de carga multifunci\u00f3n y palo selfie invisible.\" class=\"wp-image-71333 size-full\" srcset=\"\" data-srcset=\"https:\/\/hi-techwonder.com\/wp-content\/uploads\/2025\/07\/Osmo-360-Adventure-Combo-Conteudo-da-Emabalagem-1024x1024.jpg 1024w, https:\/\/hi-techwonder.com\/wp-content\/uploads\/2025\/07\/Osmo-360-Adventure-Combo-Conteudo-da-Emabalagem-600x600.jpg 600w, https:\/\/hi-techwonder.com\/wp-content\/uploads\/2025\/07\/Osmo-360-Adventure-Combo-Conteudo-da-Emabalagem-150x150.jpg 150w, https:\/\/hi-techwonder.com\/wp-content\/uploads\/2025\/07\/Osmo-360-Adventure-Combo-Conteudo-da-Emabalagem-1200x1200.jpg 1200w, https:\/\/hi-techwonder.com\/wp-content\/uploads\/2025\/07\/Osmo-360-Adventure-Combo-Conteudo-da-Emabalagem-300x300.jpg 300w, https:\/\/hi-techwonder.com\/wp-content\/uploads\/2025\/07\/Osmo-360-Adventure-Combo-Conteudo-da-Emabalagem-768x768.jpg 768w, https:\/\/hi-techwonder.com\/wp-content\/uploads\/2025\/07\/Osmo-360-Adventure-Combo-Conteudo-da-Emabalagem.jpg 1500w\" sizes=\"auto, (max-width: 1024px) 100vw, 1024px\" \/><\/figure><div class=\"wp-block-media-text__content\">\n<h4 class=\"wp-block-heading\" id=\"dji-osmo-360-adventure-combo-conteudo-da-embalagem\"><strong><strong>Qu\u00e9 incluye el Adventure Combo<\/strong><\/strong><\/h4>\n\n\n\n<ul class=\"wp-block-list\">\n<li>1 \u00d7 Osmo 360<\/li>\n\n\n\n<li>3 \u00d7 Bater\u00edas Osmo Action Extreme Battery Plus (1950 mAh)<\/li>\n\n\n\n<li>1 \u00d7 Estuche multifuncional para bater\u00edas Osmo Action 2<\/li>\n\n\n\n<li>1 \u00d7 Funda de protecci\u00f3n para c\u00e1mara Osmo 360<\/li>\n\n\n\n<li>1 \u00d7 Pa\u00f1o de limpieza para lentes Osmo<\/li>\n\n\n\n<li>1 \u00d7 Cable USB-C a USB-C PD (USB 3.1)<\/li>\n\n\n\n<li>1 \u00d7 Soporte de liberaci\u00f3n r\u00e1pida ajustable Osmo<\/li>\n\n\n\n<li>1 \u00d7 Palo de selfie invisible Osmo (1,2 m)<\/li>\n\n\n\n<li>1 \u00d7 Protector de lente de goma Osmo 360<\/li>\n<\/ul>\n<\/div><\/div>\n\n\n\n<figure class=\"wp-block-gallery has-nested-images columns-default is-cropped wp-block-gallery-1 is-layout-flex wp-block-gallery-is-layout-flex\">\n<figure class=\"wp-block-image size-large\"><img loading=\"lazy\" decoding=\"async\" width=\"1024\" height=\"369\" data-id=\"71342\" src=\"https:\/\/hi-techwonder.com\/wp-content\/themes\/woodmart\/images\/lazy.svg\" data-src=\"https:\/\/hi-techwonder.com\/wp-content\/uploads\/2025\/07\/Osmo-360_dual-product-1024x369.jpg\" alt=\"C\u00e1mara DJI Osmo 360 con visor y lente destacados\" class=\"wp-image-71342\" srcset=\"\" data-srcset=\"https:\/\/hi-techwonder.com\/wp-content\/uploads\/2025\/07\/Osmo-360_dual-product-1024x369.jpg 1024w, https:\/\/hi-techwonder.com\/wp-content\/uploads\/2025\/07\/Osmo-360_dual-product-150x54.jpg 150w, https:\/\/hi-techwonder.com\/wp-content\/uploads\/2025\/07\/Osmo-360_dual-product-1200x432.jpg 1200w, https:\/\/hi-techwonder.com\/wp-content\/uploads\/2025\/07\/Osmo-360_dual-product-300x108.jpg 300w, https:\/\/hi-techwonder.com\/wp-content\/uploads\/2025\/07\/Osmo-360_dual-product-768x276.jpg 768w, https:\/\/hi-techwonder.com\/wp-content\/uploads\/2025\/07\/Osmo-360_dual-product.jpg 1500w\" sizes=\"auto, (max-width: 1024px) 100vw, 1024px\" \/><\/figure>\n<\/figure>\n\n\n\n<h4 class=\"wp-block-heading\" id=\"-1\">Especificaciones t\u00e9cnicas  <\/h4>\n\n\n\n<figure class=\"wp-block-table\"><table class=\"has-fixed-layout\"><thead><tr><th><strong>Categor\u00eda<\/strong><\/th><th><strong>Especificaciones<\/strong><\/th><\/tr><\/thead><tbody><tr><td><strong>Sensor de imagen<\/strong><\/td><td>Sensor CMOS cuadrado de 1\/1.1 pulgadas (equivalente a 1 pulgada), con mayor sensibilidad y rango din\u00e1mico de hasta 13,5 pasos<\/td><\/tr><tr><td><strong>V\u00eddeo 360\u00b0<\/strong><\/td><td>8K (7680\u00d73840) a 24\/25\/30\/48\/50 fps (nativo) Soporta hasta 8K a 50 fps 4K a 100 fps (c\u00e1mara lenta 4x)<\/td><\/tr><tr><td><strong>Foto 360\u00b0<\/strong><\/td><td>Hasta 120 MP (16K), im\u00e1genes ultra n\u00edtidas con cobertura panor\u00e1mica total<\/td><\/tr><tr><td><strong>Apertura del objetivo<\/strong><\/td><td>f\/1.9, excelente rendimiento en condiciones de baja luminosidad<\/td><\/tr><tr><td><strong>Modo de c\u00e1mara \u00fanica<\/strong><\/td><td>5K a 60 fps (FOV 155\u00b0) 4K a 120 fps (Boost Video, FOV 170\u00b0)<\/td><\/tr><tr><td><strong>Estabilizaci\u00f3n<\/strong><\/td><td>HorizonSteady 360\u00b0 (modo 360\u00b0) RockSteady 3.0 (modo de lente \u00fanica)<\/td><\/tr><tr><td><strong>Audio<\/strong><\/td><td>4 micr\u00f3fonos integrados (est\u00e9reo\/mono) Reducci\u00f3n del ruido del viento Compatible con DJI Mic (sin receptor)<\/td><\/tr><tr><td><strong>Modos inteligentes<\/strong><\/td><td>Modo Selfie, SnapShot, SuperNight, control por gestos y voz<\/td><\/tr><tr><td><strong>Almacenamiento interno<\/strong><\/td><td>128 GB (105 GB disponibles), ampliable mediante microSD<\/td><\/tr><tr><td><strong>Tarjetas microSD compatibles<\/strong><\/td><td>Se recomiendan tarjetas microSD U3 A2 V30 de las marcas Kingston CANVAS Go! Plus y Lexar SILVER PLUS (de 64 GB a 1 TB)<\/td><\/tr><tr><td><strong>Transferencia de datos<\/strong><\/td><td>USB 3.1 hasta 600 MB\/s (cable incluido) Wi-Fi 6.0 hasta 90 MB\/s<\/td><\/tr><tr><td><strong>Autonom\u00eda<\/strong><\/td><td>Hasta 100 minutos grabando v\u00eddeo 8K\/30fps Hasta 190 minutos en 6K\/24fps (modo Endurance)<\/td><\/tr><tr><td><strong>Peso<\/strong><\/td><td>183 g<\/td><\/tr><tr><td><strong>Resistencia<\/strong><\/td><td>IP68: sumergible hasta 10 m (sin carcasa) Funciona hasta -20\u202f\u00b0C<\/td><\/tr><tr><td><strong>Conectividad<\/strong><\/td><td>Bluetooth para audio (p. ej.: SENA, VIMOTO, AirPods) USB-C con carga r\u00e1pida<\/td><\/tr><tr><td><strong>Compatibilidad de accesorios<\/strong><\/td><td>Compatible con accesorios de montaje r\u00e1pido de la serie Osmo Action M\u00e1s detalles en la p\u00e1gina de <a href=\"https:\/\/www.dji.com\/pt\/360\/downloads\" data-type=\"link\" data-id=\"https:\/\/www.dji.com\/pt\/360\/downloads\" target=\"_blank\" rel=\"noopener\">descargas<\/a> de Osmo 360<\/td><\/tr><tr><td><strong>Ecosistema modular<\/strong><\/td><td>Sistema de montaje magn\u00e9tico r\u00e1pido Compatible con accesorios Osmo Action y adaptador de liberaci\u00f3n r\u00e1pida<\/td><\/tr><tr><td><strong>Carga r\u00e1pida<\/strong><\/td><td>50 % de bater\u00eda en 12 minutos (con cargador DJI de 30 W)<\/td><\/tr><tr><td><strong>Software y edici\u00f3n<\/strong><\/td><td>DJI Mimo y DJI Studio Edici\u00f3n con Smart Stitching, GyroFrame y seguimiento autom\u00e1tico (Tracking)<\/td><\/tr><\/tbody><\/table><\/figure>\n\n\n\n<p>Descubre m\u00e1s sobre la DJI Osmo 360 en <a href=\"https:\/\/www.dji.com\/pt\" data-type=\"link\" data-id=\"https:\/\/www.dji.com\/pt\" target=\"_blank\" rel=\"noopener\">el sitio web oficial de DJI<\/a>.<\/p>\n","protected":false},"excerpt":{"rendered":"<ul>\n<li data-start=\"124\" data-end=\"199\">\n<p data-start=\"126\" data-end=\"199\">C\u00e1mara de 360\u00b0 con dos sensores de 1 pulgada para una calidad profesional<\/p>\n<\/li>\n<li data-start=\"200\" data-end=\"259\">\n<p data-start=\"202\" data-end=\"259\">Grabaci\u00f3n de 8K\/30 fps y 4K\/100 fps con c\u00e1mara lenta de hasta 4x<\/p>\n<\/li>\n<li data-start=\"260\" data-end=\"341\">\n<p data-start=\"262\" data-end=\"341\">Captaci\u00f3n de audio est\u00e9reo con cuatro micr\u00f3fonos incorporados y reducci\u00f3n de ruido<\/p>\n<\/li>\n<li data-start=\"342\" data-end=\"418\">\n<p data-start=\"344\" data-end=\"418\">Efectos creativos como joystick invisible y modos Tiny Planet y SuperNight<\/p>\n<\/li>\n<li data-start=\"419\" data-end=\"493\">\n<p data-start=\"421\" data-end=\"493\">Estabilizaci\u00f3n HorizonSteady (360\u00ba) y RockSteady 3.0 (modo de lente \u00fanica)<\/p>\n<\/li>\n<li data-start=\"494\" data-end=\"569\">\n<p data-start=\"496\" data-end=\"569\"><span style=\"vertical-align: inherit;\"><span style=\"vertical-align: inherit;\">Dise\u00f1o ultracompacto de 183 g con resistencia IP68 y rendimiento de -20 \u00b0C<\/span><\/span><\/p>\n<\/li>\n<li data-start=\"570\" data-end=\"647\">\n<p data-start=\"572\" data-end=\"647\">105 GB de almacenamiento interno y transferencias ultrarr\u00e1pidas a trav\u00e9s de USB 3.1<\/p>\n<\/li>\n<li data-start=\"648\" data-end=\"717\">\n<p data-start=\"650\" data-end=\"717\">Compatible con el ecosistema DJI Osmo y montaje magn\u00e9tico r\u00e1pido<\/p>\n<\/li>\n<\/ul>\n","protected":false},"featured_media":71357,"comment_status":"open","ping_status":"closed","template":"","meta":{"_acf_changed":false},"product_brand":[2542],"product_cat":[927],"product_tag":[],"class_list":{"0":"post-71384","1":"product","2":"type-product","3":"status-publish","4":"has-post-thumbnail","6":"product_brand-dji-es","7":"product_cat-camaras-accion-360o","8":"pa_iso-51200-es","9":"pa_resolucao-de-video-8k-es","10":"pa_resolucao-mp-120-mp-es","12":"first","13":"instock","14":"sale","15":"taxable","16":"shipping-taxable","17":"purchasable","18":"product-type-variable"},"bundled_by":[],"bundle_stock_status":"instock","bundle_stock_quantity":null,"bundle_virtual":false,"bundle_layout":"","bundle_add_to_cart_form_location":"","bundle_editable_in_cart":false,"bundle_sold_individually_context":"","bundle_item_grouping":"","bundle_min_size":"","bundle_max_size":"","bundle_price":[],"bundled_items":[],"bundle_sell_ids":[],"acf":[],"_links":{"self":[{"href":"https:\/\/hi-techwonder.com\/es\/wp-json\/wp\/v2\/product\/71384","targetHints":{"allow":["GET"]}}],"collection":[{"href":"https:\/\/hi-techwonder.com\/es\/wp-json\/wp\/v2\/product"}],"about":[{"href":"https:\/\/hi-techwonder.com\/es\/wp-json\/wp\/v2\/types\/product"}],"replies":[{"embeddable":true,"href":"https:\/\/hi-techwonder.com\/es\/wp-json\/wp\/v2\/comments?post=71384"}],"wp:featuredmedia":[{"embeddable":true,"href":"https:\/\/hi-techwonder.com\/es\/wp-json\/wp\/v2\/media\/71357"}],"wp:attachment":[{"href":"https:\/\/hi-techwonder.com\/es\/wp-json\/wp\/v2\/media?parent=71384"}],"wp:term":[{"taxonomy":"product_brand","embeddable":true,"href":"https:\/\/hi-techwonder.com\/es\/wp-json\/wp\/v2\/product_brand?post=71384"},{"taxonomy":"product_cat","embeddable":true,"href":"https:\/\/hi-techwonder.com\/es\/wp-json\/wp\/v2\/product_cat?post=71384"},{"taxonomy":"product_tag","embeddable":true,"href":"https:\/\/hi-techwonder.com\/es\/wp-json\/wp\/v2\/product_tag?post=71384"}],"curies":[{"name":"wp","href":"https:\/\/api.w.org\/{rel}","templated":true}]}}