{"id":71426,"date":"2025-07-29T09:19:27","date_gmt":"2025-07-29T09:19:27","guid":{"rendered":"https:\/\/fv6qoy3ls0.wpdns.site\/produto\/adaptador-canon-ef-a-rf-con-anillo-de-control\/"},"modified":"2026-04-23T16:17:41","modified_gmt":"2026-04-23T15:17:41","slug":"canon-adaptador-canon-ef-a-rf-con-anillo-de-control","status":"publish","type":"product","link":"https:\/\/hi-techwonder.com\/es\/producto\/canon-adaptador-canon-ef-a-rf-con-anillo-de-control\/","title":{"rendered":"Adaptador CANON EF a RF con anillo de control"},"content":{"rendered":"<p><span style=\"font-size: small\"><strong>ASPECTOS DESTACADOS DEL PRODUCTO<\/strong><\/span> <span style=\"font-size: small\">&nbsp;<\/span><\/p>\n<p><span style=\"font-size: small\">&nbsp;<\/span><\/p>\n<ul>\n<li><span style=\"font-size: small\">Objetivo Canon EF\/EF-S para c\u00e1mara EOS R<\/span><\/li>\n<li><span style=\"font-size: small\">Mantiene el AF y la estabilizaci\u00f3n de imagen<\/span><\/li>\n<li><span style=\"font-size: small\">Anillo de control configurable<\/span><\/li>\n<li><span style=\"font-size: small\">Resistente al polvo y al agua<\/span><\/li>\n<\/ul>\n<div><span style=\"font-size: small\">&nbsp;<\/span><\/div>\n<div><span style=\"font-size: small\">Ampliando la gama de objetivos compatibles, el adaptador de montura de anillo de control EF-EOS R de Canon es un adaptador de objetivo \u00fanico dise\u00f1ado para acoplar cualquier objetivo con montura EF o EF-S a la c\u00e1mara digital mirrorless EOS R.  para ajustar intuitivamente la configuraci\u00f3n de exposici\u00f3n, como ISO, apertura y compensaci\u00f3n de exposici\u00f3n. Este anillo proporciona retroalimentaci\u00f3n t\u00e1ctil cuando se gira, lo que facilita el reconocimiento y el control de la configuraci\u00f3n. Tambi\u00e9n conserva todas las capacidades de enfoque autom\u00e1tico y estabilizaci\u00f3n de imagen y no contiene componentes \u00f3pticos, manteniendo as\u00ed la calidad \u00f3ptica original de la lente montada. Adem\u00e1s, es resistente al polvo y al agua, lo que lo hace adecuado para su uso en condiciones clim\u00e1ticas adversas.   <\/span><\/div>\n<div><span style=\"font-size: small\">&nbsp;<\/span><\/div>\n<div>\n<p style=\"margin-bottom: 0cm\"><span style=\"font-size: small\">&nbsp;<\/span><\/p>\n<p><span style=\"font-size: small\"> <\/span><\/p>\n<table style=\"width: 355px\" border=\"0\" cellspacing=\"0\" cellpadding=\"2\">\n<colgroup>\n<col width=\"123\"><\/colgroup>\n<colgroup>\n<col width=\"224\"><\/colgroup>\n<tbody>\n<tr>\n<th colspan=\"2\" width=\"351\">\n<p style=\"border: none;padding: 0cm;font-style: normal;font-weight: normal\"><span style=\"font-size: small\"><a name=\"242270\"><\/a><span style=\"font-size: x-large\">Adaptador<\/span><\/span><\/p>\n<\/th>\n<\/tr>\n<tr>\n<td width=\"123\">\n<p style=\"border-top: none;border-bottom: 1px solid #e6e7e8;border-left: none;border-right: none;padding: 0cm 0cm 0.53cm 0cm\"><span style=\"font-size: small\">Soporte de c\u00e1mara<\/span><\/p>\n<\/td>\n<td width=\"224\">\n<p style=\"border-top: none;border-bottom: 1px solid #e6e7e8;border-left: none;border-right: none;padding: 0cm 0cm 0.53cm 0cm\"><span style=\"font-size: small\">Canon RF<\/span><\/p>\n<\/td>\n<\/tr>\n<tr>\n<td width=\"123\">\n<p style=\"border-top: none;border-bottom: 1px solid #e6e7e8;border-left: none;border-right: none;padding: 0cm 0cm 0.53cm 0cm\"><span style=\"font-size: small\">Montura de lente<\/span><\/p>\n<\/td>\n<td width=\"224\">\n<p style=\"border-top: none;border-bottom: 1px solid #e6e7e8;border-left: none;border-right: none;padding: 0cm 0cm 0.53cm 0cm\"><span style=\"font-size: small\">Canon EF, Canon EF\/EF-S<\/span><\/p>\n<\/td>\n<\/tr>\n<\/tbody>\n<\/table>\n<p><span style=\"font-size: small\"> <\/span><\/p>\n<table style=\"width: 412px\" border=\"0\" cellspacing=\"0\" cellpadding=\"2\">\n<colgroup>\n<col width=\"98\"><\/colgroup>\n<colgroup>\n<col width=\"306\"><\/colgroup>\n<tbody>\n<tr>\n<th colspan=\"2\" width=\"408\">\n<p style=\"border: none;padding: 0cm;font-style: normal;font-weight: normal\"><span style=\"font-size: small\"><a name=\"11501\"><\/a><span style=\"font-size: x-large\">F\u00edsico<\/span><\/span><\/p>\n<\/th>\n<\/tr>\n<tr>\n<td width=\"98\">\n<p style=\"border-top: none;border-bottom: 1px solid #e6e7e8;border-left: none;border-right: none;padding: 0cm 0cm 0.53cm 0cm\"><span style=\"font-size: small\">Dimensiones<\/span><\/p>\n<\/td>\n<td width=\"306\">\n<p style=\"border-top: none;border-bottom: 1px solid #e6e7e8;border-left: none;border-right: none;padding: 0cm 0cm 0.53cm 0cm\"><span style=\"font-size: small\">\u00f8: 2,9 x alto: 0,9&#8243; \/ \u00f8: 74,4 x alto: 24,0 mm<\/span><\/p>\n<\/td>\n<\/tr>\n<tr>\n<td width=\"98\">\n<p style=\"border-top: none;border-bottom: 1px solid #e6e7e8;border-left: none;border-right: none;padding: 0cm 0cm 0.53cm 0cm\"><span style=\"font-size: small\">Peso<\/span><\/p>\n<\/td>\n<td width=\"306\">\n<p style=\"border-top: none;border-bottom: 1px solid #e6e7e8;border-left: none;border-right: none;padding: 0cm 0cm 0.53cm 0cm\"><span style=\"font-size: small\">4.59 onzas \/ 130 g<\/span><\/p>\n<\/td>\n<\/tr>\n<\/tbody>\n<\/table>\n<p style=\"margin-bottom: 0cm\"><span style=\"font-size: small\">&nbsp;<\/span><\/p>\n<\/div>\n","protected":false},"excerpt":{"rendered":"<p>ASPECTOS DESTACADOS DEL PRODUCTO &nbsp; &nbsp; Objetivo Canon EF\/EF-S para c\u00e1mara EOS R Mantiene el AF y la estabilizaci\u00f3n de<\/p>\n","protected":false},"featured_media":47508,"comment_status":"closed","ping_status":"open","template":"","meta":{"_acf_changed":false},"product_brand":[2538],"product_cat":[1041],"product_tag":[],"class_list":{"0":"post-71426","1":"product","2":"type-product","3":"status-publish","4":"has-post-thumbnail","6":"product_brand-canon-es","7":"product_cat-adaptadores-es","9":"first","10":"onbackorder","11":"taxable","12":"shipping-taxable","13":"purchasable","14":"product-type-simple"},"bundled_by":[],"bundle_stock_status":"onbackorder","bundle_stock_quantity":null,"bundle_virtual":false,"bundle_layout":"","bundle_add_to_cart_form_location":"","bundle_editable_in_cart":false,"bundle_sold_individually_context":"","bundle_item_grouping":"","bundle_min_size":"","bundle_max_size":"","bundle_price":[],"bundled_items":[],"bundle_sell_ids":[],"acf":[],"_links":{"self":[{"href":"https:\/\/hi-techwonder.com\/es\/wp-json\/wp\/v2\/product\/71426","targetHints":{"allow":["GET"]}}],"collection":[{"href":"https:\/\/hi-techwonder.com\/es\/wp-json\/wp\/v2\/product"}],"about":[{"href":"https:\/\/hi-techwonder.com\/es\/wp-json\/wp\/v2\/types\/product"}],"replies":[{"embeddable":true,"href":"https:\/\/hi-techwonder.com\/es\/wp-json\/wp\/v2\/comments?post=71426"}],"wp:featuredmedia":[{"embeddable":true,"href":"https:\/\/hi-techwonder.com\/es\/wp-json\/wp\/v2\/media\/47508"}],"wp:attachment":[{"href":"https:\/\/hi-techwonder.com\/es\/wp-json\/wp\/v2\/media?parent=71426"}],"wp:term":[{"taxonomy":"product_brand","embeddable":true,"href":"https:\/\/hi-techwonder.com\/es\/wp-json\/wp\/v2\/product_brand?post=71426"},{"taxonomy":"product_cat","embeddable":true,"href":"https:\/\/hi-techwonder.com\/es\/wp-json\/wp\/v2\/product_cat?post=71426"},{"taxonomy":"product_tag","embeddable":true,"href":"https:\/\/hi-techwonder.com\/es\/wp-json\/wp\/v2\/product_tag?post=71426"}],"curies":[{"name":"wp","href":"https:\/\/api.w.org\/{rel}","templated":true}]}}