{"id":71427,"date":"2025-07-29T09:19:31","date_gmt":"2025-07-29T09:19:31","guid":{"rendered":"https:\/\/fv6qoy3ls0.wpdns.site\/produto\/adaptador-canon-ef-a-rf-con-filtro-nd-variable\/"},"modified":"2026-01-31T02:26:06","modified_gmt":"2026-01-31T02:26:06","slug":"canon-adaptador-canon-ef-a-rf-con-filtro-nd-variable","status":"publish","type":"product","link":"https:\/\/hi-techwonder.com\/es\/producto\/canon-adaptador-canon-ef-a-rf-con-filtro-nd-variable\/","title":{"rendered":"Adaptador CANON EF a RF con filtro ND variable"},"content":{"rendered":"<p><span style=\"font-size: small\"><strong><span style=\"font-size: large\"><span style=\"color: #ff0000\">DISPONIBILIDAD PREVISTA EN 2019<\/span><\/strong><\/span><\/span><\/p>\n<p> <span style=\"font-size: small\"><strong>ASPECTOS DESTACADOS DEL PRODUCTO<\/strong><\/p>\n<p><\/span><\/p>\n<ul>\n<li> <span style=\"font-size: small\">Objetivo Canon EF\/EF-S para c\u00e1mara EOS R<\/span><\/li>\n<li> <span style=\"font-size: small\">Mantiene el AF y la estabilizaci\u00f3n de imagen<\/span><\/li>\n<li> <span style=\"font-size: small\">Incluye un filtro ND variable directo<\/span><\/li>\n<li> <span style=\"font-size: small\">Resistente al polvo y al agua<\/span><\/li>\n<\/ul>\n<div> <span style=\"font-size: small\">&nbsp;<\/span><\/div>\n<div> <span style=\"font-size: small\">Ampliando la gama de objetivos compatibles, este adaptador de montura con filtro drop-in EF-EOS R de Canon es un adaptador de objetivo \u00fanico dise\u00f1ado para conectar cualquier objetivo con montura EF o EF-S a la c\u00e1mara digital mirrorless EOS R.<\/p>\n<p>  El dise\u00f1o del adaptador ampl\u00eda la capacidad de usar filtros con lentes \u00fanicos que no aceptan filtros en la parte frontal, y tambi\u00e9n conserva las capacidades completas de enfoque autom\u00e1tico y estabilizaci\u00f3n de imagen de la lente montada. Tambi\u00e9n es resistente al polvo y al agua, lo que lo hace adecuado para su uso en condiciones clim\u00e1ticas adversas. <\/span><\/div>\n<div> <span style=\"font-size: small\">&nbsp;<\/span><\/div>\n<div>\n<p style=\"margin-bottom: 0cm\"> <span style=\"font-size: small\">&nbsp;<\/span><\/p>\n<p><span style=\"font-size: small\"> <\/span><\/p>\n<table style=\"width: 355px\" border=\"0\" cellspacing=\"0\" cellpadding=\"2\">\n<colgroup>\n<col width=\"123\"><\/colgroup>\n<colgroup>\n<col width=\"224\"><\/colgroup>\n<tbody>\n<tr>\n<th colspan=\"2\" width=\"351\">\n<p style=\"border: none;padding: 0cm;font-style: normal;font-weight: normal\"> <span style=\"font-size: small\"><a name=\"242270\"><\/a><span style=\"font-size: x-large\">Adaptador<\/span><\/span> <\/p>\n<\/th>\n<\/tr>\n<tr>\n<td width=\"123\">\n<p style=\"border-top: none;border-bottom: 1px solid #e6e7e8;border-left: none;border-right: none;padding: 0cm 0cm 0.53cm 0cm\"> <span style=\"font-size: small\">Soporte de c\u00e1mara<\/span> <\/p>\n<\/td>\n<td width=\"224\">\n<p style=\"border-top: none;border-bottom: 1px solid #e6e7e8;border-left: none;border-right: none;padding: 0cm 0cm 0.53cm 0cm\"> <span style=\"font-size: small\">Canon RF<\/span> <\/p>\n<\/td>\n<\/tr>\n<tr>\n<td width=\"123\">\n<p style=\"border-top: none;border-bottom: 1px solid #e6e7e8;border-left: none;border-right: none;padding: 0cm 0cm 0.53cm 0cm\"> <span style=\"font-size: small\">Montura de lente<\/span> <\/p>\n<\/td>\n<td width=\"224\">\n<p style=\"border-top: none;border-bottom: 1px solid #e6e7e8;border-left: none;border-right: none;padding: 0cm 0cm 0.53cm 0cm\"> <span style=\"font-size: small\">Canon EF, Canon EF\/EF-S<\/span><\/p>\n<\/td>\n<\/tr>\n<\/tbody>\n<\/table>\n<p><span style=\"font-size: small\"> <\/span><\/p>\n<table style=\"width: 412px\" border=\"0\" cellspacing=\"0\" cellpadding=\"2\">\n<colgroup>\n<col width=\"98\"><\/colgroup>\n<colgroup>\n<col width=\"306\"><\/colgroup>\n<tbody>\n<tr>\n<th colspan=\"2\" width=\"408\">\n<p style=\"border: none;padding: 0cm;font-style: normal;font-weight: normal\"> <span style=\"font-size: small\"><a name=\"11501\"><\/a><span style=\"font-size: x-large\">F\u00edsico<\/span><\/span> <\/p>\n<\/th>\n<\/tr>\n<tr>\n<td width=\"98\">\n<p style=\"border-top: none;border-bottom: 1px solid #e6e7e8;border-left: none;border-right: none;padding: 0cm 0cm 0.53cm 0cm\"> <span style=\"font-size: small\">Dimensiones<\/span> <\/p>\n<\/td>\n<td width=\"306\">\n<p style=\"border-top: none;border-bottom: 1px solid #e6e7e8;border-left: none;border-right: none;padding: 0cm 0cm 0.53cm 0cm\"> <span style=\"font-size: small\">\u00f8: 2,9 x alto: 1,0&#8243; \/ \u00f8: 73,2 x alto: 24,7 mm<\/span> <\/p>\n<\/td>\n<\/tr>\n<tr>\n<td width=\"98\">\n<p style=\"border-top: none;border-bottom: 1px solid #e6e7e8;border-left: none;border-right: none;padding: 0cm 0cm 0.53cm 0cm\"> <span style=\"font-size: small\">Peso<\/span> <\/p>\n<\/td>\n<td width=\"306\">\n<p style=\"border-top: none;border-bottom: 1px solid #e6e7e8;border-left: none;border-right: none;padding: 0cm 0cm 0.53cm 0cm\"> <span style=\"font-size: small\">4.27 onzas \/ 121 g<\/span><\/p>\n<\/td>\n<\/tr>\n<\/tbody>\n<\/table>\n<p style=\"margin-bottom: 0cm\"> <span style=\"font-size: small\">&nbsp;<\/span><\/p>\n<\/div>\n","protected":false},"excerpt":{"rendered":"<p>DISPONIBILIDAD PREVISTA EN 2019 ASPECTOS DESTACADOS DEL PRODUCTO Objetivo Canon EF\/EF-S para c\u00e1mara EOS R Mantiene el AF y la<\/p>\n","protected":false},"featured_media":47511,"comment_status":"closed","ping_status":"open","template":"","meta":{"_acf_changed":false},"product_brand":[2538],"product_cat":[1041],"product_tag":[],"class_list":{"0":"post-71427","1":"product","2":"type-product","3":"status-publish","4":"has-post-thumbnail","6":"product_brand-canon-es","7":"product_cat-adaptadores-es","9":"first","10":"onbackorder","11":"taxable","12":"shipping-taxable","13":"purchasable","14":"product-type-simple"},"bundled_by":[],"bundle_stock_status":"onbackorder","bundle_stock_quantity":null,"bundle_virtual":false,"bundle_layout":"","bundle_add_to_cart_form_location":"","bundle_editable_in_cart":false,"bundle_sold_individually_context":"","bundle_item_grouping":"","bundle_min_size":"","bundle_max_size":"","bundle_price":[],"bundled_items":[],"bundle_sell_ids":[],"acf":[],"_links":{"self":[{"href":"https:\/\/hi-techwonder.com\/es\/wp-json\/wp\/v2\/product\/71427","targetHints":{"allow":["GET"]}}],"collection":[{"href":"https:\/\/hi-techwonder.com\/es\/wp-json\/wp\/v2\/product"}],"about":[{"href":"https:\/\/hi-techwonder.com\/es\/wp-json\/wp\/v2\/types\/product"}],"replies":[{"embeddable":true,"href":"https:\/\/hi-techwonder.com\/es\/wp-json\/wp\/v2\/comments?post=71427"}],"wp:featuredmedia":[{"embeddable":true,"href":"https:\/\/hi-techwonder.com\/es\/wp-json\/wp\/v2\/media\/47511"}],"wp:attachment":[{"href":"https:\/\/hi-techwonder.com\/es\/wp-json\/wp\/v2\/media?parent=71427"}],"wp:term":[{"taxonomy":"product_brand","embeddable":true,"href":"https:\/\/hi-techwonder.com\/es\/wp-json\/wp\/v2\/product_brand?post=71427"},{"taxonomy":"product_cat","embeddable":true,"href":"https:\/\/hi-techwonder.com\/es\/wp-json\/wp\/v2\/product_cat?post=71427"},{"taxonomy":"product_tag","embeddable":true,"href":"https:\/\/hi-techwonder.com\/es\/wp-json\/wp\/v2\/product_tag?post=71427"}],"curies":[{"name":"wp","href":"https:\/\/api.w.org\/{rel}","templated":true}]}}