{"id":71432,"date":"2025-07-29T00:27:03","date_gmt":"2025-07-29T00:27:03","guid":{"rendered":"https:\/\/fv6qoy3ls0.wpdns.site\/produto\/blackmagic-pyxis-6k-canon-ef\/"},"modified":"2026-03-26T16:04:44","modified_gmt":"2026-03-26T16:04:44","slug":"blackmagic-pyxis-6k-canon-ef","status":"publish","type":"product","link":"https:\/\/hi-techwonder.com\/es\/producto\/blackmagic-pyxis-6k-canon-ef\/","title":{"rendered":"BLACKMAGIC PYXIS 6K Canon EF"},"content":{"rendered":"<p class=\"MsoNormal\">T\u00edtulo: Blackmagic PYXIS 6K Canon EF, c\u00e1mara de cine digital de fotograma completo de alto rendimiento para producciones profesionales<br \/>Para presupuesto y\/o accesorios adicionales, p\u00f3ngase en contacto con nosotros.<\/p>\n<div class=\"MsoNormal\" align=\"center\" style=\"text-align: center;\">\n<hr size=\"0\" width=\"100%\" noshade align=\"center\"><\/div>\n<p class=\"MsoNormal\">Funciones<o:p><\/o:p><\/p>\n<ul type=\"disc\" style=\"margin-top: 0cm;\">\n<li class=\"MsoNormal\">Sensor HDR de fotograma completo de 6048 x 4032 con filtro \u00f3ptico de paso bajo e ISO nativo dual (400 y 3200).<o:p><\/o:p><\/li>\n<li class=\"MsoNormal\">Montura de lente Canon EF, compatible con lentes de fotograma completo y adaptadores de lentes adicionales.<o:p><\/o:p><\/li>\n<li class=\"MsoNormal\">Resoluci\u00f3n de grabaci\u00f3n de hasta 6K (6048 x 4032), con soporte para m\u00faltiples relaciones de aspecto (16:9, 4:3, DCI y m\u00e1s).<o:p><\/o:p><\/li>\n<li class=\"MsoNormal\">Rango din\u00e1mico de 13 pasos.<o:p><\/o:p><\/li>\n<li class=\"MsoNormal\">Pantalla LCD t\u00e1ctil capacitiva de 4&#8243; con resoluci\u00f3n de 1920 x 1080 y brillo de 1500 nits para una mejor visibilidad en exteriores.<o:p><\/o:p><\/li>\n<li class=\"MsoNormal\">Grabaci\u00f3n Blackmagic RAW y proxies H.264, con opciones de compresi\u00f3n a tasas de bits constantes y variables, lo que garantiza flexibilidad en el almacenamiento y la postproducci\u00f3n.<o:p><\/o:p><\/li>\n<li class=\"MsoNormal\">Control de lentes con funciones de iris y enfoque autom\u00e1tico en lentes electr\u00f3nicos compatibles.<o:p><\/o:p><\/li>\n<li class=\"MsoNormal\">Compatible con controles externos como Blackmagic Zoom Demand y Focus Demand e integraci\u00f3n con iPad, Bluetooth y USB PTP para control remoto.<o:p><\/o:p><\/li>\n<\/ul>\n<div class=\"MsoNormal\" align=\"center\" style=\"text-align: center;\">\n<hr size=\"0\" width=\"100%\" noshade align=\"center\"><\/div>\n<p class=\"MsoNormal\">Contenido del paquete<o:p><\/o:p><\/p>\n<ul type=\"disc\" style=\"margin-top: 0cm;\">\n<li class=\"MsoNormal\">1 Un. C\u00e1mara Blackmagic PYXIS 6K Canon EF <o:p><\/o:p><\/li>\n<li class=\"MsoNormal\">1 Un. Cubierta antipolvo para la torre de lentes <o:p><\/o:p><\/li>\n<li class=\"MsoNormal\">1 Un. Placa est\u00e1ndar PYXIS <o:p><\/o:p><\/li>\n<li class=\"MsoNormal\">1 Un. Placa SSD PYXIS <o:p><\/o:p><\/li>\n<li class=\"MsoNormal\">1 Un. Fuente de alimentaci\u00f3n externa de 60 W con conector de seguridad y adaptadores internacionales <o:p><\/o:p><\/li>\n<li class=\"MsoNormal\">1 Un. Clave de activaci\u00f3n de DaVinci Resolve Studio <o:p><\/o:p><\/li>\n<li class=\"MsoNormal\">1 Un. Folleto introductorio <o:p><\/o:p><\/li>\n<\/ul>\n<div class=\"MsoNormal\" align=\"center\" style=\"text-align: center;\">\n<hr size=\"0\" width=\"100%\" noshade align=\"center\"><\/div>\n<p class=\"MsoNormal\"><o:p>&nbsp;<\/o:p><video controls=\"\" src=\"https:\/\/downloads.blackmagicdesign.com\/videos\/products\/blackmagicpyxis\/landing\/customizability\/20240412-6h11ij\/customizability.hd.1080p.mp4\" width=\"640\" height=\"360\" class=\"note-video-clip\"><\/video><\/p>\n<p class=\"MsoNormal\">Descripci\u00f3n detallada<br \/>La Blackmagic PYXIS 6K es una c\u00e1mara de cine de fotograma completo dise\u00f1ada para filmar con alta calidad y flexibilidad en producciones de cine, televisi\u00f3n y streaming. Con un sensor de 36 mm x 24 mm, la c\u00e1mara ofrece grabaciones de hasta 6K con una resoluci\u00f3n de 6048 x 4032. El rango din\u00e1mico de 13 pasos y el ISO dual (400 y 3200) garantizan im\u00e1genes detalladas y ricas en entornos con diferentes condiciones de luz. La montura EF de Canon es compatible con una amplia gama de objetivos y adaptadores, lo que garantiza una personalizaci\u00f3n completa para una variedad de necesidades de producci\u00f3n.   <o:p><\/o:p><\/p>\n<p class=\"MsoNormal\">La pantalla t\u00e1ctil LCD de 4&#8243; con brillo de 1500 nits permite una visualizaci\u00f3n clara en exteriores, mientras que la interfaz permite ajustes r\u00e1pidos. La c\u00e1mara ofrece m\u00faltiples velocidades de fotogramas, con hasta 120 fps en 1080 HD, adapt\u00e1ndose a diversas demandas de disparo. Blackmagic PYXIS 6K graba en formatos Blackmagic RAW con compresi\u00f3n ajustable y admite proxies H.264, lo que permite diferentes configuraciones de almacenamiento y postproducci\u00f3n.  <o:p><\/o:p><\/p>\n<div class=\"MsoNormal\" align=\"center\" style=\"text-align: center;\">\n<hr size=\"0\" width=\"100%\" noshade align=\"center\"><\/div>\n<p class=\"MsoNormal\">Especificaciones t\u00e9cnicas<o:p><\/o:p><\/p>\n<ul type=\"disc\" style=\"margin-top: 0cm;\">\n<li class=\"MsoNormal\">Tama\u00f1o efectivo del sensor: 36 mm x 24 mm (fotograma completo)<o:p><\/o:p><\/li>\n<li class=\"MsoNormal\">Montura de lente: Canon EF<o:p><\/o:p><\/li>\n<li class=\"MsoNormal\">Control de lentes: iris y enfoque autom\u00e1tico en lentes compatibles electr\u00f3nicamente<o:p><\/o:p><\/li>\n<li class=\"MsoNormal\">Rango din\u00e1mico: 13 pasos<o:p><\/o:p><\/li>\n<li class=\"MsoNormal\">ISO nativo dual: 400 y 3200<o:p><\/o:p><\/li>\n<li class=\"MsoNormal\">Resoluciones de disparo:<o:p><\/o:p><\/li>\n<ul type=\"circle\" style=\"margin-top: 0cm;\">\n<li class=\"MsoNormal\">6048 x 4032 (Open Gate 3:2) hasta 36 fps<o:p><\/o:p><\/li>\n<li class=\"MsoNormal\">4832 x 4032 (anam\u00f3rfico 6:5) hasta 36 fps<o:p><\/o:p><\/li>\n<li class=\"MsoNormal\">6048 x 3408 (6K 16:9) hasta 46 fps<o:p><\/o:p><\/li>\n<li class=\"MsoNormal\">6048 x 3200 (6K DCI 17:9) hasta 48 fps<o:p><\/o:p><\/li>\n<li class=\"MsoNormal\">6048 x 2520 (6K 2.4:1) hasta 60 fps<o:p><\/o:p><\/li>\n<li class=\"MsoNormal\">4096 x 3072 (Super 35 4:3) hasta 50 fps<o:p><\/o:p><\/li>\n<li class=\"MsoNormal\">4096 x 2304 (4K 16:9) hasta 60 fps<o:p><\/o:p><\/li>\n<li class=\"MsoNormal\">4096 x 2160 (4K DCI 17:9) hasta 60 fps<o:p><\/o:p><\/li>\n<li class=\"MsoNormal\">2112 x 1184 (Super 16 16:9) hasta 100 fps<o:p><\/o:p><\/li>\n<li class=\"MsoNormal\">1920 x 1080 (1080 HD 16:9) hasta 120 fps<o:p><\/o:p><\/li>\n<\/ul>\n<li class=\"MsoNormal\">Velocidades de fotogramas: Compatible con proyectos de 23,98, 24, 25, 29,97, 30, 50, 59,94 y 60 fps. Velocidades de fotogramas fuera de velocidad de hasta 60 fps en 6K 2.4:1 y DCI 4K, 100 fps en Super 16 16:9 y 120 fps en 1080 HD. <o:p><\/o:p><\/li>\n<li class=\"MsoNormal\">Enfoque: enfoque autom\u00e1tico disponible con lentes compatibles.<o:p><\/o:p><\/li>\n<li class=\"MsoNormal\">Control del iris: Ajuste manual y autom\u00e1tico del iris en lentes electr\u00f3nicas compatibles.<o:p><\/o:p><\/li>\n<li class=\"MsoNormal\">Dimensiones de la pantalla: 4&#8243; con una resoluci\u00f3n de 1920 x 1080 y brillo de 1500 nits.<o:p><\/o:p><\/li>\n<li class=\"MsoNormal\">Tipo de pantalla: pantalla t\u00e1ctil capacitiva LCD.<o:p><\/o:p><\/li>\n<li class=\"MsoNormal\">Soporte de metadatos: Grabaci\u00f3n autom\u00e1tica de la configuraci\u00f3n de la c\u00e1mara y los datos de la claqueta, como el proyecto, el n\u00famero de escena y las notas.<o:p><\/o:p><\/li>\n<li class=\"MsoNormal\">Reloj de c\u00f3digo de tiempo: alta precisi\u00f3n con una desviaci\u00f3n de menos de 1 fotograma cada 8 horas.<o:p><\/o:p><\/li>\n<li class=\"MsoNormal\">Conexiones de video: Sin entrada, 1 salida SDI de 12G hasta 2160p60 y 1 USB-C.<o:p><\/o:p><\/li>\n<li class=\"MsoNormal\">Entradas de audio anal\u00f3gico: 1 entrada miniXLR y 1 entrada est\u00e9reo de 3,5 mm.<o:p><\/o:p><\/li>\n<li class=\"MsoNormal\">Salidas de audio anal\u00f3gicas: 1 salida de auriculares de 3,5 mm.<o:p><\/o:p><\/li>\n<li class=\"MsoNormal\">Sincronizaci\u00f3n: Tri-Sync, Black Burst, Timecode.<o:p><\/o:p><\/li>\n<li class=\"MsoNormal\">Interfaz de computadora: USB tipo C para grabar en unidades externas y control remoto.<o:p><\/o:p><\/li>\n<li class=\"MsoNormal\"><span lang=\"EN-US\">Ethernet:<\/span> 1 x RJ-45 1 Gb\/s (10\/100\/1000 BASE-T).<o:p><\/o:p><\/li>\n<li class=\"MsoNormal\">Est\u00e1ndares de video compatibles: HD y Ultra HD (1080p23.98 a 1080p60, 2160p23.98 a 2160p60).<o:p><\/o:p><\/li>\n<li class=\"MsoNormal\">Muestreo de audio SDI: 48 kHz y 24 bits.<o:p><\/o:p><\/li>\n<li class=\"MsoNormal\">Medios compatibles: CFexpress tipo B y USB-C.<o:p><\/o:p><\/li>\n<li class=\"MsoNormal\">Formatos multimedia: exFAT (Windows\/Mac) y HFS+ (Mac).<o:p><\/o:p><\/li>\n<li class=\"MsoNormal\">C\u00f3decs: Blackmagic RAW (relaciones de compresi\u00f3n ajustables), proxies H.264.<o:p><\/o:p><\/li>\n<li class=\"MsoNormal\"><span lang=\"EN-US\">Software incluido:<\/span> Blackmagic OS, DaVinci Resolve Studio (activaci\u00f3n de Mac y Windows), configuraci\u00f3n de la c\u00e1mara Blackmagic, reproductor RAW, RAW QuickLook, SDK RAW, prueba de velocidad RAW.<o:p><\/o:p><\/li>\n<li class=\"MsoNormal\">Compatibilidad del sistema operativo: macOS Ventura y superior, Windows 10 y 11.<o:p><\/o:p><\/li>\n<li class=\"MsoNormal\">Fuente de alimentaci\u00f3n externa: DC 12 V 60W, compatible con bater\u00edas BP-U.<o:p><\/o:p><\/li>\n<li class=\"MsoNormal\">Accesorios opcionales: Mango de cine Blackmagic URSA, visor electr\u00f3nico de cine y placa de roseta PYXIS.<o:p><\/o:p><\/li>\n<li class=\"MsoNormal\">Especificaciones ambientales:<o:p><\/o:p><\/li>\n<ul type=\"circle\" style=\"margin-top: 0cm;\">\n<li class=\"MsoNormal\">Temperatura de funcionamiento: 0 a 40 \u00b0C<o:p><\/o:p><\/li>\n<li class=\"MsoNormal\">Temperatura de almacenamiento: -20 a 45 \u00b0C<o:p><\/o:p><\/li>\n<li class=\"MsoNormal\">Humedad relativa: 0 a 90%, sin condensaci\u00f3n<o:p><\/o:p><\/li>\n<\/ul>\n<li class=\"MsoNormal\">Peso: Aproximadamente 1,3 kg (solo cuerpo de la c\u00e1mara).<o:p><\/o:p><\/li>\n<\/ul>\n<div class=\"MsoNormal\" align=\"center\" style=\"text-align: center;\">\n<hr size=\"0\" width=\"100%\" noshade align=\"center\"><\/div>\n<p class=\"MsoNormal\">Dimensiones del paquete<o:p><\/o:p><\/p>\n<ul type=\"disc\" style=\"margin-top: 0cm;\">\n<li class=\"MsoNormal\">Aproximadamente: 38 cm x 27 cm x 19 cm.<o:p><\/o:p><\/li>\n<\/ul>\n<div class=\"MsoNormal\" align=\"center\" style=\"text-align: center;\">\n<hr size=\"0\" width=\"100%\" noshade align=\"center\"><\/div>\n<p class=\"MsoNormal\">Informaci\u00f3n adicional<br \/>Nota: Im\u00e1genes ilustrativas. Equipo ilustrativo no incluido. Consulte el contenido y las especificaciones del paquete para obtener m\u00e1s detalles.  <o:p><\/o:p><\/p>\n<p class=\"MsoNormal\">Para presupuesto y\/o accesorios adicionales, p\u00f3ngase en contacto con nosotros.<\/p>\n","protected":false},"excerpt":{"rendered":"<p>T\u00edtulo: Blackmagic PYXIS 6K Canon EF, c\u00e1mara de cine digital de fotograma completo de alto rendimiento para producciones profesionalesPara presupuesto<\/p>\n","protected":false},"featured_media":40915,"comment_status":"closed","ping_status":"open","template":"","meta":{"_acf_changed":false},"product_brand":[2658],"product_cat":[934],"product_tag":[],"class_list":{"0":"post-71432","1":"product","2":"type-product","3":"status-publish","4":"has-post-thumbnail","6":"product_brand-blackmagic-es","7":"product_cat-video-es-2","9":"first","10":"onbackorder","11":"taxable","12":"shipping-taxable","13":"purchasable","14":"product-type-simple"},"bundled_by":[],"bundle_stock_status":"onbackorder","bundle_stock_quantity":null,"bundle_virtual":false,"bundle_layout":"","bundle_add_to_cart_form_location":"","bundle_editable_in_cart":false,"bundle_sold_individually_context":"","bundle_item_grouping":"","bundle_min_size":"","bundle_max_size":"","bundle_price":[],"bundled_items":[],"bundle_sell_ids":[],"acf":[],"_links":{"self":[{"href":"https:\/\/hi-techwonder.com\/es\/wp-json\/wp\/v2\/product\/71432","targetHints":{"allow":["GET"]}}],"collection":[{"href":"https:\/\/hi-techwonder.com\/es\/wp-json\/wp\/v2\/product"}],"about":[{"href":"https:\/\/hi-techwonder.com\/es\/wp-json\/wp\/v2\/types\/product"}],"replies":[{"embeddable":true,"href":"https:\/\/hi-techwonder.com\/es\/wp-json\/wp\/v2\/comments?post=71432"}],"wp:featuredmedia":[{"embeddable":true,"href":"https:\/\/hi-techwonder.com\/es\/wp-json\/wp\/v2\/media\/40915"}],"wp:attachment":[{"href":"https:\/\/hi-techwonder.com\/es\/wp-json\/wp\/v2\/media?parent=71432"}],"wp:term":[{"taxonomy":"product_brand","embeddable":true,"href":"https:\/\/hi-techwonder.com\/es\/wp-json\/wp\/v2\/product_brand?post=71432"},{"taxonomy":"product_cat","embeddable":true,"href":"https:\/\/hi-techwonder.com\/es\/wp-json\/wp\/v2\/product_cat?post=71432"},{"taxonomy":"product_tag","embeddable":true,"href":"https:\/\/hi-techwonder.com\/es\/wp-json\/wp\/v2\/product_tag?post=71432"}],"curies":[{"name":"wp","href":"https:\/\/api.w.org\/{rel}","templated":true}]}}