{"id":71433,"date":"2025-07-29T00:27:03","date_gmt":"2025-07-29T00:27:03","guid":{"rendered":"https:\/\/fv6qoy3ls0.wpdns.site\/produto\/camara-de-cine-de-bolsillo-blackmagic-design-6k-pro-canon-ef\/"},"modified":"2026-01-31T02:57:16","modified_gmt":"2026-01-31T02:57:16","slug":"blackmagic-camara-de-cine-de-bolsillo-blackmagic-design-6k-pro-canon-ef","status":"publish","type":"product","link":"https:\/\/hi-techwonder.com\/es\/producto\/blackmagic-camara-de-cine-de-bolsillo-blackmagic-design-6k-pro-canon-ef\/","title":{"rendered":"C\u00e1mara de cine de bolsillo BLACKMAGIC Design 6K Pro (Canon EF)"},"content":{"rendered":"<p>Para rematar su logro anterior con la Pocket Cinema Camera 6K, Blackmagic Design agrega una c\u00e1mara Super35 compacta a\u00fan m\u00e1s completa a su l\u00ednea de estilo cine con la Pocket Cinema Camera 6K Pro. La 6K Pro presenta todas las funciones de grabaci\u00f3n, sensor, rango din\u00e1mico, botones y conectores de su predecesora, y agrega una variedad de nuevas caracter\u00edsticas importantes.  como una pantalla t\u00e1ctil HDR de 5&#8243; con brillo de 1500 cd\/m\u00b2, un EVF Pro opcional, filtros ND\/2\/4\/6 transparentes incorporados, dos entradas mini-XLR, un reloj de c\u00f3digo de tiempo preciso, un soporte de bater\u00eda NP-F570 de la serie L y ciencia de color Gen 5 actualizada. <\/p>\n<p>Con solo un factor de forma ligeramente mayor que el 6K, el 6K Pro graba las mismas resoluciones de v\u00eddeo de hasta 50 fps 6144 x 3456 y conserva la valiosa montura EF activa de Canon, lo que le permite aprovechar la amplia gama de objetivos EF\/EF-S disponibles. La montura EF admite funciones de iris, enfoque autom\u00e1tico y zoom mediante comunicaci\u00f3n electr\u00f3nica cuando se utilizan objetivos compatibles. <\/p>\n<p>El 6K Pro puede convertir un fotograma en dos recortando una segunda imagen de un fotograma, escalando a 8K o simplemente capturando im\u00e1genes ricas y detalladas con su lente EF\/EF-S favorita. El procesamiento de color interno Gen 5 mejorado facilita el intercalado de im\u00e1genes 6K Pro, 6K y BMPCC 4K. Grabe utilizando las entradas internas de tarjeta CFast 2.0 y SD\/UHS-II, o a trav\u00e9s del puerto HDMI de tama\u00f1o completo para un conmutador ATEM Mini opcional para transmisi\u00f3n en vivo, o a trav\u00e9s del puerto USB Type-C para capturar clips m\u00e1s largos en una unidad externa. El 6K Pro incluye una licencia DaVinci Resolve Studio y es compatible con la captura Blackmagic Raw desde el sensor. El uso del formato Raw con metadatos de sensor simplifica la edici\u00f3n para adaptarse a cualquier proyecto y facilita la edici\u00f3n con DaVinci Resolve.    <\/p>\n<p>El 6K Pro conserva los controles familiares y el dise\u00f1o de men\u00fa del modelo 6K, como soporte ISO de hasta 25,600, 13 puntos de rango din\u00e1mico y pantalla HDR de 1920 x 1080. El soporte de audio profesional ahora incluye dos entradas mini XLR con alimentaci\u00f3n phantom + 48V, una entrada est\u00e9reo de 3,5 mm, un altavoz mono, una salida de auriculares y un sistema de micr\u00f3fono est\u00e9reo incorporado. <\/p>\n<p>Las caracter\u00edsticas profesionales adicionales incluyen soporte para metadatos de lentes, aplicaci\u00f3n 3D LUT para monitoreo y grabaci\u00f3n, captura de im\u00e1genes fijas de hasta 21.2MP y un agarre multifunci\u00f3n que permite la operaci\u00f3n con una sola mano. Sincronice varias c\u00e1maras para un concierto, evento u otra sesi\u00f3n multic\u00e1mara vinculando un generador de c\u00f3digo de tiempo externo al generador de c\u00f3digo de tiempo interno del 6K Pro (al que se accede a trav\u00e9s del puerto de audio de 3,5 mm). Luego, ahorre un tiempo valioso utilizando DaVinci Resolve para sincronizar autom\u00e1ticamente su metraje multic\u00e1mara en posproducci\u00f3n.  <\/p>\n<p>Adem\u00e1s de la tecla de activaci\u00f3n DaVinci Resolve Studio, el 6K Pro viene con una fuente de alimentaci\u00f3n de 30 W que ofrece carga simult\u00e1nea de la bater\u00eda, una bater\u00eda MP-F570, una cubierta de montura de lente y una correa para la c\u00e1mara. Los accesorios opcionales dise\u00f1ados espec\u00edficamente para el 6K Pro incluyen el BMPCC Pro EVF y el BMPCC Pro Battery Grip, disponibles por separado. <\/p>\n<p><strong>Nuevas caracter\u00edsticas de 6K Pro<\/strong><\/p>\n<ul>\n<li>Pantalla LCD t\u00e1ctil capacitiva HDR inclinable de 5&#8243; con brillo de 1500 cd\/m\u00b2<\/li>\n<li>Filtros IR ND transparentes\/2\/4\/6 pasos incorporados<\/li>\n<li>Entradas duales mini-XLR<\/li>\n<li>Comunicaci\u00f3n electr\u00f3nica de lentes con iris, enfoque autom\u00e1tico y control de zoom disponible con lentes compatibles<\/li>\n<li>Reloj de c\u00f3digo de tiempo s\u00faper preciso<\/li>\n<li>NP-F570 Ranura para bater\u00eda de la serie L<\/li>\n<li>Ciencia del color Gen 5 actualizada<\/li>\n<li>EVF Pro opcional y empu\u00f1adura de bater\u00eda<\/li>\n<\/ul>\n<h2 class=\"western\" style=\"font-style: normal;font-weight: normal\"><strong><span style=\"font-family: OpenSans, Segoe UI, Helvetica, Roboto, Arial, sans-serif\"><span style=\"font-size: medium\">Especificaciones de Blackmagic Design Pocket Cinema Camera 6K Pro<\/span><\/span><\/strong><\/h2>\n<p style=\"margin-bottom: 0cm;border-top: none;border-bottom: 1.00pt solid #cdcdcd;border-left: none;border-right: none;font-style: normal;font-weight: normal;line-height: 200%;padding: 0cm 0cm 0.05cm 0cm\"><strong> <span style=\"font-family: OpenSans, Segoe UI, Helvetica, Roboto, Arial, sans-serif\"><span style=\"font-size: medium\">Sensor de imagen<\/span><\/span><\/strong><\/p>\n<table border=\"0\" width=\"452\" cellspacing=\"0\" cellpadding=\"2\">\n<colgroup>\n<col width=\"180\">\n<col width=\"264\"> <\/colgroup>\n<tbody>\n<tr>\n<td width=\"180\">\n<p style=\"border: none;padding: 0cm;font-weight: normal\" align=\"LEFT\">Tama\u00f1o del sensor<\/p>\n<\/td>\n<td width=\"264\">\n<p style=\"border: none;padding: 0cm;font-weight: normal\">23,1 x 12,99 mm (Super35)<\/p>\n<\/td>\n<\/tr>\n<tr>\n<td width=\"180\">\n<p style=\"border: none;padding: 0cm;font-weight: normal\" align=\"LEFT\">Tipo de sensor<\/p>\n<\/td>\n<td width=\"264\">\n<p style=\"border: none;padding: 0cm;font-weight: normal\">CMOS<\/p>\n<\/td>\n<\/tr>\n<tr>\n<td width=\"180\">\n<p style=\"border: none;padding: 0cm;font-weight: normal\" align=\"LEFT\">Resoluci\u00f3n del sensor<\/p>\n<\/td>\n<td width=\"264\">\n<p style=\"border: none;padding: 0cm;font-weight: normal\">Efectivo: 21,2 megap\u00edxeles (6144 x 3456)<\/p>\n<\/td>\n<\/tr>\n<tr>\n<td width=\"180\">\n<p style=\"border: none;padding: 0cm;font-weight: normal\" align=\"LEFT\">Tipo de obturador<\/p>\n<\/td>\n<td width=\"264\">\n<p style=\"border: none;padding: 0cm;font-weight: normal\">Obturador rodante<\/p>\n<\/td>\n<\/tr>\n<tr>\n<td width=\"180\">\n<p style=\"border: none;padding: 0cm;font-weight: normal\" align=\"LEFT\">ISO<\/p>\n<\/td>\n<td width=\"264\">\n<p style=\"border: none;padding: 0cm;font-weight: normal\">De 100 a 25.600 (ampliado)<\/p>\n<\/td>\n<\/tr>\n<tr>\n<td width=\"180\">\n<p style=\"border: none;padding: 0cm;font-weight: normal\" align=\"LEFT\">Rango din\u00e1mico anunciado<\/p>\n<\/td>\n<td width=\"264\">\n<p style=\"border: none;padding: 0cm;font-weight: normal\">13 paradas<\/p>\n<\/td>\n<\/tr>\n<\/tbody>\n<\/table>\n<p style=\"margin-bottom: 0cm;border-top: none;border-bottom: 1.00pt solid #cdcdcd;border-left: none;border-right: none;font-style: normal;font-weight: normal;line-height: 200%;padding: 0cm 0cm 0.05cm 0cm\"><strong> <span style=\"font-family: OpenSans, Segoe UI, Helvetica, Roboto, Arial, sans-serif\"><span style=\"font-size: medium\">C\u00e1mara<\/span><\/span><\/strong><\/p>\n<table border=\"0\" width=\"642\" cellspacing=\"0\" cellpadding=\"2\">\n<colgroup>\n<col width=\"159\">\n<col width=\"476\"> <\/colgroup>\n<tbody>\n<tr>\n<td width=\"159\">\n<p style=\"border: none;padding: 0cm;font-weight: normal\" align=\"LEFT\">Montura de lente<\/p>\n<\/td>\n<td width=\"476\">\n<p style=\"border: none;padding: 0cm;font-weight: normal\">Canon EF<\/p>\n<\/td>\n<\/tr>\n<tr>\n<td width=\"159\">\n<p style=\"border: none;padding: 0cm;font-weight: normal\" align=\"LEFT\">Comunicaci\u00f3n de lentes<\/p>\n<\/td>\n<td width=\"476\">\n<p style=\"border: none;padding: 0cm;font-weight: normal\">S\u00ed, con soporte de enfoque autom\u00e1tico<\/p>\n<\/td>\n<\/tr>\n<tr>\n<td width=\"159\">\n<p style=\"border: none;padding: 0cm;font-weight: normal\" align=\"LEFT\">Filtro ND incorporado<\/p>\n<\/td>\n<td width=\"476\">\n<p style=\"border: none;padding: 0cm;font-weight: normal\">Rueda de filtros mec\u00e1nicos con filtros ND transparentes, de 2 pasos (1\/4), 4 pasos (1\/16), 6 pasos (1\/64)<\/p>\n<\/td>\n<\/tr>\n<tr>\n<td width=\"159\">\n<p style=\"border: none;padding: 0cm;font-weight: normal\" align=\"LEFT\">Tipo de micr\u00f3fono incorporado<\/p>\n<\/td>\n<td width=\"476\">\n<p style=\"border: none;padding: 0cm;font-weight: normal\">Est\u00e9reo<\/p>\n<\/td>\n<\/tr>\n<tr>\n<td width=\"159\">\n<p style=\"border: none;padding: 0cm;font-weight: normal\" align=\"LEFT\">Ranura para tarjeta de memoria\/medios<\/p>\n<\/td>\n<td width=\"476\">\n<p style=\"border: none;padding: 0cm;font-weight: normal\">Ranura \u00fanica: SD\/SDHC\/SDXC (UHS-II)<br \/>Ranura \u00fanica: CFast<\/p>\n<\/td>\n<\/tr>\n<tr>\n<td width=\"159\">\n<p style=\"border: none;padding: 0cm;font-weight: normal\" align=\"LEFT\">Velocidades de fotogramas variables<\/p>\n<\/td>\n<td width=\"476\">\n<p style=\"border: none;padding: 0cm;font-weight: normal\">Hasta 120 fps<\/p>\n<\/td>\n<\/tr>\n<\/tbody>\n<\/table>\n<p style=\"margin-bottom: 0cm;border-top: none;border-bottom: 1.00pt solid #cdcdcd;border-left: none;border-right: none;font-style: normal;font-weight: normal;line-height: 200%;padding: 0cm 0cm 0.05cm 0cm\"><strong> <span style=\"font-family: OpenSans, Segoe UI, Helvetica, Roboto, Arial, sans-serif\"><span style=\"font-size: medium\">Grabaci\u00f3n interna<\/span><\/span><\/strong><\/p>\n<table border=\"0\" width=\"642\" cellspacing=\"0\" cellpadding=\"2\">\n<colgroup>\n<col width=\"127\">\n<col width=\"507\"> <\/colgroup>\n<tbody>\n<tr>\n<td width=\"127\">\n<p style=\"border: none;padding: 0cm;font-weight: normal\" align=\"LEFT\">Grabaci\u00f3n sin procesar<\/p>\n<\/td>\n<td width=\"507\">\n<p style=\"border: none;padding: 0cm;font-weight: normal\"><strong>Crudo:<\/strong><br \/>6144 x 3456 a 23,98\/24\/25\/29,97\/30\/50 fps (49 a 483 MB\/s) <br \/>6144 x 2560 a 23,98\/24\/25\/29,97\/30\/50\/59,94\/60 fps (37 a 359 MB\/s) <br \/>5744 x 3024 a 23,98\/24\/25\/29,97\/50\/59,94\/60 fps (40 a 395 MB\/s) <br \/>4096 x 2160 a 23,98\/24\/25\/29,97\/30 fps (28 a 163 MB\/s) <br \/>3728 x 3104 a 23,98\/24\/25\/29,97\/30 fps (36 a 265 MB\/s) <br \/>2868 x 1512 a 23,98\/24\/25\/29,97\/30 fps (de 14 a 101 MB\/s)&nbsp;<\/p>\n<\/td>\n<\/tr>\n<tr>\n<td width=\"127\">\n<p style=\"border: none;padding: 0cm;font-weight: normal\" align=\"LEFT\">Modos de grabaci\u00f3n<\/p>\n<\/td>\n<td width=\"507\">\n<p style=\"border: none;padding: 0cm;font-weight: normal\"><strong>ProRes 422HQ:<\/strong><br \/>4096 x 2160p a 23,98\/24\/25\/29,97\/30\/50\/59,94\/60 fps (24,25 a 117,88 MB\/s)&nbsp;<br \/>3840 x 2160p a 23,98\/24\/25\/29,97\/30\/50\/59,94\/60 fps (22,4 a 110 Mb\/s)&nbsp;<br \/>1920 x 1080p a 23,98\/24\/25\/29,97\/30\/50\/59,94\/60\/120 fps (27,5 MB\/s)&nbsp;<br \/><strong>ProRes 422:<\/strong><br \/>4096 x 2160p a 23,98\/24\/25\/29,97\/30\/50\/59,94\/60 fps (78,63 MB\/s)&nbsp;<br \/>3840 x 2160p a 23,98\/24\/25\/29,97\/30\/50\/59,94\/60 fps (73,6 MB\/s)&nbsp;<br \/>1920 x 1080p a 23,98\/24\/25\/29,97\/30\/50\/59,94\/60\/120 fps (18,4 MB\/s)&nbsp;<br \/><strong>ProRes 422LT:<\/strong><br \/>4096 x 2160p a 23,98\/24\/25\/29,97\/30\/50\/59,94\/60 fps (54,63 MB\/s)&nbsp;<br \/>3840 x 2160p a 23,98\/24\/25\/29,97\/30\/50\/59,94\/60 fps (51 MB\/s)&nbsp;<br \/>1920 x 1080p a 23,98\/24\/25\/29,97\/30\/50\/59,94\/60\/120 fps (12,75 MB\/s)&nbsp;<br \/><strong>Proxy ProRes 422:<\/strong><br \/>4096 x 2160p a 23,98\/24\/25\/29,97\/30\/50\/59,94\/60 fps (24,25 MB\/s)&nbsp;<br \/>3840 x 2160p a 23,98\/24\/25\/29,97\/30\/50\/59,94\/60 fps (22,4 MB\/s)&nbsp;<br \/>1920 x 1080p a 23,98\/24\/25\/29,97\/30\/50\/59,94\/60\/120 fps (5,6 MB\/s)&nbsp;<\/p>\n<\/td>\n<\/tr>\n<tr>\n<td width=\"127\">\n<p style=\"border: none;padding: 0cm;font-weight: normal\" align=\"LEFT\">Soporte de im\u00e1genes fijas<\/p>\n<\/td>\n<td width=\"507\">\n<p style=\"border: none;padding: 0cm;font-weight: normal\">No especificado por el fabricante<\/p>\n<\/td>\n<\/tr>\n<\/tbody>\n<\/table>\n<p style=\"margin-bottom: 0cm;border-top: none;border-bottom: 1.00pt solid #cdcdcd;border-left: none;border-right: none;font-style: normal;font-weight: normal;line-height: 200%;padding: 0cm 0cm 0.05cm 0cm\"><strong> <span style=\"font-family: OpenSans, Segoe UI, Helvetica, Roboto, Arial, sans-serif\"><span style=\"font-size: medium\">Grabaci\u00f3n externa<\/span><\/span><\/strong><\/p>\n<table border=\"0\" width=\"449\" cellspacing=\"0\" cellpadding=\"2\">\n<colgroup>\n<col width=\"90\">\n<col width=\"351\"> <\/colgroup>\n<tbody>\n<tr>\n<td width=\"90\">\n<p style=\"border: none;padding: 0cm;font-weight: normal\" align=\"LEFT\">Salida de video<\/p>\n<\/td>\n<td width=\"351\">\n<p style=\"border: none;padding: 0cm;font-weight: normal\">4:2:2 de 10 bits a trav\u00e9s de HDMI:<br \/>1920 x 1080p a 23,98\/24\/25\/29,97\/30\/50\/59,94\/60 fps<\/p>\n<\/td>\n<\/tr>\n<tr>\n<td width=\"90\">\n<p style=\"border: none;padding: 0cm;font-weight: normal\" align=\"LEFT\">Salida sin procesar<\/p>\n<\/td>\n<td width=\"351\">\n<p style=\"border: none;padding: 0cm;font-weight: normal\"><strong>USB:<\/strong><br \/>6144 x 3456 a 23,98\/24\/25\/29,97\/30\/50 fps <br \/>6144 x 2560 a 23,98\/24\/25\/29,97\/30\/50\/59,94\/60 fps <br \/>5744 x 3024 a 23,98\/24\/25\/29,97\/30\/50\/59,94\/60 fps&nbsp;<\/p>\n<\/td>\n<\/tr>\n<\/tbody>\n<\/table>\n<p style=\"margin-bottom: 0cm;border-top: none;border-bottom: 1.00pt solid #cdcdcd;border-left: none;border-right: none;font-style: normal;font-weight: normal;line-height: 200%;padding: 0cm 0cm 0.05cm 0cm\"><strong> <span style=\"font-family: OpenSans, Segoe UI, Helvetica, Roboto, Arial, sans-serif\"><span style=\"font-size: medium\">Interfaces<\/span><\/span><\/strong><\/p>\n<table border=\"0\" width=\"556\" cellspacing=\"0\" cellpadding=\"2\">\n<colgroup>\n<col width=\"126\">\n<col width=\"422\"> <\/colgroup>\n<tbody>\n<tr>\n<td width=\"126\">\n<p style=\"border: none;padding: 0cm;font-weight: normal\" align=\"LEFT\">Conectores de video<\/p>\n<\/td>\n<td width=\"422\">\n<p style=\"border: none;padding: 0cm;font-weight: normal\"><strong>1 x <\/strong>Salida HDMI<\/p>\n<\/td>\n<\/tr>\n<tr>\n<td width=\"126\">\n<p style=\"border: none;padding: 0cm;font-weight: normal\" align=\"LEFT\">Conectores de audio<\/p>\n<\/td>\n<td width=\"422\">\n<p style=\"border: none;padding: 0cm;font-weight: normal\"><strong>2 x <\/strong>Entrada de nivel de l\u00ednea\/micr\u00f3fono Mini XLR (+48 V Phantom Power)<br \/><strong>1 x <\/strong>1\/8&#8243; \/ 3,5 mm Entrada de nivel de l\u00ednea\/micr\u00f3fono est\u00e9reo<br \/><strong>1 salida <\/strong>de auriculares est\u00e9reo de 1\/8&#8243; \/ 3,5 mm<\/p>\n<\/td>\n<\/tr>\n<tr>\n<td width=\"126\">\n<p style=\"border: none;padding: 0cm;font-weight: normal\" align=\"LEFT\">Otras E\/S<\/p>\n<\/td>\n<td width=\"422\">\n<p style=\"border: none;padding: 0cm;font-weight: normal\"><strong>1 x <\/strong>Control USB tipo C, salida de video<br \/><strong>1 entrada <\/strong>de c\u00f3digo de tiempo de 3,5 mm (compartida con entrada de micr\u00f3fono\/l\u00ednea de 3,5 mm)<\/p>\n<\/td>\n<\/tr>\n<tr>\n<td width=\"126\">\n<p style=\"border: none;padding: 0cm;font-weight: normal\" align=\"LEFT\">Interfaces inal\u00e1mbricas<\/p>\n<\/td>\n<td width=\"422\">\n<p style=\"border: none;padding: 0cm;font-weight: normal\">Bluetooth Control<\/p>\n<\/td>\n<\/tr>\n<\/tbody>\n<\/table>\n<p style=\"margin-bottom: 0cm;border-top: none;border-bottom: 1.00pt solid #cdcdcd;border-left: none;border-right: none;font-style: normal;font-weight: normal;line-height: 200%;padding: 0cm 0cm 0.05cm 0cm\"><strong> <span style=\"font-family: OpenSans, Segoe UI, Helvetica, Roboto, Arial, sans-serif\"><span style=\"font-size: medium\">Monitor<\/span><\/span><\/strong><\/p>\n<table border=\"0\" width=\"264\" cellspacing=\"0\" cellpadding=\"2\">\n<colgroup>\n<col width=\"89\">\n<col width=\"168\"> <\/colgroup>\n<tbody>\n<tr>\n<td width=\"89\">\n<p style=\"border: none;padding: 0cm;font-weight: normal\" align=\"LEFT\">Tipo de pantalla<\/p>\n<\/td>\n<td width=\"168\">\n<p style=\"border: none;padding: 0cm;font-weight: normal\">LCD de pantalla t\u00e1ctil inclinable<\/p>\n<\/td>\n<\/tr>\n<tr>\n<td width=\"89\">\n<p style=\"border: none;padding: 0cm;font-weight: normal\" align=\"LEFT\">Tama\u00f1o<\/p>\n<\/td>\n<td width=\"168\">\n<p style=\"border: none;padding: 0cm;font-weight: normal\">5&#8243;<\/p>\n<\/td>\n<\/tr>\n<tr>\n<td width=\"89\">\n<p style=\"border: none;padding: 0cm;font-weight: normal\" align=\"LEFT\">Resoluci\u00f3n<\/p>\n<\/td>\n<td width=\"168\">\n<p style=\"border: none;padding: 0cm;font-weight: normal\">1920 x 1080<\/p>\n<\/td>\n<\/tr>\n<\/tbody>\n<\/table>\n<p style=\"margin-bottom: 0cm;border-top: none;border-bottom: 1.00pt solid #cdcdcd;border-left: none;border-right: none;font-style: normal;font-weight: normal;line-height: 200%;padding: 0cm 0cm 0.05cm 0cm\"><strong> <span style=\"font-family: OpenSans, Segoe UI, Helvetica, Roboto, Arial, sans-serif\"><span style=\"font-size: medium\">EVF<\/span><\/span><\/strong><\/p>\n<table border=\"0\" width=\"195\" cellspacing=\"0\" cellpadding=\"2\">\n<colgroup>\n<col width=\"34\">\n<col width=\"153\"> <\/colgroup>\n<tbody>\n<tr>\n<td width=\"34\">\n<p style=\"border: none;padding: 0cm;font-weight: normal\" align=\"LEFT\">EVF<\/p>\n<\/td>\n<td width=\"153\">\n<p style=\"border: none;padding: 0cm;font-weight: normal\">Opcional, no incluido<\/p>\n<\/td>\n<\/tr>\n<\/tbody>\n<\/table>\n<p style=\"margin-bottom: 0cm;border-top: none;border-bottom: 1.00pt solid #cdcdcd;border-left: none;border-right: none;font-style: normal;font-weight: normal;line-height: 200%;padding: 0cm 0cm 0.05cm 0cm\"><strong> <span style=\"font-family: OpenSans, Segoe UI, Helvetica, Roboto, Arial, sans-serif\"><span style=\"font-size: medium\">Poder<\/span><\/span><\/strong><\/p>\n<table border=\"0\" width=\"408\" cellspacing=\"0\" cellpadding=\"2\">\n<colgroup>\n<col width=\"121\">\n<col width=\"279\"> <\/colgroup>\n<tbody>\n<tr>\n<td width=\"121\">\n<p style=\"border: none;padding: 0cm;font-weight: normal\" align=\"LEFT\">Tipo de bater\u00eda<\/p>\n<\/td>\n<td width=\"279\">\n<p style=\"border: none;padding: 0cm;font-weight: normal\">Serie L de Sony<\/p>\n<\/td>\n<\/tr>\n<tr>\n<td width=\"121\">\n<p style=\"border: none;padding: 0cm;font-weight: normal\" align=\"LEFT\">Conectores de alimentaci\u00f3n<\/p>\n<\/td>\n<td width=\"279\">\n<p style=\"border: none;padding: 0cm;font-weight: normal\"><strong>1 x <\/strong>Entrada Weipu SF610\/S2 (12 a 20 VDC)<\/p>\n<\/td>\n<\/tr>\n<\/tbody>\n<\/table>\n<p style=\"margin-bottom: 0cm;border-top: none;border-bottom: 1.00pt solid #cdcdcd;border-left: none;border-right: none;font-style: normal;font-weight: normal;line-height: 200%;padding: 0cm 0cm 0.05cm 0cm\"><strong> <span style=\"font-family: OpenSans, Segoe UI, Helvetica, Roboto, Arial, sans-serif\"><span style=\"font-size: medium\">Medioambiental<\/span><\/span><\/strong><\/p>\n<table border=\"0\" width=\"324\" cellspacing=\"0\" cellpadding=\"2\">\n<colgroup>\n<col width=\"151\">\n<col width=\"165\"> <\/colgroup>\n<tbody>\n<tr>\n<td width=\"151\">\n<p style=\"border: none;padding: 0cm;font-weight: normal\" align=\"LEFT\">Temperatura de funcionamiento<\/p>\n<\/td>\n<td width=\"165\">\n<p style=\"border: none;padding: 0cm;font-weight: normal\">32 a 104 \u00b0F \/ 0 a 40 \u00b0C<\/p>\n<\/td>\n<\/tr>\n<tr>\n<td width=\"151\">\n<p style=\"border: none;padding: 0cm;font-weight: normal\" align=\"LEFT\">Temperatura de almacenamiento<\/p>\n<\/td>\n<td width=\"165\">\n<p style=\"border: none;padding: 0cm;font-weight: normal\">-4 a 113 \u00b0F \/ -20 a 45 \u00b0C<\/p>\n<\/td>\n<\/tr>\n<tr>\n<td width=\"151\">\n<p style=\"border: none;padding: 0cm;font-weight: normal\" align=\"LEFT\">Humedad de funcionamiento<\/p>\n<\/td>\n<td width=\"165\">\n<p style=\"border: none;padding: 0cm;font-weight: normal\">De 0 a 90%<\/p>\n<\/td>\n<\/tr>\n<\/tbody>\n<\/table>\n<p style=\"margin-bottom: 0cm;border-top: none;border-bottom: 1.00pt solid #cdcdcd;border-left: none;border-right: none;font-style: normal;font-weight: normal;line-height: 200%;padding: 0cm 0cm 0.05cm 0cm\"><strong> <span style=\"font-family: OpenSans, Segoe UI, Helvetica, Roboto, Arial, sans-serif\"><span style=\"font-size: medium\">General<\/span><\/span><\/strong><\/p>\n<table border=\"0\" width=\"496\" cellspacing=\"0\" cellpadding=\"2\">\n<colgroup>\n<col width=\"162\">\n<col width=\"326\"> <\/colgroup>\n<tbody>\n<tr>\n<td width=\"162\">\n<p style=\"border: none;padding: 0cm;font-weight: normal\" align=\"LEFT\">Montaje de accesorios<\/p>\n<\/td>\n<td width=\"326\">\n<p style=\"border: none;padding: 0cm;font-weight: normal\"><strong>1 x <\/strong>1\/4&#8243;-20 hembra<\/p>\n<\/td>\n<\/tr>\n<tr>\n<td width=\"162\">\n<p style=\"border: none;padding: 0cm;font-weight: normal\" align=\"LEFT\">Rosca de montaje del tr\u00edpode<\/p>\n<\/td>\n<td width=\"326\">\n<p style=\"border: none;padding: 0cm;font-weight: normal\">1\/4&#8243;-20 Hembra<\/p>\n<\/td>\n<\/tr>\n<tr>\n<td width=\"162\">\n<p style=\"border: none;padding: 0cm;font-weight: normal\" align=\"LEFT\">Material de construcci\u00f3n<\/p>\n<\/td>\n<td width=\"326\">\n<p style=\"border: none;padding: 0cm;font-weight: normal\">Fibra de carbono<\/p>\n<\/td>\n<\/tr>\n<tr>\n<td width=\"162\">\n<p style=\"border: none;padding: 0cm;font-weight: normal\" align=\"LEFT\">Dimensiones<\/p>\n<\/td>\n<td width=\"326\">\n<p style=\"border: none;padding: 0cm;font-weight: normal\">7,08 x 4,41 x 4,84&#8243; \/ 179,83 x 112,01 x 122,94 mm<\/p>\n<\/td>\n<\/tr>\n<tr>\n<td width=\"162\">\n<p style=\"border: none;padding: 0cm;font-weight: normal\" align=\"LEFT\">Peso<\/p>\n<\/td>\n<td width=\"326\">\n<p style=\"border: none;padding: 0cm;font-weight: normal\">2,73 libras \/ 1238 g<\/p>\n<\/td>\n<\/tr>\n<\/tbody>\n<\/table>\n","protected":false},"excerpt":{"rendered":"<p>Para rematar su logro anterior con la Pocket Cinema Camera 6K, Blackmagic Design agrega una c\u00e1mara Super35 compacta a\u00fan m\u00e1s<\/p>\n","protected":false},"featured_media":40878,"comment_status":"closed","ping_status":"open","template":"","meta":{"_acf_changed":false},"product_brand":[2658],"product_cat":[934],"product_tag":[],"class_list":{"0":"post-71433","1":"product","2":"type-product","3":"status-publish","4":"has-post-thumbnail","6":"product_brand-blackmagic-es","7":"product_cat-video-es-2","9":"first","10":"onbackorder","11":"taxable","12":"shipping-taxable","13":"purchasable","14":"product-type-simple"},"bundled_by":[],"bundle_stock_status":"onbackorder","bundle_stock_quantity":null,"bundle_virtual":false,"bundle_layout":"","bundle_add_to_cart_form_location":"","bundle_editable_in_cart":false,"bundle_sold_individually_context":"","bundle_item_grouping":"","bundle_min_size":"","bundle_max_size":"","bundle_price":[],"bundled_items":[],"bundle_sell_ids":[],"acf":[],"_links":{"self":[{"href":"https:\/\/hi-techwonder.com\/es\/wp-json\/wp\/v2\/product\/71433","targetHints":{"allow":["GET"]}}],"collection":[{"href":"https:\/\/hi-techwonder.com\/es\/wp-json\/wp\/v2\/product"}],"about":[{"href":"https:\/\/hi-techwonder.com\/es\/wp-json\/wp\/v2\/types\/product"}],"replies":[{"embeddable":true,"href":"https:\/\/hi-techwonder.com\/es\/wp-json\/wp\/v2\/comments?post=71433"}],"wp:featuredmedia":[{"embeddable":true,"href":"https:\/\/hi-techwonder.com\/es\/wp-json\/wp\/v2\/media\/40878"}],"wp:attachment":[{"href":"https:\/\/hi-techwonder.com\/es\/wp-json\/wp\/v2\/media?parent=71433"}],"wp:term":[{"taxonomy":"product_brand","embeddable":true,"href":"https:\/\/hi-techwonder.com\/es\/wp-json\/wp\/v2\/product_brand?post=71433"},{"taxonomy":"product_cat","embeddable":true,"href":"https:\/\/hi-techwonder.com\/es\/wp-json\/wp\/v2\/product_cat?post=71433"},{"taxonomy":"product_tag","embeddable":true,"href":"https:\/\/hi-techwonder.com\/es\/wp-json\/wp\/v2\/product_tag?post=71433"}],"curies":[{"name":"wp","href":"https:\/\/api.w.org\/{rel}","templated":true}]}}