{"id":71434,"date":"2025-07-28T23:26:43","date_gmt":"2025-07-28T23:26:43","guid":{"rendered":"https:\/\/fv6qoy3ls0.wpdns.site\/produto\/bateria-canon-lp-e6p\/"},"modified":"2026-04-20T12:52:10","modified_gmt":"2026-04-20T11:52:10","slug":"canon-bateria-canon-lp-e6p","status":"publish","type":"product","link":"https:\/\/hi-techwonder.com\/es\/producto\/canon-bateria-canon-lp-e6p\/","title":{"rendered":"Bater\u00eda CANON LP-E6P"},"content":{"rendered":"<p><b><br \/><\/b><\/p>\n<p><b>Bater\u00eda CANON LP-E6P<\/b><\/p>\n<p>Bater\u00eda de iones de litio, maximiza el potencial de la nueva c\u00e1mara Canon EOS R5 Mark II. Dise\u00f1ado para impulsar el sensor CMOS retroiluminado apilado de 45MP de la c\u00e1mara, as\u00ed como el d\u00fao de procesadores aceleradores DIGIC X y DIGIC.<\/p>\n<p>Esta bater\u00eda es compatible con los cargadores de bater\u00edas LC-E6 y LC-E6E de Canon.<\/p>\n<p><\/p>\n<p><b>Compatibilidad<\/b><\/p>\n<p>Canon EOS R5II<\/p>\n<p><b>Contenido del paquete:<\/b><\/p>\n<p>1x Bater\u00eda LP-E6P<\/p>\n","protected":false},"excerpt":{"rendered":"<p>Bater\u00eda CANON LP-E6P Bater\u00eda de iones de litio, maximiza el potencial de la nueva c\u00e1mara Canon EOS R5 Mark II.<\/p>\n","protected":false},"featured_media":21724,"comment_status":"closed","ping_status":"closed","template":"","meta":{"_acf_changed":false},"product_brand":[2538],"product_cat":[856],"product_tag":[],"class_list":{"0":"post-71434","1":"product","2":"type-product","3":"status-publish","4":"has-post-thumbnail","6":"product_brand-canon-es","7":"product_cat-canon-es","9":"first","10":"instock","11":"taxable","12":"shipping-taxable","13":"purchasable","14":"product-type-simple"},"bundled_by":[],"bundle_stock_status":"instock","bundle_stock_quantity":2,"bundle_virtual":false,"bundle_layout":"","bundle_add_to_cart_form_location":"","bundle_editable_in_cart":false,"bundle_sold_individually_context":"","bundle_item_grouping":"","bundle_min_size":"","bundle_max_size":"","bundle_price":[],"bundled_items":[],"bundle_sell_ids":[],"acf":[],"_links":{"self":[{"href":"https:\/\/hi-techwonder.com\/es\/wp-json\/wp\/v2\/product\/71434","targetHints":{"allow":["GET"]}}],"collection":[{"href":"https:\/\/hi-techwonder.com\/es\/wp-json\/wp\/v2\/product"}],"about":[{"href":"https:\/\/hi-techwonder.com\/es\/wp-json\/wp\/v2\/types\/product"}],"replies":[{"embeddable":true,"href":"https:\/\/hi-techwonder.com\/es\/wp-json\/wp\/v2\/comments?post=71434"}],"wp:featuredmedia":[{"embeddable":true,"href":"https:\/\/hi-techwonder.com\/es\/wp-json\/wp\/v2\/media\/21724"}],"wp:attachment":[{"href":"https:\/\/hi-techwonder.com\/es\/wp-json\/wp\/v2\/media?parent=71434"}],"wp:term":[{"taxonomy":"product_brand","embeddable":true,"href":"https:\/\/hi-techwonder.com\/es\/wp-json\/wp\/v2\/product_brand?post=71434"},{"taxonomy":"product_cat","embeddable":true,"href":"https:\/\/hi-techwonder.com\/es\/wp-json\/wp\/v2\/product_cat?post=71434"},{"taxonomy":"product_tag","embeddable":true,"href":"https:\/\/hi-techwonder.com\/es\/wp-json\/wp\/v2\/product_tag?post=71434"}],"curies":[{"name":"wp","href":"https:\/\/api.w.org\/{rel}","templated":true}]}}