{"id":71438,"date":"2025-07-29T00:19:09","date_gmt":"2025-07-29T00:19:09","guid":{"rendered":"https:\/\/fv6qoy3ls0.wpdns.site\/produto\/cuerpo-de-la-eos-r1-de-canon\/"},"modified":"2026-04-20T14:41:02","modified_gmt":"2026-04-20T13:41:02","slug":"canon-cuerpo-de-la-eos-r1-de-canon","status":"publish","type":"product","link":"https:\/\/hi-techwonder.com\/es\/producto\/canon-cuerpo-de-la-eos-r1-de-canon\/","title":{"rendered":"Canon EOS R1 Cuerpo"},"content":{"rendered":"<h3><strong>Canon EOS R1: el nuevo punto de referencia en fotograf\u00eda profesional<\/strong><\/h3>\n<h4><iframe loading=\"lazy\" frameborder=\"0\" src=\"https:\/\/www.youtube.com\/embed\/G2BOqihJxsk\" width=\"640\" height=\"360\"><\/iframe><br \/><\/h4>\n<p>La EOS R1 de Canon redefine los est\u00e1ndares de la fotograf\u00eda y el v\u00eddeo, combinando tecnolog\u00eda de vanguardia con un rendimiento inigualable. Con un sensor CMOS superpuesto de 24,2 MP, velocidades de disparo continuo de hasta 40 fps y v\u00eddeo RAW 6K, la EOS R1 es una m\u00e1quina dise\u00f1ada para capturar los momentos m\u00e1s intensos y \u00fanicos. Su conectividad avanzada garantiza que seas el primero en ofrecer resultados impecables, mientras que la tecnolog\u00eda de aprendizaje profundo ofrece enfoque autom\u00e1tico y reconocimiento de sujetos con una precisi\u00f3n impresionante.  <\/p>\n<p>La Canon EOS R1 es m\u00e1s que una c\u00e1mara; Es su herramienta para convertir la creatividad en excelencia, ya sean deportes, eventos o producciones h\u00edbridas.<\/p>\n<p><img decoding=\"async\" src=\"https:\/\/i1.adis.ws\/i\/canon\/eos-r1_sample_chloe_knott_action_shot_010a6118_2c26880aedfb4baaa8115fd7e307b7c9?%24media-gallery-desktop%24\" style=\"width: 25%\" alt=\"\"><\/p>\n<hr>\n<h4><strong>Caracter\u00edsticas principales<\/strong><\/h4>\n<ul>\n<li><strong>Sensor de pr\u00f3xima generaci\u00f3n<\/strong>: sensor CMOS retroiluminado de 24.2MP superpuesto para disparos r\u00e1pidos y rendimiento con poca luz.<\/li>\n<li><strong>Velocidad asombrosa<\/strong>: disparo continuo de 40 fps con obturador electr\u00f3nico y hasta 1\/64.000 segundos.<\/li>\n<li><strong>Impresionante calidad de video<\/strong>: grabaci\u00f3n RAW 6K a 60p, 4K a 120p y 2K a 240p.<\/li>\n<li><strong>Dual Pixel Intelligent AF:<\/strong> Reconocimiento autom\u00e1tico de personas, animales y veh\u00edculos con precisi\u00f3n en condiciones de poca luz (-7,5 EV).<\/li>\n<li><strong>Conectividad de alta gama<\/strong>: Wi-Fi 6E, Ethernet 2.5G BASE-T y control remoto a trav\u00e9s de USB o la aplicaci\u00f3n Camera Connect.<\/li>\n<li><strong>Estabilizaci\u00f3n de imagen avanzada<\/strong>: Hasta 8,5 paradas de compensaci\u00f3n con compatibilidad con objetivos IS y RF en el sensor.<\/li>\n<li><strong>Dise\u00f1o robusto y funcional<\/strong>: Cuerpo de aleaci\u00f3n de magnesio resistente al polvo y la humedad.<\/li>\n<\/ul>\n<p><img decoding=\"async\" src=\"https:\/\/i1.adis.ws\/i\/canon\/eos-r1_sample_atiba_jefferson_sunset_dunk_032a0076_43ab7352248d4177a8aa4b7eab581736?%24media-gallery-desktop%24\" style=\"width: 25%\" alt=\"\"><\/p>\n<hr>\n<h4><strong>Contenido<\/strong><\/h4>\n<ul>\n<li>Cuerpo de la EOS R1<\/li>\n<li>Ocular ER-i<\/li>\n<li>Cubierta de zapata ER-SC3<\/li>\n<li>Cubierta de la c\u00e1mara R-F-5<\/li>\n<li>Correa ER-L1<\/li>\n<li>Cargador de bater\u00eda LC-E19<\/li>\n<li>Bater\u00eda LP-E19<\/li>\n<li>Tapa de la bater\u00eda<\/li>\n<li>Cable de alimentaci\u00f3n de CA<\/li>\n<li>Cable de interfaz IFC-100U<\/li>\n<li>EOS R1 Cable Protector<\/li>\n<li>Manual de usuario<\/li>\n<\/ul>\n<p><img decoding=\"async\" src=\"https:\/\/i1.adis.ws\/i\/canon\/eos-r1_lifestyle_male_photographer_kishan_mistry_68466_4f7b96390bf64790b584fa32b7083d9d?%24block-media-16by9-dt%24\" style=\"width: 25%\" alt=\"\"><\/p>\n<hr>\n<h4><strong>Especificaciones t\u00e9cnicas<\/strong><\/h4>\n<p><strong>Sensor:<\/strong><\/p>\n<ul>\n<li><strong>Amable:<\/strong> CMOS superpuesto retroiluminado (fotograma completo)<\/li>\n<li><strong>P\u00edxeles efectivos:<\/strong> 24,2 MP<\/li>\n<li><strong>Estabilizaci\u00f3n de imagen:<\/strong> Hasta 8,5 puntos en el centro<\/li>\n<\/ul>\n<p><strong>Rendimiento:<\/strong><\/p>\n<ul>\n<li><strong>Velocidad de disparo:<\/strong> Hasta 40 fps (obturador electr\u00f3nico)<\/li>\n<li><strong>Velocidad de obturaci\u00f3n:<\/strong> Hasta 1\/64.000 seg.<\/li>\n<li><strong>Sensibilidad ISO:<\/strong> 100-102400 (ampliable a 409600)<\/li>\n<\/ul>\n<p><strong>V\u00eddeo:<\/strong><\/p>\n<ul>\n<li><strong>Resoluci\u00f3n m\u00e1xima:<\/strong> 6K RAW a 60p<\/li>\n<li><strong>Modos adicionales:<\/strong> 4K a 120p, 2K a 240p<\/li>\n<li><strong>Enfoque autom\u00e1tico:<\/strong> AF inteligente Dual Pixel<\/li>\n<\/ul>\n<p><strong>Conectividad:<\/strong><\/p>\n<ul>\n<li><strong>Inal\u00e1mbrico:<\/strong> Wi-Fi 6E, Bluetooth 5.3<\/li>\n<li><strong>Cableado:<\/strong> Ethernet 2.5G BASE-T, USB-C<\/li>\n<\/ul>\n<p><strong>Construcci\u00f3n:<\/strong><\/p>\n<ul>\n<li><strong>Material:<\/strong> Aleaci\u00f3n de magnesio y policarbonato con fibra de vidrio<\/li>\n<li><strong>Dimensiones:<\/strong> 157,6 x 149,5 x 87,3 mm<\/li>\n<li><strong>Peso:<\/strong> 920 g (solo cuerpo)<\/li>\n<\/ul>\n<p><strong>Compatibilidad:<\/strong><\/p>\n<ul>\n<li><strong>Objetivo:<\/strong> RF, RF-S (compatible con adaptadores EF y EF-S)<\/li>\n<li><strong>Tarjetas de memoria:<\/strong> 2x CFexpress Tipo B<\/li>\n<\/ul>\n<p><a href=\"https:\/\/www.canon.pt\/cameras\/eos-r1\/specifications\/\" target=\"_blank\" rel=\"noopener\">Especificaciones completas<\/a><\/p>\n","protected":false},"excerpt":{"rendered":"<p>Canon EOS R1: el nuevo punto de referencia en fotograf\u00eda profesional La EOS R1 de Canon redefine los est\u00e1ndares de<\/p>\n","protected":false},"featured_media":37869,"comment_status":"closed","ping_status":"open","template":"","meta":{"_acf_changed":false},"product_brand":[2538],"product_cat":[932],"product_tag":[],"class_list":{"0":"post-71438","1":"product","2":"type-product","3":"status-publish","4":"has-post-thumbnail","6":"product_brand-canon-es","7":"product_cat-mirrorless-es","8":"pa_cartoes-memoria-compativeis-cfexpress-type-b-es","9":"pa_cor-negro","10":"pa_estabilizacao-de-imagem-si","11":"pa_iso-102400-es","12":"pa_montagem-canon-rf-es","13":"pa_resolucao-de-video-6k-es","14":"pa_resolucao-mp-24-mp-es","15":"pa_sensor-fotograma-completo","16":"pa_tamanho-resolucao-lcd-3-2-2-1m-puntos","17":"pa_tipo-de-lcd-totalmente-articulada","18":"custom-price-on-request","20":"first","21":"onbackorder","22":"taxable","23":"shipping-taxable","24":"product-type-simple"},"bundled_by":[],"bundle_stock_status":"onbackorder","bundle_stock_quantity":null,"bundle_virtual":false,"bundle_layout":"","bundle_add_to_cart_form_location":"","bundle_editable_in_cart":false,"bundle_sold_individually_context":"","bundle_item_grouping":"","bundle_min_size":"","bundle_max_size":"","bundle_price":[],"bundled_items":[],"bundle_sell_ids":[],"acf":[],"_links":{"self":[{"href":"https:\/\/hi-techwonder.com\/es\/wp-json\/wp\/v2\/product\/71438","targetHints":{"allow":["GET"]}}],"collection":[{"href":"https:\/\/hi-techwonder.com\/es\/wp-json\/wp\/v2\/product"}],"about":[{"href":"https:\/\/hi-techwonder.com\/es\/wp-json\/wp\/v2\/types\/product"}],"replies":[{"embeddable":true,"href":"https:\/\/hi-techwonder.com\/es\/wp-json\/wp\/v2\/comments?post=71438"}],"wp:featuredmedia":[{"embeddable":true,"href":"https:\/\/hi-techwonder.com\/es\/wp-json\/wp\/v2\/media\/37869"}],"wp:attachment":[{"href":"https:\/\/hi-techwonder.com\/es\/wp-json\/wp\/v2\/media?parent=71438"}],"wp:term":[{"taxonomy":"product_brand","embeddable":true,"href":"https:\/\/hi-techwonder.com\/es\/wp-json\/wp\/v2\/product_brand?post=71438"},{"taxonomy":"product_cat","embeddable":true,"href":"https:\/\/hi-techwonder.com\/es\/wp-json\/wp\/v2\/product_cat?post=71438"},{"taxonomy":"product_tag","embeddable":true,"href":"https:\/\/hi-techwonder.com\/es\/wp-json\/wp\/v2\/product_tag?post=71438"}],"curies":[{"name":"wp","href":"https:\/\/api.w.org\/{rel}","templated":true}]}}