{"id":71446,"date":"2025-07-29T10:00:56","date_gmt":"2025-07-29T10:00:56","guid":{"rendered":"https:\/\/fv6qoy3ls0.wpdns.site\/produto\/adaptador-magnetico-godox-s-r1-para-flashes-compactos\/"},"modified":"2026-01-31T01:51:19","modified_gmt":"2026-01-31T01:51:19","slug":"godox-adaptador-magnetico-godox-s-r1-para-flashes-compactos","status":"publish","type":"product","link":"https:\/\/hi-techwonder.com\/es\/producto\/godox-adaptador-magnetico-godox-s-r1-para-flashes-compactos\/","title":{"rendered":"Adaptador magn\u00e9tico GODOX S-R1 para flashes compactos"},"content":{"rendered":"<p><span style=\"font-size: medium\"><strong>Adaptador magn\u00e9tico Godox S-R1 para flashes compactos<\/strong><\/p>\n<p>Adaptador magn\u00e9tico circular para flashes compactos.<br \/>Este art\u00edculo contiene un sistema magn\u00e9tico que se conecta de forma sencilla y r\u00e1pida a los flashes Godox, Nikon, Canon y Sony.<br \/>Mantiene el flash seguro con alfombrillas de goma texturizadas en el interior.<br \/>Le permite conectar todos los accesorios del<a href=\"https:\/\/hi-techwonder.com\/godox-kit-acessorios-ak-r1-p\/-ad200-\/-h200r-\/-v1\" target=\"_blank\" rel=\"noopener\"> kit de accesorios AK-R1<\/a> (no incluidos) a su flash compacto.<br \/><strong><br \/>Compatibilidades:<\/strong><br \/>V860II, V850II, TT685, TT600, TT660 II<\/span><\/p>\n","protected":false},"excerpt":{"rendered":"<p>Adaptador magn\u00e9tico Godox S-R1 para flashes compactos Adaptador magn\u00e9tico circular para flashes compactos.Este art\u00edculo contiene un sistema magn\u00e9tico que se<\/p>\n","protected":false},"featured_media":57096,"comment_status":"closed","ping_status":"open","template":"","meta":{"_acf_changed":false},"product_brand":[2555],"product_cat":[1020],"product_tag":[],"class_list":{"0":"post-71446","1":"product","2":"type-product","3":"status-publish","4":"has-post-thumbnail","6":"product_brand-godox-es","7":"product_cat-accesorios-cables","9":"first","10":"instock","11":"taxable","12":"shipping-taxable","13":"purchasable","14":"product-type-simple"},"bundled_by":[],"bundle_stock_status":"instock","bundle_stock_quantity":1,"bundle_virtual":false,"bundle_layout":"","bundle_add_to_cart_form_location":"","bundle_editable_in_cart":false,"bundle_sold_individually_context":"","bundle_item_grouping":"","bundle_min_size":"","bundle_max_size":"","bundle_price":[],"bundled_items":[],"bundle_sell_ids":[],"acf":[],"_links":{"self":[{"href":"https:\/\/hi-techwonder.com\/es\/wp-json\/wp\/v2\/product\/71446","targetHints":{"allow":["GET"]}}],"collection":[{"href":"https:\/\/hi-techwonder.com\/es\/wp-json\/wp\/v2\/product"}],"about":[{"href":"https:\/\/hi-techwonder.com\/es\/wp-json\/wp\/v2\/types\/product"}],"replies":[{"embeddable":true,"href":"https:\/\/hi-techwonder.com\/es\/wp-json\/wp\/v2\/comments?post=71446"}],"wp:featuredmedia":[{"embeddable":true,"href":"https:\/\/hi-techwonder.com\/es\/wp-json\/wp\/v2\/media\/57096"}],"wp:attachment":[{"href":"https:\/\/hi-techwonder.com\/es\/wp-json\/wp\/v2\/media?parent=71446"}],"wp:term":[{"taxonomy":"product_brand","embeddable":true,"href":"https:\/\/hi-techwonder.com\/es\/wp-json\/wp\/v2\/product_brand?post=71446"},{"taxonomy":"product_cat","embeddable":true,"href":"https:\/\/hi-techwonder.com\/es\/wp-json\/wp\/v2\/product_cat?post=71446"},{"taxonomy":"product_tag","embeddable":true,"href":"https:\/\/hi-techwonder.com\/es\/wp-json\/wp\/v2\/product_tag?post=71446"}],"curies":[{"name":"wp","href":"https:\/\/api.w.org\/{rel}","templated":true}]}}