{"id":71453,"date":"2025-07-29T10:00:56","date_gmt":"2025-07-29T10:00:56","guid":{"rendered":"https:\/\/fv6qoy3ls0.wpdns.site\/produto\/anillo-de-montaje-godox-mf-ar-para-flash-macro-mf-12\/"},"modified":"2026-01-31T01:51:26","modified_gmt":"2026-01-31T01:51:26","slug":"godox-anillo-de-montaje-godox-mf-ar-para-flash-macro-mf-12","status":"publish","type":"product","link":"https:\/\/hi-techwonder.com\/es\/producto\/godox-anillo-de-montaje-godox-mf-ar-para-flash-macro-mf-12\/","title":{"rendered":"Anillo de montaje GODOX MF-AR para flash macro MF-12"},"content":{"rendered":"<p><strong>Anillo de montura GODOX MF-AR para flash macro MF-12<\/strong><\/p>\n<p><strong style=\"font-size: 16px\">Caracter\u00edsticas principales:<\/strong><\/p>\n<ul>\n<li>Para flash macro MF12<\/li>\n<\/ul>\n<p>Anillo de repuesto o de respaldo, est\u00e1 dise\u00f1ado espec\u00edficamente para el flash macro MF12. Tiene capacidad para 6 flashes MF-12 y se monta f\u00e1cilmente en la c\u00e1mara con los anillos adaptadores AR-R (suministrados en los kits de flash MF12). Tiene una estructura de inclinaci\u00f3n que le permite inclinar los cabezales de flash MF12 hacia adentro hacia la lente para fotograf\u00edas de primeros planos.  <\/p>\n","protected":false},"excerpt":{"rendered":"<p>Anillo de montura GODOX MF-AR para flash macro MF-12 Caracter\u00edsticas principales: Para flash macro MF12 Anillo de repuesto o de<\/p>\n","protected":false},"featured_media":57107,"comment_status":"closed","ping_status":"open","template":"","meta":{"_acf_changed":false},"product_brand":[2555],"product_cat":[1020],"product_tag":[],"class_list":{"0":"post-71453","1":"product","2":"type-product","3":"status-publish","4":"has-post-thumbnail","6":"product_brand-godox-es","7":"product_cat-accesorios-cables","9":"first","10":"onbackorder","11":"taxable","12":"shipping-taxable","13":"purchasable","14":"product-type-simple"},"bundled_by":[],"bundle_stock_status":"onbackorder","bundle_stock_quantity":0,"bundle_virtual":false,"bundle_layout":"","bundle_add_to_cart_form_location":"","bundle_editable_in_cart":false,"bundle_sold_individually_context":"","bundle_item_grouping":"","bundle_min_size":"","bundle_max_size":"","bundle_price":[],"bundled_items":[],"bundle_sell_ids":[],"acf":[],"_links":{"self":[{"href":"https:\/\/hi-techwonder.com\/es\/wp-json\/wp\/v2\/product\/71453","targetHints":{"allow":["GET"]}}],"collection":[{"href":"https:\/\/hi-techwonder.com\/es\/wp-json\/wp\/v2\/product"}],"about":[{"href":"https:\/\/hi-techwonder.com\/es\/wp-json\/wp\/v2\/types\/product"}],"replies":[{"embeddable":true,"href":"https:\/\/hi-techwonder.com\/es\/wp-json\/wp\/v2\/comments?post=71453"}],"wp:featuredmedia":[{"embeddable":true,"href":"https:\/\/hi-techwonder.com\/es\/wp-json\/wp\/v2\/media\/57107"}],"wp:attachment":[{"href":"https:\/\/hi-techwonder.com\/es\/wp-json\/wp\/v2\/media?parent=71453"}],"wp:term":[{"taxonomy":"product_brand","embeddable":true,"href":"https:\/\/hi-techwonder.com\/es\/wp-json\/wp\/v2\/product_brand?post=71453"},{"taxonomy":"product_cat","embeddable":true,"href":"https:\/\/hi-techwonder.com\/es\/wp-json\/wp\/v2\/product_cat?post=71453"},{"taxonomy":"product_tag","embeddable":true,"href":"https:\/\/hi-techwonder.com\/es\/wp-json\/wp\/v2\/product_tag?post=71453"}],"curies":[{"name":"wp","href":"https:\/\/api.w.org\/{rel}","templated":true}]}}