{"id":71454,"date":"2025-07-28T23:28:00","date_gmt":"2025-07-28T23:28:00","guid":{"rendered":"https:\/\/fv6qoy3ls0.wpdns.site\/produto\/godox-ad400pro-alimentador-adaptador-de-corriente-de-ca\/"},"modified":"2025-10-15T14:45:21","modified_gmt":"2025-10-15T14:45:21","slug":"godox-ad400pro-alimentador-adaptador-de-corriente-de-ca","status":"publish","type":"product","link":"https:\/\/hi-techwonder.com\/es\/producto\/godox-ad400pro-alimentador-adaptador-de-corriente-de-ca\/","title":{"rendered":"GODOX AD400PRO Alimentador (ADAPTADOR DE CORRIENTE DE CA)"},"content":{"rendered":"<p><span style=\"color: #000000;\">Adaptador de alimentaci\u00f3n de CA para flash AD400PRO.<\/span><\/p>\n<p><span style=\"color: #000000;\">&nbsp;<\/span><\/p>\n<p style=\"margin-bottom: 0cm; border-top: none; border-bottom: 1pt solid #cdcdcd; border-left: none; border-right: none; padding: 0cm 0cm 0.05cm; font-style: normal; line-height: 200%; widows: 2; orphans: 2;\"><span style=\"color: #000000;\"><strong>El\u00e9ctrico<\/strong><\/span><\/p>\n<table style=\"width: 300px;\" border=\"0\" cellspacing=\"0\" cellpadding=\"2\">\n<colgroup>\n<col width=\"108\">\n<col width=\"184\"> <\/colgroup>\n<tbody>\n<tr>\n<td width=\"108\">\n<p style=\"border: none; padding: 0cm; font-weight: normal;\" align=\"LEFT\"><span style=\"color: #000000;\"><span style=\"text-decoration: underline;\">Alimentaci\u00f3n de entrada de CA<\/span><\/span><\/p>\n<\/td>\n<td width=\"184\">\n<p style=\"border: none; padding: 0cm; font-weight: normal;\"><span style=\"color: #000000;\">De 100 a 240 VCA, 50 \/ 60 Hz<\/span><\/p>\n<\/td>\n<\/tr>\n<\/tbody>\n<\/table>\n<p style=\"margin-bottom: 0cm;\"><span style=\"color: #000000;\">&nbsp;<\/span><\/p>\n<p style=\"margin-bottom: 0cm;\"><span style=\"color: #000000;\"><span style=\"font-size: small;\"><span style=\"color: #000000;\">&nbsp;<\/span><\/span><\/span><\/p>\n","protected":false},"excerpt":{"rendered":"<p>Adaptador de alimentaci\u00f3n de CA para flash AD400PRO. &nbsp; El\u00e9ctrico Alimentaci\u00f3n de entrada de CA De 100 a 240 VCA,<\/p>\n","protected":false},"featured_media":22225,"comment_status":"closed","ping_status":"open","template":"","meta":{"_acf_changed":false},"product_brand":[2555],"product_cat":[861],"product_tag":[],"class_list":{"0":"post-71454","1":"product","2":"type-product","3":"status-publish","4":"has-post-thumbnail","6":"product_brand-godox-es","7":"product_cat-otras","9":"first","10":"onbackorder","11":"taxable","12":"shipping-taxable","13":"purchasable","14":"product-type-simple"},"bundled_by":[],"bundle_stock_status":"onbackorder","bundle_stock_quantity":null,"bundle_virtual":false,"bundle_layout":"","bundle_add_to_cart_form_location":"","bundle_editable_in_cart":false,"bundle_sold_individually_context":"","bundle_item_grouping":"","bundle_min_size":"","bundle_max_size":"","bundle_price":[],"bundled_items":[],"bundle_sell_ids":[],"acf":[],"_links":{"self":[{"href":"https:\/\/hi-techwonder.com\/es\/wp-json\/wp\/v2\/product\/71454","targetHints":{"allow":["GET"]}}],"collection":[{"href":"https:\/\/hi-techwonder.com\/es\/wp-json\/wp\/v2\/product"}],"about":[{"href":"https:\/\/hi-techwonder.com\/es\/wp-json\/wp\/v2\/types\/product"}],"replies":[{"embeddable":true,"href":"https:\/\/hi-techwonder.com\/es\/wp-json\/wp\/v2\/comments?post=71454"}],"wp:featuredmedia":[{"embeddable":true,"href":"https:\/\/hi-techwonder.com\/es\/wp-json\/wp\/v2\/media\/22225"}],"wp:attachment":[{"href":"https:\/\/hi-techwonder.com\/es\/wp-json\/wp\/v2\/media?parent=71454"}],"wp:term":[{"taxonomy":"product_brand","embeddable":true,"href":"https:\/\/hi-techwonder.com\/es\/wp-json\/wp\/v2\/product_brand?post=71454"},{"taxonomy":"product_cat","embeddable":true,"href":"https:\/\/hi-techwonder.com\/es\/wp-json\/wp\/v2\/product_cat?post=71454"},{"taxonomy":"product_tag","embeddable":true,"href":"https:\/\/hi-techwonder.com\/es\/wp-json\/wp\/v2\/product_tag?post=71454"}],"curies":[{"name":"wp","href":"https:\/\/api.w.org\/{rel}","templated":true}]}}