{"id":71459,"date":"2025-07-29T10:19:33","date_gmt":"2025-07-29T10:19:33","guid":{"rendered":"https:\/\/fv6qoy3ls0.wpdns.site\/produto\/godox-bdr-s550-beauty-dish-plata-55cm-para-bowens\/"},"modified":"2025-07-29T10:19:33","modified_gmt":"2025-07-29T10:19:33","slug":"godox-bdr-s550-beauty-dish-plata-55cm-para-bowens","status":"publish","type":"product","link":"https:\/\/hi-techwonder.com\/es\/producto\/godox-bdr-s550-beauty-dish-plata-55cm-para-bowens\/","title":{"rendered":"GODOX BDR-S550 Beauty Dish Plata 55cm para Bowens"},"content":{"rendered":"<p><span style=\"font-size: small;\">El Beauty Dish es un reflector para modificar la luz del flash. El peque\u00f1o reflector centrado en el interior devuelve la luz del flash al reflector grande, evitando un punto de luz caliente en el centro.<br \/>Proporciona una iluminaci\u00f3n muy caracter\u00edstica con una mezcla de luz dura y suave. Define bien las l\u00edneas del rostro a trav\u00e9s de las sombras.  <\/p>\n<p>Para lograr un buen efecto, el Beauty Dish debe colocarse muy cerca del sujeto a fotografiar, a una distancia igual al doble de su di\u00e1metro y en una posici\u00f3n m\u00e1s alta que la c\u00e1mara. De esta manera la luz se enfoca y las sombras quedan bien definidas, pero suaves. La transici\u00f3n entre las sombras y la luz es muy r\u00e1pida.  <\/p>\n<p><strong>Contenido de la caja:<\/strong><br \/><\/span><\/p>\n<ul>\n<li><span style=\"font-size: small;\">1x Beauty Dish de plata 55cm para Bowens<\/span><\/li>\n<\/ul>\n<div><span style=\"font-size: small;\">&nbsp;<\/span><\/div>\n<div>\n<table style=\"border-collapse: collapse; border-spacing: 0px; color: #434343; font-size: 14px; font-style: normal; font-variant-ligatures: normal; font-variant-caps: normal; font-weight: 400; letter-spacing: normal; text-align: start; text-indent: 0px; text-transform: none; white-space: normal; word-spacing: 0px; -webkit-text-stroke-width: 0px; background-color: #ffffff; text-decoration-style: initial; text-decoration-color: initial; width: 800px;\" border=\"0\">\n<tbody>\n<tr style=\"border: 1px solid #b8b8b8;\">\n<td style=\"border: 1px solid #b8b8b8; padding: 5px;\" width=\"243\">\n<p style=\"font-style: normal; font-weight: normal; margin: 0px; padding: 6px 0px;\"><span style=\"font-size: small;\">Di\u00e1metro (cm):<\/span><\/p>\n<\/td>\n<td style=\"border: 1px solid #b8b8b8; padding: 5px;\" width=\"447\">\n<p style=\"font-style: normal; font-weight: normal; margin: 0px; padding: 6px 0px;\"><span style=\"font-size: small;\">55<\/span><\/p>\n<\/td>\n<\/tr>\n<tr style=\"border: 1px solid #b8b8b8;\">\n<td style=\"border: 1px solid #b8b8b8; padding: 5px;\">\n<p style=\"font-style: normal; font-weight: normal; margin: 0px; padding: 6px 0px;\"><span style=\"font-size: small;\">Compatibilidad:<\/span><\/p>\n<\/td>\n<td style=\"border: 1px solid #b8b8b8; padding: 5px;\">\n<p style=\"font-style: normal; font-weight: normal; margin: 0px; padding: 6px 0px;\"><span style=\"font-size: small;\">Ajuste Bowens<\/span><\/p>\n<\/td>\n<\/tr>\n<tr style=\"border: 1px solid #b8b8b8;\">\n<td style=\"border: 1px solid #b8b8b8; padding: 5px;\">\n<p style=\"font-style: normal; font-weight: normal; margin: 0px; padding: 6px 0px;\"><span style=\"font-size: small;\">Material:<\/span><\/p>\n<\/td>\n<td style=\"border: 1px solid #b8b8b8; padding: 5px;\">\n<p style=\"font-style: normal; font-weight: normal; margin: 0px; padding: 6px 0px;\"><span style=\"font-size: small;\">Aluminio<\/span><\/p>\n<\/td>\n<\/tr>\n<\/tbody>\n<\/table>\n<\/div>\n","protected":false},"excerpt":{"rendered":"<p>El Beauty Dish es un reflector para modificar la luz del flash. El peque\u00f1o reflector centrado en el interior devuelve<\/p>\n","protected":false},"featured_media":61711,"comment_status":"closed","ping_status":"open","template":"","meta":{"_acf_changed":false},"product_brand":[2555],"product_cat":[1002],"product_tag":[],"class_list":{"0":"post-71459","1":"product","2":"type-product","3":"status-publish","4":"has-post-thumbnail","6":"product_brand-godox-es","7":"product_cat-beauty-dish-es","9":"first","10":"outofstock","11":"taxable","12":"shipping-taxable","13":"purchasable","14":"product-type-simple"},"bundled_by":[],"bundle_stock_status":"outofstock","bundle_stock_quantity":0,"bundle_virtual":false,"bundle_layout":"","bundle_add_to_cart_form_location":"","bundle_editable_in_cart":false,"bundle_sold_individually_context":"","bundle_item_grouping":"","bundle_min_size":"","bundle_max_size":"","bundle_price":[],"bundled_items":[],"bundle_sell_ids":[],"acf":[],"_links":{"self":[{"href":"https:\/\/hi-techwonder.com\/es\/wp-json\/wp\/v2\/product\/71459","targetHints":{"allow":["GET"]}}],"collection":[{"href":"https:\/\/hi-techwonder.com\/es\/wp-json\/wp\/v2\/product"}],"about":[{"href":"https:\/\/hi-techwonder.com\/es\/wp-json\/wp\/v2\/types\/product"}],"replies":[{"embeddable":true,"href":"https:\/\/hi-techwonder.com\/es\/wp-json\/wp\/v2\/comments?post=71459"}],"wp:featuredmedia":[{"embeddable":true,"href":"https:\/\/hi-techwonder.com\/es\/wp-json\/wp\/v2\/media\/61711"}],"wp:attachment":[{"href":"https:\/\/hi-techwonder.com\/es\/wp-json\/wp\/v2\/media?parent=71459"}],"wp:term":[{"taxonomy":"product_brand","embeddable":true,"href":"https:\/\/hi-techwonder.com\/es\/wp-json\/wp\/v2\/product_brand?post=71459"},{"taxonomy":"product_cat","embeddable":true,"href":"https:\/\/hi-techwonder.com\/es\/wp-json\/wp\/v2\/product_cat?post=71459"},{"taxonomy":"product_tag","embeddable":true,"href":"https:\/\/hi-techwonder.com\/es\/wp-json\/wp\/v2\/product_tag?post=71459"}],"curies":[{"name":"wp","href":"https:\/\/api.w.org\/{rel}","templated":true}]}}