{"id":71461,"date":"2025-07-28T23:27:53","date_gmt":"2025-07-28T23:27:53","guid":{"rendered":"https:\/\/fv6qoy3ls0.wpdns.site\/produto\/bateria-de-litio-godox-vb-18\/"},"modified":"2026-01-31T03:56:43","modified_gmt":"2026-01-31T03:56:43","slug":"godox-bateria-de-litio-godox-vb-18","status":"publish","type":"product","link":"https:\/\/hi-techwonder.com\/es\/producto\/godox-bateria-de-litio-godox-vb-18\/","title":{"rendered":"Bater\u00eda de litio GODOX VB-18"},"content":{"rendered":"<div id=\"content_description\" style=\"display: block\">\n<div>\n<p style=\"border: 0px;font-size: 13px;margin: 0px;padding: 6px 0px;color: #333333;font-family: Arial, Tahoma, Helvetica, sans-serif\">Bater\u00eda de repuesto para el flash Stroboss 58, Godox VING V850 y Ving 860. Esta bater\u00eda de alta capacidad proporcionar\u00e1 hasta 650 flashes a plena potencia y le ahorrar\u00e1 la molestia de tener que preocuparse por quedarse sin energ\u00eda. <\/p>\n<ul style=\"border: 0px;font-size: 13px;padding: 0px;list-style-type: none;color: #333333;font-family: Arial, Tahoma, Helvetica, sans-serif\">\n<li style=\"border: 0px;margin: 0px\">La bater\u00eda de litio de alta capacidad ofrece hasta 650 destellos de potencia total.<\/li>\n<\/ul>\n<p style=\"border: 0px;font-size: 13px;margin: 0px;padding: 6px 0px;color: #333333;font-family: Arial, Tahoma, Helvetica, sans-serif\"><strong>Contenido de la caja:<br \/><\/strong>1x Bater\u00eda de litio VB-18&nbsp;<\/p>\n<p style=\"border: 0px;font-size: 13px;margin: 0px;padding: 6px 0px;color: #333333;font-family: Arial, Tahoma, Helvetica, sans-serif\"><strong><span style=\"border: 0px;font-size: 12pt;margin: 0px;padding: 0px;color: #000000;font-family: verdana, geneva\">Especificaciones t\u00e9cnicas:<\/strong><\/span><\/p>\n<table style=\"width: 700px\" border=\"0\">\n<tbody>\n<tr style=\"margin: 0px;padding: 0px\">\n<td style=\"font-size: 13px;margin: 0px;padding: 5px;vertical-align: top\" width=\"165\" height=\"26\">Amable:<\/td>\n<td style=\"font-size: 13px;margin: 0px;padding: 5px;vertical-align: top\" width=\"525\">Iones de litio<\/td>\n<\/tr>\n<tr style=\"margin: 0px;padding: 0px\">\n<td style=\"font-size: 13px;margin: 0px;padding: 5px;vertical-align: top\">Voltaje:<\/td>\n<td style=\"font-size: 13px;margin: 0px;padding: 5px;vertical-align: top\">CC 11,1 V<\/td>\n<\/tr>\n<tr style=\"margin: 0px;padding: 0px\">\n<td style=\"font-size: 13px;margin: 0px;padding: 5px;vertical-align: top\">Amperaje (mAh):<\/td>\n<td style=\"font-size: 13px;margin: 0px;padding: 5px;vertical-align: top\">A\u00f1o 2000<\/td>\n<\/tr>\n<tr style=\"margin: 0px;padding: 0px\">\n<td style=\"font-size: 13px;margin: 0px;padding: 5px;vertical-align: top\">N\u00ba de destellos:<\/td>\n<td style=\"font-size: 13px;margin: 0px;padding: 5px;vertical-align: top\">650 flashes (m\u00e1xima potencia)<\/td>\n<\/tr>\n<tr style=\"margin: 0px;padding: 0px\">\n<td style=\"font-size: 13px;margin: 0px;padding: 5px;vertical-align: top\">Peso (kg):<\/td>\n<td style=\"font-size: 13px;margin: 0px;padding: 5px;vertical-align: top\">0.12<\/td>\n<\/tr>\n<\/tbody>\n<\/table>\n<\/div>\n<\/div>\n","protected":false},"excerpt":{"rendered":"<p>Bater\u00eda de repuesto para el flash Stroboss 58, Godox VING V850 y Ving 860. Esta bater\u00eda de alta capacidad proporcionar\u00e1<\/p>\n","protected":false},"featured_media":22211,"comment_status":"closed","ping_status":"closed","template":"","meta":{"_acf_changed":false},"product_brand":[2555],"product_cat":[861],"product_tag":[],"class_list":{"0":"post-71461","1":"product","2":"type-product","3":"status-publish","4":"has-post-thumbnail","6":"product_brand-godox-es","7":"product_cat-otras","9":"first","10":"instock","11":"taxable","12":"shipping-taxable","13":"purchasable","14":"product-type-simple"},"bundled_by":[],"bundle_stock_status":"instock","bundle_stock_quantity":1,"bundle_virtual":false,"bundle_layout":"","bundle_add_to_cart_form_location":"","bundle_editable_in_cart":false,"bundle_sold_individually_context":"","bundle_item_grouping":"","bundle_min_size":"","bundle_max_size":"","bundle_price":[],"bundled_items":[],"bundle_sell_ids":[],"acf":[],"_links":{"self":[{"href":"https:\/\/hi-techwonder.com\/es\/wp-json\/wp\/v2\/product\/71461","targetHints":{"allow":["GET"]}}],"collection":[{"href":"https:\/\/hi-techwonder.com\/es\/wp-json\/wp\/v2\/product"}],"about":[{"href":"https:\/\/hi-techwonder.com\/es\/wp-json\/wp\/v2\/types\/product"}],"replies":[{"embeddable":true,"href":"https:\/\/hi-techwonder.com\/es\/wp-json\/wp\/v2\/comments?post=71461"}],"wp:featuredmedia":[{"embeddable":true,"href":"https:\/\/hi-techwonder.com\/es\/wp-json\/wp\/v2\/media\/22211"}],"wp:attachment":[{"href":"https:\/\/hi-techwonder.com\/es\/wp-json\/wp\/v2\/media?parent=71461"}],"wp:term":[{"taxonomy":"product_brand","embeddable":true,"href":"https:\/\/hi-techwonder.com\/es\/wp-json\/wp\/v2\/product_brand?post=71461"},{"taxonomy":"product_cat","embeddable":true,"href":"https:\/\/hi-techwonder.com\/es\/wp-json\/wp\/v2\/product_cat?post=71461"},{"taxonomy":"product_tag","embeddable":true,"href":"https:\/\/hi-techwonder.com\/es\/wp-json\/wp\/v2\/product_tag?post=71461"}],"curies":[{"name":"wp","href":"https:\/\/api.w.org\/{rel}","templated":true}]}}