{"id":71462,"date":"2025-07-29T10:19:43","date_gmt":"2025-07-29T10:19:43","guid":{"rendered":"https:\/\/fv6qoy3ls0.wpdns.site\/produto\/kit-de-parrilla-de-nido-de-abeja-godox-bd-08-para-ad400pro\/"},"modified":"2026-01-31T01:41:40","modified_gmt":"2026-01-31T01:41:40","slug":"godox-kit-de-parrilla-de-nido-de-abeja-godox-bd-08-para-ad400pro","status":"publish","type":"product","link":"https:\/\/hi-techwonder.com\/es\/producto\/godox-kit-de-parrilla-de-nido-de-abeja-godox-bd-08-para-ad400pro\/","title":{"rendered":"Kit de parrilla de nido de abeja GODOX BD-08 para AD400Pro"},"content":{"rendered":"<h3><strong>Kit de parrilla de nido de abeja GODOX BD-08<\/strong><\/h3>\n<p>El kit de parrilla de nido de abeja Godox BD-08 para AD400Pro contiene un juego de bandera de 4 v\u00edas, rejilla de nido de abeja y uno de cada uno, filtro verde, azul, rojo y amarillo. Las banderas le permiten iluminar las \u00e1reas del sujeto que desea y mantener la luz de las \u00e1reas que no desea iluminar. La rejilla estrecha el haz extendido en un c\u00edrculo de bordes suaves que es ideal para usos como la iluminaci\u00f3n del cabello. Se proporcionan filtros de color para la expresi\u00f3n creativa.   <\/p>\n<p><strong>Funciones<\/strong><\/p>\n<ul>\n<li>Dise\u00f1ado para el Godox AD400 Pro<\/li>\n<li>Proporciona transiciones suaves y naturales, iluminaci\u00f3n de contraste y efectos de sombra<\/li>\n<li>Crea efectos de iluminaci\u00f3n creativos con filtros de color<\/li>\n<li>La rejilla de nido de abeja permite agrupar la luz<\/li>\n<li>Incluye 4 filtros de color en colores amarillo, verde, rojo y azul<\/li>\n<\/ul>\n<p><strong>En la caja<\/strong><\/p>\n<ul>\n<li>Barndoor con 4 banderas<\/li>\n<li>Parrilla de nido de abeja<\/li>\n<li>Filtro de color verde<\/li>\n<li>Filtro de color rojo<\/li>\n<li>Filtro de color azul<\/li>\n<li>Filtro de color amarillo<\/li>\n<\/ul>\n","protected":false},"excerpt":{"rendered":"<p>Kit de parrilla de nido de abeja GODOX BD-08 El kit de parrilla de nido de abeja Godox BD-08 para<\/p>\n","protected":false},"featured_media":61748,"comment_status":"closed","ping_status":"open","template":"","meta":{"_acf_changed":false},"product_brand":[2555],"product_cat":[1001],"product_tag":[],"class_list":{"0":"post-71462","1":"product","2":"type-product","3":"status-publish","4":"has-post-thumbnail","6":"product_brand-godox-es","7":"product_cat-aletas","9":"first","10":"onbackorder","11":"taxable","12":"shipping-taxable","13":"purchasable","14":"product-type-simple"},"bundled_by":[],"bundle_stock_status":"onbackorder","bundle_stock_quantity":0,"bundle_virtual":false,"bundle_layout":"","bundle_add_to_cart_form_location":"","bundle_editable_in_cart":false,"bundle_sold_individually_context":"","bundle_item_grouping":"","bundle_min_size":"","bundle_max_size":"","bundle_price":[],"bundled_items":[],"bundle_sell_ids":[],"acf":[],"_links":{"self":[{"href":"https:\/\/hi-techwonder.com\/es\/wp-json\/wp\/v2\/product\/71462","targetHints":{"allow":["GET"]}}],"collection":[{"href":"https:\/\/hi-techwonder.com\/es\/wp-json\/wp\/v2\/product"}],"about":[{"href":"https:\/\/hi-techwonder.com\/es\/wp-json\/wp\/v2\/types\/product"}],"replies":[{"embeddable":true,"href":"https:\/\/hi-techwonder.com\/es\/wp-json\/wp\/v2\/comments?post=71462"}],"wp:featuredmedia":[{"embeddable":true,"href":"https:\/\/hi-techwonder.com\/es\/wp-json\/wp\/v2\/media\/61748"}],"wp:attachment":[{"href":"https:\/\/hi-techwonder.com\/es\/wp-json\/wp\/v2\/media?parent=71462"}],"wp:term":[{"taxonomy":"product_brand","embeddable":true,"href":"https:\/\/hi-techwonder.com\/es\/wp-json\/wp\/v2\/product_brand?post=71462"},{"taxonomy":"product_cat","embeddable":true,"href":"https:\/\/hi-techwonder.com\/es\/wp-json\/wp\/v2\/product_cat?post=71462"},{"taxonomy":"product_tag","embeddable":true,"href":"https:\/\/hi-techwonder.com\/es\/wp-json\/wp\/v2\/product_tag?post=71462"}],"curies":[{"name":"wp","href":"https:\/\/api.w.org\/{rel}","templated":true}]}}